{"id":437,"date":"2018-11-04T00:00:00","date_gmt":"2018-11-04T04:00:00","guid":{"rendered":"http:\/\/egyptianwisdomcenter.org\/the-musical-orchestras\/"},"modified":"2023-01-03T00:42:56","modified_gmt":"2023-01-03T05:42:56","slug":"the-musical-orchestras-2","status":"publish","type":"page","link":"https:\/\/egyptianwisdomcenter.org\/nl\/de-muziekorkesten-2\/","title":{"rendered":"De Muziekorkesten"},"content":{"rendered":"<h2 style=\"text-align: center;\"><span style=\"color: #ff0000;\"><strong>Het Muziekorkest<\/strong><\/span><\/h2>\n<p>&nbsp;<\/p>\n<p>Muziekinstrumenten verschillen qua kompas, de verscheidenheid aan sterkte van een enkele noot, de accentwaarde, de overlevingswaarde, de articulatiesnelheid voor een herhaalde noot en het aantal noten dat elk instrument tegelijk kan spelen. Als zodanig werd door de oude Egyptenaren een verscheidenheid aan instrumenten gebruikt om een compleet systeem\/reeks muzikale geluiden te bieden.<\/p>\n<p>Opgemerkt moet worden dat het overzicht van Oud-Egyptische muziekinstrumenten in dit boek zich beperkt tot instrumenten die vergelijkbaar zijn met hedendaagse instrumenten. Sommige instrumenten van de oude Egyptenaren verschillen te veel van de huidige classificatie om met een van deze instrumenten te worden geclassificeerd.<\/p>\n<p>Muzikale bands varieerden in het oude Egypte. Kleinere en grotere ensembles werden voor verschillende doeleinden ingezet, zoals blijkt uit muzieksc\u00e8nes afgebeeld in oud-Egyptische gebouwen. Uit de sculpturen van de oude Egyptenaren blijkt voldoende duidelijk dat hun muzikanten bekend waren met de drievoudige symfonie: de harmonie van instrumenten, stemmen, en van stemmen en instrumenten. Het bespelen van muziekinstrumenten werd gecontroleerd door de handbewegingen van de dirigenten (chironomiden). Hun handgebaren laten een verscheidenheid aan spel zien: unisono, akkoord, polyfonie, enz., zoals eerder weergegeven.<\/p>\n<p>Het Egyptische orkest\/ensemble bestond over het algemeen uit de vier instrumentgroepen:<\/p>\n<p style=\"padding-left: 30px;\"><strong>1. <\/strong>Snaarinstrumenten met open snaren, zoals de tri-gonon, lier, harp, enz. [Zie hoofdstuk 15.]<\/p>\n<p style=\"padding-left: 30px;\"><strong>2. <\/strong>Snaarinstrumenten met gestopte snaren op een nek, zoals de tanboura, gitaar, oud\/luit, enz. [Zie hoofdstuk 15.]<\/p>\n<p style=\"padding-left: 30px;\"><strong>3. <\/strong>Blaasinstrumenten zoals de fluit, pijp, enz. [Zie hoofdstuk 16.]<\/p>\n<p style=\"padding-left: 30px;\"><strong>4. <\/strong>Percussie-instrumenten zoals drums, klepels, bellen, enz. [Zie hoofdstuk 17.]<\/p>\n<p>De chironomid leidde het muzikale ensemble en bepaalde met een reeks gebaren de toonhoogte en intervallen waarop de muzikanten hun optreden baseerden. De details van dit onderzoek worden gerapporteerd in een speciale studie [H. Hickmann, <em>De chironomie in het oude Egypte<\/em>, Tijdschrift voor Egyptische taal en antiek 83, 2, 1958.].<\/p>\n<div>\n<p>Symfonische en polyfone variaties worden weergegeven in muzikale sc\u00e8nes van Oud-Egyptische gebouwen uit het Oude Rijk (4500 jaar geleden), waarbij een regisseur door middel van zichtbare gebaren het totale ensemble begeleidt. Een of meer chironomiden werden afgebeeld om het soort optreden aan te duiden. Opgemerkt moet worden dat het afbeelden van meer dan \u00e9\u00e9n chironomid voor \u00e9\u00e9n instrument symbolisch is voor de actie die bedoeld was in de artistieke representatie van het Oud-Egypte.<\/p>\n<\/div>\n<p>Egyptische chironomiden begeleidden de muzikanten op drie verschillende manieren, om enkele, dubbele en drievoudige tonaliteiten te cre\u00ebren, als volgt:<\/p>\n<p style=\"text-align: left;\"><strong>1. <\/strong>De chironomiden geven identieke handtekens aan; de muzikant(en) speelt\/spelen dus unisono.<\/p>\n<p><a href=\"http:\/\/egyptianwisdomcenter.org\/wp-content\/uploads\/2019\/02\/chironomids.png\" rel=\"attachment wp-att-366\"><img decoding=\"async\" class=\"aligncenter size-medium wp-image-366\" src=\"http:\/\/egyptianwisdomcenter.org\/wp-content\/uploads\/2019\/02\/chironomids-300x150.png\" alt=\"chironomiden\" width=\"300\" height=\"150\" \/><\/a><\/p>\n<p><strong>2. <\/strong>De chironomiden geven verschillende handtekens aan; dus spelen de muzikanten een akkoord. Hieronder volgen twee voorbeelden:<\/p>\n<p style=\"padding-left: 30px;\"><strong>A.<\/strong> In het graf van Ti [Saqqara, Oude Koninkrijk] hebben we twee ge\u00efllustreerde chironomiden die verschillende handsignalen geven voor een enkel instrument (harp), die twee verschillende geluiden vertegenwoordigen; dwz een voorbeeld van polyfonie uitbeelden.<\/p>\n<p style=\"padding-left: 30px;\"><a href=\"http:\/\/egyptianwisdomcenter.org\/wp-content\/uploads\/2019\/02\/hand-signals-1.png\"><img decoding=\"async\" class=\"size-full wp-image-761 aligncenter\" src=\"http:\/\/egyptianwisdomcenter.org\/wp-content\/uploads\/2019\/02\/hand-signals-1.png\" alt=\"\" width=\"233\" height=\"180\" \/><\/a><\/p>\n<p style=\"padding-left: 30px;\">Deze afbeelding van twee chironomiden is indicatief voor dubbele tonaliteit, die zowel opeenvolgend als gelijktijdig kan zijn.<\/p>\n<p style=\"padding-left: 30px;\"><strong>B.<\/strong> Het spelen van een akkoord met drie verschillende tonen is afgebeeld [hieronder weergegeven] in Nencheftka&#039;s tombe [5<sup>e<\/sup> Dynastie, Saqqara, nu in het Ca\u00efro-museum. Drie verschillende handsignalen worden weergegeven door de afgebeelde chironomiden.<\/p>\n<p style=\"padding-left: 30px;\"><a href=\"http:\/\/egyptianwisdomcenter.org\/wp-content\/uploads\/2019\/02\/playing-chord.png\"><img decoding=\"async\" class=\"size-full wp-image-780 aligncenter\" src=\"http:\/\/egyptianwisdomcenter.org\/wp-content\/uploads\/2019\/02\/playing-chord.png\" alt=\"\" width=\"400\" height=\"113\" \/><\/a><\/p>\n<p style=\"padding-left: 30px;\">Een ander voorbeeld van polyfonie bestaande uit drie verschillende tonen wordt gepresenteerd in een muzikale sc\u00e8ne uit een reli\u00ebf uit het graf van Nekauhor [Saqqara, 5<sup>e<\/sup> Dynasty, momenteel in het Metropolitan Museum of Art, New York].<\/p>\n<p>&nbsp;<\/p>\n<div dir=\"auto\">\n<div>\n<p style=\"padding-left: 30px;\"><strong style=\"font-size: 16px;\">[Een uittreksel uit <span style=\"color: #ff0000;\">Het blijvende oude Egyptische muzieksysteem, theorie en praktijk<\/span>: Tweede editie door Moustafa Gadalla]<br \/>\n<a href=\"https:\/\/egyptianwisdomcenter.org\/nl\/product\/the-enduring-ancient-egyptian-musical-system-theory-and-practice-second-edition\/\"><span style=\"color: #0000ff;\">https:\/\/egyptianwisdomcenter.org\/product\/egyptische-muziekinstrumenten\/<\/span><\/a><\/strong><\/p>\n<p style=\"padding-left: 30px;\"><strong style=\"font-size: 16px;\"><br \/>\n<\/strong><img decoding=\"async\" class=\"aligncenter\" src=\"https:\/\/egyptianwisdomcenter.org\/wp-content\/uploads\/2023\/01\/egyptische-muziekinstrumenten-2.jpg\" \/><\/p>\n<\/div>\n<p style=\"padding-left: 30px;\"><a href=\"https:\/\/egyptianwisdomcenter.org\/nl\/product\/the-enduring-ancient-egyptian-musical-system-theory-and-practice-second-edition\/\"><strong style=\"font-size: 16px;\"><span style=\"color: #0000ff;\">https:\/\/egyptianwisdomcenter.org\/product\/egyptische-muziekinstrumenten\/<\/span><\/strong><\/a><\/p>\n<\/div>","protected":false},"excerpt":{"rendered":"<p>The Musical Orchestra &nbsp; Musical instruments differ in compass, the variety of\u00a0 strength\u00a0 of\u00a0 a\u00a0 single\u00a0 note,\u00a0 accent\u00a0 value,\u00a0 survival value, the [&hellip;]<\/p>","protected":false},"author":3,"featured_media":0,"parent":0,"menu_order":0,"comment_status":"closed","ping_status":"closed","template":"","meta":{"footnotes":""},"class_list":["post-437","page","type-page","status-publish","hentry"],"aioseo_notices":[],"_links":{"self":[{"href":"https:\/\/egyptianwisdomcenter.org\/nl\/wp-json\/wp\/v2\/pages\/437","targetHints":{"allow":["GET"]}}],"collection":[{"href":"https:\/\/egyptianwisdomcenter.org\/nl\/wp-json\/wp\/v2\/pages"}],"about":[{"href":"https:\/\/egyptianwisdomcenter.org\/nl\/wp-json\/wp\/v2\/types\/page"}],"author":[{"embeddable":true,"href":"https:\/\/egyptianwisdomcenter.org\/nl\/wp-json\/wp\/v2\/users\/3"}],"replies":[{"embeddable":true,"href":"https:\/\/egyptianwisdomcenter.org\/nl\/wp-json\/wp\/v2\/comments?post=437"}],"version-history":[{"count":0,"href":"https:\/\/egyptianwisdomcenter.org\/nl\/wp-json\/wp\/v2\/pages\/437\/revisions"}],"wp:attachment":[{"href":"https:\/\/egyptianwisdomcenter.org\/nl\/wp-json\/wp\/v2\/media?parent=437"}],"curies":[{"name":"wp","href":"https:\/\/api.w.org\/{rel}","templated":true}]}}