{"id":5596,"date":"2019-03-03T14:48:09","date_gmt":"2019-03-03T19:48:09","guid":{"rendered":"http:\/\/egyptianwisdomcenter.org\/le-timing-rythmique\/"},"modified":"2023-01-07T07:52:05","modified_gmt":"2023-01-07T12:52:05","slug":"le-timing-rythmique","status":"publish","type":"page","link":"https:\/\/egyptianwisdomcenter.org\/nl\/le-timing-rythmique\/","title":{"rendered":"Le Timing Rythmique"},"content":{"rendered":"<h2 style=\"text-align: center;\"><span style=\"color: #ff0000;\">Le Timing Rythmique<\/span><\/h2>\n<p>&nbsp;<\/p>\n<p>L&#8217;effet \u00e9motionnel de la musique d\u00e9pend en grande partie du type de rythme qu&#8217;il emploie. Le rythme signifie \u00e9coulement: un mouvement qui d\u00e9ferle et recule en intensit\u00e9. L&#8217;\u00e9coulement du rythme prend de nombreuses formes dans la musique. Une grande partie de la couleur et de la personnalit\u00e9 de la musique vient de son rythme. C&#8217;est peut-\u00eatre le contraste des impulsions fortes et faibles, des valeurs de notes longues et courtes, de faible et de haute hauteur, lente ou rapide, m\u00eame ou in\u00e9gale, avec des accents fr\u00e9quents ou peu fr\u00e9quents. Les combinaisons de ces \u00e9l\u00e9ments donnent au rythme son caract\u00e8re.<\/p>\n<p>En plus de la performance musicale, le timing rythmique s&#8217;applique \u00e9galement \u00e0: musique\/mots\/phrases d\u00e9pend de la sensation et de la m\u00e9moire; car nous ne devons pas seulement ressentir des bruits \u00e0 l&#8217;instant o\u00f9 ils frappent l&#8217;instrument, mais rappelez-vous ceux qui avaient \u00e9t\u00e9 frapp\u00e9s avant, afin de pouvoir les comparer ensemble. L&#8217;\u00e9l\u00e9ment temporel s\u00e9parant les tonalit\u00e9s cons\u00e9cutives est le facteur d&#8217;organisation dans l&#8217;audition, le sentiment, et la compr\u00e9hension de l&#8217;intention de la musique ou des mots\/phrases parl\u00e9s.<\/p>\n<p>Le rythme de l&#8217;\u00eatre humain est principalement li\u00e9 \u00e0 l&#8217;impulsion cardiaque. Le rythme a un effet sur le c\u0153ur, et est mesur\u00e9 contre lui aussi. Nous avons une horloge construite en nous-le pouls-dont le taux normal est d&#8217;environ 72 battements par minute. [Voir aussi la relation entre le num\u00e9ro 72 et le earler Buk-Nunu dans le texte.] C&#8217;est par ce crit\u00e8re que nous jugeons les \u00e9v\u00e9nements rapides ou lents \u2014 leur tempo. Lorsque le tempo musical varie de l&#8217;impulsion cardiaque (plus rapide ou plus lente), il provoquera une excitation non naturelle.<\/p>\n<p>Musique plus lente = calme, douceur, tristesse<br \/>\nTempo plus rapide = bonheur, joie, vitalit\u00e9<\/p>\n<p>Les nombres 2 et 3 sont les nombres d&#8217;ISIS et d&#8217;Osiris, les r\u00e9gulateurs de l&#8217;univers entier, comme montr\u00e9 pr\u00e9c\u00e9demment. En tant que tel, pratiquement toutes les organisations rythmiques sont bas\u00e9es sur l&#8217;un des deux sch\u00e9mas g\u00e9n\u00e9raux: le binaire \u2014 fort, alternant avec un battement faible, ou ternaire \u2014 fort, suivi de deux battements faibles. L&#8217;un ou l&#8217;autre de ces types sous-tend le cadre rythmique de chaque composition. Le rythme binaire ou ternaire sous-jacent est connu comme le rythme fondamental. Les subdivisions de ces battements qui apparaissent dans le cadre g\u00e9n\u00e9ral sont appel\u00e9es le rythme subsidiaire.<\/p>\n<p>Les nombres 2 et 3 sont li\u00e9s au rythme respiratoire naturel et sont donc refl\u00e9t\u00e9s dans la m\u00e9thode binaire et ternaire de la mesure du temps dans la performance musicale. Lorsqu&#8217;une personne se trouve dans un sommeil calme, le temps entre l&#8217;expiration et l&#8217;inhalation est deux fois plus long que celui entre l&#8217;inhalation et l&#8217;exhalation. C&#8217;est l&#8217;id\u00e9e derri\u00e8re toutes les formes musicales. L&#8217;in-and-out et l&#8217;alternance de tension et de relaxation, r\u00e9git toutes les autres manifestations.<\/p>\n<p>Battre le temps dans la musique est tr\u00e8s important, parce que si un musicien (pas percussionniste) tombe du temps, la musique sonne et l&#8217;oreille tend \u00e0 cesser d&#8217;\u00e9couter et de d\u00e9river. Beat est la pulsation constante. Il agit comme une r\u00e8gle par laquelle nous pouvons mesurer la dur\u00e9e d&#8217;une note et le temps entre les notes. Le battement de temps pourrait \u00eatre accompli par l&#8217;une des mani\u00e8res suivantes:<\/p>\n<p style=\"padding-left: 30px;\"><strong>1. <\/strong>musiciens apprennent \u00e0 garder le temps avec l&#8217;aide de syllabes onomatop\u00e9es-tranquillement. La correspondance entre les syllabes et les notes musicales rend cette m\u00e9thode de maintien du temps tr\u00e8s naturelle.<\/p>\n<p style=\"padding-left: 30px;\">Chanter \u00e0\/avec de la musique suit le m\u00eame mod\u00e8le, et peut \u00eatre accompli de deux fa\u00e7ons: 1) en utilisant certaines syllabes pour la dur\u00e9e de la note, et\/ou pour le temps entre les notes; 2) ou une r\u00e9currence m\u00eame ou altern\u00e9e des nombres, en comptant \u00e0 soi-m\u00eame.<\/p>\n<p style=\"padding-left: 30px;\">Habituellement, deux tailles de syllabes sont utilis\u00e9es: courte et longue-c.-\u00e0-d. une voyelle longue\/plus longue, \u00e0 un ratio de 2:1. Ces deux \u00e9l\u00e9ments de base sont utilis\u00e9s dans de nombreuses variantes pour les compteurs variables, la s\u00e9quence des battements et des silences contenues dans chaque segment de temps.<\/p>\n<p style=\"padding-left: 30px;\"><strong>2. <\/strong>le battement de pied est repr\u00e9sent\u00e9 dans les sc\u00e8nes musicales \u00e9gyptiennes antiques [montr\u00e9es dans l&#8217;extr\u00eame droite ci-dessous] comme m\u00e9thode de garder le temps.<\/p>\n<p style=\"padding-left: 30px;\"><a href=\"https:\/\/fr.egyptianwisdomcenter.org\/wp-content\/uploads\/2019\/02\/footstamping.png\"><img fetchpriority=\"high\" decoding=\"async\" class=\"size-full wp-image-781 aligncenter\" src=\"https:\/\/fr.egyptianwisdomcenter.org\/wp-content\/uploads\/2019\/02\/footstamping.png\" alt=\"\" width=\"306\" height=\"166\" \/><\/a><\/p>\n<p style=\"padding-left: 30px;\"><strong>3. <\/strong>dans de nombreuses repr\u00e9sentations musicales dans les b\u00e2timents antiques \u00e9gyptiens, les musiciens sont accompagn\u00e9s par une personne applaudis, ou en utilisant des clappers, pour garder les musiciens dans le temps.<\/p>\n<p><a href=\"https:\/\/fr.egyptianwisdomcenter.org\/wp-content\/uploads\/2019\/02\/emus-ch12-photo1-96c.jpg\"><img decoding=\"async\" class=\"size-full wp-image-1396 aligncenter\" src=\"https:\/\/fr.egyptianwisdomcenter.org\/wp-content\/uploads\/2019\/02\/emus-ch12-photo1-96c.jpg\" alt=\"\" width=\"278\" height=\"162\" \/><\/a><\/p>\n<p style=\"padding-left: 30px;\"><strong>4. <\/strong>les Egyptiens utilisaient\/utilisent les patrons de tambour de petites tambours \u00e0 main, le tambour de gobelet (<em>tabla\/darabukka<\/em>), le tambour de cadre (<em>Riqq<\/em> ou <em>teer<\/em>), ou la paire de tambours de bouilloire (Naqqar<em>bij<\/em>) pour r\u00e9guler le temps.<\/p>\n<p><img decoding=\"async\" class=\"aligncenter\" src=\"https:\/\/scontent-iad3-1.xx.fbcdn.net\/v\/t1.0-9\/44223955_2171266219610740_1798531977700179968_n.jpg?_nc_cat=101&amp;_nc_ht=scontent-iad3-1.xx&amp;oh=892e3250502f62e8e76c85ad3d367372&amp;oe=5C6E89BC\" alt=\"Pas de texte alt automatique disponible.\" \/><\/p>\n<p><a href=\"https:\/\/fr.egyptianwisdomcenter.org\/wp-content\/uploads\/2019\/02\/emus-ch12-photo2-96c.jpg\"><img decoding=\"async\" class=\"size-full wp-image-1397 aligncenter\" src=\"https:\/\/fr.egyptianwisdomcenter.org\/wp-content\/uploads\/2019\/02\/emus-ch12-photo2-96c.jpg\" alt=\"\" width=\"144\" height=\"212\" \/><\/a><\/p>\n<p><a href=\"https:\/\/fr.egyptianwisdomcenter.org\/wp-content\/uploads\/2019\/02\/emus-ch12-photo3-96c.jpg\"><img loading=\"lazy\" decoding=\"async\" class=\"size-full wp-image-1398 aligncenter\" src=\"https:\/\/fr.egyptianwisdomcenter.org\/wp-content\/uploads\/2019\/02\/emus-ch12-photo3-96c.jpg\" alt=\"\" width=\"227\" height=\"244\" \/><\/a><\/p>\n<p><img decoding=\"async\" class=\"aligncenter\" src=\"https:\/\/fr.egyptianwisdomcenter.org\/wp-content\/uploads\/2019\/02\/44197045_2171267232943972_6908814371493773312_n.jpg\" alt=\"Pas de texte alt automatique disponible.\" \/><\/p>\n<p style=\"padding-left: 30px;\">les pratiques \u00e9gyptiennes <strong>5. <\/strong>Classical avaient deux genres de battements travaillant en combinaison: <strong>silencieux et audible<\/strong>.<\/p>\n<p style=\"padding-left: 60px;\">\u2022 <strong>Gestes silencieux<\/strong> ont \u00e9t\u00e9 utilis\u00e9s dans l&#8217;Egypte ancienne, de diverses mani\u00e8res en donnant des signaux, tels que: soulever l&#8217;avant-bras, tournant la paume soit vers le haut ou vers le bas, et \u00e9tirant ou doublant les doigts; une main tenue en partie avec le pouce et l&#8217;index formant un cercle et d&#8217;autres doigts maintenus raides, tandis que l&#8217;autre main est plac\u00e9e sur l&#8217;oreille ou sur le genou dans une position d\u00e9tendue, avec la paume vers le haut ou vers le bas. Le pouce peut \u00eatre vers le haut, ou pli\u00e9 contre l&#8217;index.<\/p>\n<p><img decoding=\"async\" class=\"aligncenter\" src=\"https:\/\/pressbooks.com\/app\/uploads\/sites\/43846\/2018\/03\/admin-ajax-2-300x62.jpg\" \/><\/p>\n<p style=\"text-align: center;\"><strong>[Quelques exemples de battements de la mesure, repr\u00e9sent\u00e9s sur les tombes \u00e0 Saqqarah sous l\u2019Ancien\u00a0Royaume]<\/strong><\/p>\n<p style=\"padding-left: 60px;\">En effectuant ces mouvements, les aiguilles alterne de membre \u00e0 membre avec la main droite; la main gauche; et les deux mains.<\/p>\n<p style=\"padding-left: 60px;\">Les doigts, aussi, altern\u00e9. En DUPLE temps, les quatre parties d&#8217;une p\u00e9riode ont \u00e9t\u00e9 signal\u00e9es en pointant d&#8217;abord avec le petit doigt et en ajoutant successivement l&#8217;annulaire, le doigt du milieu, et l&#8217;index.<\/p>\n<p><a href=\"https:\/\/fr.egyptianwisdomcenter.org\/wp-content\/uploads\/2019\/02\/emus-ch12-photo4-96c.jpg\"><img loading=\"lazy\" decoding=\"async\" class=\"size-full wp-image-1399 aligncenter\" src=\"https:\/\/fr.egyptianwisdomcenter.org\/wp-content\/uploads\/2019\/02\/emus-ch12-photo4-96c.jpg\" alt=\"\" width=\"295\" height=\"163\" \/><\/a><\/p>\n<p><a href=\"https:\/\/fr.egyptianwisdomcenter.org\/wp-content\/uploads\/2019\/02\/emus-ch12-photo5-96c.jpg\"><img loading=\"lazy\" decoding=\"async\" class=\"size-full wp-image-1400 aligncenter\" src=\"https:\/\/fr.egyptianwisdomcenter.org\/wp-content\/uploads\/2019\/02\/emus-ch12-photo5-96c.jpg\" alt=\"\" width=\"288\" height=\"210\" \/><\/a><\/p>\n<p><a href=\"https:\/\/fr.egyptianwisdomcenter.org\/wp-content\/uploads\/2019\/02\/emus-ch12-photo6-96c.jpg\"><img loading=\"lazy\" decoding=\"async\" class=\"size-full wp-image-1401 aligncenter\" src=\"https:\/\/fr.egyptianwisdomcenter.org\/wp-content\/uploads\/2019\/02\/emus-ch12-photo6-96c.jpg\" alt=\"\" width=\"288\" height=\"76\" \/><\/a><\/p>\n<p style=\"padding-left: 30px;\"><a href=\"https:\/\/emus.pressbooks.com\/wp-content\/uploads\/sites\/42623\/2015\/11\/Hickmann-pg-086-300x113.jpg\"><img loading=\"lazy\" decoding=\"async\" class=\"size-full wp-image-790 aligncenter\" src=\"https:\/\/emus.pressbooks.com\/wp-content\/uploads\/sites\/42623\/2015\/11\/Hickmann-pg-086-300x113.jpg\" alt=\"\" width=\"300\" height=\"113\" \/><\/a><\/p>\n<div>\n<p style=\"padding-left: 60px;\">\u2022 Des <strong>battements sonores<\/strong> ont \u00e9galement \u00e9t\u00e9 fournis en claquant les doigts; gifler (comme la cuisse) avec la main droite ou avec la main gauche; ou gifler avec les deux mains.<\/p>\n<p style=\"padding-left: 60px;\">Dans la tombe d&#8217;Amenemhet \u00e0 Louxor (Th\u00e8bes), dat\u00e9e ca. 1500 BCE, il est repr\u00e9sent\u00e9 un conducteur debout avant et face aux interpr\u00e8tes, battant le temps avec son talon droit et claquer les deux pouces et les doigts de l&#8217;index.<\/p>\n<p style=\"padding-left: 60px;\"><a href=\"https:\/\/fr.egyptianwisdomcenter.org\/wp-content\/uploads\/2019\/02\/conductor.png\"><img loading=\"lazy\" decoding=\"async\" class=\"size-full wp-image-791 aligncenter\" src=\"https:\/\/fr.egyptianwisdomcenter.org\/wp-content\/uploads\/2019\/02\/conductor.png\" alt=\"\" width=\"110\" height=\"172\" \/><\/a><\/p>\n<p><a href=\"https:\/\/egyptianwisdomcenter.org\/wp-content\/uploads\/2021\/09\/emus-ch12-photo7-96c.jpg\"><img loading=\"lazy\" decoding=\"async\" class=\"aligncenter wp-image-56749 size-full\" src=\"https:\/\/egyptianwisdomcenter.org\/wp-content\/uploads\/2021\/09\/emus-ch12-photo7-96c.jpg\" alt=\"\" width=\"288\" height=\"256\" \/><\/a><\/p>\n<\/div>\n<p>&nbsp;<\/p>\n<p><strong>[Un extrait de<span style=\"color: #ff0000;\"> Instruments de Musique \u00c9gyptiens <\/span><\/strong><strong>par Moustafa Gadalla]<\/strong><\/p>\n<p><span style=\"color: #0000ff;\"><strong>https:\/\/egyptianwisdomcenter.org\/product\/instruments-de-musique-egyptiens\/<\/strong><\/span><\/p>\n<p><img decoding=\"async\" class=\"aligncenter\" src=\"https:\/\/books2read-prod.s3.amazonaws.com\/CACHE\/images\/ubl_book_images\/book_display_image_PnlXAdS\/7e9d4fa7964995f1804bca552139e9e0\" \/><\/p>\n<p style=\"text-align: center;\"><span style=\"color: #0000ff;\"><strong>https:\/\/egyptianwisdomcenter.org\/product\/instruments-de-musique-egyptiens\/<\/strong><\/span><\/p>\n<p class=\"tw-data-text tw-text-large XcVN5d tw-ta\" dir=\"ltr\" data-placeholder=\"Translation\">","protected":false},"excerpt":{"rendered":"<p>Le Timing Rythmique &nbsp; L&#8217;effet \u00e9motionnel de la musique d\u00e9pend en grande partie du type de rythme qu&#8217;il emploie. Le rythme signifie [&hellip;]<\/p>","protected":false},"author":3,"featured_media":0,"parent":0,"menu_order":0,"comment_status":"closed","ping_status":"closed","template":"","meta":{"footnotes":""},"class_list":["post-5596","page","type-page","status-publish","hentry"],"aioseo_notices":[],"_links":{"self":[{"href":"https:\/\/egyptianwisdomcenter.org\/nl\/wp-json\/wp\/v2\/pages\/5596","targetHints":{"allow":["GET"]}}],"collection":[{"href":"https:\/\/egyptianwisdomcenter.org\/nl\/wp-json\/wp\/v2\/pages"}],"about":[{"href":"https:\/\/egyptianwisdomcenter.org\/nl\/wp-json\/wp\/v2\/types\/page"}],"author":[{"embeddable":true,"href":"https:\/\/egyptianwisdomcenter.org\/nl\/wp-json\/wp\/v2\/users\/3"}],"replies":[{"embeddable":true,"href":"https:\/\/egyptianwisdomcenter.org\/nl\/wp-json\/wp\/v2\/comments?post=5596"}],"version-history":[{"count":0,"href":"https:\/\/egyptianwisdomcenter.org\/nl\/wp-json\/wp\/v2\/pages\/5596\/revisions"}],"wp:attachment":[{"href":"https:\/\/egyptianwisdomcenter.org\/nl\/wp-json\/wp\/v2\/media?parent=5596"}],"curies":[{"name":"wp","href":"https:\/\/api.w.org\/{rel}","templated":true}]}}