{"id":8244,"date":"2019-03-04T11:46:09","date_gmt":"2019-03-04T16:46:09","guid":{"rendered":"https:\/\/egyptianwisdomcenter.org\/die-gesamtkapazitaten-der-alten-agyptischen-harfen\/"},"modified":"2023-01-07T16:04:27","modified_gmt":"2023-01-07T21:04:27","slug":"die-gesamtkapazitaten-der-alten-agyptischen-harfen","status":"publish","type":"page","link":"https:\/\/egyptianwisdomcenter.org\/nl\/die-gesamtkapazitaten-der-alten-agyptischen-harfen\/","title":{"rendered":"Die Allumfassende Kapazit\u00e4t Der Alten \u00c4gyptischen Harfen"},"content":{"rendered":"<h2 style=\"text-align: center;\"><span style=\"color: #ff0000;\">Die Allumfassende Kapazit\u00e4t Der Alten \u00c4gyptischen Harfen<\/span><\/h2>\n<p>&nbsp;<\/p>\n<p>Die alten \u00e4gyptischen Harfen variierten in Form, Gr\u00f6\u00dfe und Anzahl ihrer Saiten. Sie sind in den alten Gem\u00e4lden mit 4, 6, 7, 8, 9, 10, 11, 12, 14, 17, 20, 21 und 22 Streichern vertreten.<\/p>\n<p><a href=\"https:\/\/egyptianwisdomcenter.org\/wp-content\/uploads\/2019\/02\/emus-ch15-photo4-96c.jpg\"><img loading=\"lazy\" decoding=\"async\" class=\"size-full wp-image-1406 aligncenter\" src=\"https:\/\/egyptianwisdomcenter.org\/wp-content\/uploads\/2019\/02\/emus-ch15-photo4-96c.jpg\" alt=\"\" width=\"259\" height=\"168\" \/><\/a><\/p>\n<p><a href=\"https:\/\/egyptianwisdomcenter.org\/wp-content\/uploads\/2019\/02\/emus-ch15-photo5-96c.jpg\"><img loading=\"lazy\" decoding=\"async\" class=\"size-full wp-image-1407 aligncenter\" src=\"https:\/\/egyptianwisdomcenter.org\/wp-content\/uploads\/2019\/02\/emus-ch15-photo5-96c.jpg\" alt=\"\" width=\"259\" height=\"196\" \/><\/a><\/p>\n<p><a href=\"https:\/\/egyptianwisdomcenter.org\/wp-content\/uploads\/2021\/09\/emus-ch15-photo6-96c.jpg\"><img loading=\"lazy\" decoding=\"async\" class=\"aligncenter wp-image-56732 size-full\" src=\"https:\/\/egyptianwisdomcenter.org\/wp-content\/uploads\/2021\/09\/emus-ch15-photo6-96c.jpg\" alt=\"\" width=\"202\" height=\"284\" \/><\/a><\/p>\n<div>\n<p>Es gab im Grunde zwei Arten von Harfen:<\/p>\n<p style=\"padding-left: 30px;\"><strong>1. <\/strong>Die kleine tragbare (Schulter-) Harfe (flacher Bogen). Schulterharfen sind in vielen Museen auf der ganzen Welt zu finden. Wie alle Instrumente dieser Art hatten sie eine Einstellung, die von vorne nach hinten und von oben nach unten oder umgekehrt bewegt werden konnte. Es war eine Art Federstange f\u00fcr die Saiten, die eine schnelle Abstimmung auf verschiedene Stellpl\u00e4tze erm\u00f6glichte.<\/p>\n<p style=\"padding-left: 30px;\"><a href=\"https:\/\/emus.pressbooks.com\/wp-content\/uploads\/sites\/42623\/2015\/11\/portable-harp.png\"><img loading=\"lazy\" decoding=\"async\" class=\"aligncenter wp-image-800 size-full\" src=\"https:\/\/egyptianwisdomcenter.org\/wp-content\/uploads\/2019\/02\/portable-harp-e1484696124557.png\" width=\"136\" height=\"190\" \/><\/a><\/p>\n<p style=\"padding-left: 30px;\"><strong>2. <\/strong>Die gr\u00f6\u00dfere, gew\u00f6lbte (Bogen-) Harfe oder Winkelharfe. Es gab mehrere Variationen der gro\u00dfen Harfen in \u00c4gypten, etwa in ihren Strukturen und Gr\u00f6\u00dfen, je nachdem, ob er oben oder unten liegt und ob der Resonator geradlinig oder gebogen ist. [Hier ist eine Szene aus dem Grab von Amenemhet, Beni Hassan, 12<sup>.<\/sup> Dynastie.]<\/p>\n<p style=\"padding-left: 30px;\"><a href=\"https:\/\/emus.pressbooks.com\/wp-content\/uploads\/sites\/42623\/2015\/11\/bow-harp.png\"><img loading=\"lazy\" decoding=\"async\" class=\"aligncenter wp-image-801 size-full\" src=\"https:\/\/egyptianwisdomcenter.org\/wp-content\/uploads\/2019\/02\/bow-harp-e1484696139970.png\" width=\"138\" height=\"160\" \/><\/a><\/p>\n<p>Es gibt kaum einen Unterschied zwischen dem Bogen (Bogen) und der Winkelharfe, was ihren Klang betrifft.<\/p>\n<p>Die Vielfalt der alt\u00e4gyptischen Harfen offenbart den Reichtum ihrer musikproduzierenden F\u00e4higkeiten. Die folgende \u00dcbersicht basiert auf dem Verh\u00e4ltnis zwischen offenen Strings.<\/p>\n<p>&gt; Es ist zu beachten, dass durch die einh\u00e4ndige Spieltechnik, wie sich fr\u00fcher gezeigt hat, noch viel mehr kleinere musikalische T\u00f6ne erreicht werden k\u00f6nnen.<\/p>\n<p style=\"padding-left: 30px;\"><strong>1. <\/strong>Mit Harfen von 4 bis 22 Saiten w\u00e4ren einige Harfen in der Lage gewesen, eine breite Palette von Noten f\u00fcr mehrere Oktaven zu produzieren. Das Verh\u00e4ltnis zwischen dem k\u00fcrzesten und l\u00e4ngsten ist 1:3 bis 1:4 (d.h. 1 bis 2 Oktaven). Mit der einh\u00e4ndigen Spieltechnik [siehe vorigen Abschnitt] lassen sich unbegrenzte M\u00f6glichkeiten verschiedener T\u00f6ne und Oktaven realisieren.<\/p>\n<p style=\"padding-left: 30px;\"><strong>2. <\/strong>Die Intervalle von Vierten, F\u00fcnften und Oktaven waren die h\u00e4ufigsten in den alt\u00e4gyptischen Repr\u00e4sentationen. Curt Sachs [in seinem Buch &#8221; <em>Geschichte der Musikinstrumente<\/em>&#8220;] fand heraus, dass von 17 Harpisten, die auf \u00e4gyptischen Kunstwerken mit ausreichendem Realismus und Unterscheidungskraft vertreten sind, um verl\u00e4ssliche Aufzeichnungen zu sein, sieben einen vierten Akkord, f\u00fcnf einen f\u00fcnften Akkord und f\u00fcnf und f\u00fcnf und Oktave Akkord.<\/p>\n<p style=\"padding-left: 30px;\"><strong>3. <\/strong>Das Verh\u00e4ltnis zwischen der k\u00fcrzesten und der l\u00e4ngsten Schnur mehrerer alt\u00e4gyptischer Harfen betr\u00e4gt etwa 2:3. Da dieses Intervall auf f\u00fcnf Saiten aufgeteilt ist, w\u00fcrde die Skala eine Reihe von T\u00f6nen zwischen Halb-und Vollt\u00f6nen liefern. Bei Harfen mit zehn Saiten w\u00fcrde dies ein durchschnittliches Intervall eines (kleinen) Halbmonds (90 Cent = 4 Kommas) ergeben.<\/p>\n<p style=\"padding-left: 30px;\"><strong>4. <\/strong>Eine der beiden Harfen, die in Ramses III. es Grab gefunden werden, hat 13 Saiten, wo, wenn die l\u00e4ngste Saite Pros-lambanomenos oder <em>D<\/em>darstellte, die restlichen 12 Saiten mehr als alle T\u00f6ne, Halbt\u00f6ne und Viertelt\u00f6ne der Diatonische, chromatische und enharmonische Gattungen, innerhalb des Kompasses einer Oktave.<\/p>\n<p><a href=\"https:\/\/egyptianwisdomcenter.org\/wp-content\/uploads\/2019\/02\/emus-ch15-photo13-96c.jpg\"><img loading=\"lazy\" decoding=\"async\" class=\"size-full wp-image-1416 aligncenter\" src=\"https:\/\/egyptianwisdomcenter.org\/wp-content\/uploads\/2019\/02\/emus-ch15-photo13-96c.jpg\" alt=\"\" width=\"300\" height=\"172\" \/><\/a><\/p>\n<p style=\"padding-left: 30px;\">Die Stimmung dieser 13-k\u00f6pfigen Harfe kann die vier Tetrachords, Hypaton, <em>Meson, Synemmenon<\/em>und Di\u00e4t-Ohrenschmaus mit <em>Proslambanomenos<\/em> unten ausstatten:<\/p>\n<p style=\"padding-left: 30px;\"><a href=\"https:\/\/egyptianwisdomcenter.org\/wp-content\/uploads\/2019\/02\/scale.png\" rel=\"attachment wp-att-385\"><img loading=\"lazy\" decoding=\"async\" class=\"aligncenter size-medium wp-image-385\" src=\"https:\/\/egyptianwisdomcenter.org\/wp-content\/uploads\/2019\/02\/scale-300x51.png\" alt=\"Level\" width=\"300\" height=\"51\" \/><\/a><\/p>\n<p style=\"padding-left: 30px;\"><strong>5. <\/strong>Die am h\u00e4ufigsten dargestellten Harfen hatten sieben Saiten, und laut Curt Sachs &#8216; Studie \u00fcber \u00e4gyptische Instrumente stimmten die \u00c4gypter ihre Harfen in der gleichen diatonischen Intervallserie.<\/p>\n<p style=\"padding-left: 30px;\"><strong>6. <\/strong>Eine alt\u00e4gyptische Harfe mit 20 Saiten [gefunden in Luxor (Theben)], scheint die Pentatonik durch vier Oktaven verlaufen zu haben. Und die Harfe mit 21 Streichern [im Pariser Museum] hatte wahrscheinlich die gleiche Reihenfolge der Intervalle, mit der Zugabe der Keynote an der Spitze.<\/p>\n<p>&nbsp;<\/p>\n<p style=\"padding-left: 30px;\"><strong style=\"font-size: 16px;\">[Ein Auszug aus dem Buch &#8220;<span style=\"color: #ff0000;\">\u00c4gyptische Musikinstrumente<span style=\"color: #333333;\">&#8220;<\/span><\/span> von Moustafa Gadalla]<\/strong><\/p>\n<p><span style=\"color: #0000ff;\"><strong>https:\/\/egyptianwisdomcenter.org\/product\/aegyptische-musikinstrumente\/<\/strong><\/span><\/p>\n<p><img decoding=\"async\" class=\"aligncenter\" src=\"https:\/\/books2read-prod.s3.amazonaws.com\/CACHE\/images\/ubl_book_images\/book_display_image_0oof5e7\/6b4734cba34b68c11fd9b1a5d3afd47a\" \/><\/p>\n<p style=\"text-align: center;\"><span style=\"color: #0000ff;\"><strong>https:\/\/egyptianwisdomcenter.org\/product\/aegyptische-musikinstrumente\/<\/strong><\/span><\/p>\n<\/div>\n<div>\n<div><\/div>\n<\/div>\n<p>&nbsp;<\/p>\n<p>&nbsp;<\/p>\n<p>&nbsp;<\/p>\n<p>&nbsp;<\/p>\n","protected":false},"excerpt":{"rendered":"<p>Die Allumfassende Kapazit\u00e4t Der Alten \u00c4gyptischen Harfen &nbsp; Die alten \u00e4gyptischen Harfen variierten in Form, Gr\u00f6\u00dfe und Anzahl ihrer Saiten. Sie sind [&hellip;]<\/p>\n","protected":false},"author":3,"featured_media":0,"parent":0,"menu_order":0,"comment_status":"closed","ping_status":"closed","template":"","meta":{"_monsterinsights_skip_tracking":false,"_monsterinsights_sitenote_active":false,"_monsterinsights_sitenote_note":"","_monsterinsights_sitenote_category":0,"footnotes":""},"class_list":["post-8244","page","type-page","status-publish","hentry"],"aioseo_notices":[],"_links":{"self":[{"href":"https:\/\/egyptianwisdomcenter.org\/nl\/wp-json\/wp\/v2\/pages\/8244","targetHints":{"allow":["GET"]}}],"collection":[{"href":"https:\/\/egyptianwisdomcenter.org\/nl\/wp-json\/wp\/v2\/pages"}],"about":[{"href":"https:\/\/egyptianwisdomcenter.org\/nl\/wp-json\/wp\/v2\/types\/page"}],"author":[{"embeddable":true,"href":"https:\/\/egyptianwisdomcenter.org\/nl\/wp-json\/wp\/v2\/users\/3"}],"replies":[{"embeddable":true,"href":"https:\/\/egyptianwisdomcenter.org\/nl\/wp-json\/wp\/v2\/comments?post=8244"}],"version-history":[{"count":0,"href":"https:\/\/egyptianwisdomcenter.org\/nl\/wp-json\/wp\/v2\/pages\/8244\/revisions"}],"wp:attachment":[{"href":"https:\/\/egyptianwisdomcenter.org\/nl\/wp-json\/wp\/v2\/media?parent=8244"}],"curies":[{"name":"wp","href":"https:\/\/api.w.org\/{rel}","templated":true}]}}