{"id":61604,"date":"2023-01-05T09:30:18","date_gmt":"2023-01-05T14:30:18","guid":{"rendered":"https:\/\/egyptianwisdomcenter.org\/?post_type=product&#038;p=61604"},"modified":"2024-06-01T04:53:22","modified_gmt":"2024-06-01T08:53:22","slug":"cosmologie-egyptienne","status":"publish","type":"product","link":"https:\/\/egyptianwisdomcenter.org\/nl\/product\/cosmologie-egyptienne\/","title":{"rendered":"Cosmologie \u00c9gyptienne: L\u2019Univers Anim\u00e9 &#8211; Troisi\u00e8me \u00c9dition"},"content":{"rendered":"<p><strong>R\u00e9sum\u00e9 Complet<\/strong><\/p>\n<p>Cette \u00e9dition traduite en fran\u00e7ais examine la possibilit\u00e9 d&#8217;appliquer les concepts cosmologiques \u00e9gyptiens \u00e0 notre compr\u00e9hension moderne de la nature de l&#8217;univers, de la cr\u00e9ation, de la science, et de la philosophie. La cosmologie \u00e9gyptienne est humaniste, coh\u00e9rente, compl\u00e8te, constante, logique, analytique et rationnelle. D\u00e9couvrez le concept \u00e9gyptien de la matrice universelle d&#8217;\u00e9nergie et les r\u00e9cits du processus de cr\u00e9ation. Lisez pour en savoir plus au sujet de la num\u00e9rologie, des dualit\u00e9s, des trinit\u00e9s, etc., comment l&#8217;\u00eatre humain est relie \u00e0 l&#8217;univers, la conscience astronomique \u00e9gyptienne, le voyage terrestre, l&#8217;ascension de l&#8217;\u00e9chelle c\u00e9leste pour se r\u00e9unir \u00e0 la source, etc.<\/p>\n<p>Cet ouvrage est divis\u00e9 en cinq parties pour un total de 17 chapitres.<\/p>\n<p>La Partie I: Le monoth\u00e9isme mystique \u00e9gyptien comprend un chapitre.<\/p>\n<p>La Partie II: Les principes de cr\u00e9ation comprend les deux chapitres 2 et 3.<\/p>\n<p>La Partie III: Les codes num\u00e9riques de la cr\u00e9ation comprend dix chapitres, du 4 au 13.<\/p>\n<p>La Partie IV: Ici-bas comme l\u00e0-haut comprend les deux chapitres 14 et 15.<\/p>\n<p>La Partie V: Des mortels aux immortels comprend les deux chapitres 16 et 17.<\/p>","protected":false},"excerpt":{"rendered":"<p>par <a class=\"contributor-name\" translate=\"no\" href=\"https:\/\/egyptianwisdomcenter.org\/fr\/a-propos\/\" data-force-track=\"\" data-track-info=\"{&quot;description&quot;:&quot;authorSearch&quot;,&quot;author&quot;:&quot;Moustafa Gadalla&quot;}\">Moustafa Gadalla<\/a><\/p>\n<hr \/>\n<p>R\u00e9sum\u00e9<\/p>\n<p>Cette \u00e9dition traduite en fran\u00e7ais examine la possibilit\u00e9 d&#8217;appliquer les concepts cosmologiques \u00e9gyptiens \u00e0 notre compr\u00e9hension moderne de la nature de l&#8217;univers, de la cr\u00e9ation, de la science, et de la philosophie. La cosmologie \u00e9gyptienne est humaniste, coh\u00e9rente, compl\u00e8te, constante, logique, analytique et rationnelle. D\u00e9couvrez le concept \u00e9gyptien de la matrice universelle d&#8217;\u00e9nergie et les r\u00e9cits du processus de cr\u00e9ation. Lisez pour en savoir plus au sujet de la num\u00e9rologie, des dualit\u00e9s, des trinit\u00e9s, etc., comment l&#8217;\u00eatre humain est relie \u00e0 l&#8217;univers, la conscience astronomique \u00e9gyptienne, le voyage terrestre, l&#8217;ascension de l&#8217;\u00e9chelle c\u00e9leste pour se r\u00e9unir \u00e0 la source, etc.<\/p>\n<p><a href=\"https:\/\/egyptianwisdomcenter.org\/wp-content\/uploads\/2023\/01\/La-Cosmologie-Egyptienne.pdf\">Aper\u00e7u avant impression (PDF)<\/a><\/p>\n<hr \/>\n<p><center><br \/>\n<a class=\"button minimal\" href=\"https:\/\/books2read.com\/u\/31JYWn\" target=\"_blank\" rel=\"noopener\">VOIR LES OPTIONS D\u2019ACHAT<\/a><\/center><\/p>","protected":false},"featured_media":61605,"comment_status":"open","ping_status":"closed","template":"","meta":{"_monsterinsights_skip_tracking":false,"_monsterinsights_sitenote_active":false,"_monsterinsights_sitenote_note":"","_monsterinsights_sitenote_category":0},"product_brand":[],"product_cat":[98,102],"product_tag":[],"class_list":{"0":"post-61604","1":"product","2":"type-product","3":"status-publish","4":"has-post-thumbnail","6":"product_cat-edition-francaise","7":"product_cat-edition-francaise-2","9":"first","10":"instock","11":"shipping-taxable","12":"product-type-simple"},"aioseo_notices":[],"_links":{"self":[{"href":"https:\/\/egyptianwisdomcenter.org\/nl\/wp-json\/wp\/v2\/product\/61604","targetHints":{"allow":["GET"]}}],"collection":[{"href":"https:\/\/egyptianwisdomcenter.org\/nl\/wp-json\/wp\/v2\/product"}],"about":[{"href":"https:\/\/egyptianwisdomcenter.org\/nl\/wp-json\/wp\/v2\/types\/product"}],"replies":[{"embeddable":true,"href":"https:\/\/egyptianwisdomcenter.org\/nl\/wp-json\/wp\/v2\/comments?post=61604"}],"wp:featuredmedia":[{"embeddable":true,"href":"https:\/\/egyptianwisdomcenter.org\/nl\/wp-json\/wp\/v2\/media\/61605"}],"wp:attachment":[{"href":"https:\/\/egyptianwisdomcenter.org\/nl\/wp-json\/wp\/v2\/media?parent=61604"}],"wp:term":[{"taxonomy":"product_brand","embeddable":true,"href":"https:\/\/egyptianwisdomcenter.org\/nl\/wp-json\/wp\/v2\/product_brand?post=61604"},{"taxonomy":"product_cat","embeddable":true,"href":"https:\/\/egyptianwisdomcenter.org\/nl\/wp-json\/wp\/v2\/product_cat?post=61604"},{"taxonomy":"product_tag","embeddable":true,"href":"https:\/\/egyptianwisdomcenter.org\/nl\/wp-json\/wp\/v2\/product_tag?post=61604"}],"curies":[{"name":"wp","href":"https:\/\/api.w.org\/{rel}","templated":true}]}}