{"id":61790,"date":"2023-01-05T16:13:33","date_gmt":"2023-01-05T21:13:33","guid":{"rendered":"https:\/\/egyptianwisdomcenter.org\/?post_type=product&#038;p=61790"},"modified":"2024-06-01T04:57:57","modified_gmt":"2024-06-01T08:57:57","slug":"mystiques-egyptiens-chercheurs-de-la-voie","status":"publish","type":"product","link":"https:\/\/egyptianwisdomcenter.org\/nl\/product\/mystiques-egyptiens-chercheurs-de-la-voie\/","title":{"rendered":"Mystiques \u00c9gyptiens Chercheurs De La Voie"},"content":{"rendered":"<div id=\"synopsis\" class=\"item-synopsis\">\n<div class=\"collapsible-synopsis gizmo-collapsible-with-header show-teaser open\" data-kobo-gizmo=\"Collapsible.Synopsis\" data-kobo-gizmo-config=\"{ &quot;isOpen&quot;: {&quot;small&quot;: false, &quot;medium&quot;: false, &quot;large&quot;: false, &quot;jumbo&quot;: false}, &quot;name&quot;: &quot;AboutItem&quot;, &quot;toggleClass&quot; : &quot;toggle-button-hitbox&quot; }\" data-gid=\"g_19\">\n<div class=\"synopsis-description\" translate=\"no\">\n<p><strong>R\u00e9sum\u00e9 Complet<\/strong><\/p>\n<p>Ce livre est divis\u00e9 en quatre parties, pour un total de neuf chapitres et une annexe.<\/p>\n<p>La Partie I: Le tr\u00e9sor cach\u00e9 comprend deux chapitres:<\/p>\n<p>Le Chapitre 1: La mystique \u00e9gyptienne et le soufisme islamis\u00e9 abordera les diff\u00e9rences entre les voies dogmatique et mystique et pr\u00e9sentera l\u2019\u00c9gypte antique comme l\u2019origine du soufisme et de l\u2019alchimie.<\/p>\n<p>Le Chapitre 2: Le tr\u00e9sor int\u00e9rieur traitera des limites des organes du corps humain vou\u00e9s \u00e0 la perception, tout en expliquant comment trouver la r\u00e9alit\u00e9 malgr\u00e9 ces limites.<\/p>\n<p>La Partie II: La transformation de la poussi\u00e8re en or comprend les chapitres de 3 \u00e0 5:<\/p>\n<p>Le Chapitre 3: La Voie alchimiste pr\u00e9sentera l\u2019\u00c9gypte antique comme la source de l\u2019alchimie, la progression r\u00e9alis\u00e9e tout au long de la voie alchimiste, ainsi que le r\u00f4le jou\u00e9 par un guide dans ce processus.<\/p>\n<p>Le Chapitre 4: Le processus de purification exposera les purifications ext\u00e9rieures et int\u00e9rieures men\u00e9es durant notre existence sur terre.<\/p>\n<p>Le Chapitre 5: La voie des r\u00e9v\u00e9lations abordera les m\u00e9thodes qui permettent \u00e0 toute personne aspirant \u00e0 une vie mystique de trouver le savoir gr\u00e2ce \u00e0 des r\u00e9v\u00e9lations.<\/p>\n<p>La Partie III: Les f\u00eates publiques de visite comprend les trois chapitres de 6 \u00e0 8:<\/p>\n<p>Le Chapitre 6: Les f\u00eates du renouveau cyclique pr\u00e9sentera l\u2019importance d\u2019organiser des festivals annuels et d\u2019y participer.<\/p>\n<p>Le Chapitre 7: Les f\u00eates anim\u00e9es \u00e9gyptiennes (Mouleds) d\u00e9crira les principaux \u00e9l\u00e9ments d\u2019une f\u00eate traditionnelle.<\/p>\n<p>Le Chapitre 8: Les th\u00e8mes \u00e9gyptiens des festivit\u00e9s traditionnelles de Saint-Nicolas comparera les traditions de No\u00ebl li\u00e9es \u00e0 saint Nicolas et une f\u00eate typique d\u2019\u00c9gypte antique d\u2019un saint populaire.<\/p>\n<p>La Partie IV: Venez, venez tous comprend le chapitre 9.<\/p>\n<p>Le Chapitre 9: La formation de confr\u00e9ries pr\u00e9sente la structure g\u00e9n\u00e9rale et les pratiques n\u00e9cessaires pour former\/participer \u00e0 une confr\u00e9rie mystique.<\/p>\n<\/div>\n<\/div>\n<\/div>\n<div id=\"book-metadata-wrapper\" class=\"kobo-widget\">\n<section class=\"visible\">\n<div id=\"about-this-book-widget\"><\/div>\n<\/section>\n<\/div>","protected":false},"excerpt":{"rendered":"<p>par <a class=\"contributor-name\" translate=\"no\" href=\"https:\/\/egyptianwisdomcenter.org\/fr\/a-propos\/\" data-force-track=\"\" data-track-info=\"{&quot;description&quot;:&quot;authorSearch&quot;,&quot;author&quot;:&quot;Moustafa Gadalla&quot;}\">Moustafa Gadalla<\/a><\/p>\n<hr \/>\n<p><strong>R\u00e9sum\u00e9<\/strong><\/p>\n<p>Cette \u00e9dition traduite en fran\u00e7ais explique comment l\u2019ancienne \u00c9gypte est \u00e0 l\u2019origine de l\u2019alchimie et du Soufisme contemporain et comment les mystiques d\u2019\u00c9gypte camouflent leurs pratiques sous une mince couche d\u2019Islam. Le livre explique \u00e9galement la progression de la Voie mystique vers l\u2019illumination, avec une explication coh\u00e9rente de ses bases et de ses pratiques. Il montre la correspondance entre le calendrier de l\u2019ancienne \u00c9gypte marquant les \u00e9v\u00e9nements et les cycles cosmiques de l\u2019univers.<\/p>\n<p>&nbsp;<\/p>\n<hr \/>\n<p><center><br \/>\n<a class=\"button minimal\" href=\"https:\/\/books2read.com\/u\/mK2yeB\" target=\"_blank\" rel=\"noopener\">VOIR LES OPTIONS D\u2019ACHAT<\/a><\/center><\/p>\n<div id='wpsr-reviews-slider-68973' class='wpsr-reviews-68973  wpsr-reviews-wrapper wpsr-feed-wrap wpsr_content  wpsr-reviews-slider-wrapper   wpsr-reviews-template-grid2 wpsr-reviews-layout-slider wpsr-header-enable' data-column='4' data-platforms='amazon' data-slider_settings='{&quot;autoplay&quot;:&quot;false&quot;,&quot;autoplay_speed&quot;:3000,&quot;slides_to_show&quot;:3,&quot;spaceBetween&quot;:20,&quot;responsive_slides_to_show&quot;:{&quot;desktop&quot;:2,&quot;tablet&quot;:2,&quot;mobile&quot;:1},&quot;slides_to_scroll&quot;:3,&quot;responsive_slides_to_scroll&quot;:{&quot;desktop&quot;:5,&quot;tablet&quot;:2,&quot;mobile&quot;:1},&quot;navigation&quot;:&quot;dot&quot;}'>\n<div class=\"wpsr-container wpsr-fixed-height\" style=\"\" >\n<div class=\"wpsr-business-info-wrapper\">\n<div class=\"wpsr-row\">\n<div class=\"wpsr-business-info  amazon\">\n<div class=\"wpsr-business-info-left\">\n<div class=\"wpsr-business-info-paltforms\"><img decoding=\"async\" src=\"https:\/\/egyptianwisdomcenter.org\/wp-content\/plugins\/wp-social-reviews\/assets\/images\/icon\/icon-amazon.png\" alt=\"amazon\"><\/div>\n<div class=\"wpsr-rating-and-count\"><span class=\"wpsr-total-rating\">4.3<\/span><span class=\"wpsr-rating\"><\/p>\n<div class=\"wpsr-star-container wpsr-star-background-filled\" style=\"--wpsr-review-star-fill: 100%;\">\n<div class=\"wpsr-star-empty\"><\/div>\n<div class=\"wpsr-star-filled\"><\/div>\n<\/p><\/div>\n<div class=\"wpsr-star-container wpsr-star-background-filled\" style=\"--wpsr-review-star-fill: 100%;\">\n<div class=\"wpsr-star-empty\"><\/div>\n<div class=\"wpsr-star-filled\"><\/div>\n<\/p><\/div>\n<div class=\"wpsr-star-container wpsr-star-background-filled\" style=\"--wpsr-review-star-fill: 100%;\">\n<div class=\"wpsr-star-empty\"><\/div>\n<div class=\"wpsr-star-filled\"><\/div>\n<\/p><\/div>\n<div class=\"wpsr-star-container wpsr-star-background-filled\" style=\"--wpsr-review-star-fill: 100%;\">\n<div class=\"wpsr-star-empty\"><\/div>\n<div class=\"wpsr-star-filled\"><\/div>\n<\/p><\/div>\n<div class=\"wpsr-star-container wpsr-star-background-filled\" style=\"--wpsr-review-star-fill: 30%;\">\n<div class=\"wpsr-star-empty\"><\/div>\n<div class=\"wpsr-star-filled\"><\/div>\n<\/p><\/div>\n<p><\/span><\/p>\n<div class=\"wpsr-total-reviews\">Based on <span>14<\/span> Reviews<\/div>\n<\/div>\n<\/div>\n<div class=\"wpsr-business-info-right\">\n<div class=\"wpsr-write-review-modal-wrapper\"><\/div>\n<\/div>\n<\/div>\n<\/div>\n<\/div>\n<div class=\"wpsr-row\" style=\"\">\n<div class=\"wpsr-reviews-slider-wrapper-inner\">\n<div class=\"wpsr-reviews-slider swiper-container wpsr-ai-summary-enabled-slider\" tabindex=\"0\">\n<div class=\"swiper-wrapper\">\n<div class=\"swiper-slide\" role=\"group\">\n<div class=\"wpsr-review-template wpsr-review-template-two wpsr-review-template-amazon\"\n                 style=\"\"\n                 data-index=\"0\"\n                 data-source_id=\"B0728679KT\"\n                 data-media_id=\"\"\n                 data-review_platform=\"amazon\"\n                 data-product_thumbnail=\"\"\n                 data-product_name=\"\"\n                 data-image_resize=\"full\"\n            ><\/p>\n<div class=\"wpsr-review-platform\">\n                <img decoding=\"async\" class=\"wpsr-review-platform-icon\" width=\"20\" height=\"20\" src=\"https:\/\/egyptianwisdomcenter.org\/wp-content\/plugins\/wp-social-reviews\/assets\/images\/icon\/icon-amazon-small.png\" alt=\"amazon\">\n    <\/div>\n<div class=\"wpsr-reviewer-image\">\n    <a class=\"wpsr-reviewer-image-url\" target=\"_blank\" rel=\"noopener noreferrer nofollow\" href=\"https:\/\/www.amazon.fr\/Mystiques-%C3%89gyptiens-Chercheurs-Moustafa-Gadalla-ebook\/dp\/B0728679KT\"><br \/>\n                                    <img decoding=\"async\" class=\"wpsr-reviewer-avatar\" src=\"https:\/\/images-eu.ssl-images-amazon.com\/images\/S\/amazon-avatars-global\/default._CR0,0,1024,1024_SX48_.png\" alt=\"Kemia\"\/><br \/>\n                        <\/a>\n<\/div>\n<div class=\"wpsr-review-info\">\n                        <a class=\"wpsr-reviewer-name-url\" target=\"_blank\" rel=\"noopener noreferrer nofollow\" href=\"https:\/\/www.amazon.fr\/Mystiques-%C3%89gyptiens-Chercheurs-Moustafa-Gadalla-ebook\/dp\/B0728679KT\"><br \/>\n    <span class=\"wpsr-reviewer-name\">Kemia<\/span><br \/>\n    <\/a><\/p>\n<div data-rating=\"2\" class=\"wpsr-rating-wrapper wpsr-rating\">\n<div class=\"wpsr-star-container wpsr-star-background-filled\" style=\"--wpsr-review-star-fill: 100%;\">\n<div class=\"wpsr-star-empty\"><\/div>\n<div class=\"wpsr-star-filled\"><\/div>\n<\/p><\/div>\n<div class=\"wpsr-star-container wpsr-star-background-filled\" style=\"--wpsr-review-star-fill: 100%;\">\n<div class=\"wpsr-star-empty\"><\/div>\n<div class=\"wpsr-star-filled\"><\/div>\n<\/p><\/div>\n<div class=\"wpsr-star-container wpsr-star-background-empty\" style=\"--wpsr-review-star-fill: 0%;\">\n<div class=\"wpsr-star-empty\"><\/div>\n<div class=\"wpsr-star-filled\"><\/div>\n<\/p><\/div>\n<div class=\"wpsr-star-container wpsr-star-background-empty\" style=\"--wpsr-review-star-fill: 0%;\">\n<div class=\"wpsr-star-empty\"><\/div>\n<div class=\"wpsr-star-filled\"><\/div>\n<\/p><\/div>\n<div class=\"wpsr-star-container wpsr-star-background-empty\" style=\"--wpsr-review-star-fill: 0%;\">\n<div class=\"wpsr-star-empty\"><\/div>\n<div class=\"wpsr-star-filled\"><\/div>\n<\/p><\/div>\n<\/p><\/div>\n<p><span data-time=\"5 jaar geleden\" class=\"wpsr-review-date\"><br \/>\n     maart 10, 2021<\/span>                        <\/p><\/div>\n<div class=\"wpsr-reviews-content-footer\">\n<h3 class=\"wpsr-review-title\">\n    2,0 sur 5\u00a0\u00e9toiles                    A recommander en livre mais pas en audio<\/h3>\n<div class=\"wpsr-review-content\" tabindex=\"0\">\n<p class=\"wpsr_add_read_more wpsr_show_less_content\" data-num-words-trim=\"10\">Le livre est certainement bien,mais la lecture audio est nulle, la femme lit comme un robot sans les bonnes ponctuations et impossible de ce concentrer,j&#8217;ai pas pu \u00e9couter plus d&#8217;une demi-heure et c&#8217;est d\u00e9j\u00e0 beau! <\/p>\n<\/p><\/div>\n<\/p><\/div>\n<\/p><\/div>\n<\/p><\/div>\n<div class=\"swiper-slide\" role=\"group\">\n<div class=\"wpsr-review-template wpsr-review-template-two wpsr-review-template-amazon\"\n                 style=\"\"\n                 data-index=\"1\"\n                 data-source_id=\"B0728679KT\"\n                 data-media_id=\"\"\n                 data-review_platform=\"amazon\"\n                 data-product_thumbnail=\"\"\n                 data-product_name=\"\"\n                 data-image_resize=\"full\"\n            ><\/p>\n<div class=\"wpsr-review-platform\">\n                <img decoding=\"async\" class=\"wpsr-review-platform-icon\" width=\"20\" height=\"20\" src=\"https:\/\/egyptianwisdomcenter.org\/wp-content\/plugins\/wp-social-reviews\/assets\/images\/icon\/icon-amazon-small.png\" alt=\"amazon\">\n    <\/div>\n<div class=\"wpsr-reviewer-image\">\n    <a class=\"wpsr-reviewer-image-url\" target=\"_blank\" rel=\"noopener noreferrer nofollow\" href=\"https:\/\/www.amazon.fr\/Mystiques-%C3%89gyptiens-Chercheurs-Moustafa-Gadalla-ebook\/dp\/B0728679KT\"><br \/>\n                                    <img decoding=\"async\" class=\"wpsr-reviewer-avatar\" src=\"https:\/\/images-eu.ssl-images-amazon.com\/images\/S\/amazon-avatars-global\/default._CR0,0,1024,1024_SX48_.png\" alt=\"Quentin Labrousse\"\/><br \/>\n                        <\/a>\n<\/div>\n<div class=\"wpsr-review-info\">\n                        <a class=\"wpsr-reviewer-name-url\" target=\"_blank\" rel=\"noopener noreferrer nofollow\" href=\"https:\/\/www.amazon.fr\/Mystiques-%C3%89gyptiens-Chercheurs-Moustafa-Gadalla-ebook\/dp\/B0728679KT\"><br \/>\n    <span class=\"wpsr-reviewer-name\">Quentin Labrousse<\/span><br \/>\n    <\/a><\/p>\n<div data-rating=\"5\" class=\"wpsr-rating-wrapper wpsr-rating\">\n<div class=\"wpsr-star-container wpsr-star-background-filled\" style=\"--wpsr-review-star-fill: 100%;\">\n<div class=\"wpsr-star-empty\"><\/div>\n<div class=\"wpsr-star-filled\"><\/div>\n<\/p><\/div>\n<div class=\"wpsr-star-container wpsr-star-background-filled\" style=\"--wpsr-review-star-fill: 100%;\">\n<div class=\"wpsr-star-empty\"><\/div>\n<div class=\"wpsr-star-filled\"><\/div>\n<\/p><\/div>\n<div class=\"wpsr-star-container wpsr-star-background-filled\" style=\"--wpsr-review-star-fill: 100%;\">\n<div class=\"wpsr-star-empty\"><\/div>\n<div class=\"wpsr-star-filled\"><\/div>\n<\/p><\/div>\n<div class=\"wpsr-star-container wpsr-star-background-filled\" style=\"--wpsr-review-star-fill: 100%;\">\n<div class=\"wpsr-star-empty\"><\/div>\n<div class=\"wpsr-star-filled\"><\/div>\n<\/p><\/div>\n<div class=\"wpsr-star-container wpsr-star-background-filled\" style=\"--wpsr-review-star-fill: 100%;\">\n<div class=\"wpsr-star-empty\"><\/div>\n<div class=\"wpsr-star-filled\"><\/div>\n<\/p><\/div>\n<\/p><\/div>\n<p><span data-time=\"7 jaar geleden\" class=\"wpsr-review-date\"><br \/>\n     september 24, 2019<\/span>                        <\/p><\/div>\n<div class=\"wpsr-reviews-content-footer\">\n<h3 class=\"wpsr-review-title\">\n    5,0 sur 5\u00a0\u00e9toiles                    Tr\u00e8s bien merci beaucoup<\/h3>\n<div class=\"wpsr-review-content\" tabindex=\"0\">\n<p class=\"wpsr_add_read_more wpsr_show_less_content\" data-num-words-trim=\"10\">Tr\u00e8s bien merci beaucoup <\/p>\n<\/p><\/div>\n<\/p><\/div>\n<\/p><\/div>\n<\/p><\/div>\n<\/div>\n<\/div>\n<div class=\"wpsr-swiper-carousel-wrapper\">\n<div class=\"wpsr-swiper-pagination swiper-pagination\"><\/div>\n<\/div>\n<\/div>\n<\/div>\n<\/div>\n<\/div>","protected":false},"featured_media":61791,"comment_status":"open","ping_status":"closed","template":"","meta":[],"product_brand":[],"product_cat":[98,102],"product_tag":[],"class_list":{"0":"post-61790","1":"product","2":"type-product","3":"status-publish","4":"has-post-thumbnail","6":"product_cat-edition-francaise","7":"product_cat-edition-francaise-2","9":"first","10":"instock","11":"shipping-taxable","12":"product-type-simple"},"aioseo_notices":[],"_links":{"self":[{"href":"https:\/\/egyptianwisdomcenter.org\/nl\/wp-json\/wp\/v2\/product\/61790","targetHints":{"allow":["GET"]}}],"collection":[{"href":"https:\/\/egyptianwisdomcenter.org\/nl\/wp-json\/wp\/v2\/product"}],"about":[{"href":"https:\/\/egyptianwisdomcenter.org\/nl\/wp-json\/wp\/v2\/types\/product"}],"replies":[{"embeddable":true,"href":"https:\/\/egyptianwisdomcenter.org\/nl\/wp-json\/wp\/v2\/comments?post=61790"}],"wp:featuredmedia":[{"embeddable":true,"href":"https:\/\/egyptianwisdomcenter.org\/nl\/wp-json\/wp\/v2\/media\/61791"}],"wp:attachment":[{"href":"https:\/\/egyptianwisdomcenter.org\/nl\/wp-json\/wp\/v2\/media?parent=61790"}],"wp:term":[{"taxonomy":"product_brand","embeddable":true,"href":"https:\/\/egyptianwisdomcenter.org\/nl\/wp-json\/wp\/v2\/product_brand?post=61790"},{"taxonomy":"product_cat","embeddable":true,"href":"https:\/\/egyptianwisdomcenter.org\/nl\/wp-json\/wp\/v2\/product_cat?post=61790"},{"taxonomy":"product_tag","embeddable":true,"href":"https:\/\/egyptianwisdomcenter.org\/nl\/wp-json\/wp\/v2\/product_tag?post=61790"}],"curies":[{"name":"wp","href":"https:\/\/api.w.org\/{rel}","templated":true}]}}