{"id":62581,"date":"2023-01-09T16:20:14","date_gmt":"2023-01-09T21:20:14","guid":{"rendered":"https:\/\/egyptianwisdomcenter.org\/?post_type=product&#038;p=62581"},"modified":"2024-06-01T05:35:51","modified_gmt":"2024-06-01T09:35:51","slug":"le-radici-del-cristianesimo-nellantico-egitto","status":"publish","type":"product","link":"https:\/\/egyptianwisdomcenter.org\/nl\/product\/le-radici-del-cristianesimo-nellantico-egitto\/","title":{"rendered":"Le Radici Del Cristianesimo Nell\u2019Antico Egitto"},"content":{"rendered":"<p><strong>Descrizione Completa<\/strong><\/p>\n<p>Il libro rivela le radici del cristianesimo nell\u2019Antico Egitto sia dal punto di vista storico che spirituale. Dimostra che i racconti sul \u201cGes\u00f9 storico\u201d si basano interamente sulla vita e la morte del faraone egizio Tutankhamon; e che il \u201cCristo della fede\u201d e i principi cristiani sono tutti di origine egizia, quali l\u2019essenza degli insegnamenti\/messaggi e le feste religiose..<\/p>\n<p>Ci\u00f2 che oggi si definisce religione cristiana esisteva gi\u00e0 nell\u2019Antico Egitto molto tempo prima dell\u2019adozione del Nuovo Testamento. Scrisse l\u2019egittologo britannico E.A. Wallis Budge nel suo libro The Gods of the Egyptians (1969):<\/p>\n<p>\u201cLa nuova religione (cristianesimo) l\u00ec predicata da San Marco e dai suoi seguaci, ricorda molto, in tutti gli elementi essenziali, quel che era dell\u2019esito del culto di Osiride, Iside e Horus\u201d.<\/p>\n<p>Le somiglianze rilevate da Budge, e da tutti coloro che hanno confrontato l\u2019allegoria egizia di Osiride\/Iside\/Horus con gli episodi del Vangelo, sono impressionanti. I due racconti sono praticamente identici, includendo per esempio elementi quali l\u2019Immacolata Concezione, la nascita divina, le lotte contro il nemico nel deserto e la risurrezione dei morti alla vita eterna. La principale differenza tra le \u201cdue versioni\u201d risiede nel fatto che il racconto evangelico \u00e8 considerato storico, mentre il ciclo di Osiride\/Iside\/Horus \u00e8 un\u2019allegoria. Il messaggio spirituale dell\u2019allegoria di Osiride\/Iside\/Horus nell\u2019Antico Egitto e la rivelazione cristiana \u00e8 esattamente lo stesso. Cos\u00ec lo studioso britannico A.N. Wilson sottoline\u00f2 nel suo libro Jesus:<\/p>\n<p>\u201cIl Ges\u00f9 della storia e il Cristo della fede sono due esseri separati, con storie molto diverse. \u00c8 difficile ricostruire la prima, e nel tentativo siamo propensi a fare un danno irreparabile alla seconda\u201d.<\/p>\n<p>Questo libro dimostrer\u00e0 che il \u201cGes\u00f9 della storia\u201d, il \u201cGes\u00f9 della fede\u201d e i principi del cristianesimo hanno tutti origine nell\u2019Antico Egitto. E se ne parler\u00e0 senza causare alcun \u201cdanno irreparabile\u201d, cosa che preoccupava A.N. Wilson, per due principali motivi: in primo luogo, perch\u00e9 la verit\u00e0 deve essere detta. In secondo luogo, perch\u00e9 spiegare i principi cristiani basandosi sul loro contesto originale nell\u2019Antico Egitto, rafforzer\u00e0 l\u2019idealit\u00e0 del cristianesimo. Questo libro \u00e8 composto da due parti:<\/p>\n<p>La prima parte dimostra che i racconti sul \u201cGes\u00f9 della storia\u201d si basano interamente sulla vita e la morte del faraone egizio Twt\/Tut-Ankh-Amen.<\/p>\n<p>La seconda parte spiega che il \u201cGes\u00f9 della fede\u201d e i principi cristiani sono tutti di origine egizia \u2013 tanto l\u2019essenza degli insegnamenti\/del messaggio, quanto le feste religiose.<\/p>\n<p>C\u2019\u00e8 un\u2019innegabile ironia e una profonda, radicata e indiscutibile verit\u00e0 nella citazione del profeta Osea \u201cFuori dall\u2019Egitto ho chiamato mio Figlio\u201d. Un\u2019ironia davvero profonda.<\/p>\n<p>Apriamo le nostre menti e analizziamo le prove disponibili. Perch\u00e9 la verit\u00e0 \u00e8 un insieme dei pezzi diversi e complementari di un puzzle. Mettiamo questi pezzi nel corretto ordine, tempo e posizione.<\/p>","protected":false},"excerpt":{"rendered":"<p>di <a href=\"https:\/\/egyptianwisdomcenter.org\/it\/chi-siamo\/\">Moustafa Gadalla<\/a><\/p>\n<hr \/>\n<p><strong>Riepilogo<\/strong><\/p>\n<p>C&#8217;\u00e8 un&#8217;innegabile ironia e una profonda, radicata e indiscutibile verit\u00e0 nella citazione del profeta Osea &#8220;Fuori dall&#8217;Egitto ho chiamato mio Figlio&#8221;. Un&#8217;ironia davvero profonda.<\/p>\n<p>Il libro rivela le radici del cristianesimo nell&#8217;Antico Egitto sia dal punto di vista storico che spirituale. Dimostra che i racconti sul &#8220;Ges\u00f9 storico&#8221; si basano interamente sulla vita e la morte del faraone egizio Tutankhamon; e che il &#8220;Cristo della fede&#8221; e i principi cristiani sono tutti di origine egizia, quali l&#8217;essenza degli insegnamenti\/messaggi e le feste religiose..<\/p>\n<hr \/>\n<p><center><br \/>\n<a class=\"button minimal\" href=\"https:\/\/books2read.com\/u\/bWoPvY\" target=\"_blank\" rel=\"noopener\">Visualizza le opzioni di acquisto<\/a><\/center><center><\/center><center><\/p>\n<div id='wpsr-reviews-slider-69126' class='wpsr-reviews-69126  wpsr-reviews-wrapper wpsr-feed-wrap wpsr_content  wpsr-reviews-slider-wrapper   wpsr-reviews-template-grid2 wpsr-reviews-layout-slider wpsr-header-enable' data-column='4' data-platforms='amazon' data-slider_settings='{&quot;autoplay&quot;:&quot;false&quot;,&quot;autoplay_speed&quot;:3000,&quot;slides_to_show&quot;:3,&quot;spaceBetween&quot;:20,&quot;responsive_slides_to_show&quot;:{&quot;desktop&quot;:2,&quot;tablet&quot;:2,&quot;mobile&quot;:1},&quot;slides_to_scroll&quot;:3,&quot;responsive_slides_to_scroll&quot;:{&quot;desktop&quot;:5,&quot;tablet&quot;:2,&quot;mobile&quot;:1},&quot;navigation&quot;:&quot;dot&quot;}'>\n<div class=\"wpsr-container wpsr-fixed-height\" style=\"\" >\n<div class=\"wpsr-business-info-wrapper\">\n<div class=\"wpsr-row\">\n<div class=\"wpsr-business-info  amazon\">\n<div class=\"wpsr-business-info-left\">\n<div class=\"wpsr-business-info-paltforms\"><img decoding=\"async\" src=\"https:\/\/egyptianwisdomcenter.org\/wp-content\/plugins\/wp-social-reviews\/assets\/images\/icon\/icon-amazon.png\" alt=\"amazon\"><\/div>\n<div class=\"wpsr-rating-and-count\"><span class=\"wpsr-total-rating\">4.2<\/span><span class=\"wpsr-rating\"><\/p>\n<div class=\"wpsr-star-container wpsr-star-background-filled\" style=\"--wpsr-review-star-fill: 100%;\">\n<div class=\"wpsr-star-empty\"><\/div>\n<div class=\"wpsr-star-filled\"><\/div>\n<\/p><\/div>\n<div class=\"wpsr-star-container wpsr-star-background-filled\" style=\"--wpsr-review-star-fill: 100%;\">\n<div class=\"wpsr-star-empty\"><\/div>\n<div class=\"wpsr-star-filled\"><\/div>\n<\/p><\/div>\n<div class=\"wpsr-star-container wpsr-star-background-filled\" style=\"--wpsr-review-star-fill: 100%;\">\n<div class=\"wpsr-star-empty\"><\/div>\n<div class=\"wpsr-star-filled\"><\/div>\n<\/p><\/div>\n<div class=\"wpsr-star-container wpsr-star-background-filled\" style=\"--wpsr-review-star-fill: 100%;\">\n<div class=\"wpsr-star-empty\"><\/div>\n<div class=\"wpsr-star-filled\"><\/div>\n<\/p><\/div>\n<div class=\"wpsr-star-container wpsr-star-background-filled\" style=\"--wpsr-review-star-fill: 20%;\">\n<div class=\"wpsr-star-empty\"><\/div>\n<div class=\"wpsr-star-filled\"><\/div>\n<\/p><\/div>\n<p><\/span><\/p>\n<div class=\"wpsr-total-reviews\">Based on <span>11<\/span> Reviews<\/div>\n<\/div>\n<\/div>\n<div class=\"wpsr-business-info-right\">\n<div class=\"wpsr-write-review-modal-wrapper\"><\/div>\n<\/div>\n<\/div>\n<\/div>\n<\/div>\n<div class=\"wpsr-row\" style=\"\">\n<div class=\"wpsr-reviews-slider-wrapper-inner\">\n<div class=\"wpsr-reviews-slider swiper-container wpsr-ai-summary-enabled-slider\" tabindex=\"0\">\n<div class=\"swiper-wrapper\">\n<div class=\"swiper-slide\" role=\"group\">\n<div class=\"wpsr-review-template wpsr-review-template-two wpsr-review-template-amazon\"\n                 style=\"\"\n                 data-index=\"0\"\n                 data-source_id=\"1521910014\"\n                 data-media_id=\"\"\n                 data-review_platform=\"amazon\"\n                 data-product_thumbnail=\"\"\n                 data-product_name=\"\"\n                 data-image_resize=\"full\"\n            ><\/p>\n<div class=\"wpsr-review-platform\">\n                <img decoding=\"async\" class=\"wpsr-review-platform-icon\" width=\"20\" height=\"20\" src=\"https:\/\/egyptianwisdomcenter.org\/wp-content\/plugins\/wp-social-reviews\/assets\/images\/icon\/icon-amazon-small.png\" alt=\"amazon\">\n    <\/div>\n<div class=\"wpsr-reviewer-image\">\n    <a class=\"wpsr-reviewer-image-url\" target=\"_blank\" rel=\"noopener noreferrer nofollow\" href=\"https:\/\/www.amazon.com\/radici-cristianesimo-nellAntico-Egitto-Italian\/dp\/1521910014\"><br \/>\n                                    <img decoding=\"async\" class=\"wpsr-reviewer-avatar\" src=\"https:\/\/images-eu.ssl-images-amazon.com\/images\/S\/amazon-avatars-global\/default._CR0,0,1024,1024_SX48_.png\" alt=\"Terman\"\/><br \/>\n                        <\/a>\n<\/div>\n<div class=\"wpsr-review-info\">\n                        <a class=\"wpsr-reviewer-name-url\" target=\"_blank\" rel=\"noopener noreferrer nofollow\" href=\"https:\/\/www.amazon.com\/radici-cristianesimo-nellAntico-Egitto-Italian\/dp\/1521910014\"><br \/>\n    <span class=\"wpsr-reviewer-name\">Terman<\/span><br \/>\n    <\/a><\/p>\n<div data-rating=\"2\" class=\"wpsr-rating-wrapper wpsr-rating\">\n<div class=\"wpsr-star-container wpsr-star-background-filled\" style=\"--wpsr-review-star-fill: 100%;\">\n<div class=\"wpsr-star-empty\"><\/div>\n<div class=\"wpsr-star-filled\"><\/div>\n<\/p><\/div>\n<div class=\"wpsr-star-container wpsr-star-background-filled\" style=\"--wpsr-review-star-fill: 100%;\">\n<div class=\"wpsr-star-empty\"><\/div>\n<div class=\"wpsr-star-filled\"><\/div>\n<\/p><\/div>\n<div class=\"wpsr-star-container wpsr-star-background-empty\" style=\"--wpsr-review-star-fill: 0%;\">\n<div class=\"wpsr-star-empty\"><\/div>\n<div class=\"wpsr-star-filled\"><\/div>\n<\/p><\/div>\n<div class=\"wpsr-star-container wpsr-star-background-empty\" style=\"--wpsr-review-star-fill: 0%;\">\n<div class=\"wpsr-star-empty\"><\/div>\n<div class=\"wpsr-star-filled\"><\/div>\n<\/p><\/div>\n<div class=\"wpsr-star-container wpsr-star-background-empty\" style=\"--wpsr-review-star-fill: 0%;\">\n<div class=\"wpsr-star-empty\"><\/div>\n<div class=\"wpsr-star-filled\"><\/div>\n<\/p><\/div>\n<\/p><\/div>\n<p><span data-time=\"5 jaar geleden\" class=\"wpsr-review-date\"><br \/>\n     april 18, 2021<\/span>                        <\/p><\/div>\n<div class=\"wpsr-reviews-content-footer\">\n<h3 class=\"wpsr-review-title\">\n    Parzialmente interessante<\/h3>\n<div class=\"wpsr-review-content\" tabindex=\"0\">\n<p class=\"wpsr_add_read_more wpsr_show_less_content\" data-num-words-trim=\"10\">Devo scrivere due parole riguardo a questo volumetto. Il concetto pi\u00f9 importante, ma gi\u00e0 noto ad alcuni, che se ne deduce \u00e8 il collegamento delle origini del cristianesimo con la religione dell&#8217;antico Egitto (ma non scordiamo quello con le religioni mesopotamiche).  Accanto a questo sono per\u00f2 riportate varie informazioni senza alcun fondamento o del tutto errate. Tra le prime il tentativo di trovare una corrispondenza tra i personaggi della Sacra Famiglia e la coppia Akhenaton &#8211; Nefertiti con  il figlio Tutankhamon. Tra le seconde il fatto di attribuire la maternit\u00e0 di Tutankhamon a Nefertiti quando \u00e8 noto, da esami del DNA, che tale maternit\u00e0 spetta al personaggio soprannominato The Younger Lady ed identificato con Kiya, una moglie secondaria di Akhenaton.  Pi\u00f9 altre stranezze varie come riguardante la femmina dell&#8217;avvoltoio che viene fecondata dal vento, ma non voglio dilungarmi. <\/p>\n<\/p><\/div>\n<\/p><\/div>\n<\/p><\/div>\n<\/p><\/div>\n<div class=\"swiper-slide\" role=\"group\">\n<div class=\"wpsr-review-template wpsr-review-template-two wpsr-review-template-amazon\"\n                 style=\"\"\n                 data-index=\"1\"\n                 data-source_id=\"1521910014\"\n                 data-media_id=\"\"\n                 data-review_platform=\"amazon\"\n                 data-product_thumbnail=\"\"\n                 data-product_name=\"\"\n                 data-image_resize=\"full\"\n            ><\/p>\n<div class=\"wpsr-review-platform\">\n                <img decoding=\"async\" class=\"wpsr-review-platform-icon\" width=\"20\" height=\"20\" src=\"https:\/\/egyptianwisdomcenter.org\/wp-content\/plugins\/wp-social-reviews\/assets\/images\/icon\/icon-amazon-small.png\" alt=\"amazon\">\n    <\/div>\n<div class=\"wpsr-reviewer-image\">\n    <a class=\"wpsr-reviewer-image-url\" target=\"_blank\" rel=\"noopener noreferrer nofollow\" href=\"https:\/\/www.amazon.com\/radici-cristianesimo-nellAntico-Egitto-Italian\/dp\/1521910014\"><br \/>\n                                    <img decoding=\"async\" class=\"wpsr-reviewer-avatar\" src=\"https:\/\/images-eu.ssl-images-amazon.com\/images\/S\/amazon-avatars-global\/default._CR0,0,1024,1024_SX48_.png\" alt=\"Bibliotecantica\"\/><br \/>\n                        <\/a>\n<\/div>\n<div class=\"wpsr-review-info\">\n                        <a class=\"wpsr-reviewer-name-url\" target=\"_blank\" rel=\"noopener noreferrer nofollow\" href=\"https:\/\/www.amazon.com\/radici-cristianesimo-nellAntico-Egitto-Italian\/dp\/1521910014\"><br \/>\n    <span class=\"wpsr-reviewer-name\">Bibliotecantica<\/span><br \/>\n    <\/a><\/p>\n<div data-rating=\"4\" class=\"wpsr-rating-wrapper wpsr-rating\">\n<div class=\"wpsr-star-container wpsr-star-background-filled\" style=\"--wpsr-review-star-fill: 100%;\">\n<div class=\"wpsr-star-empty\"><\/div>\n<div class=\"wpsr-star-filled\"><\/div>\n<\/p><\/div>\n<div class=\"wpsr-star-container wpsr-star-background-filled\" style=\"--wpsr-review-star-fill: 100%;\">\n<div class=\"wpsr-star-empty\"><\/div>\n<div class=\"wpsr-star-filled\"><\/div>\n<\/p><\/div>\n<div class=\"wpsr-star-container wpsr-star-background-filled\" style=\"--wpsr-review-star-fill: 100%;\">\n<div class=\"wpsr-star-empty\"><\/div>\n<div class=\"wpsr-star-filled\"><\/div>\n<\/p><\/div>\n<div class=\"wpsr-star-container wpsr-star-background-filled\" style=\"--wpsr-review-star-fill: 100%;\">\n<div class=\"wpsr-star-empty\"><\/div>\n<div class=\"wpsr-star-filled\"><\/div>\n<\/p><\/div>\n<div class=\"wpsr-star-container wpsr-star-background-empty\" style=\"--wpsr-review-star-fill: 0%;\">\n<div class=\"wpsr-star-empty\"><\/div>\n<div class=\"wpsr-star-filled\"><\/div>\n<\/p><\/div>\n<\/p><\/div>\n<p><span data-time=\"6 jaar geleden\" class=\"wpsr-review-date\"><br \/>\n     mei 29, 2020<\/span>                        <\/p><\/div>\n<div class=\"wpsr-reviews-content-footer\">\n<h3 class=\"wpsr-review-title\">\n    Interessante<\/h3>\n<div class=\"wpsr-review-content\" tabindex=\"0\">\n<p class=\"wpsr_add_read_more wpsr_show_less_content\" data-num-words-trim=\"10\">Mi \u00e8 piaciuto, ho preso altri testi dello stesso autore <\/p>\n<\/p><\/div>\n<\/p><\/div>\n<\/p><\/div>\n<\/p><\/div>\n<\/div>\n<\/div>\n<div class=\"wpsr-swiper-carousel-wrapper\">\n<div class=\"wpsr-swiper-pagination swiper-pagination\"><\/div>\n<\/div>\n<\/div>\n<\/div>\n<\/div>\n<\/div>\n<p><\/center><\/p>","protected":false},"featured_media":62582,"comment_status":"open","ping_status":"closed","template":"","meta":[],"product_brand":[],"product_cat":[107,106],"product_tag":[],"class_list":{"0":"post-62581","1":"product","2":"type-product","3":"status-publish","4":"has-post-thumbnail","6":"product_cat-edizione-italiana","7":"product_cat-italiano","9":"first","10":"instock","11":"shipping-taxable","12":"product-type-simple"},"aioseo_notices":[],"_links":{"self":[{"href":"https:\/\/egyptianwisdomcenter.org\/nl\/wp-json\/wp\/v2\/product\/62581","targetHints":{"allow":["GET"]}}],"collection":[{"href":"https:\/\/egyptianwisdomcenter.org\/nl\/wp-json\/wp\/v2\/product"}],"about":[{"href":"https:\/\/egyptianwisdomcenter.org\/nl\/wp-json\/wp\/v2\/types\/product"}],"replies":[{"embeddable":true,"href":"https:\/\/egyptianwisdomcenter.org\/nl\/wp-json\/wp\/v2\/comments?post=62581"}],"wp:featuredmedia":[{"embeddable":true,"href":"https:\/\/egyptianwisdomcenter.org\/nl\/wp-json\/wp\/v2\/media\/62582"}],"wp:attachment":[{"href":"https:\/\/egyptianwisdomcenter.org\/nl\/wp-json\/wp\/v2\/media?parent=62581"}],"wp:term":[{"taxonomy":"product_brand","embeddable":true,"href":"https:\/\/egyptianwisdomcenter.org\/nl\/wp-json\/wp\/v2\/product_brand?post=62581"},{"taxonomy":"product_cat","embeddable":true,"href":"https:\/\/egyptianwisdomcenter.org\/nl\/wp-json\/wp\/v2\/product_cat?post=62581"},{"taxonomy":"product_tag","embeddable":true,"href":"https:\/\/egyptianwisdomcenter.org\/nl\/wp-json\/wp\/v2\/product_tag?post=62581"}],"curies":[{"name":"wp","href":"https:\/\/api.w.org\/{rel}","templated":true}]}}