{"id":103,"date":"2018-10-29T00:00:00","date_gmt":"2018-10-29T04:00:00","guid":{"rendered":"http:\/\/egyptianwisdomcenter.org\/the-social-and-political-system\/"},"modified":"2019-02-24T16:10:44","modified_gmt":"2019-02-24T21:10:44","slug":"the-social-and-political-system","status":"publish","type":"page","link":"https:\/\/egyptianwisdomcenter.org\/pt\/o-sistema-social-e-politico-2\/","title":{"rendered":"O Sistema Social e Pol\u00edtico"},"content":{"rendered":"<h2>O Sistema Social e Pol\u00edtico<\/h2>\n<ul>\n<li><a href=\"https:\/\/egyptianwisdomcenter.org\/pt\/isis-a-sede-da-legitimidade-2\/\">\u00cdsis: a sede da legitimidade<\/a><\/li>\n<li><a href=\"https:\/\/egyptianwisdomcenter.org\/pt\/sociedade-matriarcal-matrilinear-2\/\">Sociedade Matrilinear\/Matriarcal<\/a><\/li>\n<li><a href=\"https:\/\/egyptianwisdomcenter.org\/pt\/o-papel-do-farao-o-mestre-servo\/\">O Papel do Fara\u00f3 \u2013 O Servo Mestre<\/a><\/li>\n<li><a href=\"https:\/\/egyptianwisdomcenter.org\/pt\/o-sistema-de-administracao-de-supervisao-dupla-2\/\">O sistema duplo de supervis\u00e3o\/administra\u00e7\u00e3o<\/a><\/li>\n<li><a href=\"https:\/\/egyptianwisdomcenter.org\/pt\/a-sociedade-metafisica-fisica-2\/\">A Sociedade F\u00edsica\/Metaf\u00edsica<\/a><\/li>\n<li><a href=\"https:\/\/egyptianwisdomcenter.org\/pt\/os-festivais-de-renovacao-ciclica-2\/\">Os Festivais de Renova\u00e7\u00e3o C\u00edclica<\/a><\/li>\n<\/ul>","protected":false},"excerpt":{"rendered":"<p>The Social and Political System Isis: The Seat of Legitimacy Matrilineal\/Matriarchal Society The Pharaoh&#8217;s Role &#8211; The Master Servant The Dual Overseeing\/Administration [&hellip;]<\/p>","protected":false},"author":3,"featured_media":0,"parent":0,"menu_order":0,"comment_status":"closed","ping_status":"closed","template":"","meta":{"footnotes":""},"class_list":["post-103","page","type-page","status-publish","hentry"],"aioseo_notices":[],"_links":{"self":[{"href":"https:\/\/egyptianwisdomcenter.org\/pt\/wp-json\/wp\/v2\/pages\/103","targetHints":{"allow":["GET"]}}],"collection":[{"href":"https:\/\/egyptianwisdomcenter.org\/pt\/wp-json\/wp\/v2\/pages"}],"about":[{"href":"https:\/\/egyptianwisdomcenter.org\/pt\/wp-json\/wp\/v2\/types\/page"}],"author":[{"embeddable":true,"href":"https:\/\/egyptianwisdomcenter.org\/pt\/wp-json\/wp\/v2\/users\/3"}],"replies":[{"embeddable":true,"href":"https:\/\/egyptianwisdomcenter.org\/pt\/wp-json\/wp\/v2\/comments?post=103"}],"version-history":[{"count":0,"href":"https:\/\/egyptianwisdomcenter.org\/pt\/wp-json\/wp\/v2\/pages\/103\/revisions"}],"wp:attachment":[{"href":"https:\/\/egyptianwisdomcenter.org\/pt\/wp-json\/wp\/v2\/media?parent=103"}],"curies":[{"name":"wp","href":"https:\/\/api.w.org\/{rel}","templated":true}]}}