{"id":104,"date":"2018-10-29T00:00:00","date_gmt":"2018-10-29T04:00:00","guid":{"rendered":"http:\/\/egyptianwisdomcenter.org\/egyptian-architecture-function-and-form-sacred-geometryetc\/"},"modified":"2023-02-14T20:09:40","modified_gmt":"2023-02-15T01:09:40","slug":"egyptian-architecture-function-and-form-sacred-geometryetc","status":"publish","type":"page","link":"https:\/\/egyptianwisdomcenter.org\/pt\/a-arquitetura-egipcia-funciona-e-forma-a-geometria-sagrada-etc\/","title":{"rendered":"Arquitetura Eg\u00edpcia [Fun\u00e7\u00e3o e Forma, Geometria Sagrada, etc]"},"content":{"rendered":"<h2>Arquitetura Eg\u00edpcia [Fun\u00e7\u00e3o e Forma, Geometria Sagrada, etc.]<\/h2>\n<ul>\n<li style=\"list-style-type: none;\">\n<ul>\n<li><a href=\"https:\/\/egyptianwisdomcenter.org\/pt\/o-objetivo-da-funcao-do-templo-2\/\">A Fun\u00e7\u00e3o\/Objetivo do Templo<\/a><\/li>\n<li><a href=\"https:\/\/egyptianwisdomcenter.org\/pt\/os-parametros-de-projeto-harmonico-2\/\">Os par\u00e2metros de projeto harm\u00f4nico<\/a><\/li>\n<li><a href=\"https:\/\/egyptianwisdomcenter.org\/pt\/a-proporcao-cosmica-da-figura-humana-2\/\">A propor\u00e7\u00e3o c\u00f3smica da figura humana<\/a><\/li>\n<li><a href=\"https:\/\/egyptianwisdomcenter.org\/pt\/o-design-do-canal-do-funil-metafisico-2\/\">O projeto do condu\u00edte do funil metaf\u00edsico<\/a><\/li>\n<li><a href=\"https:\/\/egyptianwisdomcenter.org\/pt\/fluxo-de-energia-e-conectividade-em-obras-egipcias-2\/\">Fluxo de energia e conectividade em obras eg\u00edpcias<\/a><\/li>\n<li><a href=\"https:\/\/egyptianwisdomcenter.org\/pt\/portas-falsas-o-limiar-metafisico-fisico-2\/\">\u201cPortas Falsas\u201d \u2013 O Limiar F\u00edsico Metaf\u00edsico<\/a><\/li>\n<li><a href=\"https:\/\/egyptianwisdomcenter.org\/pt\/ornamentacao-estilistica-e-decoracao-2\/\">Ornamenta\u00e7\u00e3o Estil\u00edstica e Decora\u00e7\u00e3o<\/a><\/li>\n<li><a href=\"https:\/\/egyptianwisdomcenter.org\/pt\/poder-da-piramide-2\/\">Poder da Pir\u00e2mide<\/a><\/li>\n<li><a href=\"https:\/\/egyptianwisdomcenter.org\/pt\/a-falha-teoria-da-construcao-comum-das-piramides-2\/\">A falha \u201cTeoria da Constru\u00e7\u00e3o Comum\u201d das Pir\u00e2mides<\/a><\/li>\n<li><a href=\"https:\/\/egyptianwisdomcenter.org\/pt\/os-blocos-de-concreto-sintetico-das-piramides-2\/\">Os blocos de concreto sint\u00e9tico das pir\u00e2mides<\/a><\/li>\n<li><a href=\"https:\/\/egyptianwisdomcenter.org\/pt\/quadratura-do-circulo\/\">Quadratura do C\u00edrculo<\/a><\/li>\n<li><a href=\"https:\/\/egyptianwisdomcenter.org\/pt\/geometria-sagrada-2\/\">Geometria sagrada<\/a><\/li>\n<\/ul>\n<\/li>\n<\/ul>","protected":false},"excerpt":{"rendered":"<p>Egyptian Architecture [Function and Form, Sacred Geometry, etc.] The Function\/Objective of the Temple The Harmonic Design Parameters The Cosmic Proportion of the [&hellip;]<\/p>","protected":false},"author":3,"featured_media":0,"parent":0,"menu_order":0,"comment_status":"closed","ping_status":"closed","template":"","meta":{"footnotes":""},"class_list":["post-104","page","type-page","status-publish","hentry"],"aioseo_notices":[],"_links":{"self":[{"href":"https:\/\/egyptianwisdomcenter.org\/pt\/wp-json\/wp\/v2\/pages\/104","targetHints":{"allow":["GET"]}}],"collection":[{"href":"https:\/\/egyptianwisdomcenter.org\/pt\/wp-json\/wp\/v2\/pages"}],"about":[{"href":"https:\/\/egyptianwisdomcenter.org\/pt\/wp-json\/wp\/v2\/types\/page"}],"author":[{"embeddable":true,"href":"https:\/\/egyptianwisdomcenter.org\/pt\/wp-json\/wp\/v2\/users\/3"}],"replies":[{"embeddable":true,"href":"https:\/\/egyptianwisdomcenter.org\/pt\/wp-json\/wp\/v2\/comments?post=104"}],"version-history":[{"count":0,"href":"https:\/\/egyptianwisdomcenter.org\/pt\/wp-json\/wp\/v2\/pages\/104\/revisions"}],"wp:attachment":[{"href":"https:\/\/egyptianwisdomcenter.org\/pt\/wp-json\/wp\/v2\/media?parent=104"}],"curies":[{"name":"wp","href":"https:\/\/api.w.org\/{rel}","templated":true}]}}