{"id":105,"date":"2018-10-29T00:00:00","date_gmt":"2018-10-29T04:00:00","guid":{"rendered":"http:\/\/egyptianwisdomcenter.org\/egyptian-ideograms-pictorial-representations-and-meanings\/"},"modified":"2023-10-20T10:28:13","modified_gmt":"2023-10-20T14:28:13","slug":"egyptian-ideograms-pictorial-representations-and-meanings","status":"publish","type":"page","link":"https:\/\/egyptianwisdomcenter.org\/pt\/ideogramas-egipcios-representacoes-pictoricas-e-significados\/","title":{"rendered":"Ideogramas Eg\u00edpcios [Representa\u00e7\u00f5es Pict\u00f3ricas e Significados]"},"content":{"rendered":"<h2>Ideogramas Eg\u00edpcios [Representa\u00e7\u00f5es Pict\u00f3ricas e Significados]<\/h2>\n<ul>\n<li><a href=\"https:\/\/egyptianwisdomcenter.org\/pt\/os-modos-de-imagens-e-escrita-alfabetica-2\/\">Os modos de imagens e escrita alfab\u00e9tica<\/a><\/li>\n<li><a href=\"https:\/\/egyptianwisdomcenter.org\/pt\/imagens-linguagem-da-mente-consciencia-divina-2\/\">Imagens: Linguagem da Mente\/Consci\u00eancia\/Divino<\/a><\/li>\n<li><a href=\"https:\/\/egyptianwisdomcenter.org\/pt\/o-roteiro-de-imagens-metafisicas-pictoricas-egipcias-2\/\">As Imagens\/Escrita Metaf\u00edsica Pict\u00f3rica Eg\u00edpcia<\/a><\/li>\n<li><a href=\"https:\/\/egyptianwisdomcenter.org\/pt\/os-tres-papeis-de-cada-imagem-hieroglifica-egipcia-2\/\">As tr\u00eas fun\u00e7\u00f5es de cada imagem hierogl\u00edfica eg\u00edpcia<\/a><\/li>\n<li><a href=\"https:\/\/egyptianwisdomcenter.org\/pt\/uma-visao-geral-da-formacao-egipcia-de-ideogramas-2\/\">Uma Vis\u00e3o Geral da Forma\u00e7\u00e3o Eg\u00edpcia de Ideogramas<\/a><\/li>\n<\/ul>","protected":false},"excerpt":{"rendered":"<p>Egyptian Ideograms [Pictorial Representations and Meanings] The Imagery and Alphabetical Writing Modes Images: Language of the Mind\/Consciousness\/Divine The Egyptian Pictorial Metaphysical Images\/Script [&hellip;]<\/p>","protected":false},"author":3,"featured_media":0,"parent":0,"menu_order":0,"comment_status":"closed","ping_status":"closed","template":"","meta":{"footnotes":""},"class_list":["post-105","page","type-page","status-publish","hentry"],"aioseo_notices":[],"_links":{"self":[{"href":"https:\/\/egyptianwisdomcenter.org\/pt\/wp-json\/wp\/v2\/pages\/105","targetHints":{"allow":["GET"]}}],"collection":[{"href":"https:\/\/egyptianwisdomcenter.org\/pt\/wp-json\/wp\/v2\/pages"}],"about":[{"href":"https:\/\/egyptianwisdomcenter.org\/pt\/wp-json\/wp\/v2\/types\/page"}],"author":[{"embeddable":true,"href":"https:\/\/egyptianwisdomcenter.org\/pt\/wp-json\/wp\/v2\/users\/3"}],"replies":[{"embeddable":true,"href":"https:\/\/egyptianwisdomcenter.org\/pt\/wp-json\/wp\/v2\/comments?post=105"}],"version-history":[{"count":1,"href":"https:\/\/egyptianwisdomcenter.org\/pt\/wp-json\/wp\/v2\/pages\/105\/revisions"}],"predecessor-version":[{"id":68343,"href":"https:\/\/egyptianwisdomcenter.org\/pt\/wp-json\/wp\/v2\/pages\/105\/revisions\/68343"}],"wp:attachment":[{"href":"https:\/\/egyptianwisdomcenter.org\/pt\/wp-json\/wp\/v2\/media?parent=105"}],"curies":[{"name":"wp","href":"https:\/\/api.w.org\/{rel}","templated":true}]}}