{"id":120,"date":"2018-10-30T00:00:00","date_gmt":"2018-10-30T04:00:00","guid":{"rendered":"http:\/\/egyptianwisdomcenter.org\/the-two-lands\/"},"modified":"2023-01-02T01:13:50","modified_gmt":"2023-01-02T06:13:50","slug":"the-two-lands-2","status":"publish","type":"page","link":"https:\/\/egyptianwisdomcenter.org\/pt\/the-two-lands-2\/","title":{"rendered":"As Duas Terras"},"content":{"rendered":"<h2 style=\"text-align: center;\"><span style=\"color: #ff0000;\"><strong>As Duas Terras<\/strong><\/span><\/h2>\n<p>&nbsp;<\/p>\n<p>O Fara\u00f3 Eg\u00edpcio sempre foi referido como o Senhor das Duas Terras. A academia ocidental afirmou arrogantemente que as Duas Terras s\u00e3o literal e geograficamente o Alto e o Baixo Egito. N\u00e3o h\u00e1 uma \u00fanica refer\u00eancia ao Antigo Egito que confirme sua no\u00e7\u00e3o, ou mesmo que defina uma fronteira entre o Alto e o Baixo Egito.<\/p>\n<p>Nos templos do Antigo Egito, voc\u00ea encontrar\u00e1 in\u00fameras representa\u00e7\u00f5es simb\u00f3licas relacionadas \u00e0 cerim\u00f4nia de Uni\u00e3o das Duas Terras, onde dois neteru s\u00e3o mostrados amarrando o papiro e as plantas de l\u00f3tus. Nenhuma das plantas \u00e9 nativa de qualquer \u00e1rea espec\u00edfica do Egito. A representa\u00e7\u00e3o mais comum mostra os g\u00eameos neteru Hapi (uma imagem espelhada um do outro); cada um unissex, com um seio.<\/p>\n<p><a href=\"http:\/\/egyptianwisdomcenter.org\/wp-content\/uploads\/2019\/02\/ec3-41.jpg\"><img decoding=\"async\" class=\"wp-image-832 aligncenter\" src=\"http:\/\/egyptianwisdomcenter.org\/wp-content\/uploads\/2019\/02\/ec3-41.jpg\" alt=\"\" width=\"169\" height=\"170\" \/><\/a><\/p>\n<p>O termo Duas Terras \u00e9 muito familiar aos eg\u00edpcios Baladi, que se referem a ele no seu dia a dia. \u00c9 sua forte cren\u00e7a que existem Duas Terras \u2013 aquela em que todos vivemos e outra onde vivem os nossos g\u00eameos id\u00eanticos (do sexo oposto). Os g\u00eameos est\u00e3o sujeitos \u00e0s mesmas experi\u00eancias desde a data do nascimento at\u00e9 a data da morte.<\/p>\n<p>Voc\u00ea e seu g\u00eameo \u201csiam\u00eas\u201d, que \u201caparentemente\u201d se separaram no nascimento, se reunir\u00e3o novamente no momento da morte. Os recenseadores eg\u00edpcios Baladi descrevem, nas suas lamenta\u00e7\u00f5es ap\u00f3s a morte de uma pessoa, como o falecido est\u00e1 a ser preparado para se juntar ao seu hom\u00f3logo (do sexo oposto) COMO SE fosse uma cerim\u00f3nia de casamento. Isto \u00e9 uma reminisc\u00eancia das muitas ilustra\u00e7\u00f5es simb\u00f3licas no Antigo Egito sobre o n\u00f3 das Duas Terras. Casar \u00e9 dar o n\u00f3. [Mais sobre este conceito pode ser encontrado em <span style=\"color: #ff0000;\"><strong>Cosmologia Eg\u00edpcia: O Universo Animado, Terceira Edi\u00e7\u00e3o por Moustafa Gadalla<\/strong><\/span> ]<\/p>\n<p>&nbsp;<\/p>\n<p><strong><span style=\"color: #ff0000;\">[Um trecho de\u00a0<\/span><\/strong><strong>Antigo Eg\u00edpcio: Cultura Revelada, Segunda Edi\u00e7\u00e3o<span style=\"color: #ff0000;\"> por Moustafa Gadalla]<br \/>\n<a href=\"https:\/\/egyptianwisdomcenter.org\/pt\/produto\/cultura-egipcia-antiga-revelada-segunda-edicao\/\"><span style=\"color: #0000ff;\">https:\/\/egyptianwisdomcenter.org\/product\/a-cultura-do-antigo-egito-revelada\/<\/span><\/a><br \/>\n<\/span><\/strong><\/p>\n<p><img decoding=\"async\" class=\"aligncenter\" src=\"https:\/\/egyptianwisdomcenter.org\/wp-content\/uploads\/2023\/01\/a-cultura-do-antigo-egito-revelada-1.jpg\" \/><\/p>\n<div dir=\"auto\" style=\"text-align: center;\"><a href=\"https:\/\/egyptianwisdomcenter.org\/pt\/produto\/cultura-egipcia-antiga-revelada-segunda-edicao\/\"><span style=\"color: #0000ff;\"><strong>https:\/\/egyptianwisdomcenter.org\/product\/a-cultura-do-antigo-egito-revelada\/<\/strong><\/span><\/a><\/div>\n<p>&nbsp;<\/p>\n<p><strong><span style=\"color: #ff0000;\">Cosmologia Eg\u00edpcia: O Universo Animado, Terceira Edi\u00e7\u00e3o<\/span> por Moustafa Gadalla<\/strong><br \/>\n<a href=\"https:\/\/egyptianwisdomcenter.org\/pt\/produto\/egyptian-cosmology-the-animated-universe-third-edition\/\"><span style=\"color: #0000ff;\"><strong>https:\/\/egyptianwisdomcenter.org\/product\/a-cosmologia-egipcia\/<\/strong><\/span><\/a><\/p>\n<p><img decoding=\"async\" class=\"aligncenter\" src=\"https:\/\/egyptianwisdomcenter.org\/wp-content\/uploads\/2023\/01\/a-cosmologia-egipcia.jpg\" \/><\/p>\n<div dir=\"auto\">\n<p style=\"text-align: center;\"><a href=\"https:\/\/egyptianwisdomcenter.org\/pt\/produto\/egyptian-cosmology-the-animated-universe-third-edition\/\"><span style=\"color: #0000ff;\"><strong>https:\/\/egyptianwisdomcenter.org\/product\/a-cosmologia-egipcia\/<\/strong><\/span><\/a><\/p>\n<\/div>","protected":false},"excerpt":{"rendered":"<p>The Two Lands &nbsp; The Egyptian Pharaoh was always referred to as the Lord of the Two Lands. Western academia cavalierly stated [&hellip;]<\/p>","protected":false},"author":3,"featured_media":0,"parent":0,"menu_order":0,"comment_status":"closed","ping_status":"closed","template":"","meta":{"footnotes":""},"class_list":["post-120","page","type-page","status-publish","hentry"],"aioseo_notices":[],"_links":{"self":[{"href":"https:\/\/egyptianwisdomcenter.org\/pt\/wp-json\/wp\/v2\/pages\/120","targetHints":{"allow":["GET"]}}],"collection":[{"href":"https:\/\/egyptianwisdomcenter.org\/pt\/wp-json\/wp\/v2\/pages"}],"about":[{"href":"https:\/\/egyptianwisdomcenter.org\/pt\/wp-json\/wp\/v2\/types\/page"}],"author":[{"embeddable":true,"href":"https:\/\/egyptianwisdomcenter.org\/pt\/wp-json\/wp\/v2\/users\/3"}],"replies":[{"embeddable":true,"href":"https:\/\/egyptianwisdomcenter.org\/pt\/wp-json\/wp\/v2\/comments?post=120"}],"version-history":[{"count":0,"href":"https:\/\/egyptianwisdomcenter.org\/pt\/wp-json\/wp\/v2\/pages\/120\/revisions"}],"wp:attachment":[{"href":"https:\/\/egyptianwisdomcenter.org\/pt\/wp-json\/wp\/v2\/media?parent=120"}],"curies":[{"name":"wp","href":"https:\/\/api.w.org\/{rel}","templated":true}]}}