{"id":1206,"date":"2019-03-01T12:47:48","date_gmt":"2019-03-01T17:47:48","guid":{"rendered":"http:\/\/egyptianwisdomcenter.org\/logica-y-formas-de-representacion-animal\/"},"modified":"2023-01-08T06:30:54","modified_gmt":"2023-01-08T11:30:54","slug":"logica-y-formas-de-representacion-animal","status":"publish","type":"page","link":"https:\/\/egyptianwisdomcenter.org\/pt\/logica-y-formas-de-representacion-animal\/","title":{"rendered":"L\u00f3gica y formas de representaci\u00f3n animal"},"content":{"rendered":"<h2 style=\"text-align: center;\"><span style=\"color: #ff0000;\"><strong>L\u00f3gica y formas de representaci\u00f3n animal<\/strong><\/span><\/h2>\n<p>&nbsp;<\/p>\n<p>Las cuidadosas observaciones de los egipcios y el profundo conocimiento del mundo natural les permitieron identificar ciertos animales con cualidades espec\u00edficas que podr\u00edan simbolizar ciertas funciones y principios divinos de una manera particularmente pura y llamativa. Como tal, ciertos animales fueron elegidos como s\u00edmbolos para estos aspectos particulares de la divinidad.<\/p>\n<p>Cuando dices que alguien es leal, la palabra &#8220;leal&#8221; es tan vaga. Pero si dices &#8216; leal como un perro &#8216;, no dejas ninguna duda sobre tu intenci\u00f3n. Este es el poder de la analog\u00eda animal.<\/p>\n<p>El neteru animal o animal-dirigido (dioses, diosas) era expresiones simb\u00f3licas de una comprensi\u00f3n espiritual profunda. Cuando un animal total se presenta en el antiguo Egipto, representa una funci\u00f3n\/atributo particular en su forma m\u00e1s pura. Cuando se presenta una figura de cabeza de animal, transmite esa funci\u00f3n\/atributo particular en el ser humano. Las dos formas de Anubis, en las dos ilustraciones que se muestran aqu\u00ed, distinguen claramente estos dos aspectos.<\/p>\n<p><img decoding=\"async\" class=\"aligncenter\" src=\"https:\/\/pressbooks.com\/app\/uploads\/sites\/42617\/2018\/03\/aecr-ch3-3.jpg\" \/><\/p>\n<p>Esta tercera forma es lo opuesto al ser humano con cabeza de animal. En este caso, tenemos un p\u00e1jaro de cabeza humana \u2014 que es el ba \u2014 representando el cuerpo\/alma flotando sobre el cuerpo.<\/p>\n<p><a href=\"https:\/\/es.egyptianwisdomcenter.org\/wp-content\/uploads\/\/2019\/02\/ba.png\"><img decoding=\"async\" class=\"wp-image-360 aligncenter\" src=\"https:\/\/es.egyptianwisdomcenter.org\/wp-content\/uploads\/\/2019\/02\/ba.png\" alt=\"\" width=\"184\" height=\"106\" \/><\/a><\/p>\n<p>La representaci\u00f3n del BA, entonces, es el aspecto divino de lo terrestre. El ba es representado como una cig\u00fce\u00f1a. La cig\u00fce\u00f1a es conocida por su instinto migratorio y de homing, y tambi\u00e9n es conocida mundialmente como el p\u00e1jaro que transporta reci\u00e9n nacidos a sus nuevas familias. La cig\u00fce\u00f1a regresa a su propio nido con una precisi\u00f3n consistente, por lo tanto, es un p\u00e1jaro migratorio es la elecci\u00f3n perfecta para representar el alma.<\/p>\n<p>&nbsp;<\/p>\n<p><span style=\"color: #ff0000;\"><strong>[M\u00e1s ejemplos de simbolismo animal se encuentran en Egyptian Divinities: The All Who Are THE ONE, 2nd ed.<\/strong><\/span><span style=\"color: #ff0000;\"><strong><em>, <\/em>por Moustafa Gadalla.]<\/strong><\/span><\/p>\n<div dir=\"auto\">\n<p><span style=\"color: #ff0000;\"><strong><a href=\"https:\/\/egyptianwisdomcenter.org\/pt\/produto\/divindades-egipcias-todos-os-que-sao-a-unica-2a-edicao\/\"><span style=\"color: #0000ff;\">https:\/\/egyptianwisdomcenter.org\/product\/egyptian-divinities-the-all-who-are-the-one-2nd-edition\/<\/span><\/a><br \/>\n<\/strong><\/span><\/p>\n<p><img decoding=\"async\" class=\"aligncenter\" src=\"https:\/\/books2read-prod.s3.amazonaws.com\/CACHE\/images\/ubl_book_images\/book_display_image_qOuT56H\/40d95446cc17340ec7b02939eaa44c10\" \/><\/p>\n<p style=\"text-align: center;\"><a href=\"https:\/\/egyptianwisdomcenter.org\/pt\/produto\/divindades-egipcias-todos-os-que-sao-a-unica-2a-edicao\/\"><strong><span style=\"color: #ff0000;\"><span style=\"color: #0000ff;\">https:\/\/egyptianwisdomcenter.org\/product\/egyptian-divinities-the-all-who-are-the-one-2nd-edition\/<\/span><\/span><\/strong><\/a><\/p>\n<\/div>","protected":false},"excerpt":{"rendered":"<p>L\u00f3gica y formas de representaci\u00f3n animal &nbsp; Las cuidadosas observaciones de los egipcios y el profundo conocimiento del mundo natural les permitieron [&hellip;]<\/p>","protected":false},"author":3,"featured_media":0,"parent":0,"menu_order":0,"comment_status":"closed","ping_status":"closed","template":"","meta":{"footnotes":""},"class_list":["post-1206","page","type-page","status-publish","hentry"],"aioseo_notices":[],"_links":{"self":[{"href":"https:\/\/egyptianwisdomcenter.org\/pt\/wp-json\/wp\/v2\/pages\/1206","targetHints":{"allow":["GET"]}}],"collection":[{"href":"https:\/\/egyptianwisdomcenter.org\/pt\/wp-json\/wp\/v2\/pages"}],"about":[{"href":"https:\/\/egyptianwisdomcenter.org\/pt\/wp-json\/wp\/v2\/types\/page"}],"author":[{"embeddable":true,"href":"https:\/\/egyptianwisdomcenter.org\/pt\/wp-json\/wp\/v2\/users\/3"}],"replies":[{"embeddable":true,"href":"https:\/\/egyptianwisdomcenter.org\/pt\/wp-json\/wp\/v2\/comments?post=1206"}],"version-history":[{"count":0,"href":"https:\/\/egyptianwisdomcenter.org\/pt\/wp-json\/wp\/v2\/pages\/1206\/revisions"}],"wp:attachment":[{"href":"https:\/\/egyptianwisdomcenter.org\/pt\/wp-json\/wp\/v2\/media?parent=1206"}],"curies":[{"name":"wp","href":"https:\/\/api.w.org\/{rel}","templated":true}]}}