{"id":122,"date":"2018-10-30T00:00:00","date_gmt":"2018-10-30T04:00:00","guid":{"rendered":"http:\/\/egyptianwisdomcenter.org\/ancient-egyptian-settlements-throughout-the-world\/"},"modified":"2023-01-02T01:15:20","modified_gmt":"2023-01-02T06:15:20","slug":"ancient-egyptian-settlements-throughout-the-world-2","status":"publish","type":"page","link":"https:\/\/egyptianwisdomcenter.org\/pt\/ancient-egyptian-settlements-throughout-the-world-2\/","title":{"rendered":"Antigos assentamentos eg\u00edpcios em todo o mundo"},"content":{"rendered":"<h2 style=\"text-align: center;\"><span style=\"color: #ff0000;\"><strong>Antigos assentamentos eg\u00edpcios em todo o mundo<\/strong><\/span><\/h2>\n<p>&nbsp;<\/p>\n<p>O Egito era o pa\u00eds mais dominante, populoso e famoso do mundo antigo, como afirmado por Diodoro, <em>Livro eu<\/em>, [31, 6-9]:<\/p>\n<p style=\"padding-left: 30px;\"><strong><em><span style=\"text-decoration: underline;\">Em densidade populacional, o Egito ultrapassou em muito todas as regi\u00f5es conhecidas do mundo habitado, e mesmo em nossos dias \u00e9 considerado inigual\u00e1vel.<\/span> . . .<\/em><\/strong><br \/>\n<strong><em>. . A popula\u00e7\u00e3o total, dizem eles, era antigamente de cerca de sete milh\u00f5es e o n\u00famero n\u00e3o diminuiu at\u00e9 os nossos dias.<\/em><\/strong><\/p>\n<p>Her\u00f3doto afirmou que existiam 20.000 cidades populosas no Egito durante o reinado de Amasis. Diodoro relatou que havia 18.000 grandes aldeias e cidades e afirmou que, sob Ptolomeu Lagus, somavam mais de 30.000 pessoas. Josefo estimou a popula\u00e7\u00e3o. durante o reinado de Vespasiano, em 7,5 milh\u00f5es no vale do Nilo, al\u00e9m da popula\u00e7\u00e3o de Alexandria (que era de cerca de 800.000).<\/p>\n<p>Superficialmente, o Antigo Egito parece isolado e distinto do resto do mundo; isolado pelos desertos que circundam o estreito vale do Nilo. No entanto, os eg\u00edpcios estavam em constante contacto com outros pa\u00edses. Escritores cl\u00e1ssicos como Plutarco, Her\u00f3doto e Diodoro contaram como o Antigo Egito tinha col\u00f4nias pac\u00edficas em todo o mundo. Diodoro da Sic\u00edlia, <em>Livro eu<\/em>, [29, 5], afirma:<\/p>\n<p style=\"padding-left: 30px;\"><strong><em>Em geral, os eg\u00edpcios dizem que os seus antepassados enviaram numerosas col\u00f3nias a muitas partes do mundo habitado, devido \u00e0 preemin\u00eancia dos seus antigos reis e \u00e0 sua excessiva popula\u00e7\u00e3o;<\/em><\/strong><\/p>\n<p>Diodoro, <em>Livro eu<\/em>, [28, 1-4], tamb\u00e9m fala de algumas col\u00f4nias eg\u00edpcias pac\u00edficas que lhe foram relatadas na \u00c1sia e na Europa:<\/p>\n<p style=\"padding-left: 30px;\"><strong><em>. . . <span style=\"text-decoration: underline;\">um grande n\u00famero de col\u00f4nias foram espalhadas do Egito por todo o mundo habitado<\/span>. Para a Babil\u00f4nia, por exemplo, os colonos foram liderados por Belus, que era considerado filho de Poseidon e da L\u00edbia. . . . .<\/em><\/strong><br \/>\n<strong><em>. . . . . Dizem tamb\u00e9m que aqueles que partiram com Danaus, da mesma forma <span style=\"text-decoration: underline;\">do Egito, instalou-se naquela que \u00e9 praticamente a cidade mais antiga da Gr\u00e9cia, Argos<\/span>, e que a na\u00e7\u00e3o dos Colchi no Ponto e a dos judeus, que fica entre a Ar\u00e1bia e a S\u00edria, foram fundadas como col\u00f4nias por certos emigrantes de seu pa\u00eds. . . . .<\/em><\/strong><\/p>\n<p>Os colonos eg\u00edpcios na \u00c1sia e na Europa, em virtude da sua emin\u00eancia, desempenharam um papel importante no pa\u00eds dos seus novos assentamentos. Diodoro, <em>Livro eu<\/em>, [28,6-7], discute o papel significativo dos colonos eg\u00edpcios como governantes dessas novas col\u00f4nias:<\/p>\n<p style=\"padding-left: 30px;\"><strong><em>Al\u00e9m disso, dizem que alguns dos governantes de Atenas eram originalmente eg\u00edpcios. Petes, [chamado Peteus na Il\u00edada 2. 552.], por exemplo, o pai daquele Menesteu que participou da expedi\u00e7\u00e3o contra Tr\u00f3ia, tendo sido claramente um eg\u00edpcio, mais tarde obteve a cidadania em Atenas e a realeza.<\/em><\/strong><\/p>\n<p>Diodoro, <em>Livro eu<\/em>, [29, 1-5], tamb\u00e9m afirma:<\/p>\n<p style=\"padding-left: 30px;\"><strong><em>Da mesma forma, eles continuam, <span style=\"text-decoration: underline;\">Erecteu tamb\u00e9m, que era eg\u00edpcio de nascimento, tornou-se rei de Atenas<\/span>. . . . Erecteu, atrav\u00e9s de sua liga\u00e7\u00e3o racial com o Egito, trouxe de l\u00e1 para Atenas um grande suprimento de gr\u00e3os e, em troca, aqueles que haviam desfrutado dessa ajuda fizeram de seu rei benfeitor.<span style=\"text-decoration: underline;\"> Depois de assegurar o trono, ele instituiu os ritos de inicia\u00e7\u00e3o de Dem\u00e9ter em El\u00eausis e estabeleceu os mist\u00e9rios, transferindo seu ritual do Egito. . . . . E os seus sacrif\u00edcios, bem como as suas antigas cerim\u00f3nias, s\u00e3o observados pelos atenienses da mesma forma que pelos eg\u00edpcios.<\/span>. . . . .<\/em><\/strong><br \/>\n<strong><em>. . . . . encarregado das cerim\u00f4nias religiosas mais importantes da \u00c1tica; os pastophoroi eram aqueles sacerdotes eg\u00edpcios que carregavam em prociss\u00f5es pequenos santu\u00e1rios dos deuses. Eles tamb\u00e9m s\u00e3o os \u00fanicos gregos que juram por \u00cdsis e se parecem muito com os eg\u00edpcios, tanto na apar\u00eancia quanto nos modos.<\/em><\/strong><\/p>\n<p>Her\u00f3doto [500 aC] afirmou que veio de Halicarnasso, uma cidade d\u00f3rica. Ele afirmou claramente a conex\u00e3o entre os d\u00f3rios e o Egito em <em>As Hist\u00f3rias, Livro 6<\/em>, [Se\u00e7\u00f5es 53-55]:<\/p>\n<p style=\"padding-left: 30px;\"><strong><em>[53] . . . if one were to trace back, generation by generation, the lineage of Dana\u00eb the daughter of Acrisius, the chiefs of the Dorians would turn out to be true-born Egyptians.<\/em><\/strong><\/p>\n<p style=\"padding-left: 30px;\"><strong><em>[55] J\u00e1 foi dito o suficiente sobre tudo isso. Outros explicaram como e atrav\u00e9s de quais conquistas eles se tornaram reis sobre os d\u00f3rios, apesar de serem eg\u00edpcios, e por isso n\u00e3o vou entrar nisso. Vou registrar coisas que outros n\u00e3o captaram.<\/em><\/strong><\/p>\n<p>Her\u00f3doto, em [55] acima, afirmou que tal fato era de conhecimento comum em sua \u00e9poca [500 aC] e n\u00e3o precisava de elabora\u00e7\u00e3o. Outras conex\u00f5es entre os d\u00f3rios e os eg\u00edpcios foram mencionadas diversas vezes por Her\u00f3doto, como em <em>As Hist\u00f3rias, Livro 2<\/em>, [Se\u00e7\u00e3o 91].<\/p>\n<p>Por \u00faltimo, deve-se notar que os registros eg\u00edpcios antigos (assim como registros em outras \u00e1reas) possuem in\u00fameros nomes de lugares no mundo que n\u00e3o s\u00e3o reconhec\u00edveis em nossa \u00e9poca. Nomes de lugares, grupos \u00e9tnicos e pa\u00edses continuam mudando. Os nomes dos pa\u00edses europeus de h\u00e1 apenas 100 anos, por exemplo, s\u00e3o irreconhec\u00edveis para a maioria dos europeus de hoje. Eventualmente, quando estes registos desaparecerem daqui a alguns s\u00e9culos, os nomes desses pa\u00edses ficar\u00e3o totalmente irreconhec\u00edveis.<\/p>\n<p>Em v\u00e1rios locais do mundo, h\u00e1 refer\u00eancias a pessoas bronzeadas\/de pele morena que forneceram esclarecimento a regi\u00f5es de todo o mundo. Eles s\u00e3o descritos como:<\/p>\n<ol>\n<li>De origem e caracter\u00edsticas \u201corientais\u201d.<\/li>\n<li>Pessoas n\u00e3o belicosas que se estabeleceram pacificamente entre a popula\u00e7\u00e3o local.<\/li>\n<li>Altamente avan\u00e7ado em metalurgia e fabricou grandes quantidades de produtos met\u00e1licos.<\/li>\n<li>Altamente organizado e muito talentoso em gest\u00e3o.<\/li>\n<li>Altamente avan\u00e7ado em agricultura em tempo seco, irriga\u00e7\u00e3o, etc.<\/li>\n<li>Construtores e artes\u00e3os experientes que constru\u00edram tumbas megal\u00edticas, etc.<\/li>\n<li>Pessoas muito religiosas que tinham cren\u00e7as animistas.<\/li>\n<\/ol>\n<p>As descri\u00e7\u00f5es acima s\u00f3 podem ser aplicadas a um pa\u00eds \u2013 o Egito. Ao combinar tradi\u00e7\u00f5es orais, etno-hist\u00f3ria e evid\u00eancias arqueol\u00f3gicas (datando grandes assentamentos, tumbas, atividades de minera\u00e7\u00e3o, etc.) de todos os povos da Bacia do Mediterr\u00e2neo, pode-se ver que os rec\u00e9m-chegados civilizados s\u00f3 poderiam ter vindo do Vale do Nilo.<\/p>\n<p>A imigra\u00e7\u00e3o do Egito ocorreu em v\u00e1rias ondas. Estava intimamente relacionado com eventos no Antigo Egito. Alguns partiram em tempos pr\u00f3speros para buscar contatos comerciais. A maioria saiu em momentos estressantes.<\/p>\n<p>&nbsp;<\/p>\n<p><strong><span style=\"color: #ff0000;\">[Um trecho de <\/span>Antigo Eg\u00edpcio: Cultura Revelada, Segunda Edi\u00e7\u00e3o por Moustafa Gadalla<span style=\"color: #ff0000;\">]<br \/>\n<a href=\"https:\/\/egyptianwisdomcenter.org\/pt\/produto\/cultura-egipcia-antiga-revelada-segunda-edicao\/\"><span style=\"color: #0000ff;\">https:\/\/egyptianwisdomcenter.org\/product\/a-cultura-do-antigo-egito-revelada\/<\/span><\/a><\/span><\/strong><\/p>\n<p style=\"text-align: center;\"><img decoding=\"async\" class=\"aligncenter\" src=\"https:\/\/egyptianwisdomcenter.org\/wp-content\/uploads\/2023\/01\/a-cultura-do-antigo-egito-revelada-1.jpg\" \/><\/p>\n<p style=\"text-align: center;\"><a href=\"https:\/\/egyptianwisdomcenter.org\/pt\/produto\/cultura-egipcia-antiga-revelada-segunda-edicao\/\"><strong><span style=\"color: #ff0000;\"><span style=\"color: #0000ff;\">https:\/\/egyptianwisdomcenter.org\/product\/a-cultura-do-antigo-egito-revelada\/<\/span><\/span><\/strong><\/a><\/p>\n<hr \/>\n<p><strong><span style=\"color: #000000;\">Romani Eg\u00edpcio: A Ess\u00eancia da Hisp\u00e2nia, 2\u00aa Edi\u00e7\u00e3o por Moustafa Gadalla<\/span><\/strong><br \/>\n<a href=\"https:\/\/egyptianwisdomcenter.org\/pt\/produto\/egyptian-romany-the-essence-of-hispania-2nd-edition\/\"><span style=\"color: #0000ff;\"><strong>https:\/\/egyptianwisdomcenter.org\/product\/egyptian-romany-the-essence-of-hispania-2nd-edition\/<\/strong><\/span><\/a><\/p>\n<p><img decoding=\"async\" class=\"aligncenter\" src=\"https:\/\/books2read-prod.s3.amazonaws.com\/CACHE\/images\/ubl_book_images\/book_display_image_qaPDJrL\/0f50e50083bd15df18e00383d25e0605\" \/><\/p>\n<div dir=\"auto\">\n<div dir=\"auto\">\n<p style=\"text-align: center;\"><a href=\"https:\/\/egyptianwisdomcenter.org\/pt\/produto\/egyptian-romany-the-essence-of-hispania-2nd-edition\/\"><span style=\"color: #0000ff;\"><strong>https:\/\/egyptianwisdomcenter.org\/product\/egyptian-romany-the-essence-of-hispania-2nd-edition\/<\/strong><\/span><\/a><\/p>\n<\/div>\n<\/div>","protected":false},"excerpt":{"rendered":"<p>Ancient Egyptian Settlements Throughout The World &nbsp; Egypt was the most dominant, populous, and famed country in the ancient world, as affirmed [&hellip;]<\/p>","protected":false},"author":3,"featured_media":0,"parent":0,"menu_order":0,"comment_status":"closed","ping_status":"closed","template":"","meta":{"footnotes":""},"class_list":["post-122","page","type-page","status-publish","hentry"],"aioseo_notices":[],"_links":{"self":[{"href":"https:\/\/egyptianwisdomcenter.org\/pt\/wp-json\/wp\/v2\/pages\/122","targetHints":{"allow":["GET"]}}],"collection":[{"href":"https:\/\/egyptianwisdomcenter.org\/pt\/wp-json\/wp\/v2\/pages"}],"about":[{"href":"https:\/\/egyptianwisdomcenter.org\/pt\/wp-json\/wp\/v2\/types\/page"}],"author":[{"embeddable":true,"href":"https:\/\/egyptianwisdomcenter.org\/pt\/wp-json\/wp\/v2\/users\/3"}],"replies":[{"embeddable":true,"href":"https:\/\/egyptianwisdomcenter.org\/pt\/wp-json\/wp\/v2\/comments?post=122"}],"version-history":[{"count":0,"href":"https:\/\/egyptianwisdomcenter.org\/pt\/wp-json\/wp\/v2\/pages\/122\/revisions"}],"wp:attachment":[{"href":"https:\/\/egyptianwisdomcenter.org\/pt\/wp-json\/wp\/v2\/media?parent=122"}],"curies":[{"name":"wp","href":"https:\/\/api.w.org\/{rel}","templated":true}]}}