{"id":124,"date":"2018-10-30T00:00:00","date_gmt":"2018-10-30T04:00:00","guid":{"rendered":"http:\/\/egyptianwisdomcenter.org\/isis-the-seat-of-legitimacy\/"},"modified":"2023-01-03T00:54:25","modified_gmt":"2023-01-03T05:54:25","slug":"isis-the-seat-of-legitimacy-2","status":"publish","type":"page","link":"https:\/\/egyptianwisdomcenter.org\/pt\/isis-a-sede-da-legitimidade-2\/","title":{"rendered":"\u00cdsis: a sede da legitimidade"},"content":{"rendered":"<h2 style=\"text-align: center;\"><span style=\"color: #ff0000;\">\u00cdsis: a sede da legitimidade<\/span><\/h2>\n<p>&nbsp;<\/p>\n<p>No Antigo Egito, assim como em todos os pa\u00edses atuais, o assento\/trono\/cadeira simboliza legitimidade\/autoridade. A principal cidade de um condado \u00e9 chamada de \u201csede do condado\u201d. O t\u00edtulo do chefe dos chefes \u00e9 denominado \u201c<b>Cadeira<\/b>homem do Conselho\u201d. Esta \u00e9 uma das in\u00fameras influ\u00eancias do Antigo Egito no mundo, passado e presente.<\/p>\n<p><img decoding=\"async\" class=\"aligncenter\" src=\"http:\/\/egyptianwisdomcenter.org\/wp-content\/uploads\/2019\/02\/isis-ch1-72c-1.jpg\" \/><\/p>\n<p>No Egipto, contudo, a import\u00e2ncia de \u00cdsis como assento\/autoridade\/legitimidade foi a base para a adop\u00e7\u00e3o do princ\u00edpio matrilinear\/matriarcal pelo Egipto na sua sociedade.<\/p>\n<p>Ao longo da hist\u00f3ria eg\u00edpcia, foi a rainha quem transmitiu o sangue solar. A rainha era a verdadeira soberana, propriet\u00e1ria de terras, guardi\u00e3 da realeza e guardi\u00e3 da pureza da linhagem. O homem que se casou com a princesa eg\u00edpcia mais velha reivindicou o direito ao trono. Atrav\u00e9s do casamento, ela transmitiu a coroa ao marido - ele atuou apenas como seu agente executivo. Esta lei social\/pol\u00edtica foi incorporada na Hist\u00f3ria Modelo Eg\u00edpcia, atrav\u00e9s da qual Os\u00edris se tornou o primeiro Fara\u00f3 do Egito, como resultado de seu casamento com \u00cdsis. Os fara\u00f3s, assim como os l\u00edderes das localidades menores, aderiram a este sistema. Se o Fara\u00f3\/l\u00edder n\u00e3o tivesse filhas, uma dinastia terminava e uma nova dinastia come\u00e7ava, com uma nova mulher reverenciada como nova semente para uma nova dinastia. As pr\u00e1ticas matrilineares tamb\u00e9m se aplicavam a toda a sociedade, como fica evidente nas estelas funer\u00e1rias de todos os tipos de pessoas, onde \u00e9 costume tra\u00e7ar a descend\u00eancia do falecido por parte da m\u00e3e e n\u00e3o por parte do pai. A m\u00e3e da pessoa \u00e9 especificada, mas n\u00e3o o pai, ou ele \u00e9 mencionado apenas incidentalmente. Esta tradi\u00e7\u00e3o ainda perdura secretamente entre os\u00a0<i>Baladi<\/i>\u00a0Eg\u00edpcios.<\/p>\n<p><a href=\"https:\/\/egypt-tehuti.org\/wp-admin\/post.php?post=13748&amp;action=edit&amp;lang=en&amp;classic-editor\" target=\"_blank\" rel=\"noopener\">Moustafa Gadalla<\/a><\/p>\n<hr \/>\n<p><center><\/center><span style=\"color: #ff0000;\"><b>Para informa\u00e7\u00f5es adicionais, leia: <\/b><\/span><strong>\u00cdsis: A Mulher Divina de Moustafa Gadalla<\/strong><span style=\"color: #ff0000;\"><strong>]<br \/>\n<a href=\"https:\/\/egyptianwisdomcenter.org\/pt\/produto\/isis-a-femea-divina\/\"><span style=\"color: #0000ff;\">https:\/\/egyptianwisdomcenter.org\/product\/isis-o-divino-feminino\/<\/span><\/a><br \/>\n<\/strong><\/span><\/p>\n<p><img decoding=\"async\" class=\"aligncenter\" src=\"https:\/\/egyptianwisdomcenter.org\/wp-content\/uploads\/2023\/01\/isis-o-divino-feminino-4.jpg\" \/><\/p>\n<div dir=\"auto\">\n<p style=\"text-align: center;\"><a href=\"https:\/\/egyptianwisdomcenter.org\/pt\/produto\/isis-a-femea-divina\/\"><span style=\"color: #ff0000;\"><strong><span style=\"color: #0000ff;\">https:\/\/egyptianwisdomcenter.org\/product\/isis-o-divino-feminino\/<\/span><\/strong><\/span><\/a><\/p>\n<\/div>\n<p>&nbsp;<\/p>\n<p><strong><span style=\"color: #ff0000;\">Cosmologia Eg\u00edpcia: O Universo Animado, Terceira Edi\u00e7\u00e3o por Moustafa Gadalla<\/span><\/strong><br \/>\n<a href=\"https:\/\/egyptianwisdomcenter.org\/pt\/produto\/egyptian-cosmology-the-animated-universe-third-edition\/\"><span style=\"color: #0000ff;\"><strong>https:\/\/egyptianwisdomcenter.org\/product\/a-cosmologia-egipcia\/<\/strong><\/span><\/a><\/p>\n<p><img decoding=\"async\" class=\"aligncenter\" src=\"https:\/\/egyptianwisdomcenter.org\/wp-content\/uploads\/2023\/01\/a-cosmologia-egipcia.jpg\" \/><\/p>\n<div dir=\"auto\">\n<div dir=\"auto\" style=\"text-align: center;\"><a href=\"https:\/\/egyptianwisdomcenter.org\/pt\/produto\/egyptian-cosmology-the-animated-universe-third-edition\/\"><span style=\"color: #0000ff;\"><strong>https:\/\/egyptianwisdomcenter.org\/product\/a-cosmologia-egipcia\/<\/strong><\/span><\/a><\/div>\n<\/div>","protected":false},"excerpt":{"rendered":"<p>Isis: The Seat Of Legitimacy &nbsp; In Ancient Egypt, as well as in all countries nowadays, the seat\/throne\/chair symbolizes legitimacy\/authority. The principle [&hellip;]<\/p>","protected":false},"author":3,"featured_media":0,"parent":0,"menu_order":0,"comment_status":"closed","ping_status":"closed","template":"","meta":{"footnotes":""},"class_list":["post-124","page","type-page","status-publish","hentry"],"aioseo_notices":[],"_links":{"self":[{"href":"https:\/\/egyptianwisdomcenter.org\/pt\/wp-json\/wp\/v2\/pages\/124","targetHints":{"allow":["GET"]}}],"collection":[{"href":"https:\/\/egyptianwisdomcenter.org\/pt\/wp-json\/wp\/v2\/pages"}],"about":[{"href":"https:\/\/egyptianwisdomcenter.org\/pt\/wp-json\/wp\/v2\/types\/page"}],"author":[{"embeddable":true,"href":"https:\/\/egyptianwisdomcenter.org\/pt\/wp-json\/wp\/v2\/users\/3"}],"replies":[{"embeddable":true,"href":"https:\/\/egyptianwisdomcenter.org\/pt\/wp-json\/wp\/v2\/comments?post=124"}],"version-history":[{"count":0,"href":"https:\/\/egyptianwisdomcenter.org\/pt\/wp-json\/wp\/v2\/pages\/124\/revisions"}],"wp:attachment":[{"href":"https:\/\/egyptianwisdomcenter.org\/pt\/wp-json\/wp\/v2\/media?parent=124"}],"curies":[{"name":"wp","href":"https:\/\/api.w.org\/{rel}","templated":true}]}}