{"id":127,"date":"2018-10-30T00:00:00","date_gmt":"2018-10-30T04:00:00","guid":{"rendered":"http:\/\/egyptianwisdomcenter.org\/matrilineal-matriarchal-society\/"},"modified":"2023-01-03T00:56:05","modified_gmt":"2023-01-03T05:56:05","slug":"matrilineal-matriarchal-society-2","status":"publish","type":"page","link":"https:\/\/egyptianwisdomcenter.org\/pt\/sociedade-matriarcal-matrilinear-2\/","title":{"rendered":"Sociedade Matrilinear\/Matriarcal"},"content":{"rendered":"<h2 style=\"text-align: center;\"><span style=\"color: #ff0000;\"><strong>Sociedade Matrilinear\/Matriarcal<\/strong><\/span><\/h2>\n<p>&nbsp;<\/p>\n<p>Her\u00f3doto, em 500 a.C., declarou: \u201cDe todas as na\u00e7\u00f5es do mundo, os eg\u00edpcios s\u00e3o os mais felizes, os mais saud\u00e1veis e os mais religiosos\u201d. Estes s\u00e3o os tr\u00eas elementos \u2013 feliz, saud\u00e1vel e religioso \u2013 da sociedade ideal. A raz\u00e3o para tal sociedade ideal \u00e9 a sua consci\u00eancia c\u00f3smica total.<\/p>\n<p>O que consideramos uma estrutura \u201cpol\u00edtica\u201d era, para eles, um aspecto natural da sua estrutura social. Para alcan\u00e7ar a harmonia universal perfeita, a estrutura social deve espelhar a mesma hierarquia ordenada do universo criado. A sobreviv\u00eancia e o sucesso humanos exigem que a mesma estrutura ordenada seja mantida.<\/p>\n<p><em>Como acima \u00e9 abaixo <\/em>\u00e9 a \u00fanica maneira de alcan\u00e7ar ordem e harmonia. Como resultado, os Antigos Eg\u00edpcios (e Baladi) adotaram o sistema matrilinear\/matriarcal como a manifesta\u00e7\u00e3o social das leis planet\u00e1rias.<\/p>\n<p>Como vimos anteriormente, o princ\u00edpio feminino Divino \u00e9 que \u00cdsis representa o sol e seu marido Os\u00edris representa a lua. A luz da lua (Os\u00edris masculino) \u00e9 um reflexo da luz do sol (\u00cdsis feminino). O sistema social\/pol\u00edtico do Antigo Egito obedece \u00e0 rela\u00e7\u00e3o entre o sol (feminino) e a lua (masculino).<\/p>\n<p>O nome eg\u00edpcio de \u00cdsis significa <em>assento<\/em> (ou seja, <em>autoridade<\/em>) e \u00e9 o princ\u00edpio da legitimidade \u2013 o trono f\u00edsico real, conforme representado no simbolismo eg\u00edpcio antigo com \u00cdsis usando um trono\/assento sobre sua cabe\u00e7a.<\/p>\n<p><a href=\"http:\/\/egyptianwisdomcenter.org\/wp-content\/uploads\/2019\/02\/isis-throne-crown.png\"><img decoding=\"async\" class=\"size-full wp-image-394 aligncenter\" src=\"http:\/\/egyptianwisdomcenter.org\/wp-content\/uploads\/2019\/02\/isis-throne-crown.png\" alt=\"\" width=\"138\" height=\"92\" \/><\/a><\/p>\n<p><strong>Ausar<\/strong> (Os\u00edris) est\u00e1 escrito em hier\u00f3glifos com o glifo do trono e do olho, combinando os conceitos de legitimidade e divindade.<\/p>\n<p><a href=\"http:\/\/egyptianwisdomcenter.org\/wp-content\/uploads\/2019\/02\/aerx-124top-72c-1-1.jpg\"><img decoding=\"async\" class=\"size-full wp-image-846 aligncenter\" src=\"http:\/\/egyptianwisdomcenter.org\/wp-content\/uploads\/2019\/02\/aerx-124top-72c-1-1.jpg\" alt=\"\" width=\"18\" height=\"33\" \/><\/a><\/p>\n<p><a href=\"http:\/\/egyptianwisdomcenter.org\/wp-content\/uploads\/2019\/02\/aerx-124bot-72c-1.jpg\"><img decoding=\"async\" class=\"size-full wp-image-847 aligncenter\" src=\"http:\/\/egyptianwisdomcenter.org\/wp-content\/uploads\/2019\/02\/aerx-124bot-72c-1.jpg\" alt=\"\" width=\"50\" height=\"14\" \/><\/a><\/p>\n<p>Ao longo da hist\u00f3ria eg\u00edpcia, foi a rainha quem transmitiu o sangue solar. A rainha era a verdadeira soberana, guardi\u00e3 da realeza e guardi\u00e3 da pureza da linhagem. Os reis eg\u00edpcios reivindicaram o direito ao trono atrav\u00e9s do casamento com a princesa eg\u00edpcia mais velha. Pelo casamento, ela transmitiu a coroa ao marido, mas ele atuou apenas como seu agente executivo.<\/p>\n<p>Os fara\u00f3s, assim como os l\u00edderes das localidades menores, aderiram a este sistema matriarcal. Se o fara\u00f3\/l\u00edder n\u00e3o tivesse filhas, ent\u00e3o uma dinastia terminaria e uma nova dinastia come\u00e7aria, com uma nova donzela reverenciada como uma nova semente para uma nova dinastia.<\/p>\n<p>Como as mulheres eram as herdeiras legais do trono, elas desempenhavam um papel importante nos assuntos de Estado, atuando como uma esp\u00e9cie de mediadoras do poder. As rainhas do Egito exerceram influ\u00eancia excepcional como conselheiras dos fara\u00f3s.<\/p>\n<p>Os registros sobreviventes do Imp\u00e9rio M\u00e9dio (2040\u20131783 aC) mostram que os nomes (prov\u00edncias) do Egito passaram de uma fam\u00edlia para outra por meio de herdeiras; assim, aquele que se casasse com a herdeira governaria a prov\u00edncia.<\/p>\n<p>As pr\u00e1ticas matrilineares no Egipto tamb\u00e9m se aplicavam a toda a sociedade, como \u00e9 evidente nas estelas funer\u00e1rias de todos os tipos de pessoas ao longo da conhecida hist\u00f3ria registada do Egipto, onde \u00e9 costume habitual tra\u00e7ar a descend\u00eancia do falecido por lado materno e n\u00e3o na do pai. A m\u00e3e da pessoa \u00e9 especificada, mas n\u00e3o o pai; ou se ele \u00e9 mencionado, \u00e9 apenas incidentalmente.<\/p>\n<p>Esta tradi\u00e7\u00e3o ainda perdura secretamente (porque \u00e9 contr\u00e1ria ao Isl\u00e3) entre os eg\u00edpcios Baladi.<\/p>\n<p>[Para mais informa\u00e7\u00f5es sobre as comunidades matrilocais no Egito, leia <strong><span style=\"color: #ff0000;\">Antigo Eg\u00edpcio: Cultura Revelada, Segunda Edi\u00e7\u00e3o<\/span> por Moustafa Gadalla]<\/strong><\/p>\n<p><strong><span style=\"color: #ff0000;\">[Um trecho de <span style=\"color: #000000;\">Cosmologia Eg\u00edpcia: O Universo Animado, Terceira Edi\u00e7\u00e3o<\/span> por Moustafa Gadalla]<br \/>\n<a href=\"https:\/\/egyptianwisdomcenter.org\/pt\/produto\/egyptian-cosmology-the-animated-universe-third-edition\/\"><span style=\"color: #0000ff;\">https:\/\/egyptianwisdomcenter.org\/product\/a-cosmologia-egipcia\/<\/span><\/a><\/span><\/strong><\/p>\n<p><img decoding=\"async\" class=\"aligncenter\" src=\"https:\/\/egyptianwisdomcenter.org\/wp-content\/uploads\/2023\/01\/a-cosmologia-egipcia.jpg\" \/><\/p>\n<p style=\"text-align: center;\"><a href=\"https:\/\/egyptianwisdomcenter.org\/pt\/produto\/egyptian-cosmology-the-animated-universe-third-edition\/\"><strong><span style=\"color: #ff0000;\"><span style=\"color: #0000ff;\">https:\/\/egyptianwisdomcenter.org\/product\/a-cosmologia-egipcia\/<\/span><\/span><\/strong><\/a><\/p>\n<hr \/>\n<p>&nbsp;<\/p>\n<p><strong><span style=\"color: #ff0000;\">Antigo Eg\u00edpcio: Cultura Revelada, Segunda Edi\u00e7\u00e3o<\/span> por Moustafa Gadalla<\/strong><br \/>\n<a href=\"https:\/\/egyptianwisdomcenter.org\/pt\/produto\/cultura-egipcia-antiga-revelada-segunda-edicao\/\"><span style=\"color: #0000ff;\"><strong>https:\/\/egyptianwisdomcenter.org\/product\/a-cultura-do-antigo-egito-revelada\/<\/strong><\/span><\/a><\/p>\n<p><img decoding=\"async\" class=\"aligncenter\" src=\"https:\/\/egyptianwisdomcenter.org\/wp-content\/uploads\/2023\/01\/a-cultura-do-antigo-egito-revelada-1.jpg\" \/><\/p>\n<p style=\"text-align: center;\"><a href=\"https:\/\/egyptianwisdomcenter.org\/pt\/produto\/cultura-egipcia-antiga-revelada-segunda-edicao\/\"><span style=\"color: #ff0000;\"><strong><span style=\"color: #0000ff;\">https:\/\/egyptianwisdomcenter.org\/product\/a-cultura-do-antigo-egito-revelada\/<\/span><\/strong><\/span><\/a><\/p>\n<p>&nbsp;<\/p>\n<p>&nbsp;<\/p>\n<p>&nbsp;<\/p>\n<div dir=\"auto\">\n<div dir=\"auto\"><\/div>\n<\/div>","protected":false},"excerpt":{"rendered":"<p>Matrilineal\/Matriarchal Society &nbsp; Herodotus, in 500 BCE, stated: \u201cOf all the nations of the world, Egyptians are the happiest, healthiest, and most [&hellip;]<\/p>","protected":false},"author":3,"featured_media":0,"parent":0,"menu_order":0,"comment_status":"closed","ping_status":"closed","template":"","meta":{"footnotes":""},"class_list":["post-127","page","type-page","status-publish","hentry"],"aioseo_notices":[],"_links":{"self":[{"href":"https:\/\/egyptianwisdomcenter.org\/pt\/wp-json\/wp\/v2\/pages\/127","targetHints":{"allow":["GET"]}}],"collection":[{"href":"https:\/\/egyptianwisdomcenter.org\/pt\/wp-json\/wp\/v2\/pages"}],"about":[{"href":"https:\/\/egyptianwisdomcenter.org\/pt\/wp-json\/wp\/v2\/types\/page"}],"author":[{"embeddable":true,"href":"https:\/\/egyptianwisdomcenter.org\/pt\/wp-json\/wp\/v2\/users\/3"}],"replies":[{"embeddable":true,"href":"https:\/\/egyptianwisdomcenter.org\/pt\/wp-json\/wp\/v2\/comments?post=127"}],"version-history":[{"count":0,"href":"https:\/\/egyptianwisdomcenter.org\/pt\/wp-json\/wp\/v2\/pages\/127\/revisions"}],"wp:attachment":[{"href":"https:\/\/egyptianwisdomcenter.org\/pt\/wp-json\/wp\/v2\/media?parent=127"}],"curies":[{"name":"wp","href":"https:\/\/api.w.org\/{rel}","templated":true}]}}