{"id":1271,"date":"2019-03-01T14:12:48","date_gmt":"2019-03-01T19:12:48","guid":{"rendered":"http:\/\/egyptianwisdomcenter.org\/geometria-sagrada\/"},"modified":"2023-01-12T12:21:27","modified_gmt":"2023-01-12T17:21:27","slug":"geometria-sagrada","status":"publish","type":"page","link":"https:\/\/egyptianwisdomcenter.org\/pt\/geometria-sagrada\/","title":{"rendered":"Geometr\u00eda Sagrada"},"content":{"rendered":"<h2 style=\"text-align: center;\"><span style=\"color: #ff0000;\">Geometr\u00eda Sagrada<\/span><\/h2>\n<h2><\/h2>\n<h3><span style=\"color: #0000ff;\"><strong>1.\u00a0 <\/strong><strong>La Geometr<b>\u00ed<\/b>a Sagrada De La Arquitectura Divina<\/strong><\/span><\/h3>\n<p>La geometr\u00eda para los Antiguos Egipcios era mucho m\u00e1s que un estudio de puntos, l\u00edneas, superficies y s\u00f3lidos, con sus propiedades y medidas. La armon\u00eda inherente a la geometr\u00eda fue reconocida en el Antiguo Egipto como la expresi\u00f3n m\u00e1s convincente de un plan divino que subyace en el mundo, un plan metaf\u00edsico que determina lo f\u00edsico.<\/p>\n<p>Para los Antiguos Egipcios, la geometr\u00eda era el medio por el cual la humanidad pod\u00eda entender los misterios del orden divino. La geometr\u00eda existe en todas partes en la naturaleza: su orden subyace en la estructura de todas las cosas, desde las mol\u00e9culas hasta las galaxias. La naturaleza de la forma geom\u00e9trica permite su funcionamiento.<\/p>\n<p>Un dise\u00f1o que utiliza los principios de la geometr\u00eda sagrada debe lograr el mismo objetivo: usar la forma para servir \/ representar una funci\u00f3n.<\/p>\n<p>Her\u00f3doto, el padre de la historia y un nativo griego, afirm\u00f3, en 500 AEC:<\/p>\n<p style=\"padding-left: 30px;\"><strong><em>Ahora, perm\u00edtanme hablar m\u00e1s de Egipto porque tiene muchas cosas admirables y lo que uno ve all\u00ed es superior a cualquier otro pa\u00eds.<\/em><\/strong><\/p>\n<p>Las obras del Antiguo Egipto, grandes o peque\u00f1as, son admiradas por todos porque son proporcionalmente armoniosas y, como tales, apelan a nuestros sentimientos internos y externos. Este concepto de dise\u00f1o arm\u00f3nico se conoce popularmente como geometr\u00eda sagrada, donde todas las figuras se pueden dibujar o crear usando una l\u00ednea recta (no necesariamente una regla) y una br\u00fajula, es decir, sin medici\u00f3n (depende solo de la proporci\u00f3n).<\/p>\n<p>&nbsp;<\/p>\n<h3><span style=\"color: #0000ff;\"><strong>2. La Cuerda Sagrada Egipcia (Herramienta)<\/strong><\/span><\/h3>\n<p>Como la geometr\u00eda sagrada se basa en la proporci\u00f3n arm\u00f3nica, la distancia (longitud) de la unidad puede ser te\u00f3ricamente cualquier unidad. La \u00fanica herramienta necesaria es un cable que consta de 12 distancias equidistantes. La distancia de la unidad puede ser peque\u00f1a o grande, para ajustarse al dise\u00f1o requerido de la obra de arte en un lienzo, estatuas o el dise\u00f1o de los edificios.<\/p>\n<p><a href=\"https:\/\/pressbooks.com\/app\/uploads\/sites\/42617\/2015\/12\/tool.png\"><img decoding=\"async\" class=\"size-full wp-image-272 aligncenter\" src=\"https:\/\/pressbooks.com\/app\/uploads\/sites\/42617\/2015\/12\/tool.png\" alt=\"\" width=\"275\" height=\"33\" \/><\/a><\/p>\n<p>Los templos y otros edificios en el Antiguo Egipto fueron presentados en una ceremonia religiosa. Esta presentaci\u00f3n fue realizada por personas muy conocedoras que los griegos conocen como <em>harpedonaptae<\/em>.<\/p>\n<p>Los harpedonaptae son las personas que se adhirieron estrictamente a los principios de la geometr\u00eda sagrada (usando solo una l\u00ednea recta y una br\u00fajula). Su cord\u00f3n era (y todav\u00eda lo es, en partes del Egipto actual) un cord\u00f3n muy especial que consiste en una cuerda de 13 nudos con 12 distancias equidistantes de un codo egipcio (1.72 &#8216;o 0.5236 m).<\/p>\n<p>Cualquier cord\u00f3n de 13 nudos igualmente espaciado es la herramienta b\u00e1sica utilizada para establecer varias formas geom\u00e9tricas.<\/p>\n<p>&nbsp;<\/p>\n<h3><span style=\"color: #0000ff;\"><strong>3. Disposici\u00f3n General De Formas Geomt\u00e9ricas<\/strong><\/span><\/h3>\n<p>Los tri\u00e1ngulos son los componentes b\u00e1sicos de cualquier dise\u00f1o.<\/p>\n<p>La formaci\u00f3n m\u00e1s simple es el tri\u00e1ngulo equil\u00e1tero, que se puede establecer con la cuerda egipcia anudada a doce intervalos iguales y enrollados alrededor de tres clavijas para que forme tres lados, cada uno de cuatro unidades.<\/p>\n<p><a href=\"https:\/\/pressbooks.com\/app\/uploads\/sites\/42617\/2015\/12\/triangle-4.png\"><img decoding=\"async\" class=\"size-full wp-image-273 aligncenter\" src=\"https:\/\/pressbooks.com\/app\/uploads\/sites\/42617\/2015\/12\/triangle-4.png\" alt=\"\" width=\"117\" height=\"101\" \/><\/a><\/p>\n<p>La l\u00ednea que une desde cualquier esquina al centro del lado opuesto es su l\u00ednea perpendicular.<\/p>\n<p>Sin embargo, el origen del dise\u00f1o hist\u00f3rico del edificio fue el trazado del tri\u00e1ngulo 3: 4: 5 con la cuerda egipcia, enrollada alrededor de tres estacas, de modo que formaba tres lados que med\u00edan tres, cuatro y cinco unidades, lo que proporciona una \u00c1ngulo de 90 \u00b0 entre sus 3 y 4 lados.<\/p>\n<p><a href=\"https:\/\/pressbooks.com\/app\/uploads\/sites\/42617\/2015\/12\/triangle-345.png\"><img decoding=\"async\" class=\"size-full wp-image-274 aligncenter\" src=\"https:\/\/pressbooks.com\/app\/uploads\/sites\/42617\/2015\/12\/triangle-345.png\" alt=\"\" width=\"141\" height=\"120\" \/><\/a><\/p>\n<p>Era una tarea relativamente simple dise\u00f1ar rect\u00e1ngulos y otras figuras geom\u00e9tricas m\u00e1s complejas despu\u00e9s de establecer el tri\u00e1ngulo en \u00e1ngulo recto 3: 4: 5.<\/p>\n<p>Un EBCF cuadrado, por ejemplo, puede establecerse como se muestra aqu\u00ed:<\/p>\n<p><a href=\"https:\/\/pressbooks.com\/app\/uploads\/sites\/42617\/2015\/12\/square-ebcf.png\"><img loading=\"lazy\" decoding=\"async\" class=\"size-full wp-image-275 aligncenter\" src=\"https:\/\/pressbooks.com\/app\/uploads\/sites\/42617\/2015\/12\/square-ebcf.png\" alt=\"\" width=\"262\" height=\"138\" \/><\/a><\/p>\n<p style=\"padding-left: 30px;\">(A) Construya dos tri\u00e1ngulos 3: 4: 5 con una CA diagonal com\u00fan.<\/p>\n<p>\u00a0 \u00a0 \u00a0 (B) Conecte FE donde FC = EB = 3 unidades.<\/p>\n<p>El cord\u00f3n egipcio se puede usar como una br\u00fajula para dibujar curvas circulares, como se muestra en el siguiente diagrama.<\/p>\n<p><a href=\"https:\/\/pressbooks.com\/app\/uploads\/sites\/42617\/2015\/12\/circular-curves.png\"><img loading=\"lazy\" decoding=\"async\" class=\"size-full wp-image-276 aligncenter\" src=\"https:\/\/pressbooks.com\/app\/uploads\/sites\/42617\/2015\/12\/circular-curves.png\" alt=\"\" width=\"375\" height=\"105\" \/><\/a><\/p>\n<p>Otras formas, como el rect\u00e1ngulo o tri\u00e1ngulo Neb (Dorado) 8: 5, como se muestra a continuaci\u00f3n, tambi\u00e9n se pueden establecer con el cord\u00f3n egipcio.<\/p>\n<p><a href=\"https:\/\/pressbooks.com\/app\/uploads\/sites\/42617\/2015\/12\/neb-triangle.png\"><img loading=\"lazy\" decoding=\"async\" class=\"size-full wp-image-277 aligncenter\" src=\"https:\/\/pressbooks.com\/app\/uploads\/sites\/42617\/2015\/12\/neb-triangle.png\" alt=\"\" width=\"314\" height=\"119\" \/><\/a><\/p>\n<p>(Para ver la formaci\u00f3n de una amplia variedad de formas geom\u00e9tricas, lea Geometr\u00eda Sagrada y Numerolog\u00eda por este mismo autor)<\/p>\n<p>El s\u00edmbolo jerogl\u00edfico para el nuevo (dios) Re, la fuerza creativa c\u00f3smica, es el c\u00edrculo. Cuando el cord\u00f3n se bucle como un c\u00edrculo completo, el arquetipo de la creaci\u00f3n, encontramos que el radio de este c\u00edrculo sagrado es igual a 1,91 codos. Al convertir esta medida de 1.91 codos del radio en el sistema m\u00e9trico, obtenemos 1 metro exactamente (1.91 x 0.5236). 1 metro = 1 \/ 100,000a &#8211; parte del cuarto del meridiano de la Tierra. En otras palabras, esta particular cuerda egipcia de 13 nudos y la unidad de medida egipcia conocida como cubit se basan en la medici\u00f3n de la circunferencia de la Tierra.<\/p>\n<p><img loading=\"lazy\" decoding=\"async\" class=\"size-full wp-image-247 aligncenter\" src=\"https:\/\/pressbooks.com\/app\/uploads\/sites\/63088\/2018\/05\/circle-191-cubits.jpg\" alt=\"\" width=\"190\" height=\"185\" \/><\/p>\n<p>A lo largo de este libro, confirmaremos que este cord\u00f3n es la \u00fanica herramienta necesaria para establecer todas las formas geom\u00e9tricas sagradas, desde una l\u00ednea recta hasta una curva y otras formas.<\/p>\n<p><span style=\"color: #ff0000;\"><strong>[Un fragmento de La arquitectura metaf\u00edsica del Antiguo Egipto, por Moustafa Gadalla]<\/strong><\/span><\/p>\n<div dir=\"auto\">\n<p><span style=\"color: #0000ff;\"><strong>https:\/\/egyptianwisdomcenter.org\/product\/la-arquitectura-metafisica-del-antiguo-egipto\/<\/strong><\/span><\/p>\n<p><img decoding=\"async\" class=\"aligncenter\" src=\"https:\/\/egypt-tehuti.org\/wp-content\/uploads\/2019\/02\/Ancient-Spanish-2-225x338.gif\" \/><\/p>\n<p style=\"text-align: center;\"><span style=\"color: #0000ff;\"><strong>https:\/\/egyptianwisdomcenter.org\/product\/la-arquitectura-metafisica-del-antiguo-egipto\/<\/strong><\/span><\/p>\n<div dir=\"auto\"><\/div>\n<\/div>","protected":false},"excerpt":{"rendered":"<p>Geometr\u00eda Sagrada 1.\u00a0 La Geometr\u00eda Sagrada De La Arquitectura Divina La geometr\u00eda para los Antiguos Egipcios era mucho m\u00e1s que un estudio [&hellip;]<\/p>","protected":false},"author":3,"featured_media":0,"parent":0,"menu_order":0,"comment_status":"closed","ping_status":"closed","template":"","meta":{"footnotes":""},"class_list":["post-1271","page","type-page","status-publish","hentry"],"aioseo_notices":[],"_links":{"self":[{"href":"https:\/\/egyptianwisdomcenter.org\/pt\/wp-json\/wp\/v2\/pages\/1271","targetHints":{"allow":["GET"]}}],"collection":[{"href":"https:\/\/egyptianwisdomcenter.org\/pt\/wp-json\/wp\/v2\/pages"}],"about":[{"href":"https:\/\/egyptianwisdomcenter.org\/pt\/wp-json\/wp\/v2\/types\/page"}],"author":[{"embeddable":true,"href":"https:\/\/egyptianwisdomcenter.org\/pt\/wp-json\/wp\/v2\/users\/3"}],"replies":[{"embeddable":true,"href":"https:\/\/egyptianwisdomcenter.org\/pt\/wp-json\/wp\/v2\/comments?post=1271"}],"version-history":[{"count":0,"href":"https:\/\/egyptianwisdomcenter.org\/pt\/wp-json\/wp\/v2\/pages\/1271\/revisions"}],"wp:attachment":[{"href":"https:\/\/egyptianwisdomcenter.org\/pt\/wp-json\/wp\/v2\/media?parent=1271"}],"curies":[{"name":"wp","href":"https:\/\/api.w.org\/{rel}","templated":true}]}}