{"id":1310,"date":"2019-03-01T14:36:18","date_gmt":"2019-03-01T19:36:18","guid":{"rendered":"http:\/\/egyptianwisdomcenter.org\/egyptian-monotheism-missing-article\/"},"modified":"2023-01-12T13:25:36","modified_gmt":"2023-01-12T18:25:36","slug":"egyptian-monotheism-missing-article","status":"publish","type":"page","link":"https:\/\/egyptianwisdomcenter.org\/pt\/egyptian-monotheism-missing-article\/","title":{"rendered":"Monote\u00edsmo Egipcio (El Uno) y Polite\u00edsmo (El Todo)"},"content":{"rendered":"<h2 style=\"text-align: center;\"><span style=\"color: #0000ff;\"><strong>Monote\u00edsmo Egipcio (El Uno) y Polite\u00edsmo (El Todo)<\/strong><\/span><\/h2>\n<h3><\/h3>\n<h3><span style=\"color: #ff0000;\">El UNO Es Todo<\/span><\/h3>\n<p>Los antiguos egipcios cre\u00edan en un Dios que era auto-producido, autoexistente, inmortal, invisible, eterno, omnisciente, Todopoderoso, etc. Este Dios uno nunca fue representado. Son las funciones y atributos de su dominio los que estuvieron representados. Estos atributos se llamaron el <em><strong>neteru<\/strong><\/em> (pronunciado <em>net-er-voc\u00ea<\/em>, \u00fanico: <em><strong>Neter<\/strong><\/em> en la forma masculina y <em><strong>netert<\/strong><\/em> en la forma femenina). El t\u00e9rmino, <em>dioses<\/em>, es una tergiversaci\u00f3n del t\u00e9rmino egipcio, <em><strong>neteru<\/strong><\/em>.<\/p>\n<p>Cuando preguntamos, &#8220;\u00bfqui\u00e9n es Dios?&#8221;, realmente estamos preguntando, &#8220;\u00bfQu\u00e9 es Dios?&#8221;. El mero nombre o sustantivo no nos dice nada. Uno s\u00f3lo puede definir a <em>Dios<\/em> a trav\u00e9s de la multitud de sus atributos\/cualidades\/poderes\/acciones. Esta es la \u00fanica manera l\u00f3gica, porque si nos referimos a, digamos, una persona como el Se\u00f1or X, no significa nada para nosotros. Sin embargo, una vez que describimos sus atributos y cualidades, comenzamos a conocerlo. Una persona que es un ingeniero, un padre, un marido,&#8230; etc. no tiene poli-personalidades, sino m\u00e1s bien una mono-personalidad con m\u00faltiples funciones\/atributos. Para los egipcios antiguos y <em>Baladi<\/em> , el concepto de Dios es similar.<\/p>\n<p>Conocer a &#8220;Dios&#8221; es conocer las numerosas cualidades de &#8220;Dios&#8221;. Cuanto m\u00e1s aprendemos de estas cualidades (conocidas como <strong><em>neteru<\/em><\/strong>), m\u00e1s cerca estamos llegando a nuestro origen divino. Lejos de ser una forma primitiva y polite\u00edsta, \u00e9sta es la expresi\u00f3n m\u00e1s alta del misticismo monote\u00edsta.<\/p>\n<h3><span style=\"color: #ff0000;\">El Unirnos<\/span><\/h3>\n<p>En las tradiciones egipcias antiguas, <em><strong>R\u00e1<\/strong><\/em> representa la fuerza primigenio, c\u00f3smica y creativa. La <em>Ladainha<\/em> describe a <em><strong>RA<\/strong><\/em> como <em>la unida, que sale de sus propios miembros<\/em>. La definici\u00f3n egipcia antigua de Ra es la representaci\u00f3n perfecta de la unidad que comprende la puesta en conjunto de las muchas entidades diversas, es decir, <em>el que es el todo<\/em>. La <em>Letany de RA<\/em> describe los aspectos del principio creativo: ser reconocido como el <em>neteru<\/em> (dioses) cuyas acciones e interacciones a su vez crearon el universo. Como tal, todos los <em><strong>neteru<\/strong><\/em> egipcios que participaron en el proceso de creaci\u00f3n son aspectos de <em><strong>RA<\/strong><\/em>. Hay 75 formas o aspectos de <em><strong>RA<\/strong><\/em>.<\/p>\n<p>La energ\u00eda solar es s\u00f3lo una de las numerosas manifestaciones de <em><strong>RA<\/strong><\/em>. Que <em><strong>RA<\/strong><\/em> no es s\u00f3lo el sol (s\u00f3lo una forma singular), tambi\u00e9n fue confirmado en el siguiente verso de la <em>historia de <strong>RA<\/strong> sim <strong>Auset<\/strong><\/em> (ISIS), en la que <em><strong>RA<\/strong><\/em> Estados,<\/p>\n<blockquote><p><strong><em>Tengo multitud de nombres, y multitud de formas.<\/em><\/strong><\/p><\/blockquote>\n<hr \/>\n<p><!-- ED Egyptian Divinities --><strong><span style=\"color: #ff0000;\">Para obtener m\u00e1s informaci\u00f3n sobre los roles y funciones de <strong><em>neteru<\/em><\/strong> en el universo, el simbolismo animal y las explicaciones de las deidades prominentes en el sistema egipcio, lea:<\/span><\/strong><\/p>\n<ul>\n<li><span style=\"color: #ff0000;\"><strong><em>Cosmolog\u00eda Egipcia : El Universo Animado , Tercera Edici\u00f3n<\/em><\/strong><\/span><\/li>\n<li><span style=\"color: #ff0000;\"><strong><em>Egyptian Divinities: The All Who Are THE ONE, <\/em><\/strong><em>2<\/em><em><sup>e<\/sup> ed.<\/em><\/span><\/li>\n<\/ul>\n<p>&nbsp;<\/p>\n<p><span style=\"color: #0000ff;\"><strong>https:\/\/egyptianwisdomcenter.org\/product\/cosmologia-egipcia-el-universo-animado-tercera-edicion\/<\/strong><\/span><\/p>\n<p><img decoding=\"async\" class=\"aligncenter\" src=\"https:\/\/egypt-tehuti.org\/wp-content\/uploads\/2016\/10\/cover-spanish-1-e1514493781273-225x338.jpg\" \/><\/p>\n<p style=\"text-align: center;\"><span style=\"color: #0000ff;\"><strong>https:\/\/egyptianwisdomcenter.org\/product\/cosmologia-egipcia-el-universo-animado-tercera-edicion\/<\/strong><\/span><\/p>\n<p>&nbsp;<\/p>\n<hr \/>\n<p><img decoding=\"async\" class=\"aligncenter\" src=\"https:\/\/es.egyptianwisdomcenter.org\/wp-content\/uploads\/\/2019\/02\/cover-ed-225x338-225x338.jpg\" alt=\"Divinidades egipcias: todos los que son el uno, 2\u00ba Ed.\" \/><\/p>\n<div dir=\"auto\">\n<div dir=\"auto\"><\/div>\n<\/div>","protected":false},"excerpt":{"rendered":"<p>Monote\u00edsmo Egipcio (El Uno) y Polite\u00edsmo (El Todo) El UNO Es Todo Los antiguos egipcios cre\u00edan en un Dios que era auto-producido, [&hellip;]<\/p>","protected":false},"author":3,"featured_media":0,"parent":0,"menu_order":0,"comment_status":"closed","ping_status":"closed","template":"","meta":{"footnotes":""},"class_list":["post-1310","page","type-page","status-publish","hentry"],"aioseo_notices":[],"_links":{"self":[{"href":"https:\/\/egyptianwisdomcenter.org\/pt\/wp-json\/wp\/v2\/pages\/1310","targetHints":{"allow":["GET"]}}],"collection":[{"href":"https:\/\/egyptianwisdomcenter.org\/pt\/wp-json\/wp\/v2\/pages"}],"about":[{"href":"https:\/\/egyptianwisdomcenter.org\/pt\/wp-json\/wp\/v2\/types\/page"}],"author":[{"embeddable":true,"href":"https:\/\/egyptianwisdomcenter.org\/pt\/wp-json\/wp\/v2\/users\/3"}],"replies":[{"embeddable":true,"href":"https:\/\/egyptianwisdomcenter.org\/pt\/wp-json\/wp\/v2\/comments?post=1310"}],"version-history":[{"count":0,"href":"https:\/\/egyptianwisdomcenter.org\/pt\/wp-json\/wp\/v2\/pages\/1310\/revisions"}],"wp:attachment":[{"href":"https:\/\/egyptianwisdomcenter.org\/pt\/wp-json\/wp\/v2\/media?parent=1310"}],"curies":[{"name":"wp","href":"https:\/\/api.w.org\/{rel}","templated":true}]}}