{"id":137,"date":"2018-10-30T00:00:00","date_gmt":"2018-10-30T04:00:00","guid":{"rendered":"http:\/\/egyptianwisdomcenter.org\/the-cyclical-renewal-festivals\/"},"modified":"2023-01-03T01:00:08","modified_gmt":"2023-01-03T06:00:08","slug":"the-cyclical-renewal-festivals-2","status":"publish","type":"page","link":"https:\/\/egyptianwisdomcenter.org\/pt\/os-festivais-de-renovacao-ciclica-2\/","title":{"rendered":"Os Festivais de Renova\u00e7\u00e3o C\u00edclica"},"content":{"rendered":"<h2 style=\"text-align: center;\"><span style=\"color: #ff0000;\"><strong>Os Festivais de Renova\u00e7\u00e3o C\u00edclica<\/strong><\/span><\/h2>\n<p>&nbsp;<\/p>\n<p>O tema principal dos textos do Antigo Egito \u00e9 a natureza c\u00edclica do universo e a necessidade constante de renova\u00e7\u00e3o de tais ciclos atrav\u00e9s de festivais bem designados.<\/p>\n<p>Os eg\u00edpcios viam estas festas como parte da exist\u00eancia humana, que constitui o ritmo da vida da comunidade e do indiv\u00edduo. Este ritmo resulta da ordem da vida c\u00f3smica.<\/p>\n<p>A renova\u00e7\u00e3o e o rejuvenescimento da vida do cosmos, da comunidade e do indiv\u00edduo s\u00e3o afetados pelos ritos. Esses ritos tinham\/t\u00eam o poder de provocar o rejuvenescimento e o renascimento da vida divina. A n\u00e3o realiza\u00e7\u00e3o dos festivais nas datas e hor\u00e1rios apropriados pode muito bem produzir sentimentos individuais ou coletivos de culpabilidade. Como tal, os festivais eg\u00edpcios passaram a ter a fun\u00e7\u00e3o de encena\u00e7\u00f5es de renova\u00e7\u00f5es cosmol\u00f3gicas (religiosas).<\/p>\n<p>A maioria dos Eg\u00edpcios n\u00e3o s\u00f3 espera uma b\u00ean\u00e7\u00e3o ap\u00f3s a sua participa\u00e7\u00e3o, mas tamb\u00e9m teme que algum infort\u00fanio lhes aconte\u00e7a se negligenciarem este acto.<\/p>\n<p>O objetivo dos festivais eg\u00edpcios era (e continua a ser) o rejuvenescimento e a renova\u00e7\u00e3o das energias c\u00f3smicas. Durante os numerosos festivais religiosos do Antigo Egito, os participantes recorrem \u00e0 verdade arquet\u00edpica de sua consci\u00eancia c\u00f3smica (como acima \u00e9 abaixo, e como abaixo \u00e9 acima). Cada festival sagrado atualiza o ciclo sagrado arquet\u00edpico. Esses ciclos sagrados tornaram-se parte do calend\u00e1rio. Mais precisamente, o calend\u00e1rio serviu para indicar quando os poderes cosmol\u00f3gicos (neteru\/deuses) se manifestaram e seus ciclos de renova\u00e7\u00e3o. Todos os primeiros escritores gregos e romanos afirmaram essas correla\u00e7\u00f5es c\u00f3smicas do Antigo Egito, como Plutarco, em seu <em>Mor\u00e1lia Vol. V <\/em>(377,65):<\/p>\n<p style=\"padding-left: 30px;\"><strong><em>\u2026Eles [os eg\u00edpcios] associam conceitos teol\u00f3gicos<\/em><\/strong><br \/>\n<strong><em>com as mudan\u00e7as sazonais na atmosfera circundante,<\/em><\/strong><br \/>\n<strong><em>ou com o crescimento das colheitas e \u00e9pocas de semeadura e ara\u00e7\u00e3o.<\/em><\/strong><\/p>\n<p>Todos os elementos e regras que regem os festivais do Antigo Egito s\u00e3o exatamente aplic\u00e1veis aos festivais atuais com esquemas organizados e detalhados. Os eg\u00edpcios Baladi continuam a considerar os festivais e os seus rituais como o cl\u00edmax das suas pr\u00e1ticas religiosas, que s\u00e3o muito cr\u00edticas para a ordem e harmonia do cosmos e, por extens\u00e3o, para o bem-estar de todos.<\/p>\n<p>Todos os festivais atuais (exceto os de Maom\u00e9 e de sua fam\u00edlia imediata) s\u00e3o uma continua\u00e7\u00e3o dos festivais do Antigo Egito, camuflados sob nomes isl\u00e2micos.<\/p>\n<p>O n\u00famero oficial anual de festivais (mouleds) no atual Egito, embora sejam contr\u00e1rios ao Isl\u00e3, \u00e9 estimado em mais de 3.000. N\u00e3o h\u00e1 um \u00fanico dia no Egito sem uma mudan\u00e7a em algum lugar, e a participa\u00e7\u00e3o \u00e9 muito profunda. O grande mouled de outono de elBadawi \u00e9 frequentado por mais de dois milh\u00f5es de pessoas e cada um dos outros dois mouled \u00e9 frequentado, respetivamente, por mais de um milh\u00e3o de visitantes.<\/p>\n<p>Tudo isso \u00e9 indicativo da ades\u00e3o dos eg\u00edpcios Baladi, aos milh\u00f5es, \u00e0s suas antigas tradi\u00e7\u00f5es.<\/p>\n<p>&nbsp;<\/p>\n<div dir=\"auto\">\n<p><span style=\"color: #ff0000;\"><strong>[Um trecho de <\/strong><\/span><strong>M\u00edsticos Eg\u00edpcios: Buscadores do Caminho, 2\u00aa Edi\u00e7\u00e3o<\/strong><span style=\"color: #ff0000;\"><strong> por Moustafa Gadalla]<br \/>\n<a href=\"https:\/\/egyptianwisdomcenter.org\/pt\/produto\/misticos-egipcios-buscadores-do-caminho-2a-edicao\/\"><span style=\"color: #0000ff;\">https:\/\/egyptianwisdomcenter.org\/product\/egyptian-mystics-seekers-of-the-way-2nd-edition\/<\/span><\/a><br \/>\n<\/strong><\/span><\/p>\n<p><img decoding=\"async\" class=\"aligncenter\" src=\"https:\/\/books2read-prod.s3.amazonaws.com\/CACHE\/images\/ubl_book_images\/book_display_image_zMMju8w\/f91add1cabf1165dc68c4ea720a7e73c\" \/><\/p>\n<div dir=\"auto\" style=\"text-align: center;\"><a href=\"https:\/\/egyptianwisdomcenter.org\/pt\/produto\/misticos-egipcios-buscadores-do-caminho-2a-edicao\/\"><span style=\"color: #ff0000;\"><strong><span style=\"color: #0000ff;\">https:\/\/egyptianwisdomcenter.org\/product\/egyptian-mystics-seekers-of-the-way-2nd-edition\/<\/span><\/strong><\/span><\/a><\/div>\n<\/div>","protected":false},"excerpt":{"rendered":"<p>The Cyclical Renewal Festivals &nbsp; The main theme of the Ancient Egyptian texts is the cyclical nature of the universe and the [&hellip;]<\/p>","protected":false},"author":3,"featured_media":0,"parent":0,"menu_order":0,"comment_status":"closed","ping_status":"closed","template":"","meta":{"footnotes":""},"class_list":["post-137","page","type-page","status-publish","hentry"],"aioseo_notices":[],"_links":{"self":[{"href":"https:\/\/egyptianwisdomcenter.org\/pt\/wp-json\/wp\/v2\/pages\/137","targetHints":{"allow":["GET"]}}],"collection":[{"href":"https:\/\/egyptianwisdomcenter.org\/pt\/wp-json\/wp\/v2\/pages"}],"about":[{"href":"https:\/\/egyptianwisdomcenter.org\/pt\/wp-json\/wp\/v2\/types\/page"}],"author":[{"embeddable":true,"href":"https:\/\/egyptianwisdomcenter.org\/pt\/wp-json\/wp\/v2\/users\/3"}],"replies":[{"embeddable":true,"href":"https:\/\/egyptianwisdomcenter.org\/pt\/wp-json\/wp\/v2\/comments?post=137"}],"version-history":[{"count":0,"href":"https:\/\/egyptianwisdomcenter.org\/pt\/wp-json\/wp\/v2\/pages\/137\/revisions"}],"wp:attachment":[{"href":"https:\/\/egyptianwisdomcenter.org\/pt\/wp-json\/wp\/v2\/media?parent=137"}],"curies":[{"name":"wp","href":"https:\/\/api.w.org\/{rel}","templated":true}]}}