{"id":138,"date":"2018-10-30T00:00:00","date_gmt":"2018-10-30T04:00:00","guid":{"rendered":"http:\/\/egyptianwisdomcenter.org\/amen-renef-the-indefinable\/"},"modified":"2023-02-07T12:34:45","modified_gmt":"2023-02-07T17:34:45","slug":"amen-renef-the-indefinable-2","status":"publish","type":"page","link":"https:\/\/egyptianwisdomcenter.org\/pt\/amem-renef-o-indefinivel-2\/","title":{"rendered":"Amen-Renef: O Indefin\u00edvel"},"content":{"rendered":"<h2 style=\"text-align: center;\"><span style=\"color: #ff0000;\"><strong>Am\u00e9m-Renef <\/strong><\/span><strong>:<\/strong><span style=\"color: #ff0000;\"><strong> <span style=\"color: #0000ff;\">O Indefin\u00edvel<\/span><\/strong><\/span><\/h2>\n<p>&nbsp;<\/p>\n<p>Os eg\u00edpcios profundamente religiosos, reconhecendo que nenhum ser humano pode definir o indefin\u00edvel, acreditavam na presen\u00e7a de um poder ilimitado e incognosc\u00edvel que \u00e9 demasiado majestoso para comunicar com o universo criado; mas sem este poder nenhuma cria\u00e7\u00e3o pode existir.<\/p>\n<p>Fora do universo e de sua natureza c\u00edclica est\u00e1 o que os Antigos Eg\u00edpcios chamavam de &#039;Amen-Renef&#039;, que n\u00e3o \u00e9 o nome de nenhuma entidade, mas uma frase que significa <em>Isso com Ess\u00eancia Desconhecida<\/em>. Neste reino do incognosc\u00edvel, nenhuma palavra em termos de pensamento humano poderia ser dita, e os eg\u00edpcios profundamente religiosos nunca o fizeram, pelo que s\u00f3 podiam ser transmitidas pela nega\u00e7\u00e3o de todas as qualidades. Os eg\u00edpcios diriam:<\/p>\n<p style=\"padding-left: 30px;\"><em><strong>\u2013 Cujo nome \u00e9 desconhecido por todos os neteru\u00a0<\/strong><\/em>(deuses, deusas)<br \/>\n<em><strong>\u2013 Quem n\u00e3o tem defini\u00e7\u00e3o, <\/strong><\/em>[ou seja, n\u00e3o pode ser definido\/descrito em nenhum termo humano]<br \/>\n<em><strong>\u2013 Quem n\u00e3o tem imagem.<\/strong><\/em><br \/>\n<em><strong>\u2013 Quem n\u00e3o tem forma.<\/strong><\/em><br \/>\n<em><strong>\u2013 Quem n\u00e3o tem come\u00e7o nem fim; etc etc.<\/strong><\/em><\/p>\n<p>Assim, o antigo eg\u00edpcio <em>express\u00e3o<\/em> Amen-Renef transcende at\u00e9 mesmo a qualidade do ser. Amen-Renef n\u00e3o \u00e9 o Criador ou a Causa Primeira. Todos os termos: Deus, Criador, Mestre do Universo, Causa Primeira, O Primeiro, s\u00e3o princ\u00edpios inferiores e separados de Amen-Renef.<\/p>\n<p>Os eg\u00edpcios n\u00e3o proferiram mais nada sobre isso - e apenas sob reserva infinita, apelando sempre para um sentido profundo por tr\u00e1s das palavras: que Amen-Renef est\u00e1 em toda parte, no sentido de que sem sua Supra-Exist\u00eancia, nada poderia existir.<\/p>\n<p>Agora reconhecendo Amen-Renef, cuja ess\u00eancia \u00e9 desconhecida, podemos entrar nos reinos dos ciclos de cria\u00e7\u00e3o, dos quais fazemos parte.<\/p>\n<p>&nbsp;<\/p>\n<p><strong><span style=\"color: #ff0000;\">[Um trecho de <span style=\"color: #333300;\">Cosmologia Eg\u00edpcia: O Universo Animado, Terceira Edi\u00e7\u00e3o <\/span><span style=\"color: #333300;\">por Moustafa Gadalla<\/span><br \/>\n<\/span><\/strong><\/p>\n<p><a href=\"https:\/\/egyptianwisdomcenter.org\/pt\/produto\/egyptian-cosmology-the-animated-universe-third-edition\/\"><span style=\"color: #0000ff;\"><strong>https:\/\/egyptianwisdomcenter.org\/product\/a-cosmologia-egipcia\/<\/strong><\/span><\/a><\/p>\n<p><img decoding=\"async\" class=\"aligncenter\" src=\"https:\/\/egyptianwisdomcenter.org\/wp-content\/uploads\/2023\/01\/a-cosmologia-egipcia.jpg\" \/><\/p>\n<div dir=\"auto\">\n<div dir=\"auto\" style=\"text-align: center;\"><a href=\"https:\/\/egyptianwisdomcenter.org\/pt\/produto\/egyptian-cosmology-the-animated-universe-third-edition\/\"><span style=\"color: #0000ff;\"><strong>https:\/\/egyptianwisdomcenter.org\/product\/a-cosmologia-egipcia\/<\/strong><\/span><\/a><\/div>\n<\/div>","protected":false},"excerpt":{"rendered":"<p>Amen-Renef : The Indefinable &nbsp; The deeply religious Egyptians, recognizing that no human being can define the indefinable, believed in the presence [&hellip;]<\/p>","protected":false},"author":3,"featured_media":0,"parent":0,"menu_order":0,"comment_status":"closed","ping_status":"closed","template":"","meta":{"footnotes":""},"class_list":["post-138","page","type-page","status-publish","hentry"],"aioseo_notices":[],"_links":{"self":[{"href":"https:\/\/egyptianwisdomcenter.org\/pt\/wp-json\/wp\/v2\/pages\/138","targetHints":{"allow":["GET"]}}],"collection":[{"href":"https:\/\/egyptianwisdomcenter.org\/pt\/wp-json\/wp\/v2\/pages"}],"about":[{"href":"https:\/\/egyptianwisdomcenter.org\/pt\/wp-json\/wp\/v2\/types\/page"}],"author":[{"embeddable":true,"href":"https:\/\/egyptianwisdomcenter.org\/pt\/wp-json\/wp\/v2\/users\/3"}],"replies":[{"embeddable":true,"href":"https:\/\/egyptianwisdomcenter.org\/pt\/wp-json\/wp\/v2\/comments?post=138"}],"version-history":[{"count":0,"href":"https:\/\/egyptianwisdomcenter.org\/pt\/wp-json\/wp\/v2\/pages\/138\/revisions"}],"wp:attachment":[{"href":"https:\/\/egyptianwisdomcenter.org\/pt\/wp-json\/wp\/v2\/media?parent=138"}],"curies":[{"name":"wp","href":"https:\/\/api.w.org\/{rel}","templated":true}]}}