{"id":139,"date":"2018-10-30T00:00:00","date_gmt":"2018-10-30T04:00:00","guid":{"rendered":"http:\/\/egyptianwisdomcenter.org\/neteru-the-divine-energies\/"},"modified":"2023-01-02T01:18:18","modified_gmt":"2023-01-02T06:18:18","slug":"neteru-the-divine-energies-2","status":"publish","type":"page","link":"https:\/\/egyptianwisdomcenter.org\/pt\/neteru-as-energias-divinas-2\/","title":{"rendered":"Neteru \u2013 As Energias Divinas"},"content":{"rendered":"<h2 style=\"text-align: center;\"><span style=\"color: #0000ff;\"><strong>Neteru \u2013 As Energias Divinas<\/strong><\/span><\/h2>\n<h1><\/h1>\n<h3><span style=\"color: #ff0000;\"><strong>1. No In\u00edcio da Pr\u00e9-Cria\u00e7\u00e3o \u2013 Nun \u2013 Nada<\/strong><\/span><\/h3>\n<div>\n<p>Todo texto eg\u00edpcio sobre a cria\u00e7\u00e3o come\u00e7a com a mesma cren\u00e7a b\u00e1sica: que antes do in\u00edcio das coisas, havia um abismo l\u00edquido e primitivo \u2013 em toda parte, sem fim e sem limites ou dire\u00e7\u00f5es. Os eg\u00edpcios chamavam esse oceano c\u00f3smico\/caos aqu\u00e1tico de Nu\/Ny\/Nun \u2013 o estado n\u00e3o polarizado da mat\u00e9ria. A \u00e1gua n\u00e3o tem forma e por si s\u00f3 n\u00e3o assume forma alguma; nem resiste a ser moldado.<\/p>\n<p>Os cientistas concordam com a descri\u00e7\u00e3o do Antigo Egito da origem do universo como sendo um abismo. Os cientistas referem-se a este abismo como \u201csopa de neutr\u00f5es\u201d, onde n\u00e3o existem electr\u00f5es nem prot\u00f5es; apenas n\u00eautrons formando um n\u00facleo enorme e extremamente denso.<\/p>\n<p>Tal caos, no estado de pr\u00e9-cria\u00e7\u00e3o, foi causado pela compress\u00e3o da mat\u00e9ria; isto \u00e9, os \u00e1tomos n\u00e3o existiam em seus estados normais, mas estavam t\u00e3o comprimidos que muitos n\u00facleos at\u00f4micos foram amontoados em um espa\u00e7o anteriormente ocupado por um \u00fanico \u00e1tomo normal. Sob tais condi\u00e7\u00f5es, os electr\u00f5es destes \u00e1tomos foram expulsos das suas \u00f3rbitas e moveram-se livremente, isto \u00e9, num estado ca\u00f3tico e degenerado.<\/p>\n<\/div>\n<p>Nu\/Ny\/Nun \u00e9 o \u201cSer Subjetivo\u201d; o s\u00edmbolo da energia\/mat\u00e9ria informe, indefinida, indiferenciada, inerte ou inativa; o estado incriado antes da cria\u00e7\u00e3o \u2013 n\u00e3o pode ser a causa da sua transforma\u00e7\u00e3o.<\/p>\n<p>O termo \u201cinfinito\u201d, claro, \u00e9 sin\u00f4nimo de \u201cn\u00e3o finito\u201d, indefinido, ilimitado, sem forma, indiferenciado e assim por diante. Isto significa que a energia\/mat\u00e9ria a partir da qual todas as coisas s\u00e3o formadas deve ser, no seu estado essencial, informe, indefinida, indiferenciada, etc. Se a base material do mundo tivesse quaisquer defini\u00e7\u00f5es essenciais (forma\u00e7\u00f5es), estas agiriam como limitantes. fatores para sua capacidade de ser transformado infinitamente. A sua indefini\u00e7\u00e3o essencial \u00e9 um requisito absoluto para a onipot\u00eancia criativa de Deus.<\/p>\n<p>&nbsp;<\/p>\n<h3><span style=\"color: #ff0000;\"><strong>2. Deixe a cria\u00e7\u00e3o come\u00e7ar<\/strong><\/span><\/h3>\n<p>A energia condensada na sopa de n\u00eautrons pr\u00e9-cria\u00e7\u00e3o aumentava continuamente. Esta energia condensada atingiu a concentra\u00e7\u00e3o ideal de energia acumulada que levou \u00e0 sua explos\u00e3o e expans\u00e3o exterior, h\u00e1 cerca de 15 mil milh\u00f5es de anos.<\/p>\n<p>O som alto desta explos\u00e3o foi o que causou a dissolu\u00e7\u00e3o das partes constituintes do universo.<\/p>\n<p>Os textos eg\u00edpcios antigos tamb\u00e9m enfatizavam repetidamente que a voz divina de comando \u2013 ou seja, o Som Divino era a causa da cria\u00e7\u00e3o.<\/p>\n<p>Os primeiros textos eg\u00edpcios antigos recuperados, h\u00e1 5.000 anos, mostram a cren\u00e7a de que o Verbo causou a cria\u00e7\u00e3o do mundo. O eg\u00edpcio <em>Livro da vinda da luz <\/em>(erroneamente e comumente traduzido como <em>Livro do\u00a0<\/em><em>Morto<\/em>), o texto escrito mais antigo do mundo, afirma:<\/p>\n<p style=\"padding-left: 30px;\"><em><strong>\u201cEu sou o Eterno\u2026 eu sou aquele que criou o Verbo\u2026 eu sou o Verbo\u2026\u201d<\/strong><\/em><\/p>\n<p>Tamb\u00e9m descobrimos, no Livro da Vaca Divina (encontrado nos santu\u00e1rios de Tut-Ankh-Amen), que os c\u00e9us e suas hostes passaram a existir meramente pela pron\u00fancia de palavras cujo som por si s\u00f3 evoca coisas. \u00c0 medida que seu nome \u00e9 pronunciado, a coisa surge.<\/p>\n<p>Pois o nome \u00e9 uma realidade; a coisa em si. Em outras palavras: cada som particular tem\/\u00e9 sua forma correspondente. A ci\u00eancia moderna confirmou uma rela\u00e7\u00e3o direta entre a frequ\u00eancia e a forma das ondas sonoras.<\/p>\n<p>A palavra (qualquer palavra) \u00e9, cientificamente, um elemento vibracional complexo que \u00e9 um fen\u00f4meno ondulat\u00f3rio caracterizado por movimentos de frequ\u00eancia e intensidade vari\u00e1veis. Por outras palavras, o som \u00e9 causado pela compress\u00e3o de part\u00edculas de ar \u2013 reorganizando o espa\u00e7amento e o movimento das part\u00edculas de ar, ou seja, criando formas. Cada frequ\u00eancia de onda sonora tem sua pr\u00f3pria forma geom\u00e9trica correspondente.<\/p>\n<p>O som divino transformou a energia\/mat\u00e9ria potencial inerte em Nun nas partes do universo como energias cin\u00e9ticas diferenciadas, ordenadas e estruturadas na forma de objetos, pensamentos, for\u00e7as, fen\u00f4menos f\u00edsicos, etc.<\/p>\n<p>A transforma\u00e7\u00e3o de um tipo de energia (potencial) em outro tipo (cin\u00e9tica) fez com que o universo ganhasse vida, no todo e em suas partes constituintes.<\/p>\n<p>\u00c9 tudo uma quest\u00e3o de energias.<\/p>\n<p>&nbsp;<\/p>\n<h3><span style=\"color: #ff0000;\"><strong>3. Atam \u2013 A Energia C\u00f3smica Manifestada<\/strong><\/span><\/h3>\n<p>Como vimos, a cria\u00e7\u00e3o saiu do estado de n\u00e3o-cria\u00e7\u00e3o. Os eg\u00edpcios chamavam-lhe Nun. Nenhum ou nada tamb\u00e9m representa o estado de pr\u00e9-cria\u00e7\u00e3o do universo. N\u00c3O existe universo: NENHUM NEM ZERO. Tal estado do universo representa o Ser Subjetivo \u2013 energia\/mat\u00e9ria informe, indefinida e indiferenciada. Sua energia inerte est\u00e1 inativa.<\/p>\n<p>Por outro lado, o estado de cria\u00e7\u00e3o \u00e9 ordenado, formado, definido e diferenciado. A totalidade da energia divina durante o estado de cria\u00e7\u00e3o \u00e9 chamada de Atam pelos eg\u00edpcios.<\/p>\n<p>A cria\u00e7\u00e3o \u00e9 a classifica\u00e7\u00e3o (dando defini\u00e7\u00e3o\/trazendo ordem a) todo o caos (a energia\/mat\u00e9ria indiferenciada e a consci\u00eancia) do estado primordial. Todos os relatos da cria\u00e7\u00e3o do Antigo Egito exibiam isso com est\u00e1gios bem definidos e claramente demarcados.<\/p>\n<p>A primeira etapa da cria\u00e7\u00e3o foi a autocria\u00e7\u00e3o do Ser Supremo como criador e Ser, ou seja, a passagem do Ser Subjetivo (Nu\/Ny\/Nun) para o Ser Objetivo (Atam). Em termos humanos simples, isto equivale ao momento em que se passa do sono (estado inconsciente, ser subjetivo) para a consci\u00eancia de si mesmo (ganhar consci\u00eancia, ser objetivo). \u00c9 como pisar em terra firme.<\/p>\n<p>Este est\u00e1gio da cria\u00e7\u00e3o foi representado pelos s\u00e1bios eg\u00edpcios como Atam\/Atum surgindo de Nu\/Ny\/Nun. Nos Textos Unas (chamados de Pir\u00e2mide), h\u00e1 a seguinte invoca\u00e7\u00e3o:<\/p>\n<p style=\"padding-left: 30px;\"><em><strong>Sauda\u00e7\u00e3o a ti, Atam,<\/strong><\/em><br \/>\n<em><strong> Sauda\u00e7\u00e3o a ti, aquele que surge por si mesmo!<\/strong><\/em><br \/>\n<em><strong> Tu est\u00e1s no alto deste teu nome, Monte Alto,<\/strong><\/em><br \/>\n<em><strong> Tu passas a existir neste teu nome Khepri<\/strong><\/em> (Tornando-se Um). [\u00a71587]<\/p>\n<p>Atam significa o <em>Unidade de todos<\/em>; o completo. Atam est\u00e1 conectado com a raiz, &#039;tam&#039; ou &#039;tamam&#039;, que significa \u201c<em>estar completo<\/em>&quot; ou &quot;<em>para dar um fim<\/em>\u201d.<\/p>\n<p>Nos textos eg\u00edpcios antigos, Atam significa aquele que completa ou aperfei\u00e7oa, e na Ladainha de Re, Atam \u00e9 reconhecido como <em>o Completo, o TODO<\/em><\/p>\n<p>Os textos eg\u00edpcios antigos enfatizam que o Completo cont\u00e9m tudo. O texto do Antigo Egito diz:<\/p>\n<p style=\"padding-left: 30px;\"><em><strong>\u201cEu sou muitos nomes e muitas formas, e meu Ser existe em cada neter\u201d.<\/strong><\/em><\/p>\n<p>Numericamente, um n\u00e3o \u00e9 um n\u00famero, mas a ess\u00eancia do princ\u00edpio subjacente do n\u00famero; todos os outros n\u00fameros s\u00e3o feitos dele. Um representa a Unidade: o Absoluto como energia n\u00e3o polarizada. Atam como o n\u00famero Um n\u00e3o \u00e9 \u00edmpar nem par, mas ambos. Atam n\u00e3o \u00e9 nem mulher nem homem, mas ambos.<\/p>\n<p>Atam \u00e9 a totalidade da matriz energ\u00e9tica ordenada durante o est\u00e1gio de cria\u00e7\u00e3o, enquanto Nun \u00e9 o composto energ\u00e9tico desordenado \u2013 o Ser Subjetivo. A energia divina total dentro do universo \u00e9 chamada Nun em seu estado ca\u00f3tico e Atam em sua cria\u00e7\u00e3o ordenada e seu ponto de estado\/processo.<\/p>\n<p>Atam representa a libera\u00e7\u00e3o, em uma sequ\u00eancia ordenada, da energia existente dentro de Nun, ou seja, traz\u00ea-la \u00e0 vida. Isto representa o Ser Objetivo.<\/p>\n<p>Nun e Atam s\u00e3o imagens um do outro, como os n\u00fameros 0 e 1. 0 n\u00e3o \u00e9 nada, nada; e 1 significa \u201ctodo\u201d.<\/p>\n<p>&nbsp;<\/p>\n<h3><span style=\"color: #ff0000;\"><strong>4. Exist\u00eancia do Todo \u2013 O Tornar-se Um<\/strong><\/span><\/h3>\n<p>A cria\u00e7\u00e3o \u00e9 a classifica\u00e7\u00e3o (dando defini\u00e7\u00e3o\/trazendo ordem a) todo o caos (a energia\/mat\u00e9ria indiferenciada e a consci\u00eancia) do estado primordial. Todos os relatos da cria\u00e7\u00e3o do Antigo Egito exibiam isso com est\u00e1gios bem definidos e claramente demarcados.<\/p>\n<p>A semente da cria\u00e7\u00e3o da qual tudo se originou \u00e9 Atam. E, assim como a planta est\u00e1 contida na semente; ent\u00e3o tudo o que \u00e9 criado no universo tamb\u00e9m \u00e9 Atam.<\/p>\n<p>Atam, Aquele que \u00e9 o Todo, como o Mestre do Universo, declara, no antigo papiro eg\u00edpcio comumente conhecido como Papiro Bremner-Rhind:<\/p>\n<p style=\"padding-left: 30px;\"><em><strong>\u201cQuando eu me manifestei na exist\u00eancia, a exist\u00eancia existia.<\/strong><\/em><br \/>\n<em><strong>Eu vim \u00e0 exist\u00eancia na forma do Existente, que veio \u00e0 exist\u00eancia na Primeira Vez.<\/strong><\/em><br \/>\n<em><strong>Vindo \u00e0 exist\u00eancia de acordo com o modo de exist\u00eancia do Existente, eu, portanto, existi.<\/strong><\/em><br \/>\n<em><strong>E foi assim que o Existente passou a existir\u201d.<\/strong><\/em><\/p>\n<p>Em outras palavras, quando o Mestre do Universo passou a existir, toda a cria\u00e7\u00e3o passou a existir, porque o Completo cont\u00e9m tudo.<\/p>\n<p>&nbsp;<\/p>\n<h3><span style=\"color: #ff0000;\"><strong>5. Neteru \u2013 As Energias Divinas<\/strong><\/span><\/h3>\n<p>Acabamos de ver que quando o Mestre do Universo passou a existir, toda a cria\u00e7\u00e3o passou a existir, porque o Uno Completo cont\u00e9m o todo.<\/p>\n<p>O ciclo da cria\u00e7\u00e3o \u00e9 causado e mantido por for\u00e7as ou energias divinas. Essas energias, como o ciclo perp\u00e9tuo da cria\u00e7\u00e3o, passam por um processo de transforma\u00e7\u00e3o desde o nascimento-vida-envelhecimento-morte-morte at\u00e9 o renascimento. N\u00f3s, como seres humanos, temos for\u00e7as vitais semelhantes que mudam ao longo da nossa vida. Nossos corpos humanos consistem em numerosos ciclos que governam nossa exist\u00eancia vital. Todas as for\u00e7as morrem quando morremos.<\/p>\n<p>Os eg\u00edpcios chamavam essas for\u00e7as divinas de neteru. O tema principal do universo \u00e9 sua natureza c\u00edclica. Os NeTeRu s\u00e3o as for\u00e7as da NaTuRe, que fazem o mundo girar \u2013 por assim dizer. Simplesmente cham\u00e1-los de deuses e deusas d\u00e1 uma falsa impress\u00e3o.<\/p>\n<p>A energia Divina que se manifesta no ciclo de cria\u00e7\u00e3o \u00e9 definida pelos seus aspectos energ\u00e9ticos constituintes, que eram chamados de neteru pelos Antigos Eg\u00edpcios. Para que a cria\u00e7\u00e3o exista e seja mantida, esta energia divina deve ser pensada em termos de princ\u00edpios masculinos e femininos.<\/p>\n<p>Portanto, os Antigos Eg\u00edpcios expressavam as for\u00e7as da energia c\u00f3smica nos termos de netert (princ\u00edpio feminino) e neter (princ\u00edpio masculino).<\/p>\n<p>A palavra eg\u00edpcia &#039;neter&#039; (ou natureza ou &#039;netjer&#039;) significa <em>um poder que \u00e9 capaz de gerar vida e mant\u00ea-la quando gerado<\/em>. \u00c0 medida que todas as partes da cria\u00e7\u00e3o passam pelo ciclo de nascimento-vida-morte-renascimento, o mesmo acontece com as energias motrizes, durante os est\u00e1gios deste ciclo. \u00c9 portanto que o antigo eg\u00edpcio neteru, sendo energias divinas, passou (e continua passando) pelo mesmo ciclo de nascimento-crescimento-morte e renova\u00e7\u00e3o. Tal entendimento era comum a todos, como observou Plutarco; que as m\u00faltiplas for\u00e7as da natureza (conhecidas como neteru) nascem ou s\u00e3o criadas, sujeitas a mudan\u00e7as cont\u00ednuas, envelhecem e morrem, e renascem.<\/p>\n<p>Podemos dar o exemplo da lagarta que nasce, vive, depois constr\u00f3i o seu pr\u00f3prio casulo, onde morre \u2013 ou melhor ainda, transforma-se numa borboleta que p\u00f5e ovos, e assim por diante. O que temos aqui \u00e9 a transforma\u00e7\u00e3o c\u00edclica de uma forma\/estado de energia para outra.<\/p>\n<p>Outro exemplo \u00e9 o ciclo da \u00e1gua \u2013 a \u00e1gua que evapora, formando nuvens que chovem de volta \u00e0 terra. \u00c9 tudo uma transforma\u00e7\u00e3o c\u00edclica ordenada de energias em diversas formas.<\/p>\n<p>Quando voc\u00ea pensa em neteru n\u00e3o como <em>Deuses <\/em>e <em>deusas<\/em> mas como for\u00e7as de energia c\u00f3smica, pode-se ver o sistema eg\u00edpcio antigo como uma representa\u00e7\u00e3o brilhante do universo. Filosoficamente, esta transforma\u00e7\u00e3o c\u00edclica e natural \u00e9 semelhante ao nosso ditado:<\/p>\n<p style=\"padding-left: 30px;\"><em><strong>\u201cQuanto mais as coisas mudam, mais elas permanecem iguais\u201d.<\/strong><\/em><\/p>\n<p>Nos c\u00edrculos cient\u00edficos, isso \u00e9 conhecido como <strong>a lei natural da conserva\u00e7\u00e3o da energia<\/strong>, que \u00e9 descrito como o princ\u00edpio de que <em>a energia nunca \u00e9 consumida, mas apenas muda de forma, e a energia total em um sistema f\u00edsico, como o universo, n\u00e3o pode ser aumentada ou diminu\u00edda.<\/em><\/p>\n<p>&nbsp;<\/p>\n<h3><span style=\"color: #ff0000;\"><strong>6. A Matriz Energ\u00e9tica Universal e Einstein<\/strong><\/span><\/h3>\n<p>Esta matriz de energias surgiu como resultado do ato inicial de cria\u00e7\u00e3o e dos efeitos subsequentes que criaram o universo. Essa matriz consiste em uma hierarquia organizada. Cada n\u00edvel da hierarquia da exist\u00eancia \u00e9 uma teofania \u2013 uma cria\u00e7\u00e3o pela consci\u00eancia do n\u00edvel de ser acima dele. A autocontempla\u00e7\u00e3o em cada est\u00e1gio da exist\u00eancia traz \u00e0 exist\u00eancia cada est\u00e1gio inferior. Como tal, a hierarquia de energias est\u00e1 inter-relacionada e cada n\u00edvel \u00e9 sustentado pelo n\u00edvel abaixo dele. Esta hierarquia de energias est\u00e1 claramente definida numa vasta matriz de leis naturais profundamente interligadas. \u00c9 f\u00edsico e metaf\u00edsico.<\/p>\n<p>Os Antigos Eg\u00edpcios e Baladi n\u00e3o faziam\/fazem distin\u00e7\u00e3o entre um estado de ser metaf\u00edsico e um com um corpo material. Tal distin\u00e7\u00e3o \u00e9 uma ilus\u00e3o mental. Existimos em v\u00e1rios n\u00edveis diferentes ao mesmo tempo, do mais f\u00edsico ao mais metaf\u00edsico. Einstein concordou com esses mesmos princ\u00edpios.<\/p>\n<p>Desde a teoria da relatividade de Einstein, sabe-se e aceita-se que a mat\u00e9ria \u00e9 uma forma de energia; uma coagula\u00e7\u00e3o ou condensa\u00e7\u00e3o de energia. Como resultado, a lei natural para a conserva\u00e7\u00e3o da mat\u00e9ria ou massa afirma de forma semelhante que a mat\u00e9ria n\u00e3o \u00e9 criada nem destru\u00edda durante qualquer mudan\u00e7a f\u00edsica ou qu\u00edmica.<\/p>\n<p>A energia \u00e9 composta de mol\u00e9culas girando ou vibrando em v\u00e1rias velocidades. No mundo \u201cf\u00edsico\u201d, as mol\u00e9culas giram a uma velocidade muito lenta e constante. \u00c9 por isso que as coisas parecem s\u00f3lidas aos nossos sentidos terrenos: quanto mais lenta a velocidade, mais densa ou s\u00f3lida \u00e9 a coisa. No mundo metaf\u00edsico (espiritual), as mol\u00e9culas vibram a um ritmo muito mais r\u00e1pido ou numa dimens\u00e3o et\u00e9rea onde as coisas s\u00e3o mais livres e menos densas.<\/p>\n<p>Sob esta luz, o universo \u00e9 basicamente uma hierarquia de energias em diferentes ordens de densidade. Nossos sentidos t\u00eam algum acesso \u00e0 forma mais densa de energia, que \u00e9 a mat\u00e9ria. A hierarquia de energias est\u00e1 inter-relacionada e cada n\u00edvel \u00e9 sustentado pelo n\u00edvel abaixo dele. Esta hierarquia de energias est\u00e1 claramente definida numa vasta matriz de leis naturais profundamente interligadas. \u00c9 f\u00edsico e metaf\u00edsico.<\/p>\n<p>A matriz energ\u00e9tica universal abrange o mundo como o produto de um complexo sistema de rela\u00e7\u00f5es entre pessoas (vivas e mortas), animais, plantas e fen\u00f4menos naturais e sobrenaturais. Esta l\u00f3gica \u00e9 muitas vezes chamada de Animismo devido \u00e0 sua premissa central de que todas as coisas s\u00e3o animadas (energizadas) por for\u00e7as vitais. Cada min\u00fascula part\u00edcula de tudo est\u00e1 em constante movimento \u2013 isto \u00e9, energizada, como reconhecido na teoria cin\u00e9tica. Em outras palavras: tudo \u00e9 animado (energizado) \u2013 animais, \u00e1rvores, pedras, p\u00e1ssaros \u2013 at\u00e9 mesmo o ar, o sol e a lua.<\/p>\n<p>A forma mais r\u00e1pida de energia \u2013 essas energias invis\u00edveis no universo \u2013 \u00e9 chamada por muitos de esp\u00edritos. Os esp\u00edritos\/energias s\u00e3o organizados em diferentes ordens de densidade, o que se relaciona com as diferentes velocidades das mol\u00e9culas. Estas energias mais r\u00e1pidas (invis\u00edveis) habitam certas \u00e1reas ou est\u00e3o associadas a fen\u00f3menos naturais espec\u00edficos. Os esp\u00edritos (energias) existem em grupos do tipo familiar (isto \u00e9, relacionados entre si).<\/p>\n<p>As energias podem ocupar, \u00e0 vontade, uma energia mais condensada (mat\u00e9ria), como humana, animal, vegetal ou qualquer forma. O esp\u00edrito anima o corpo humano no nascimento e o abandona na morte. \u00c0s vezes, mais de um esp\u00edrito energ\u00e9tico entra em um corpo.<\/p>\n<p>Freq\u00fcentemente ouvimos que uma pessoa &#039;n\u00e3o est\u00e1 se sentindo bem&#039;, ou est\u00e1 &#039;temporariamente louca&#039;, &#039;possu\u00edda&#039;, &#039;fora de si&#039;, ou ouvimos falar de uma pessoa com m\u00faltiplas personalidades. As energias (esp\u00edritos) afetam todos n\u00f3s, de uma forma ou de outra.<\/p>\n<p>A presen\u00e7a de energia em tudo foi reconhecida h\u00e1 muito tempo pelos Antigos Eg\u00edpcios e Baladi. Que existem energias c\u00f3smicas (neteru) em cada pedra, mineral, madeira, etc., \u00e9 afirmado claramente na Estela Shabaka (s\u00e9culo VIII aC):<\/p>\n<p style=\"padding-left: 30px;\"><em><strong>\u201cE ent\u00e3o o neteru <\/strong><\/em>(deuses, deusas)<em><strong> entrou em seus corpos, na forma de todo tipo de madeira, de todo tipo de mineral, como todo tipo de argila, como tudo que cresce sobre ele (ou seja, terra)\u201d.<\/strong><\/em><\/p>\n<p>&nbsp;<\/p>\n<h3><span style=\"color: #ff0000;\"><strong>7. Neteru e anjos<\/strong><\/span><\/h3>\n<p>Os neteru (deuses, deusas) s\u00e3o as energias\/poderes\/for\u00e7as divinas que, atrav\u00e9s de suas a\u00e7\u00f5es e intera\u00e7\u00f5es, criaram e mantiveram (e continuam a manter) o universo.<\/p>\n<p>Os neteru (deuses, deusas) e suas fun\u00e7\u00f5es, foram posteriormente reconhecidos por outros como <em>anjos<\/em>. O C\u00e2ntico de Mois\u00e9s em Deuteron\u00f4mio (32:43), encontrado em uma caverna em Qumran, perto do Mar Morto, menciona a palavra <em>Deuses <\/em>no <em>plural<\/em>:<\/p>\n<p style=\"padding-left: 30px;\"><em><strong>\u201cAlegrai-vos, \u00f3 c\u00e9us, com ele; e prestai-lhe rever\u00eancias, deuses\u201d.<\/strong><\/em><\/p>\n<p>Quando a passagem \u00e9 citada no Novo Testamento (Hebreus 1:6), a palavra \u201cdeuses\u201d \u00e9 substitu\u00edda por \u201canjos de Deus\u201d.<\/p>\n<p>As esferas de neteru (conhecidas tamb\u00e9m como anjos e arcanjos, no cristianismo) s\u00e3o hier\u00e1rquicas entre os n\u00edveis\/reinos do universo.<\/p>\n<p>&nbsp;<\/p>\n<h3><span style=\"color: #ff0000;\"><strong>8. O Ciclo de Cria\u00e7\u00e3o<\/strong><\/span><\/h3>\n<p>O sistema de cria\u00e7\u00e3o \u00e9 um sistema de emana\u00e7\u00e3o, prociss\u00e3o ou irradia\u00e7\u00e3o necess\u00e1ria acompanhada pela aspira\u00e7\u00e3o necess\u00e1ria ou revers\u00e3o \u00e0 fonte. Todas as formas e fases da Exist\u00eancia fluem da Divindade, e todas se esfor\u00e7am para retornar e permanecer l\u00e1.<\/p>\n<p>Como consequ\u00eancia do Big Bang, as for\u00e7as de expuls\u00e3o, que fazem com que todas as gal\u00e1xias se movam para fora, est\u00e3o a ser combatidas pelas for\u00e7as gravitacionais\/contraccionais que unem as gal\u00e1xias. Atualmente, as for\u00e7as externas excedem as for\u00e7as contracionais; e, portanto, os limites do universo ainda est\u00e3o em expans\u00e3o.<\/p>\n<p>Os cientistas dizem-nos que, num determinado momento no futuro, o Universo ir\u00e1 parar de se expandir e come\u00e7ar\u00e1 a diminuir. A radia\u00e7\u00e3o de micro-ondas da bola de fogo do Big Bang (que ainda est\u00e1 circulando) come\u00e7ar\u00e1 a se comprimir, aquecer\u00e1 e mudar\u00e1 de cor novamente at\u00e9 se tornar vis\u00edvel mais uma vez. O c\u00e9u ficar\u00e1 vermelho, e depois ficar\u00e1 laranja, amarelo, branco\u2026 e terminar\u00e1 no Big Crunch; isto \u00e9, toda a mat\u00e9ria e toda a radia\u00e7\u00e3o do universo se colidir\u00e3o em uma unidade.<\/p>\n<p>O Big Crunch n\u00e3o \u00e9 o fim em si; pois o universo reunido e esmagado (sopa de n\u00eautrons) ter\u00e1 o potencial para uma nova cria\u00e7\u00e3o, que \u00e9 chamada de Big Bounce.<\/p>\n<p>Portanto, n\u00e3o \u00e9 surpreendente que os textos eg\u00edpcios antigos tamb\u00e9m tenham descrito, nos seus habituais termos simb\u00f3licos eg\u00edpcios, o Big Crunch e o Big Bounce.<\/p>\n<p>Os textos do caix\u00e3o eg\u00edpcio, Feiti\u00e7o 130, nos dizem que:<\/p>\n<p style=\"padding-left: 30px;\"><em><strong>\u201cDepois de milh\u00f5es de anos de cria\u00e7\u00e3o diferenciada, o caos anterior \u00e0 cria\u00e7\u00e3o retornar\u00e1. Apenas o Completo [Atam] e Aus-Ra permanecer\u00e3o. . . n\u00e3o mais separados no espa\u00e7o e no tempo\u201d.<\/strong><\/em><\/p>\n<p>O texto do Antigo Egito nos diz dois pontos. O primeiro \u00e9 o retorno do universo criado ao caos no final do ciclo de cria\u00e7\u00e3o, o que significa o Big Crunch. O segundo ponto \u00e9 o potencial para um novo renascimento c\u00edclico do universo, simbolizado pela presen\u00e7a de Aus-Ra.<\/p>\n<p><strong>Vamos fazer uma pausa aqui por alguns minutos para aprender sobre o que tem sido anunciado como \u201cnomes\u201d de divindades no Egito.<\/strong><\/p>\n<p>Aus-Ra consiste em duas palavras. A palavra <strong>Aus <\/strong>significa <strong><em>o poder de<\/em><\/strong><em>, <\/em>ou <strong><em>a raiz de<\/em><\/strong>. Como tal, Aus-Ra significa <em>o poder de R\u00e1<\/em>; significado: o <strong><em>renascimento de R\u00e1<\/em><\/strong>.<\/p>\n<p>O princ\u00edpio que faz a vida surgir da morte aparente foi\/\u00e9 chamado de Aus-Ra, que simboliza o poder da renova\u00e7\u00e3o. O tema principal dos textos eg\u00edpcios antigos \u00e9 a natureza c\u00edclica da cria\u00e7\u00e3o nascendo, vivendo, morrendo e regenerando-se novamente.<\/p>\n<p>&nbsp;<\/p>\n<p><span style=\"color: #ff0000;\"><strong>[Um trecho de Cosmologia Eg\u00edpcia: O Universo Animado, Terceira Edi\u00e7\u00e3o de Moustafa Gadalla]<br \/>\n<a href=\"https:\/\/egyptianwisdomcenter.org\/pt\/produto\/egyptian-cosmology-the-animated-universe-third-edition\/\"><span style=\"color: #0000ff;\">https:\/\/egyptianwisdomcenter.org\/product\/a-cosmologia-egipcia\/<\/span><\/a><\/strong><\/span><\/p>\n<p><img decoding=\"async\" class=\"aligncenter\" src=\"https:\/\/egyptianwisdomcenter.org\/wp-content\/uploads\/2023\/01\/a-cosmologia-egipcia.jpg\" \/><\/p>\n<p style=\"text-align: center;\"><a href=\"https:\/\/egyptianwisdomcenter.org\/pt\/produto\/egyptian-cosmology-the-animated-universe-third-edition\/\"><strong><span style=\"color: #3366ff;\">https:\/\/egyptianwisdomcenter.org\/product\/a-cosmologia-egipcia\/<\/span><\/strong><\/a><\/p>\n<div dir=\"auto\"><\/div>","protected":false},"excerpt":{"rendered":"<p>Neteru\u2014The Divine Energies 1. In The Pre-Creation Beginning\u2014Nun\u2014Nothingness Every Egyptian creation text begins with the same basic belief: that before the beginning [&hellip;]<\/p>","protected":false},"author":3,"featured_media":0,"parent":0,"menu_order":0,"comment_status":"closed","ping_status":"closed","template":"","meta":{"footnotes":""},"class_list":["post-139","page","type-page","status-publish","hentry"],"aioseo_notices":[],"_links":{"self":[{"href":"https:\/\/egyptianwisdomcenter.org\/pt\/wp-json\/wp\/v2\/pages\/139","targetHints":{"allow":["GET"]}}],"collection":[{"href":"https:\/\/egyptianwisdomcenter.org\/pt\/wp-json\/wp\/v2\/pages"}],"about":[{"href":"https:\/\/egyptianwisdomcenter.org\/pt\/wp-json\/wp\/v2\/types\/page"}],"author":[{"embeddable":true,"href":"https:\/\/egyptianwisdomcenter.org\/pt\/wp-json\/wp\/v2\/users\/3"}],"replies":[{"embeddable":true,"href":"https:\/\/egyptianwisdomcenter.org\/pt\/wp-json\/wp\/v2\/comments?post=139"}],"version-history":[{"count":0,"href":"https:\/\/egyptianwisdomcenter.org\/pt\/wp-json\/wp\/v2\/pages\/139\/revisions"}],"wp:attachment":[{"href":"https:\/\/egyptianwisdomcenter.org\/pt\/wp-json\/wp\/v2\/media?parent=139"}],"curies":[{"name":"wp","href":"https:\/\/api.w.org\/{rel}","templated":true}]}}