{"id":140,"date":"2018-10-30T00:00:00","date_gmt":"2018-10-30T04:00:00","guid":{"rendered":"http:\/\/egyptianwisdomcenter.org\/the-archetypal-synergies\/"},"modified":"2023-01-02T01:19:27","modified_gmt":"2023-01-02T06:19:27","slug":"the-archetypal-synergies-2","status":"publish","type":"page","link":"https:\/\/egyptianwisdomcenter.org\/pt\/as-sinergias-arquetipicas-2\/","title":{"rendered":"As sinergias arquet\u00edpicas"},"content":{"rendered":"<h2 style=\"text-align: center;\"><span style=\"color: #0000ff;\">As sinergias arquet\u00edpicas<\/span><\/h2>\n<p>&nbsp;<\/p>\n<h3><span style=\"color: #ff0000;\"><strong>1. Associa\u00e7\u00f5es e Manifesta\u00e7\u00f5es<\/strong><\/span><\/h3>\n<p>As energias representadas pelos v\u00e1rios neteru (deuses\/deusas) raramente funcionam individualmente, mas muitas vezes s\u00e3o aliadas ou fundidas com outros neteru (deuses\/deusas). A uni\u00e3o de certos pares de energias\/atributos complementares (formas masculina e feminina) resulta em uma terceira energia\/atributo. \u00c0s vezes, as Trindades s\u00e3o retratadas juntas como uma \u00fanica entidade composta; \u00e0s vezes separadamente e \u00e0s vezes na forma bin\u00e1ria.<\/p>\n<p>Em termos humanos, uma fam\u00edlia consiste em um homem, uma mulher e uma crian\u00e7a. Os tr\u00eas s\u00e3o uma unidade \u2013 uma fam\u00edlia. Existem tamb\u00e9m rela\u00e7\u00f5es bin\u00e1rias, como: marido-esposa (casamento), pai-filho (paternidade) e m\u00e3e-filho (maternidade).<\/p>\n<p>As divindades eg\u00edpcias est\u00e3o conectadas em uma gama complexa e mut\u00e1vel de relacionamentos. As conex\u00f5es e intera\u00e7\u00f5es de um neter com outras divindades ajudam a definir seu car\u00e1ter. Tais rela\u00e7\u00f5es foram o material base a partir do qual as alegorias eg\u00edpcias foram formadas.<\/p>\n<p>Uma distin\u00e7\u00e3o deve ser feita entre associa\u00e7\u00f5es de divindades e manifesta\u00e7\u00f5es de um princ\u00edpio neter em outros princ\u00edpios\/formas de neteru. Por exemplo, \u00e9 errado presumir que Re-Sebek seja uma associa\u00e7\u00e3o de duas divindades. Quando percebemos o que Re REPRESENTA, ent\u00e3o podemos descobrir que Re-Sebek \u00e9 a manifesta\u00e7\u00e3o da for\u00e7a de cria\u00e7\u00e3o [ser Re] na forma\/aspecto de Sebek. Como mencionado anteriormente, o <em>Ladainha de R\u00e9 <\/em>mostra sua manifesta\u00e7\u00e3o em 75 formas\/aspectos.<\/p>\n<p>As combina\u00e7\u00f5es sin\u00e9rgicas n\u00e3o eram permanentes. Um neter\/netert envolvido em uma combina\u00e7\u00e3o continuou a aparecer separadamente e formou novas combina\u00e7\u00f5es com outras divindades.<\/p>\n<p>As sinergias combinadas s\u00e3o encontradas basicamente em combina\u00e7\u00f5es duais, triplas, \u00f3ctades e eneadas, a serem detalhadas a seguir:<\/p>\n<p>&nbsp;<\/p>\n<h3><span style=\"color: #ff0000;\"><strong>2. Dualidades<\/strong><\/span><\/h3>\n<p>A natureza dual universal da cria\u00e7\u00e3o manifesta-se em diversas aplica\u00e7\u00f5es, conforme identificado no Antigo Egito. Cada aspecto dualizante do processo de cria\u00e7\u00e3o \u00e9 representado por dois atributos divinos \u2013 neteru. Dependendo de cada aspecto espec\u00edfico, o neteru dualizante [mas sempre uma combina\u00e7\u00e3o solar e lunar] pode ser:<\/p>\n<p style=\"padding-left: 30px;\">\u2013 Uma f\u00eamea e um macho<br \/>\n\u2013 2 f\u00eameas<br \/>\n\u2013 2 machos<br \/>\n\u2013 2 metades unissex<\/p>\n<p>Algumas dualidades foram discutidas ao longo deste livro. Para informa\u00e7\u00f5es detalhadas, leia <em>Cosmologia Eg\u00edpcia: O Universo Animado <\/em>[Terceira Edi\u00e7\u00e3o] de Moustafa Gadalla, onde voc\u00ea encontrar\u00e1 uma discuss\u00e3o detalhada de diversas dualidades; sendo as tr\u00eas \u00e1reas distintivas:<\/p>\n<p style=\"padding-left: 30px;\"><strong>A. Cria\u00e7\u00e3o \u2013 Aspectos Formativos<\/strong><br \/>\n\u2013 Dualidades de g\u00eanero g\u00eameo pr\u00e9-cria\u00e7\u00e3o<br \/>\n\u2013 Shu e Tefnut \u2013 Os Fazedores de Bolhas<br \/>\n\u2013 \u00cdsis e N\u00e9ftis \u2013 Irm\u00e3s G\u00eameas<br \/>\n\u2013 Maati<br \/>\n\u2013 R\u00e9 e Thoth<br \/>\n\u2013 \u00cdsis e Os\u00edris \u2013 A Dupla Din\u00e2mica<br \/>\n\u2013 Seth - incluindo com Maat com H\u00f3rus com Os\u00edris e Ptah<\/p>\n<p style=\"padding-left: 30px;\"><strong>B. Aspectos da Unifica\u00e7\u00e3o<\/strong><br \/>\n\u2013 As \u201cDuas Plantas\u201d<br \/>\n\u2013 H\u00f3rus e Thoth<br \/>\n\u2013 Dois Hapis [unissex]<br \/>\n\u2013 Qareens das Duas Terras<\/p>\n<p style=\"padding-left: 30px;\"><strong>C. Aspectos C\u00edclicos<\/strong><br \/>\n\u2013 Os\u00edris e H\u00f3rus<br \/>\n\u2013 R\u00e9 e Os\u00edris<br \/>\n\u2013 Aker \u2013 Le\u00f5es G\u00eameos<\/p>\n<p>&nbsp;<\/p>\n<h3><span style=\"color: #ff0000;\"><strong>3. Trindades<\/strong><\/span><\/h3>\n<p>Os Antigos Eg\u00edpcios reconheceram o significado da trindade no processo de cria\u00e7\u00e3o. Como tal, os textos eg\u00edpcios antigos traduziam a trindade como uma unidade expressa pelo pronome singular - s\u00e3o os Tr\u00eas que s\u00e3o Dois que s\u00e3o Um.<\/p>\n<p>Os princ\u00edpios da cria\u00e7\u00e3o s\u00e3o unidade, dualidade e trindade. Isto fica claro no antigo papiro eg\u00edpcio conhecido como <em>Papiro Bremner-Rhind<\/em>:<\/p>\n<p style=\"padding-left: 30px;\">&#8220;<strong><em>Depois de se tornar um neter <\/em><\/strong>(Deus)<strong><em>, havia [agora] tr\u00eas neteru <\/em><\/strong>(deuses, deusas)<strong> <em>em mim \u2026&quot;<\/em><\/strong>\u2014referindo-se \u00e0 tr\u00edade de Atum e ao dual Shu-e Tefnut.<\/p>\n<p>As v\u00e1rias trindades est\u00e3o relacionadas \u00e0s diversas naturezas da dualidade dentro de cada trindade.<\/p>\n<p>Algumas trindades foram discutidas ao longo deste livro. Para exemplos mais detalhados, leia <em>Cosmologia Eg\u00edpcia: O Universo Animado <\/em>[Terceira Edi\u00e7\u00e3o] por Moustafa Gadalla.<\/p>\n<p>&nbsp;<\/p>\n<h3><span style=\"color: #ff0000;\"><strong>4. Ogd\u00f3ades<\/strong><\/span><\/h3>\n<p>No n\u00famero 8, encontramos o ser humano criado \u00e0 imagem de Deus, o Primeiro Princ\u00edpio. Nossa exist\u00eancia terrena no 8\u00ba reino \u00e9 uma replica\u00e7\u00e3o e n\u00e3o uma duplica\u00e7\u00e3o \u2013 uma oitava. Uma oitava \u00e9 o estado futuro do passado. A continua\u00e7\u00e3o da cria\u00e7\u00e3o \u00e9 uma s\u00e9rie de replica\u00e7\u00f5es \u2013 oitavas. Oito, ent\u00e3o, corresponde ao mundo f\u00edsico manifestado tal como o experienciamos.<\/p>\n<p>No Egito, o conhecido texto <em>Caix\u00e3o de Petamon <\/em>[Artigo do Museu do Cairo n\u00ba. 1160] afirma:<\/p>\n<p style=\"padding-left: 30px;\"><strong><em>Eu sou Um que se torna Dois,<\/em><\/strong><br \/>\n<strong><em>que se torna Quatro,<\/em><\/strong><br \/>\n<strong><em>que se torna Oito,<\/em><\/strong><br \/>\n<strong><em>e ent\u00e3o eu sou Um novamente.<\/em><\/strong><\/p>\n<p>Esta nova unidade (Um novamente) n\u00e3o \u00e9 id\u00eantica, mas an\u00e1loga, \u00e0 primeira unidade (Eu sou Um). A velha unidade j\u00e1 n\u00e3o existe, uma nova unidade tomou o seu lugar: O Rei est\u00e1 Morto, Viva o Rei. \u00c9 uma renova\u00e7\u00e3o ou autorreplica\u00e7\u00e3o. E para explicar o princ\u00edpio da autorreplica\u00e7\u00e3o, s\u00e3o necess\u00e1rios 8 termos.<\/p>\n<p>Oito \u00e9 o n\u00famero de Thoth e de Khmunu (Herm\u00f3polis). Thoth (tamb\u00e9m conhecido como Hermes\/Merc\u00fario) \u00e9 chamado de <em><strong>Mestre da Cidade dos Oito<\/strong><\/em>.<\/p>\n<p>Thoth era o mensageiro dos neteru (deuses, deusas) da escrita, da linguagem e do conhecimento. Thoth deu ao homem acesso aos mist\u00e9rios do mundo manifestado, que eram simbolizados pelo n\u00famero Oito.<\/p>\n<p>Estrofe 80 do Antigo Eg\u00edpcio <em>Leiden Papiro J350 <\/em>refaz a Cria\u00e7\u00e3o contada em Khmunu (Herm\u00f3polis), que trata da Ogd\u00f3ade \u2013 o Oito Primordial que compreendeu a primeira metamorfose de Amon-Re, o misterioso e oculto que \u00e9 reconhecido como Ta-Tenen em Men-Nefer (Memphis); depois Ka-Mut-f em Ta-Apet (Tebas) \u2013 mas permanecendo o tempo todo Um.<\/p>\n<p>Portanto, a manifesta\u00e7\u00e3o da cria\u00e7\u00e3o em 8 termos est\u00e1 presente em todos os quatro centros cosmol\u00f3gicos do Antigo Egito:<\/p>\n<ul>\n<li>Em Memphis, Ptah, em suas 8 formas, criou o universo.<\/li>\n<li>Em Heli\u00f3polis, Atam criou os 8 seres divinos.<\/li>\n<li>Em Khmunu (Herm\u00f3polis), 8 neteru primitivos \u2013 o Ogdoad \u2013 criaram o universo. Eles eram a representa\u00e7\u00e3o do estado primordial do universo.<\/li>\n<li>Em Luxor (Tebas), Amon\/Amen depois de se criar em segredo, criou a Ogdoad.<\/li>\n<\/ul>\n<p>A manifesta\u00e7\u00e3o da cria\u00e7\u00e3o atrav\u00e9s de 8 termos tamb\u00e9m se reflete no processo m\u00edstico de quadratura do c\u00edrculo. [Veja os detalhes em um cap\u00edtulo anterior no que se refere \u00e0 dualidade de Re &amp; Thoth].<\/p>\n<p><span style=\"text-decoration: underline;\"><em>Dualidades de g\u00eanero g\u00eameo pr\u00e9-cria\u00e7\u00e3o<\/em><\/span><\/p>\n<p>Os textos eg\u00edpcios afirmam que Nun \u2013 o caos pr\u00e9-cria\u00e7\u00e3o \u2013 possu\u00eda caracter\u00edsticas que foram identificadas com quatro pares de poderes\/for\u00e7as primordiais. Cada par representa os g\u00eameos primordiais de duplo g\u00eanero \u2013 os aspectos masculino\/feminino.<\/p>\n<p>Os quatro machos dos pares s\u00e3o representados como sapos. As quatro f\u00eameas dos pares s\u00e3o representadas como serpentes. Os oito seres s\u00e3o representados com as pernas amarradas, indicativo de sua natureza essencial como a\u00e7\u00e3o; mas enquanto est\u00e3o no dom\u00ednio subjetivo (antes da cria\u00e7\u00e3o), eles s\u00e3o inertes. Ter as pernas amarradas representa suas energias potenciais.<\/p>\n<p>&nbsp;<\/p>\n<h3><span style=\"color: #ff0000;\"><strong>5. En\u00e9adas<\/strong><\/span><\/h3>\n<p>O n\u00famero nove marca o fim da gesta\u00e7\u00e3o e o fim de cada s\u00e9rie de n\u00fameros. Se multiplicado por qualquer outro n\u00famero, sempre se reproduz (3 x 9 = 27 e 2 + 7 = 9 ou 6 x 9 = 54 e 5 + 4 = 9 e assim por diante).<\/p>\n<p>Nove marca a transi\u00e7\u00e3o de uma escala (os n\u00fameros de 1 a 9) para uma escala superior (come\u00e7ando com 10) e, portanto, \u00e9 o n\u00famero da inicia\u00e7\u00e3o, que \u00e9 novamente semelhante ao nascimento de um beb\u00ea ap\u00f3s nove meses.<\/p>\n<p>Uma crian\u00e7a humana normalmente \u00e9 concebida, formada e nasce em nove meses; um fato que tem muito a ver com o papel e a import\u00e2ncia atribu\u00eddos ao n\u00famero nove no antigo Egito.<\/p>\n<p>Da mesma forma, o Antigo Eg\u00edpcio refere-se a um grupo de nove divindades como uma unidade \u2013 sendo uma En\u00e9ada. Como afirmado anteriormente, descobrimos que j\u00e1 h\u00e1 pelo menos 5.000 anos, os Textos das Pir\u00e2mides revelam a exist\u00eancia de tr\u00eas companhias de deuses, e cada companhia consistia em 9 neteru (deuses, deusas).<\/p>\n<p>Os textos eg\u00edpcios falam de tr\u00eas En\u00e9adas \u2013 cada uma representando uma fase do ciclo da cria\u00e7\u00e3o.<\/p>\n<p>Os nove aspectos de uma En\u00e9ada n\u00e3o s\u00e3o uma sequ\u00eancia, mas uma unidade \u2013 interpenetrando, interagindo e interligados.<\/p>\n<p>[Para mais informa\u00e7\u00f5es sobre o misticismo dos n\u00fameros no Egito, leia <span style=\"color: #ff0000;\"><em>Cosmologia Eg\u00edpcia: O Universo Animado <\/em>por Moustafa Gadalla<\/span>.]<\/p>\n<p>&nbsp;<\/p>\n<p><strong><span style=\"color: #ff0000;\">[Um trecho de <\/span>Divindades Eg\u00edpcias: Todos Que S\u00e3o O \u00danico, 2\u00aa Edi\u00e7\u00e3o<span style=\"color: #ff0000;\"> por Moustafa Gadalla]<br \/>\n<a href=\"https:\/\/egyptianwisdomcenter.org\/pt\/produto\/divindades-egipcias-todos-os-que-sao-a-unica-2a-edicao\/\"><span style=\"color: #0000ff;\">https:\/\/egyptianwisdomcenter.org\/product\/egyptian-divinities-the-all-who-are-the-one-2nd-edition\/<\/span><\/a><br \/>\n<\/span><\/strong><\/p>\n<p><img decoding=\"async\" class=\"aligncenter\" src=\"https:\/\/books2read-prod.s3.amazonaws.com\/CACHE\/images\/ubl_book_images\/book_display_image_qOuT56H\/40d95446cc17340ec7b02939eaa44c10\" \/><\/p>\n<div dir=\"auto\">\n<div dir=\"auto\">\n<p style=\"text-align: center;\"><a href=\"https:\/\/egyptianwisdomcenter.org\/pt\/produto\/divindades-egipcias-todos-os-que-sao-a-unica-2a-edicao\/\"><span style=\"color: #ff0000;\"><strong><span style=\"color: #0000ff;\">https:\/\/egyptianwisdomcenter.org\/product\/egyptian-divinities-the-all-who-are-the-one-2nd-edition\/<\/span><\/strong><\/span><\/a><\/p>\n<\/div>\n<\/div>","protected":false},"excerpt":{"rendered":"<p>The Archetypal Synergies &nbsp; 1. Associations And Manifestations The energies represented by the various neteru (gods\/ goddesses) rarely function individually, but are [&hellip;]<\/p>","protected":false},"author":3,"featured_media":0,"parent":0,"menu_order":0,"comment_status":"closed","ping_status":"closed","template":"","meta":{"footnotes":""},"class_list":["post-140","page","type-page","status-publish","hentry"],"aioseo_notices":[],"_links":{"self":[{"href":"https:\/\/egyptianwisdomcenter.org\/pt\/wp-json\/wp\/v2\/pages\/140","targetHints":{"allow":["GET"]}}],"collection":[{"href":"https:\/\/egyptianwisdomcenter.org\/pt\/wp-json\/wp\/v2\/pages"}],"about":[{"href":"https:\/\/egyptianwisdomcenter.org\/pt\/wp-json\/wp\/v2\/types\/page"}],"author":[{"embeddable":true,"href":"https:\/\/egyptianwisdomcenter.org\/pt\/wp-json\/wp\/v2\/users\/3"}],"replies":[{"embeddable":true,"href":"https:\/\/egyptianwisdomcenter.org\/pt\/wp-json\/wp\/v2\/comments?post=140"}],"version-history":[{"count":0,"href":"https:\/\/egyptianwisdomcenter.org\/pt\/wp-json\/wp\/v2\/pages\/140\/revisions"}],"wp:attachment":[{"href":"https:\/\/egyptianwisdomcenter.org\/pt\/wp-json\/wp\/v2\/media?parent=140"}],"curies":[{"name":"wp","href":"https:\/\/api.w.org\/{rel}","templated":true}]}}