{"id":144,"date":"2018-10-30T00:00:00","date_gmt":"2018-10-30T04:00:00","guid":{"rendered":"http:\/\/egyptianwisdomcenter.org\/the-spitting-image-of-the-one-shu-and-tef-nut\/"},"modified":"2023-01-02T01:23:18","modified_gmt":"2023-01-02T06:23:18","slug":"the-spitting-image-of-the-one-shu-and-tef-nut","status":"publish","type":"page","link":"https:\/\/egyptianwisdomcenter.org\/pt\/a-imagem-cuspida-de-um-shu-e-tef-nut\/","title":{"rendered":"A imagem cuspida do \u00fanico - Shu e Tef-nut"},"content":{"rendered":"<h2 style=\"text-align: center;\"><span style=\"color: #ff0000;\"><strong>A imagem cuspida do \u00fanico - Shu e Tef-nut<\/strong><\/span><\/h2>\n<p>&nbsp;<\/p>\n<p>O dual Shu e Tefnut representa o ato inicial de cria\u00e7\u00e3o formando a bolha universal. O par de Shu e Tefnut representado como marido e mulher \u00e9 a forma caracteristicamente eg\u00edpcia de expressar dualidade e polaridade. Esta dupla natureza manifestou-se nos textos e tradi\u00e7\u00f5es do Antigo Egito, de acordo com achados arqueol\u00f3gicos recuperados.<\/p>\n<p>Os textos mais antigos do Imp\u00e9rio Antigo, nomeadamente os Textos das Pir\u00e2mides \u00a71652, expressam a natureza dual:<\/p>\n<p style=\"padding-left: 30px;\"><strong><em>\u2026e embora voc\u00ea tenha cuspido como Shu, e tenha cuspido como Tefnut.<\/em><\/strong><\/p>\n<p>Esta \u00e9 uma analogia muito poderosa porque usamos o termo\u201cimagem cuspida\u201d para significar <em>exatamente como a origem<\/em>.<\/p>\n<p>O antigo conceito eg\u00edpcio de universo \u00e9 como uma caixa. A primeira coisa que o Divino criou foi uma esp\u00e9cie de bolha no que de outra forma seria um oceano infinito de \u00e1gua. O c\u00e9u \u00e9 a pele do oceano infinito que cont\u00e9m o que chamamos de atmosfera, que foi causada por duas for\u00e7as que os Antigos Eg\u00edpcios chamavam de Shu e Tefnut. Tanto Shu (calor) quanto Tefnut (\u00e1gua\/umidade) significam &#039;atmosfera&#039;. Nun (o oceano c\u00f3smico pr\u00e9-cria\u00e7\u00e3o) \u00e9 a raiz a partir da qual Shu e Tefnut foram criados.<\/p>\n<p><a href=\"http:\/\/egyptianwisdomcenter.org\/wp-content\/uploads\/2019\/02\/tefnut-shu.png\"><img decoding=\"async\" class=\"size-full wp-image-365 aligncenter\" src=\"http:\/\/egyptianwisdomcenter.org\/wp-content\/uploads\/2019\/02\/tefnut-shu.png\" alt=\"\" width=\"184\" height=\"196\" \/><\/a><\/p>\n<p>Calor (Shu) e \u00e1gua (Tefnut) s\u00e3o os dois fatores modeladores mais universais das formas de vida. Estes termos correspondem ao fogo (calor) e \u00e0 umidade, respectivamente, e devem ser entendidos como met\u00e1foras e correspond\u00eancias reais para as qualidades abstratas que representam. Shu, representado por fogo, ar e calor, corresponde \u00e0 qualidade de expansividade, ascens\u00e3o, for\u00e7as centr\u00edfugas, positivas, masculinas, extrovertidas, extrovers\u00e3o externa, etc.<\/p>\n<p>Tefnut, representado pela umidade e base material objetiva da manifesta\u00e7\u00e3o (Nut, o sufixo), corresponde \u00e0 contra\u00e7\u00e3o, movimento descendente, for\u00e7as centr\u00edpetas, negativas, femininas, receptivas, internas, introspec\u00e7\u00e3o, etc.<\/p>\n<p>O conceito do Antigo Egito acima concorda com os cientistas modernos, que nos dizem que as gal\u00e1xias est\u00e3o sujeitas, agora, principalmente a duas for\u00e7as opostas: 1) as for\u00e7as de expuls\u00e3o, que fazem com que todas as gal\u00e1xias se afastem de n\u00f3s; e 2) as for\u00e7as gravitacionais\/contracionais, que unem as gal\u00e1xias.<\/p>\n<p>&nbsp;<\/p>\n<p><strong><span style=\"color: #ff0000;\">[Um trecho de <\/span>Cosmologia Eg\u00edpcia: O Universo Animado, Terceira Edi\u00e7\u00e3o por Moustafa Gadalla<span style=\"color: #ff0000;\">]<br \/>\n<a href=\"https:\/\/egyptianwisdomcenter.org\/pt\/produto\/egyptian-cosmology-the-animated-universe-third-edition\/\"><span style=\"color: #0000ff;\">https:\/\/egyptianwisdomcenter.org\/product\/a-cosmologia-egipcia\/<\/span><\/a><\/span><\/strong><\/p>\n<p><img decoding=\"async\" class=\"aligncenter\" src=\"https:\/\/egyptianwisdomcenter.org\/wp-content\/uploads\/2023\/01\/a-cosmologia-egipcia.jpg\" \/><\/p>\n<div dir=\"auto\">\n<p style=\"text-align: center;\"><a href=\"https:\/\/egyptianwisdomcenter.org\/pt\/produto\/egyptian-cosmology-the-animated-universe-third-edition\/\"><strong><span style=\"color: #ff0000;\"><span style=\"color: #0000ff;\">https:\/\/egyptianwisdomcenter.org\/product\/a-cosmologia-egipcia\/<\/span><\/span><\/strong><\/a><\/p>\n<\/div>\n<div dir=\"auto\">\n<p style=\"text-align: center;\">\n<\/div>","protected":false},"excerpt":{"rendered":"<p>The Spitting Image Of The One &#8211; Shu And Tef-nut &nbsp; The dual Shu and Tefnut represent the initial act of creation [&hellip;]<\/p>","protected":false},"author":3,"featured_media":0,"parent":0,"menu_order":0,"comment_status":"closed","ping_status":"closed","template":"","meta":{"footnotes":""},"class_list":["post-144","page","type-page","status-publish","hentry"],"aioseo_notices":[],"_links":{"self":[{"href":"https:\/\/egyptianwisdomcenter.org\/pt\/wp-json\/wp\/v2\/pages\/144","targetHints":{"allow":["GET"]}}],"collection":[{"href":"https:\/\/egyptianwisdomcenter.org\/pt\/wp-json\/wp\/v2\/pages"}],"about":[{"href":"https:\/\/egyptianwisdomcenter.org\/pt\/wp-json\/wp\/v2\/types\/page"}],"author":[{"embeddable":true,"href":"https:\/\/egyptianwisdomcenter.org\/pt\/wp-json\/wp\/v2\/users\/3"}],"replies":[{"embeddable":true,"href":"https:\/\/egyptianwisdomcenter.org\/pt\/wp-json\/wp\/v2\/comments?post=144"}],"version-history":[{"count":0,"href":"https:\/\/egyptianwisdomcenter.org\/pt\/wp-json\/wp\/v2\/pages\/144\/revisions"}],"wp:attachment":[{"href":"https:\/\/egyptianwisdomcenter.org\/pt\/wp-json\/wp\/v2\/media?parent=144"}],"curies":[{"name":"wp","href":"https:\/\/api.w.org\/{rel}","templated":true}]}}