{"id":146,"date":"2018-10-30T00:00:00","date_gmt":"2018-10-30T04:00:00","guid":{"rendered":"http:\/\/egyptianwisdomcenter.org\/the-duality-of-ra-and-osiris\/"},"modified":"2023-01-02T01:24:08","modified_gmt":"2023-01-02T06:24:08","slug":"the-duality-of-ra-and-osiris-2","status":"publish","type":"page","link":"https:\/\/egyptianwisdomcenter.org\/pt\/a-dualidade-de-ra-e-osiris-2\/","title":{"rendered":"A dualidade de Ra e Os\u00edris"},"content":{"rendered":"<h2 style=\"text-align: center;\"><span style=\"color: #ff0000;\"><strong>A dualidade de Ra e Os\u00edris<\/strong><\/span><\/h2>\n<p>&nbsp;<\/p>\n<p>Os textos eg\u00edpcios referem-se a Re e Os\u00edris como os <em>Almas G\u00eameas.<\/em><\/p>\n<p>Etimologicamente, a rela\u00e7\u00e3o entre Re\/Ra e Os\u00edris torna-se evidente. A palavra eg\u00edpcia para Os\u00edris \u00e9 Aus-Ra.<\/p>\n<p>A palavra Aus significa <em>o poder de<\/em>, ou <em>a raiz de<\/em>. Como tal, o nome Ausar consiste em duas partes: Aus-Ra, que significa <em>o poder de R\u00e1<\/em>, significando o <em>renascimento de R\u00e1.<\/em><\/p>\n<p>O ciclo perp\u00e9tuo de exist\u00eancia \u2013 o ciclo de vida e morte \u2013 \u00e9 simbolizado por Ra (Re) e Ausar (Os\u00edris). Ra \u00e9 o neter vivo que desce \u00e0 morte para se tornar Ausar, o neter dos mortos. Ausar ascende e ganha vida novamente como R\u00e1. A cria\u00e7\u00e3o \u00e9 cont\u00ednua: \u00e9 um fluxo de vida que progride em dire\u00e7\u00e3o \u00e0 morte. Mas da morte, um novo R\u00e1 nascer\u00e1, brotando uma nova vida. Ra \u00e9 o princ\u00edpio c\u00f3smico da energia que se move em dire\u00e7\u00e3o \u00e0 morte, e Ausar representa o processo de renascimento. Assim, os termos de vida e morte tornam-se intercambi\u00e1veis: vida significa morrer lentamente e morte significa ressurrei\u00e7\u00e3o para uma nova vida. O morto na morte \u00e9 identificado com Ausar, mas ele voltar\u00e1 \u00e0 vida e ser\u00e1 identificado com Ra.<\/p>\n<p>O ciclo perp\u00e9tuo de Ausar e Ra domina os textos eg\u00edpcios antigos, como:<\/p>\n<ul>\n<li>Em <em>O livro da vinda pela luz<\/em>, Ausar e Ra vivem, morrem e nascem de novo. No Submundo, as almas de Ausar e R\u00e1 se encontram [ver ilustra\u00e7\u00e3o do Papiro de Ani, abaixo] e se unem para formar uma entidade, descrita de forma t\u00e3o eloquente:<\/li>\n<\/ul>\n<p style=\"padding-left: 30px;\"><strong><em>Eu sou Suas Duas Almas em seus G\u00eameos.<\/em><\/strong><\/p>\n<p><a href=\"http:\/\/egyptianwisdomcenter.org\/wp-content\/uploads\/2019\/02\/ra-ausar.png\"><img fetchpriority=\"high\" decoding=\"async\" class=\"size-full wp-image-368 aligncenter\" src=\"http:\/\/egyptianwisdomcenter.org\/wp-content\/uploads\/2019\/02\/ra-ausar.png\" alt=\"\" width=\"341\" height=\"239\" \/><\/a><\/p>\n<p>No Cap\u00edtulo 17 de <em>O livro da vinda pela luz<\/em>, o falecido, identificado com Ausar, diz:<\/p>\n<p style=\"padding-left: 30px;\"><strong><em>Eu sou ontem, sei o amanh\u00e3.<\/em><\/strong><\/p>\n<ul>\n<li>E o coment\u00e1rio eg\u00edpcio a esta passagem explica:<\/li>\n<\/ul>\n<p style=\"padding-left: 30px;\"><em><strong>O que \u00e9 isso?\u2014Ausar \u00e9 ontem, Ra \u00e9 amanh\u00e3?<\/strong><\/em><\/p>\n<ul>\n<li>No t\u00famulo da Rainha Nefertari (esposa de Rams\u00e9s II) h\u00e1 uma conhecida representa\u00e7\u00e3o do neter solar morto (deus) como um corpo mumiforme com cabe\u00e7a de carneiro, acompanhado por uma inscri\u00e7\u00e3o, \u00e0 direita e \u00e0 esquerda:<\/li>\n<\/ul>\n<p><a href=\"http:\/\/egyptianwisdomcenter.org\/wp-content\/uploads\/2019\/02\/ec3-ch6-1-72c.jpg\"><img decoding=\"async\" class=\"wp-image-876 aligncenter\" src=\"http:\/\/egyptianwisdomcenter.org\/wp-content\/uploads\/2019\/02\/ec3-ch6-1-72c.jpg\" alt=\"\" width=\"191\" height=\"242\" \/><\/a><\/p>\n<p style=\"text-align: center;\"><strong style=\"text-align: center;\"><em>Este \u00e9 R\u00e1 que vem descansar em Ausar.<\/em><\/strong><\/p>\n<p style=\"padding-left: 30px; text-align: center;\"><strong><em>Este \u00e9 Ausar que vem descansar em R\u00e1.<\/em><\/strong><\/p>\n<ul>\n<li>A Ladainha de R\u00e9 \u00e9 basicamente uma amplia\u00e7\u00e3o detalhada de uma curta passagem do Cap\u00edtulo 17 de The <em>Livro da vinda da luz<\/em>, descrevendo a fus\u00e3o de Ausar e Ra em um <em><strong>Alma g\u00e9mea<\/strong><\/em>.<\/li>\n<li><\/li>\n<\/ul>\n<p><strong><span style=\"color: #ff0000;\">[Um trecho de <\/span>Cosmologia Eg\u00edpcia: O Universo Animado, Terceira Edi\u00e7\u00e3o por Moustafa Gadalla<span style=\"color: #ff0000;\">]<br \/>\n<a href=\"https:\/\/egyptianwisdomcenter.org\/pt\/produto\/egyptian-cosmology-the-animated-universe-third-edition\/\"><span style=\"color: #0000ff;\">https:\/\/egyptianwisdomcenter.org\/product\/a-cosmologia-egipcia\/<\/span><\/a><\/span><\/strong><\/p>\n<p><img decoding=\"async\" class=\"aligncenter\" src=\"https:\/\/egyptianwisdomcenter.org\/wp-content\/uploads\/2023\/01\/a-cosmologia-egipcia.jpg\" \/><\/p>\n<div dir=\"auto\">\n<p style=\"text-align: center;\"><a href=\"https:\/\/egyptianwisdomcenter.org\/pt\/produto\/egyptian-cosmology-the-animated-universe-third-edition\/\"><strong><span style=\"color: #ff0000;\"><span style=\"color: #0000ff;\">https:\/\/egyptianwisdomcenter.org\/product\/a-cosmologia-egipcia\/<\/span><\/span><\/strong><\/a><\/p>\n<\/div>","protected":false},"excerpt":{"rendered":"<p>The Duality Of Ra And Osiris &nbsp; Egyptian texts refer to Re and Osiris as the Twin Souls. Etymologically, the relationship between [&hellip;]<\/p>","protected":false},"author":3,"featured_media":0,"parent":0,"menu_order":0,"comment_status":"closed","ping_status":"closed","template":"","meta":{"footnotes":""},"class_list":["post-146","page","type-page","status-publish","hentry"],"aioseo_notices":[],"_links":{"self":[{"href":"https:\/\/egyptianwisdomcenter.org\/pt\/wp-json\/wp\/v2\/pages\/146","targetHints":{"allow":["GET"]}}],"collection":[{"href":"https:\/\/egyptianwisdomcenter.org\/pt\/wp-json\/wp\/v2\/pages"}],"about":[{"href":"https:\/\/egyptianwisdomcenter.org\/pt\/wp-json\/wp\/v2\/types\/page"}],"author":[{"embeddable":true,"href":"https:\/\/egyptianwisdomcenter.org\/pt\/wp-json\/wp\/v2\/users\/3"}],"replies":[{"embeddable":true,"href":"https:\/\/egyptianwisdomcenter.org\/pt\/wp-json\/wp\/v2\/comments?post=146"}],"version-history":[{"count":0,"href":"https:\/\/egyptianwisdomcenter.org\/pt\/wp-json\/wp\/v2\/pages\/146\/revisions"}],"wp:attachment":[{"href":"https:\/\/egyptianwisdomcenter.org\/pt\/wp-json\/wp\/v2\/media?parent=146"}],"curies":[{"name":"wp","href":"https:\/\/api.w.org\/{rel}","templated":true}]}}