{"id":149,"date":"2018-10-30T00:00:00","date_gmt":"2018-10-30T04:00:00","guid":{"rendered":"http:\/\/egyptianwisdomcenter.org\/the-divine-overseer-of-the-created-universe\/"},"modified":"2023-01-02T01:25:23","modified_gmt":"2023-01-02T06:25:23","slug":"the-divine-overseer-of-the-created-universe-2","status":"publish","type":"page","link":"https:\/\/egyptianwisdomcenter.org\/pt\/o-superintendente-divino-do-universo-criado-2\/","title":{"rendered":"O Divino Supervisor do Universo Criado"},"content":{"rendered":"<h2 style=\"text-align: center;\"><span style=\"color: #ff0000;\"><strong>O Divino Supervisor do Universo Criado<\/strong><\/span><\/h2>\n<p>&nbsp;<\/p>\n<p>Esta esfera 16\u00aa esfera\/letra &#039;<span style=\"text-decoration: underline;\">A.<\/span>&#039; \u00e9 o locus de manifesta\u00e7\u00e3o dos atributos do Superintendente Divino do ser criado \u2013 onisciente, onipotente e onipresente \u2013 que protege e fortalece a f\u00e9 no cora\u00e7\u00e3o para defender o mundo dos mist\u00e9rios contra as for\u00e7as das trevas.<\/p>\n<p>O s\u00edmbolo eg\u00edpcio mais caracter\u00edstico \u00e9 o olho, que desempenha muitos pap\u00e9is complexos e sutis. O olho simboliza os seguintes significados:<\/p>\n<p><span style=\"text-decoration: underline;\">Onisci\u00eancia<\/span>:\u2014Este termo refere-se \u00e0 natureza onisciente de Deus. Webster define como \u201ca qualidade de saber todas as coisas ao mesmo tempo; conhecimento universal; conhecimento ilimitado ou infinito.\u201d Em suma, Deus possui conhecimento e sabedoria superiores sobre tudo, e esse conhecimento abrange tudo.<\/p>\n<p><span style=\"text-decoration: underline;\">Onipot\u00eancia<\/span>: \u2014Este termo refere-se \u00e0 natureza todo poderosa de Deus. Olhando novamente para Webster, isso \u00e9 definido como \u201cpoder onipotente; poder ilimitado ou infinito; uma palavra estritamente aplic\u00e1vel apenas a Deus. Ele \u00e9 o Senhor todo-poderoso que criou todas as coisas e as sustenta pela Sua Palavra.<\/p>\n<p><span style=\"text-decoration: underline;\">Onipresen\u00e7a<\/span>: \u2014Este termo que se refere \u00e0 natureza ilimitada de Deus ou \u00e0 Sua capacidade de estar em todos os lugares e em todos os momentos. Baseando-nos no Webster, mais uma vez, vemos a onipresen\u00e7a definida como \u201cpresen\u00e7a em todos os lugares ao mesmo tempo; presen\u00e7a ilimitada ou universal; onipresen\u00e7a.\u201d<\/p>\n<p>&nbsp;<\/p>\n<p><span style=\"color: #ff0000;\"><strong>[Um trecho de <\/strong><\/span><strong>Alfab\u00e9tica Eg\u00edpcia: Ciclo de Letras da Cria\u00e7\u00e3o de Moustafa Gadalla<\/strong><span style=\"color: #ff0000;\"><strong>]<br \/>\n<a href=\"https:\/\/egyptianwisdomcenter.org\/pt\/produto\/egyptian-alphabetical-letters-of-creation-cycle\/\"><span style=\"color: #0000ff;\">https:\/\/egyptianwisdomcenter.org\/product\/egyptian-alphabetical-letters-of-creation-cycle\/<\/span><\/a><\/strong><\/span><\/p>\n<p><img decoding=\"async\" class=\"aligncenter\" src=\"https:\/\/books2read-prod.s3.amazonaws.com\/CACHE\/images\/ubl_book_images\/book_display_image_TJcU3M0\/80ec96c680e029339b2a4ac5fbacfe93\" \/><\/p>\n<div dir=\"auto\">\n<p style=\"text-align: center;\"><a href=\"https:\/\/egyptianwisdomcenter.org\/pt\/produto\/egyptian-alphabetical-letters-of-creation-cycle\/\"><span style=\"color: #ff0000;\"><strong><span style=\"color: #0000ff;\">https:\/\/egyptianwisdomcenter.org\/product\/egyptian-alphabetical-letters-of-creation-cycle\/<\/span><\/strong><\/span><\/a><\/p>\n<\/div>","protected":false},"excerpt":{"rendered":"<p>The Divine Overseer Of The Created Universe &nbsp; This sphere 16th sphere\/letter \u2018A.\u2018 is the locus of manifestation of the attributes of [&hellip;]<\/p>","protected":false},"author":3,"featured_media":0,"parent":0,"menu_order":0,"comment_status":"closed","ping_status":"closed","template":"","meta":{"footnotes":""},"class_list":["post-149","page","type-page","status-publish","hentry"],"aioseo_notices":[],"_links":{"self":[{"href":"https:\/\/egyptianwisdomcenter.org\/pt\/wp-json\/wp\/v2\/pages\/149","targetHints":{"allow":["GET"]}}],"collection":[{"href":"https:\/\/egyptianwisdomcenter.org\/pt\/wp-json\/wp\/v2\/pages"}],"about":[{"href":"https:\/\/egyptianwisdomcenter.org\/pt\/wp-json\/wp\/v2\/types\/page"}],"author":[{"embeddable":true,"href":"https:\/\/egyptianwisdomcenter.org\/pt\/wp-json\/wp\/v2\/users\/3"}],"replies":[{"embeddable":true,"href":"https:\/\/egyptianwisdomcenter.org\/pt\/wp-json\/wp\/v2\/comments?post=149"}],"version-history":[{"count":0,"href":"https:\/\/egyptianwisdomcenter.org\/pt\/wp-json\/wp\/v2\/pages\/149\/revisions"}],"wp:attachment":[{"href":"https:\/\/egyptianwisdomcenter.org\/pt\/wp-json\/wp\/v2\/media?parent=149"}],"curies":[{"name":"wp","href":"https:\/\/api.w.org\/{rel}","templated":true}]}}