{"id":153,"date":"2018-10-30T00:00:00","date_gmt":"2018-10-30T04:00:00","guid":{"rendered":"http:\/\/egyptianwisdomcenter.org\/anubis-the-dog\/"},"modified":"2023-10-20T10:10:19","modified_gmt":"2023-10-20T14:10:19","slug":"anubis-the-dog-2","status":"publish","type":"page","link":"https:\/\/egyptianwisdomcenter.org\/pt\/anubis-o-cachorro-2\/","title":{"rendered":"An\u00fabis, o cachorro"},"content":{"rendered":"<h2 style=\"text-align: center;\"><span style=\"color: #ff0000;\"><strong>An\u00fabis, o cachorro<\/strong><\/span><\/h2>\n<h4 style=\"text-align: center;\"><span style=\"color: #0000ff;\"><strong>An\u00fabis (Anbu, Ubuat, Web-Wawet)<\/strong><\/span><\/h4>\n<p>&nbsp;<\/p>\n<p>An\u00fabis representa o princ\u00edpio divino do senso de dire\u00e7\u00e3o correto.<\/p>\n<p>O c\u00e3o incorpora a ess\u00eancia da orienta\u00e7\u00e3o espiritual. An\u00fabis \u00e9 frequentemente mostrado como um cachorro\/chacal ou como uma figura humana com cabe\u00e7a de cachorro\/chacal. O c\u00e3o\/chacal \u00e9 famoso por seu instinto confi\u00e1vel de retorno, dia ou noite. O c\u00e3o \u00e9 muito \u00fatil nas buscas, sendo o animal de elei\u00e7\u00e3o para guiar os cegos. Como tal, \u00e9 uma excelente escolha para guiar a alma do falecido pelas regi\u00f5es do Duat.<\/p>\n<p><a href=\"http:\/\/egyptianwisdomcenter.org\/wp-content\/uploads\/2019\/02\/ed-ch10-photo1-96c.jpg\"><img fetchpriority=\"high\" decoding=\"async\" class=\"size-medium wp-image-926 aligncenter\" src=\"http:\/\/egyptianwisdomcenter.org\/wp-content\/uploads\/2019\/02\/ed-ch10-photo1-96c-300x217.jpg\" alt=\"\" width=\"300\" height=\"217\" \/><\/a><\/p>\n<p>Esta express\u00e3o simb\u00f3lica de profunda compreens\u00e3o espiritual foi apresentada em duas formas principais para An\u00fabis: humana com cabe\u00e7a de animal ou uma forma animal pura, como vemos aqui.<\/p>\n<p><a href=\"http:\/\/egyptianwisdomcenter.org\/wp-content\/uploads\/2019\/02\/AE-20-011-1.gif\"><img decoding=\"async\" class=\"size-medium wp-image-550 aligncenter\" src=\"http:\/\/egyptianwisdomcenter.org\/wp-content\/uploads\/2019\/02\/AE-20-011-1-230x300.gif\" alt=\"\" width=\"230\" height=\"300\" \/><\/a><\/p>\n<p>Quando um animal total \u00e9 apresentado no Antigo Egito, ele representa uma fun\u00e7\u00e3o\/atributo particular em sua forma mais pura.<\/p>\n<p><a href=\"http:\/\/egyptianwisdomcenter.org\/wp-content\/uploads\/2019\/02\/aecr-ch3-3-72c-1-copy.jpg\"><img decoding=\"async\" class=\"size-full wp-image-1046 aligncenter\" src=\"http:\/\/egyptianwisdomcenter.org\/wp-content\/uploads\/2019\/02\/aecr-ch3-3-72c-1-copy.jpg\" alt=\"\" width=\"166\" height=\"127\" \/><\/a><\/p>\n<p>Quando uma figura com cabe\u00e7a de animal \u00e9 apresentada, ela transmite aquela fun\u00e7\u00e3o\/atributo espec\u00edfico do ser humano.<\/p>\n<p>V\u00e1rios atributos associados est\u00e3o todos relacionados ao c\u00e3o. Existem diversas formas de c\u00e3es\/chacais, mostradas em diversas posi\u00e7\u00f5es em diversos contextos. O atributo espec\u00edfico ser\u00e1 determinado pelo contexto.<\/p>\n<p>Apresentaremos uma vis\u00e3o geral das fun\u00e7\u00f5es de Anubis como:<\/p>\n<p style=\"padding-left: 30px;\">\u2013 O localizador de caminhos<br \/>\n\u2013 A dieta alquimista<br \/>\n\u2013 O descobridor da verdade<\/p>\n<p>\u2013 Em nosso retorno \u00e0 nossa origem divina, cada um de n\u00f3s precisa de um guia\/anjo-guia em quem possamos confiar para nos guiar na dire\u00e7\u00e3o certa. Este Path Finder \u00e9 An\u00fabis, que representa o senso de dire\u00e7\u00e3o correto \u2013 o Guia Divino. O Path Finder est\u00e1 incorporado em An\u00fabis como um C\u00e3o. DoG \u00e9 o inverso do GoD \u2013 do mundo da mat\u00e9ria para o mundo do esp\u00edrito. O c\u00e3o\/chacal \u00e9 famoso por seu instinto confi\u00e1vel de retorno, dia ou noite. Como tal, \u00e9 uma excelente escolha para guiar a alma do falecido pelas regi\u00f5es do Duat.<\/p>\n<p>\u2013 O papel metaf\u00edsico de An\u00fabis, o c\u00e3o, reflete-se na sua dieta. O c\u00e3o\/chacal se alimenta de carni\u00e7a, transformando-a em alimento ben\u00e9fico. Em outras palavras, An\u00fabis representa a capacidade de transformar res\u00edduos em alimentos \u00fateis para o corpo (e para a alma), como na forma alqu\u00edmica de transformar chumbo em ouro.<\/p>\n<p>\u2013 O sentimento absoluto de lealdade est\u00e1 corporificado no c\u00e3o, que \u00e9 retratado conduzindo a alma do falecido na Sala do Julgamento onde tamb\u00e9m garante precis\u00e3o no processo simb\u00f3lico de pesagem do cora\u00e7\u00e3o. An\u00fabis representa o senso correto de dire\u00e7\u00e3o em tudo o que fazemos, lealdade absoluta e a capacidade de transformar chumbo (carni\u00e7a) em ouro (dignidade).<\/p>\n<p>\u2013 An\u00fabis tamb\u00e9m representa o Descobridor da Verdade. Na Alegoria \u00cdsis\/Os\u00edris, \u00e9 An\u00fabis quem ajuda \u00cdsis a encontrar os peda\u00e7os espalhados de Os\u00edris, como <em>o Manifestador da Verdade.<\/em><\/p>\n<p>Encontrar os peda\u00e7os quebrados para uni-los \u00e9 a ess\u00eancia da Religi\u00e3o. A origem da palavra Re-ligio-n \u00e9 o \u201clatim\u201d <em>Religi\u00e3o<\/em>, que significa <em>unir<\/em>.<\/p>\n<p style=\"text-align: center;\"><strong>&#8212;&#8212;&#8212;&#8212;&#8212;<\/strong><\/p>\n<h3><span style=\"color: #ff0000;\"><strong>An\u00fabis como a estrela canina<\/strong><\/span><\/h3>\n<p>Apresentaremos uma vis\u00e3o geral das fun\u00e7\u00f5es de Anubis como:<\/p>\n<p style=\"padding-left: 30px;\">a. A estrela de \u00cdsis \u2013 A Grande Provedora<br \/>\nb. O ponto de origem no calend\u00e1rio eg\u00edpcio<\/p>\n<p><strong>a.<\/strong> An\u00fabis, como a Estrela do C\u00e3o, \u00e9 sempre mostrado liderando as arcas em suas viagens em dire\u00e7\u00e3o ao Divino. Como tal, An\u00fabis representa o Guia Divino.<\/p>\n<p>Sirius, a Estrela C\u00e3o, \u00e9 a morada da m\u00e3e universal \u00cdsis.<\/p>\n<p>Durante os per\u00edodos muito remotos da hist\u00f3ria do Antigo Egito, \u00cdsis foi associada \u00e0 estrela Sabt (Sirius), a estrela mais brilhante do c\u00e9u, que era chamada, como ela, de Grande Provedora; e cujo aumento anual deu in\u00edcio \u00e0 inunda\u00e7\u00e3o do Nilo.<\/p>\n<p><strong>b.<\/strong> O calend\u00e1rio engenhoso e muito preciso do Egito baseava-se na observa\u00e7\u00e3o e no estudo dos movimentos de Sirius no c\u00e9u. Este fato \u00e9 claramente reconhecido no dicion\u00e1rio Webster, que define o ano S\u00f3tico (Sabt em eg\u00edpcio) como:<\/p>\n<ul>\n<li>de ter a ver com Sirius, a Estrela C\u00e3o.<\/li>\n<li>Designando ou de um ciclo ou per\u00edodo de tempo do Antigo Egito baseado em um ano fixo.<\/li>\n<\/ul>\n<p>Os antigos eg\u00edpcios sabiam que o ano inteiro durava pouco mais de 365\u00bc dias. A Terra leva 365,25636 dias para completar uma revolu\u00e7\u00e3o ao redor do Sol \u2013 e essa foi\/\u00e9 a dura\u00e7\u00e3o do Ano S\u00f3tico Eg\u00edpcio. [Mais detalhes podem ser encontrados em <em>Cultura Eg\u00edpcia Antiga Revelada <\/em>por Moustafa Gadalla.]<\/p>\n<p>Deixe que os atributos de An\u00fabis dentro de voc\u00ea o guiem na dire\u00e7\u00e3o certa.<\/p>\n<p>&nbsp;<\/p>\n<p><strong><span style=\"color: #ff0000;\">[Um trecho de <\/span>Divindades Eg\u00edpcias: Todos Que S\u00e3o O \u00danico, 2\u00aa Edi\u00e7\u00e3o por Moustafa Gadalla<span style=\"color: #ff0000;\">]<br \/>\n<a href=\"https:\/\/egyptianwisdomcenter.org\/pt\/produto\/divindades-egipcias-todos-os-que-sao-a-unica-2a-edicao\/\"><span style=\"color: #0000ff;\">https:\/\/egyptianwisdomcenter.org\/product\/egyptian-divinities-the-all-who-are-the-one-2nd-edition\/<\/span><\/a><\/span><\/strong><\/p>\n<p><img decoding=\"async\" class=\"aligncenter\" src=\"https:\/\/books2read-prod.s3.amazonaws.com\/CACHE\/images\/ubl_book_images\/book_display_image_qOuT56H\/40d95446cc17340ec7b02939eaa44c10\" \/><\/p>\n<div dir=\"auto\">\n<div dir=\"auto\">\n<p style=\"text-align: center;\"><a href=\"https:\/\/egyptianwisdomcenter.org\/pt\/produto\/divindades-egipcias-todos-os-que-sao-a-unica-2a-edicao\/\"><strong><span style=\"color: #ff0000;\"><span style=\"color: #0000ff;\">https:\/\/egyptianwisdomcenter.org\/product\/egyptian-divinities-the-all-who-are-the-one-2nd-edition\/<\/span><\/span><\/strong><\/a><\/p>\n<\/div>\n<\/div>","protected":false},"excerpt":{"rendered":"<p>Anubis, The Dog Anubis (Anbu, Ubuat, Web-Wawet) &nbsp; Anubis represents the divine principle of the right sense of direction. The dog embodies [&hellip;]<\/p>","protected":false},"author":3,"featured_media":0,"parent":0,"menu_order":0,"comment_status":"closed","ping_status":"closed","template":"","meta":{"footnotes":""},"class_list":["post-153","page","type-page","status-publish","hentry"],"aioseo_notices":[],"_links":{"self":[{"href":"https:\/\/egyptianwisdomcenter.org\/pt\/wp-json\/wp\/v2\/pages\/153","targetHints":{"allow":["GET"]}}],"collection":[{"href":"https:\/\/egyptianwisdomcenter.org\/pt\/wp-json\/wp\/v2\/pages"}],"about":[{"href":"https:\/\/egyptianwisdomcenter.org\/pt\/wp-json\/wp\/v2\/types\/page"}],"author":[{"embeddable":true,"href":"https:\/\/egyptianwisdomcenter.org\/pt\/wp-json\/wp\/v2\/users\/3"}],"replies":[{"embeddable":true,"href":"https:\/\/egyptianwisdomcenter.org\/pt\/wp-json\/wp\/v2\/comments?post=153"}],"version-history":[{"count":1,"href":"https:\/\/egyptianwisdomcenter.org\/pt\/wp-json\/wp\/v2\/pages\/153\/revisions"}],"predecessor-version":[{"id":68341,"href":"https:\/\/egyptianwisdomcenter.org\/pt\/wp-json\/wp\/v2\/pages\/153\/revisions\/68341"}],"wp:attachment":[{"href":"https:\/\/egyptianwisdomcenter.org\/pt\/wp-json\/wp\/v2\/media?parent=153"}],"curies":[{"name":"wp","href":"https:\/\/api.w.org\/{rel}","templated":true}]}}