{"id":161,"date":"2018-10-30T00:00:00","date_gmt":"2018-10-30T04:00:00","guid":{"rendered":"http:\/\/egyptianwisdomcenter.org\/baboon\/"},"modified":"2023-10-20T10:11:01","modified_gmt":"2023-10-20T14:11:01","slug":"baboon","status":"publish","type":"page","link":"https:\/\/egyptianwisdomcenter.org\/pt\/babuino-2\/","title":{"rendered":"Babu\u00edno"},"content":{"rendered":"<h2 style=\"text-align: center;\"><span style=\"color: #ff0000;\"><strong>Babu\u00edno<\/strong><\/span><\/h2>\n<p>&nbsp;<\/p>\n<p>O babu\u00edno representa o ponto de partida de um Ciclo (um ciclo de cria\u00e7\u00e3o ou um ciclo di\u00e1rio).<\/p>\n<p>O babu\u00edno representa extremamente bem esse ponto de in\u00edcio. O babu\u00edno \u00e9 quase humano; e como tal, representa este momento crucial que antecede o despertar do sol.<\/p>\n<p>O babu\u00edno emite um som crepitante ao amanhecer, o ponto de in\u00edcio.<\/p>\n<p>Nesse papel, o babu\u00edno est\u00e1 associado a Thoth [Tehuti] \u2013 o intermedi\u00e1rio divino entre o metaf\u00edsico (a escurid\u00e3o antes do anoitecer) e o F\u00edsico (\u00e0 medida que a luz surge).<\/p>\n<p>Nas antigas tradi\u00e7\u00f5es eg\u00edpcias, as palavras de Re (Ra), reveladas atrav\u00e9s de Thoth (Hermes, Merc\u00fario), tornaram-se as coisas e criaturas deste mundo; isto \u00e9, as palavras (significando energias sonoras) criaram as formas no universo. Como tal, Thoth representa o elo entre o metaf\u00edsico (extra-humano) e o f\u00edsico (terrestre). Tal liga\u00e7\u00e3o de Thoth representa o amanhecer e, portanto, Thoth est\u00e1 relacionado ao babu\u00edno.<\/p>\n<p>O babu\u00edno \u00e9 geralmente retratado sentado, esperando pelo Momento Zero,<\/p>\n<p><a href=\"http:\/\/egyptianwisdomcenter.org\/wp-content\/uploads\/2019\/02\/ed-ch9-photo1-96c.jpg\"><img fetchpriority=\"high\" decoding=\"async\" class=\"size-medium wp-image-897 aligncenter\" src=\"http:\/\/egyptianwisdomcenter.org\/wp-content\/uploads\/2019\/02\/ed-ch9-photo1-96c-179x300.jpg\" alt=\"\" width=\"179\" height=\"300\" \/><\/a><\/p>\n<p>ou levantando-se, saudando a chegada de um novo ciclo.<\/p>\n<p><a href=\"http:\/\/egyptianwisdomcenter.org\/wp-content\/uploads\/2019\/02\/ed-ch9-photo2-96c.jpg\"><img decoding=\"async\" class=\"size-medium wp-image-898 aligncenter\" src=\"http:\/\/egyptianwisdomcenter.org\/wp-content\/uploads\/2019\/02\/ed-ch9-photo2-96c-167x300.jpg\" alt=\"\" width=\"167\" height=\"300\" \/><\/a><\/p>\n<p>Consistente com o papel do babu\u00edno, descobrimos que um dos quatro Disc\u00edpulos de H\u00f3rus tem cabe\u00e7a de babu\u00edno. Seu papel \u00e9 zelar pelo quadrante Oriental \u2013 a regi\u00e3o onde surge a cria\u00e7\u00e3o nova\/renovada.<\/p>\n<p><a href=\"https:\/\/trfed2.pressbooks.com\/wp-content\/uploads\/sites\/42625\/2015\/11\/uncg-31c-Ani-008c-263x300.gif\"><img decoding=\"async\" class=\"aligncenter wp-image-517\" src=\"http:\/\/egyptianwisdomcenter.org\/wp-content\/uploads\/2019\/02\/uncg-31c-Ani-008c-263x300-e1519754199749.gif\" alt=\"\" width=\"213\" height=\"89\" \/><\/a><\/p>\n<p>&nbsp;<\/p>\n<p><span style=\"color: #ff0000;\"><strong>[Um trecho de <\/strong><\/span><strong>Divindades Eg\u00edpcias: Todos Que S\u00e3o O \u00danico, 2\u00aa Edi\u00e7\u00e3o por Moustafa Gadalla<\/strong><span style=\"color: #ff0000;\"><strong>]<br \/>\n<a href=\"https:\/\/egyptianwisdomcenter.org\/pt\/produto\/divindades-egipcias-todos-os-que-sao-a-unica-2a-edicao\/\"><span style=\"color: #0000ff;\">https:\/\/egyptianwisdomcenter.org\/product\/egyptian-divinities-the-all-who-are-the-one-2nd-edition\/<\/span><\/a><\/strong><\/span><\/p>\n<p><img decoding=\"async\" class=\"aligncenter\" src=\"https:\/\/books2read-prod.s3.amazonaws.com\/CACHE\/images\/ubl_book_images\/book_display_image_qOuT56H\/40d95446cc17340ec7b02939eaa44c10\" \/><\/p>\n<div dir=\"auto\">\n<p style=\"text-align: center;\"><a href=\"https:\/\/egyptianwisdomcenter.org\/pt\/produto\/divindades-egipcias-todos-os-que-sao-a-unica-2a-edicao\/\"><strong><span style=\"color: #ff0000;\"><span style=\"color: #0000ff;\">https:\/\/egyptianwisdomcenter.org\/product\/egyptian-divinities-the-all-who-are-the-one-2nd-edition\/<\/span><\/span><\/strong><\/a><\/p>\n<\/div>","protected":false},"excerpt":{"rendered":"<p>Baboon &nbsp; The baboon represents the starting point of a Cycle (a creation cycle or a daily cycle). The baboon represents this [&hellip;]<\/p>","protected":false},"author":3,"featured_media":0,"parent":0,"menu_order":0,"comment_status":"closed","ping_status":"closed","template":"","meta":{"footnotes":""},"class_list":["post-161","page","type-page","status-publish","hentry"],"aioseo_notices":[],"_links":{"self":[{"href":"https:\/\/egyptianwisdomcenter.org\/pt\/wp-json\/wp\/v2\/pages\/161","targetHints":{"allow":["GET"]}}],"collection":[{"href":"https:\/\/egyptianwisdomcenter.org\/pt\/wp-json\/wp\/v2\/pages"}],"about":[{"href":"https:\/\/egyptianwisdomcenter.org\/pt\/wp-json\/wp\/v2\/types\/page"}],"author":[{"embeddable":true,"href":"https:\/\/egyptianwisdomcenter.org\/pt\/wp-json\/wp\/v2\/users\/3"}],"replies":[{"embeddable":true,"href":"https:\/\/egyptianwisdomcenter.org\/pt\/wp-json\/wp\/v2\/comments?post=161"}],"version-history":[{"count":1,"href":"https:\/\/egyptianwisdomcenter.org\/pt\/wp-json\/wp\/v2\/pages\/161\/revisions"}],"predecessor-version":[{"id":68342,"href":"https:\/\/egyptianwisdomcenter.org\/pt\/wp-json\/wp\/v2\/pages\/161\/revisions\/68342"}],"wp:attachment":[{"href":"https:\/\/egyptianwisdomcenter.org\/pt\/wp-json\/wp\/v2\/media?parent=161"}],"curies":[{"name":"wp","href":"https:\/\/api.w.org\/{rel}","templated":true}]}}