{"id":165,"date":"2018-10-30T00:00:00","date_gmt":"2018-10-30T04:00:00","guid":{"rendered":"http:\/\/egyptianwisdomcenter.org\/horse\/"},"modified":"2023-01-02T01:30:53","modified_gmt":"2023-01-02T06:30:53","slug":"horse-2","status":"publish","type":"page","link":"https:\/\/egyptianwisdomcenter.org\/pt\/cavalo-2\/","title":{"rendered":"Cavalo"},"content":{"rendered":"<h2 style=\"text-align: center;\"><span style=\"color: #ff0000;\"><strong>Cavalo<\/strong><\/span><\/h2>\n<p>&nbsp;<\/p>\n<p>V\u00e1rios atributos est\u00e3o todos relacionados ao cavalo. O atributo espec\u00edfico ser\u00e1 determinado no contexto.<\/p>\n<p>1. O cavalo simboliza fortaleza e confian\u00e7a, segundo Clemente <em>Estromata Livro V<\/em>, cap\u00edtulo VII:<\/p>\n<p style=\"padding-left: 30px;\"><strong><em>\u201cO cavalo simboliza fortaleza e confian\u00e7a\u201d<\/em><\/strong><\/p>\n<p>2. Cavalo \u00e9 o s\u00edmbolo hierogl\u00edfico de Nobre.<\/p>\n<p>O cavalo representa a for\u00e7a motriz que, quando dirigida corretamente, levar\u00e1 \u00e0 nobreza.<\/p>\n<p><a href=\"http:\/\/egyptianwisdomcenter.org\/wp-content\/uploads\/2019\/02\/ed-ch9-photo17-96c.jpg\"><img fetchpriority=\"high\" decoding=\"async\" class=\"size-full wp-image-912 aligncenter\" src=\"http:\/\/egyptianwisdomcenter.org\/wp-content\/uploads\/2019\/02\/ed-ch9-photo17-96c.jpg\" alt=\"\" width=\"269\" height=\"248\" \/><\/a><\/p>\n<p>3. Pessoas excepcionais s\u00e3o CAVALEIRADAS pelo monarca.<\/p>\n<p>Este conceito eg\u00edpcio de nobreza \u00e9 encontrado nas tradi\u00e7\u00f5es atuais quando, devido \u00e0s realiza\u00e7\u00f5es extraordin\u00e1rias de uma pessoa, esta pessoa n\u00e3o \u00e9 CAVALEIRADA por nenhuma outra pessoa al\u00e9m do Monarca.<\/p>\n<p>N\u00e3o \u00e9 coincid\u00eancia que a palavra inglesa \u201ccavalo\u201d seja basicamente igual \u00e0 divindade eg\u00edpcia H\u00f3rus.<\/p>\n<p>H\u00f3rus significa <em>quem ele \u00e9 ACIMA.<\/em><\/p>\n<p>4. O cavalo tamb\u00e9m \u00e9 um animal muito bonito e gracioso.<\/p>\n<p>A palavra eg\u00edpcia MaHR significa tanto um p\u00f4nei quanto um dote \u2013 pois uma donzela \u00e9 <em>nobre<\/em>.<\/p>\n<p>5. Retratado derrotando as for\u00e7as do caos.<\/p>\n<p>O homem divino \u00e9 retratado nos templos eg\u00edpcios atacando e derrotando for\u00e7as ca\u00f3ticas, representados como estrangeiros e animais selvagens.<\/p>\n<p>Essas representa\u00e7\u00f5es s\u00e3o representa\u00e7\u00f5es simb\u00f3licas da batalha interna entre as for\u00e7as do Bem e do Mal.<\/p>\n<p><a href=\"http:\/\/egyptianwisdomcenter.org\/wp-content\/uploads\/2019\/02\/ed-ch9-photo9-96c.jpg\"><img decoding=\"async\" class=\"size-medium wp-image-905 aligncenter\" src=\"http:\/\/egyptianwisdomcenter.org\/wp-content\/uploads\/2019\/02\/ed-ch9-photo9-96c-300x195.jpg\" alt=\"\" width=\"300\" height=\"195\" \/><\/a><\/p>\n<p>No sentido mundano, a Pol\u00edcia Montada em todos os lugares usa cavalos para guiar e controlar multid\u00f5es. A for\u00e7a dos cavalos tamb\u00e9m \u00e9 usada pela pol\u00edcia para dissipar multid\u00f5es desordenadas.<\/p>\n<p>Usamos o termo &#039;cavalo de for\u00e7a&#039; como medida de energia.<\/p>\n<p>6. Nas tradi\u00e7\u00f5es eg\u00edpcias <strong>a l\u00edngua humana \u00e9 igual a um cavalo<\/strong>. A l\u00edngua \u00e9 o m\u00fasculo mais forte do corpo humano. A for\u00e7a motriz do cavalo ou da l\u00edngua controla o seu destino.<\/p>\n<p>O simbolismo do cavalo como for\u00e7a motriz \u00e9 realmente muito poderoso.<\/p>\n<p><a href=\"http:\/\/egyptianwisdomcenter.org\/wp-content\/uploads\/2019\/02\/ed-ch9-photo18-96c.jpg\"><img decoding=\"async\" class=\"size-full wp-image-913 aligncenter\" src=\"http:\/\/egyptianwisdomcenter.org\/wp-content\/uploads\/2019\/02\/ed-ch9-photo18-96c.jpg\" alt=\"\" width=\"269\" height=\"211\" \/><\/a><\/p>\n<p>7. Humanos e cavalos s\u00e3o t\u00e3o pr\u00f3ximos que, h\u00e1 muito tempo, os antigos eg\u00edpcios usavam crina de cavalo tanto nas cordas quanto nos arcos de sua fam\u00edlia de instrumentos de violino. O som deste instrumento \u00e9 o mais pr\u00f3ximo poss\u00edvel da voz humana.<\/p>\n<p>&nbsp;<\/p>\n<p><span style=\"color: #ff0000;\"><strong>[Um trecho de <\/strong><\/span><strong>Divindades Eg\u00edpcias: Todos Que S\u00e3o O \u00danico, 2\u00aa Edi\u00e7\u00e3o por Moustafa Gadalla<\/strong><span style=\"color: #ff0000;\"><strong>]<br \/>\n<a href=\"https:\/\/egyptianwisdomcenter.org\/pt\/produto\/divindades-egipcias-todos-os-que-sao-a-unica-2a-edicao\/\"><span style=\"color: #0000ff;\">https:\/\/egyptianwisdomcenter.org\/product\/egyptian-divinities-the-all-who-are-the-one-2nd-edition\/<\/span><\/a><br \/>\n<\/strong><\/span><\/p>\n<p><img decoding=\"async\" class=\"aligncenter\" src=\"https:\/\/books2read-prod.s3.amazonaws.com\/CACHE\/images\/ubl_book_images\/book_display_image_qOuT56H\/40d95446cc17340ec7b02939eaa44c10\" \/><\/p>\n<div dir=\"auto\">\n<div dir=\"auto\">\n<p style=\"text-align: center;\"><a href=\"https:\/\/egyptianwisdomcenter.org\/pt\/produto\/divindades-egipcias-todos-os-que-sao-a-unica-2a-edicao\/\"><strong><span style=\"color: #ff0000;\"><span style=\"color: #0000ff;\">https:\/\/egyptianwisdomcenter.org\/product\/egyptian-divinities-the-all-who-are-the-one-2nd-edition\/<\/span><\/span><\/strong><\/a><\/p>\n<\/div>\n<\/div>","protected":false},"excerpt":{"rendered":"<p>Horse &nbsp; Various attributes are all related to the horse. The specific attribute will be determined in the context. 1. The horse [&hellip;]<\/p>","protected":false},"author":3,"featured_media":0,"parent":0,"menu_order":0,"comment_status":"closed","ping_status":"closed","template":"","meta":{"footnotes":""},"class_list":["post-165","page","type-page","status-publish","hentry"],"aioseo_notices":[],"_links":{"self":[{"href":"https:\/\/egyptianwisdomcenter.org\/pt\/wp-json\/wp\/v2\/pages\/165","targetHints":{"allow":["GET"]}}],"collection":[{"href":"https:\/\/egyptianwisdomcenter.org\/pt\/wp-json\/wp\/v2\/pages"}],"about":[{"href":"https:\/\/egyptianwisdomcenter.org\/pt\/wp-json\/wp\/v2\/types\/page"}],"author":[{"embeddable":true,"href":"https:\/\/egyptianwisdomcenter.org\/pt\/wp-json\/wp\/v2\/users\/3"}],"replies":[{"embeddable":true,"href":"https:\/\/egyptianwisdomcenter.org\/pt\/wp-json\/wp\/v2\/comments?post=165"}],"version-history":[{"count":0,"href":"https:\/\/egyptianwisdomcenter.org\/pt\/wp-json\/wp\/v2\/pages\/165\/revisions"}],"wp:attachment":[{"href":"https:\/\/egyptianwisdomcenter.org\/pt\/wp-json\/wp\/v2\/media?parent=165"}],"curies":[{"name":"wp","href":"https:\/\/api.w.org\/{rel}","templated":true}]}}