{"id":169,"date":"2018-10-30T00:00:00","date_gmt":"2018-10-30T04:00:00","guid":{"rendered":"http:\/\/egyptianwisdomcenter.org\/scarab-beetle\/"},"modified":"2023-01-02T01:28:53","modified_gmt":"2023-01-02T06:28:53","slug":"scarab-beetle-2","status":"publish","type":"page","link":"https:\/\/egyptianwisdomcenter.org\/pt\/besouro-escaravelho-2\/","title":{"rendered":"Escaravelho"},"content":{"rendered":"<h2 style=\"text-align: center;\"><span style=\"color: #ff0000;\"><strong>Escaravelho<\/strong><\/span><\/h2>\n<p>&nbsp;<\/p>\n<p>Re \u00e9 frequentemente representado como um grande escaravelho preto sentado no barco solar e girando o disco solar; ou como um homem cuja cabe\u00e7a humana foi substitu\u00edda por um escaravelho.<\/p>\n<p><a href=\"http:\/\/egyptianwisdomcenter.org\/wp-content\/uploads\/2019\/02\/ed-ch9-photo3-96c.jpg\"><img decoding=\"async\" class=\"size-medium wp-image-899 aligncenter\" src=\"http:\/\/egyptianwisdomcenter.org\/wp-content\/uploads\/2019\/02\/ed-ch9-photo3-96c-146x300.jpg\" alt=\"\" width=\"146\" height=\"300\" \/><\/a><\/p>\n<p>Como tal, Re \u00e9 o escaravelho divino original. O nome eg\u00edpcio para o escaravelho era Khepri, uma palavra m\u00faltipla que significa:<\/p>\n<p style=\"padding-left: 30px;\"><strong><em>Isto quem traz \u00e0 exist\u00eancia.<\/em><\/strong><\/p>\n<p>Re (Ra) \u00e9 descrito no <em>Textos Funer\u00e1rios de Unas (Pir\u00e2mide)<\/em>:<\/p>\n<p style=\"padding-left: 30px;\"><strong><em>\u201cEles fazem com que voc\u00ea venha a existir como Re, em nome de Khepri\u201d.<\/em><\/strong><\/p>\n<p>Khepri, o escaravelho, \u00e9 uma das 75 Manifesta\u00e7\u00f5es do processo de cria\u00e7\u00e3o - todos sendo aspectos de Re, a for\u00e7a criativa divina.<\/p>\n<p>Horapollo Niliaeus explica o simbolismo do escaravelho desta forma:<\/p>\n<p style=\"padding-left: 30px;\"><strong><em>\u201cPara significar o unig\u00eanito, ou o nascimento, ou um pai, ou o mundo, ou o homem, eles [os eg\u00edpcios] desenham um escaravelho. O unig\u00eanito, <span style=\"text-decoration: underline;\">porque este animal \u00e9 autogerado, n\u00e3o nascido da f\u00eamea<\/span>. Pois o seu nascimento ocorre apenas da seguinte maneira. Quando o macho deseja ter descendentes, ele pega um pouco de esterco de vaca e faz com ele uma bola redonda, bem no formato do mundo. Rolando-o com as patas traseiras de leste para oeste, ele fica voltado para o leste, de modo a dar-lhe a forma do mundo, pois o mundo \u00e9 carregado de leste para oeste.\u201d<\/em><\/strong><\/p>\n<p>Nos textos transformacionais (funer\u00e1rios) eg\u00edpcios antigos, o falecido, identificado com Os\u00edris, passava por est\u00e1gios an\u00e1logos na noite do submundo e renascia como um novo Ra (Re) em sua forma de Khepri (o escaravelho) pela manh\u00e3. . A analogia com o sol \u2013 desaparecendo \u00e0 noite e aparecendo pela manh\u00e3 \u2013 \u00e9 clara. O escaravelho \u00e9 o s\u00edmbolo da qualidade transformadora do sol; a luz que sai das trevas. Amuletos de escaravelho eram habitualmente enterrados com o falecido para promover o renascimento.<\/p>\n<p>O escaravelho \u00e9, portanto, sempre encontrado no in\u00edcio de um ciclo.<\/p>\n<p>Aqui est\u00e1 associado ao ovo c\u00f3smico.<\/p>\n<p><a href=\"http:\/\/egyptianwisdomcenter.org\/wp-content\/uploads\/2019\/02\/ed-ch9-photo4-96c.jpg\"><img fetchpriority=\"high\" decoding=\"async\" class=\"size-full wp-image-900 aligncenter\" src=\"http:\/\/egyptianwisdomcenter.org\/wp-content\/uploads\/2019\/02\/ed-ch9-photo4-96c.jpg\" alt=\"\" width=\"240\" height=\"220\" \/><\/a><\/p>\n<p>Aqui, estamos no in\u00edcio de um ciclo zodiacal que dura cerca de 26.000 anos, come\u00e7ando com a Era de Le\u00e3o, o le\u00e3o.<\/p>\n<p><a href=\"http:\/\/egyptianwisdomcenter.org\/wp-content\/uploads\/2019\/02\/ed-ch9-photo5-96c.jpg\"><img decoding=\"async\" class=\"size-medium wp-image-901 aligncenter\" src=\"http:\/\/egyptianwisdomcenter.org\/wp-content\/uploads\/2019\/02\/ed-ch9-photo5-96c-300x200.jpg\" alt=\"\" width=\"300\" height=\"200\" \/><\/a><\/p>\n<p>&nbsp;<\/p>\n<p><span style=\"color: #ff0000;\"><strong>[Um trecho de<\/strong><\/span><strong>Divindades Eg\u00edpcias: Todos Que S\u00e3o O \u00danico, 2\u00aa Edi\u00e7\u00e3o<\/strong><span style=\"color: #ff0000;\"><strong> por Moustafa Gadalla]<br \/>\n<a href=\"https:\/\/egyptianwisdomcenter.org\/pt\/produto\/divindades-egipcias-todos-os-que-sao-a-unica-2a-edicao\/\"><span style=\"color: #0000ff;\">https:\/\/egyptianwisdomcenter.org\/product\/egyptian-divinities-the-all-who-are-the-one-2nd-edition\/<\/span><\/a><br \/>\n<\/strong><\/span><\/p>\n<p><img decoding=\"async\" class=\"aligncenter\" src=\"https:\/\/books2read-prod.s3.amazonaws.com\/CACHE\/images\/ubl_book_images\/book_display_image_qOuT56H\/40d95446cc17340ec7b02939eaa44c10\" \/><\/p>\n<div dir=\"auto\">\n<div dir=\"auto\">\n<p style=\"text-align: center;\"><a href=\"https:\/\/egyptianwisdomcenter.org\/pt\/produto\/divindades-egipcias-todos-os-que-sao-a-unica-2a-edicao\/\"><span style=\"color: #ff0000;\"><strong><span style=\"color: #0000ff;\">https:\/\/egyptianwisdomcenter.org\/product\/egyptian-divinities-the-all-who-are-the-one-2nd-edition\/<\/span><\/strong><\/span><\/a><\/p>\n<\/div>\n<\/div>\n<div dir=\"auto\"><\/div>","protected":false},"excerpt":{"rendered":"<p>Scarab Beetle &nbsp; Re is frequently represented as a large black scarab beetle sitting in the solar boat and rolling the sun [&hellip;]<\/p>","protected":false},"author":3,"featured_media":0,"parent":0,"menu_order":0,"comment_status":"closed","ping_status":"closed","template":"","meta":{"footnotes":""},"class_list":["post-169","page","type-page","status-publish","hentry"],"aioseo_notices":[],"_links":{"self":[{"href":"https:\/\/egyptianwisdomcenter.org\/pt\/wp-json\/wp\/v2\/pages\/169","targetHints":{"allow":["GET"]}}],"collection":[{"href":"https:\/\/egyptianwisdomcenter.org\/pt\/wp-json\/wp\/v2\/pages"}],"about":[{"href":"https:\/\/egyptianwisdomcenter.org\/pt\/wp-json\/wp\/v2\/types\/page"}],"author":[{"embeddable":true,"href":"https:\/\/egyptianwisdomcenter.org\/pt\/wp-json\/wp\/v2\/users\/3"}],"replies":[{"embeddable":true,"href":"https:\/\/egyptianwisdomcenter.org\/pt\/wp-json\/wp\/v2\/comments?post=169"}],"version-history":[{"count":0,"href":"https:\/\/egyptianwisdomcenter.org\/pt\/wp-json\/wp\/v2\/pages\/169\/revisions"}],"wp:attachment":[{"href":"https:\/\/egyptianwisdomcenter.org\/pt\/wp-json\/wp\/v2\/media?parent=169"}],"curies":[{"name":"wp","href":"https:\/\/api.w.org\/{rel}","templated":true}]}}