{"id":1694,"date":"2019-03-02T10:28:50","date_gmt":"2019-03-02T15:28:50","guid":{"rendered":"http:\/\/egyptianwisdomcenter.org\/ba-el-pajaro-migrante\/"},"modified":"2023-01-05T14:52:13","modified_gmt":"2023-01-05T19:52:13","slug":"ba-el-pajaro-migrante","status":"publish","type":"page","link":"https:\/\/egyptianwisdomcenter.org\/pt\/ba-el-pajaro-migrante\/","title":{"rendered":"Ba, el p\u00e1jaro migrante"},"content":{"rendered":"<h2 style=\"text-align: center;\"><span style=\"color: #ff0000;\"><strong>Ba, el p\u00e1jaro migrante<\/strong><\/span><\/h2>\n<p>&nbsp;<\/p>\n<p style=\"padding-left: 30px;\">El Ba es uno de los componentes metaf\u00edsicos del ser humano (y otros seres).<\/p>\n<p style=\"padding-left: 30px;\">El Ba es inmortal. Cuando el Ba parte, el cuerpo muere. El Ba se representa como un p\u00e1jaro de cabeza humana, que es el opuesto de la representaci\u00f3n normal de los <em>neteru <\/em>(dioses, diosas) como cuerpos humanos con cabezas de animals\u2014en otras palabras, como el aspecto divino de lo terrestre. El Ba puede ser mostrado como una cig\u00fce\u00f1a o como un halc\u00f3n. La cig\u00fce\u00f1a es conocida por su instinto migratorio y de gu\u00eda. La cig\u00fce\u00f1a es conocida mundialmente como el p\u00e1jaro que transporta reci\u00e9n nacidos a sus nuevas familias. La cig\u00fce\u00f1a regresa a su propio nido con una precisi\u00f3n consistente\u2014por lo tanto un p\u00e1jaro migratorio, por excelencia, es el p\u00e1jaro escogido para el alma. &#8216;Ba&#8217; se traduce generalmente como &#8216;alma&#8217;.<\/p>\n<p><span style=\"color: #ff0000;\"><strong>Bennu\/Benben<\/strong><\/span><\/p>\n<p>Bennu se representa como un p\u00e1jaro volador, como una compuesta de garza y cig\u00fce\u00f1a, o como un compuesto del halc\u00f3n y la cig\u00fce\u00f1a.<\/p>\n<p>La cig\u00fce\u00f1a es conocida por su instinto migratorio y de gu\u00eda, y tambi\u00e9n es conocida mundialmente como el p\u00e1jaro que transporta reci\u00e9n nacidos a sus nuevas familias.<\/p>\n<p>Bennu, en forma de cig\u00fce\u00f1a, trae una nueva vida.<\/p>\n<p>La cig\u00fce\u00f1a regresa a su propio nido con una precisi\u00f3n consistente\u2014por lo tanto, un p\u00e1jaro migratorio es la opci\u00f3n perfecta para representar el alma que regresa a la Fuente.<\/p>\n<p>En la Fuente, Bennu se representa posado en el Benben, el s\u00edmbolo de la colina primordial.<\/p>\n<p>En este sentido, Bennu es el F\u00e9nix que se levanta de las cenizas de Benben para comenzar otra vida.<\/p>\n<p>Es un ciclo continuo de sacar adelante y regresar a la fuente.<\/p>\n<p><a href=\"http:\/\/egyptianwisdomcenter.org\/wp-content\/uploads\/2019\/02\/ed-ch9-photo6-96c.jpg\"><img fetchpriority=\"high\" decoding=\"async\" class=\"size-medium wp-image-902 aligncenter\" src=\"http:\/\/egyptianwisdomcenter.org\/wp-content\/uploads\/2019\/02\/ed-ch9-photo6-96c-300x195.jpg\" alt=\"\" width=\"300\" height=\"195\" \/><\/a><\/p>\n<p>Bennu, como tal, es un s\u00edmbolo de la resurrecci\u00f3n, y hab\u00edan f\u00f3rmulas instruyendo al difunto sobre c\u00f3mo convertirse en el Bennu.<\/p>\n<p><a href=\"http:\/\/egyptianwisdomcenter.org\/wp-content\/uploads\/2019\/02\/ed-ch9-photo7-96c.jpg\"><img decoding=\"async\" class=\"size-medium wp-image-903 aligncenter\" src=\"http:\/\/egyptianwisdomcenter.org\/wp-content\/uploads\/2019\/02\/ed-ch9-photo7-96c-300x224.jpg\" alt=\"\" width=\"300\" height=\"224\" \/><\/a><\/p>\n<p>Osiris representa lo divino en una forma mortal que vive, muere y renace de nuevo. Es por lo tanto que el alma de Osiris habita en el p\u00e1jaro Bennu\u2014quien siempre se encuentra cerca de escenas de la resurrecci\u00f3n.<\/p>\n<p>Cada persona fallecida es Osiris, que resucitar\u00e1 y volver\u00e1 a nacer.<\/p>\n<p>Porque Bennu guiar\u00e1 a todos como el Osiris resucitado\u2014siendo Horus y sus disc\u00edpulos\u2014a la Fuente.<\/p>\n<p><a href=\"http:\/\/egyptianwisdomcenter.org\/wp-content\/uploads\/2019\/02\/ed-ch9-photo8-96c.jpg\"><img decoding=\"async\" class=\"size-medium wp-image-904 aligncenter\" src=\"http:\/\/egyptianwisdomcenter.org\/wp-content\/uploads\/2019\/02\/ed-ch9-photo8-96c-300x260.jpg\" alt=\"\" width=\"300\" height=\"260\" \/><\/a><\/p>\n<p>&nbsp;<\/p>\n<p><span style=\"color: #ff0000;\"><strong>[Un fragmento de Egyptian Divinities: The All who are the ONE, 2nd Edition por Moustafa Gadalla]<\/strong><\/span><\/p>\n<div>\n<div dir=\"auto\">\n<p><strong><span style=\"color: #ff0000;\"><a href=\"https:\/\/egyptianwisdomcenter.org\/pt\/produto\/divindades-egipcias-todos-os-que-sao-a-unica-2a-edicao\/\"><span style=\"color: #0000ff;\">https:\/\/egyptianwisdomcenter.org\/product\/egyptian-divinities-the-all-who-are-the-one-2nd-edition\/<\/span><\/a><\/span><\/strong><\/p>\n<p><img decoding=\"async\" class=\"aligncenter\" src=\"https:\/\/books2read-prod.s3.amazonaws.com\/CACHE\/images\/ubl_book_images\/book_display_image_qOuT56H\/40d95446cc17340ec7b02939eaa44c10\" \/><\/p>\n<div dir=\"auto\">\n<div dir=\"auto\">\n<p style=\"text-align: center;\"><a href=\"https:\/\/egyptianwisdomcenter.org\/pt\/produto\/divindades-egipcias-todos-os-que-sao-a-unica-2a-edicao\/\"><strong><span style=\"color: #ff0000;\"><span style=\"color: #0000ff;\">https:\/\/egyptianwisdomcenter.org\/product\/egyptian-divinities-the-all-who-are-the-one-2nd-edition\/<\/span><\/span><\/strong><\/a><\/p>\n<\/div>\n<\/div>\n<\/div>\n<\/div>","protected":false},"excerpt":{"rendered":"<p>Ba, el p\u00e1jaro migrante &nbsp; El Ba es uno de los componentes metaf\u00edsicos del ser humano (y otros seres). El Ba es [&hellip;]<\/p>","protected":false},"author":3,"featured_media":0,"parent":0,"menu_order":0,"comment_status":"closed","ping_status":"closed","template":"","meta":{"footnotes":""},"class_list":["post-1694","page","type-page","status-publish","hentry"],"aioseo_notices":[],"_links":{"self":[{"href":"https:\/\/egyptianwisdomcenter.org\/pt\/wp-json\/wp\/v2\/pages\/1694","targetHints":{"allow":["GET"]}}],"collection":[{"href":"https:\/\/egyptianwisdomcenter.org\/pt\/wp-json\/wp\/v2\/pages"}],"about":[{"href":"https:\/\/egyptianwisdomcenter.org\/pt\/wp-json\/wp\/v2\/types\/page"}],"author":[{"embeddable":true,"href":"https:\/\/egyptianwisdomcenter.org\/pt\/wp-json\/wp\/v2\/users\/3"}],"replies":[{"embeddable":true,"href":"https:\/\/egyptianwisdomcenter.org\/pt\/wp-json\/wp\/v2\/comments?post=1694"}],"version-history":[{"count":0,"href":"https:\/\/egyptianwisdomcenter.org\/pt\/wp-json\/wp\/v2\/pages\/1694\/revisions"}],"wp:attachment":[{"href":"https:\/\/egyptianwisdomcenter.org\/pt\/wp-json\/wp\/v2\/media?parent=1694"}],"curies":[{"name":"wp","href":"https:\/\/api.w.org\/{rel}","templated":true}]}}