{"id":173,"date":"2018-10-30T00:00:00","date_gmt":"2018-10-30T04:00:00","guid":{"rendered":"http:\/\/egyptianwisdomcenter.org\/logic-and-forms-of-animal-representation\/"},"modified":"2023-01-02T01:26:12","modified_gmt":"2023-01-02T06:26:12","slug":"logic-and-forms-of-animal-representation","status":"publish","type":"page","link":"https:\/\/egyptianwisdomcenter.org\/pt\/logica-e-formas-de-representacao-animal\/","title":{"rendered":"L\u00f3gica e formas de representa\u00e7\u00e3o animal"},"content":{"rendered":"<h2 style=\"text-align: center;\"><span style=\"color: #ff0000;\"><strong>L\u00f3gica e formas de representa\u00e7\u00e3o animal<\/strong><\/span><\/h2>\n<p>&nbsp;<\/p>\n<p>As observa\u00e7\u00f5es cuidadosas e o profundo conhecimento dos eg\u00edpcios sobre o mundo natural permitiram-lhes identificar certos animais com qualidades espec\u00edficas que poderiam simbolizar certas fun\u00e7\u00f5es e princ\u00edpios divinos de uma forma particularmente pura e marcante. Como tal, certos animais foram escolhidos como s\u00edmbolos para estes aspectos particulares da divindade.<\/p>\n<p>Quando voc\u00ea diz que algu\u00e9m \u00e9 leal, a palavra \u201cleal\u201d \u00e9 muito vaga. Mas se voc\u00ea disser \u201cleal como um cachorro\u201d, n\u00e3o deixar\u00e1 d\u00favidas sobre sua inten\u00e7\u00e3o. Este \u00e9 o poder da analogia animal.<\/p>\n<p>O animal ou neteru com cabe\u00e7a de animal (deuses, deusas) eram express\u00f5es simb\u00f3licas de uma profunda compreens\u00e3o espiritual. Quando um animal total \u00e9 apresentado no Antigo Egito, ele representa uma fun\u00e7\u00e3o\/atributo particular em sua forma mais pura. Quando uma figura com cabe\u00e7a de animal \u00e9 apresentada, ela transmite aquela fun\u00e7\u00e3o\/atributo espec\u00edfico do ser humano. As duas formas de An\u00fabis, nas duas ilustra\u00e7\u00f5es mostradas aqui, distinguem claramente estes dois aspectos.<\/p>\n<p><a href=\"http:\/\/egyptianwisdomcenter.org\/wp-content\/uploads\/2019\/02\/anubis.png\"><img decoding=\"async\" class=\"wp-image-359 aligncenter\" src=\"http:\/\/egyptianwisdomcenter.org\/wp-content\/uploads\/2019\/02\/anubis.png\" alt=\"\" width=\"218\" height=\"166\" \/><\/a><\/p>\n<p>Esta terceira forma \u00e9 o oposto do humano com cabe\u00e7a de animal. Neste caso, temos um p\u00e1ssaro com cabe\u00e7a humana \u2013 que \u00e9 o Ba \u2013 representando o corpo\/alma pairando sobre o corpo.<\/p>\n<p><a href=\"http:\/\/egyptianwisdomcenter.org\/wp-content\/uploads\/2019\/02\/ba.png\"><img decoding=\"async\" class=\"wp-image-360 aligncenter\" src=\"http:\/\/egyptianwisdomcenter.org\/wp-content\/uploads\/2019\/02\/ba.png\" alt=\"\" width=\"184\" height=\"106\" \/><\/a><\/p>\n<p>A representa\u00e7\u00e3o do Ba, ent\u00e3o, \u00e9 o aspecto divino do terrestre. O Ba \u00e9 retratado como uma cegonha. A cegonha \u00e9 conhecida pelo seu instinto migrat\u00f3rio e de regresso, sendo tamb\u00e9m conhecida mundialmente como a ave que transporta os beb\u00e9s rec\u00e9m-nascidos para as suas novas fam\u00edlias. A cegonha retorna ao seu ninho com precis\u00e3o consistente - portanto, \u00e9 uma ave migrat\u00f3ria a escolha perfeita para representar a alma.<\/p>\n<p>&nbsp;<\/p>\n<p><span style=\"color: #ff0000;\"><strong>[Mais exemplos de simbolismo animal s\u00e3o encontrados em <\/strong><\/span><strong>Divindades Eg\u00edpcias: Todos Que S\u00e3o O \u00danico, 2\u00aa Edi\u00e7\u00e3o<\/strong><span style=\"color: #ff0000;\"><strong> por Moustafa Gadalla]<br \/>\n<a href=\"https:\/\/egyptianwisdomcenter.org\/pt\/produto\/divindades-egipcias-todos-os-que-sao-a-unica-2a-edicao\/\"><span style=\"color: #0000ff;\">https:\/\/egyptianwisdomcenter.org\/product\/egyptian-divinities-the-all-who-are-the-one-2nd-edition\/<\/span><\/a><\/strong><\/span><\/p>\n<p><img decoding=\"async\" class=\"aligncenter\" src=\"https:\/\/books2read-prod.s3.amazonaws.com\/CACHE\/images\/ubl_book_images\/book_display_image_qOuT56H\/40d95446cc17340ec7b02939eaa44c10\" \/><\/p>\n<div dir=\"auto\">\n<div dir=\"auto\">\n<p style=\"text-align: center;\"><a href=\"https:\/\/egyptianwisdomcenter.org\/pt\/produto\/divindades-egipcias-todos-os-que-sao-a-unica-2a-edicao\/\"><span style=\"color: #ff0000;\"><strong><span style=\"color: #0000ff;\">https:\/\/egyptianwisdomcenter.org\/product\/egyptian-divinities-the-all-who-are-the-one-2nd-edition\/<\/span><\/strong><\/span><\/a><\/p>\n<\/div>\n<\/div>","protected":false},"excerpt":{"rendered":"<p>Logic And Forms Of Animal Representation &nbsp; Egyptians\u2019 careful observations and profound knowledge of the natural world enabled them to identify certain [&hellip;]<\/p>","protected":false},"author":3,"featured_media":0,"parent":0,"menu_order":0,"comment_status":"closed","ping_status":"closed","template":"","meta":{"footnotes":""},"class_list":["post-173","page","type-page","status-publish","hentry"],"aioseo_notices":[],"_links":{"self":[{"href":"https:\/\/egyptianwisdomcenter.org\/pt\/wp-json\/wp\/v2\/pages\/173","targetHints":{"allow":["GET"]}}],"collection":[{"href":"https:\/\/egyptianwisdomcenter.org\/pt\/wp-json\/wp\/v2\/pages"}],"about":[{"href":"https:\/\/egyptianwisdomcenter.org\/pt\/wp-json\/wp\/v2\/types\/page"}],"author":[{"embeddable":true,"href":"https:\/\/egyptianwisdomcenter.org\/pt\/wp-json\/wp\/v2\/users\/3"}],"replies":[{"embeddable":true,"href":"https:\/\/egyptianwisdomcenter.org\/pt\/wp-json\/wp\/v2\/comments?post=173"}],"version-history":[{"count":0,"href":"https:\/\/egyptianwisdomcenter.org\/pt\/wp-json\/wp\/v2\/pages\/173\/revisions"}],"wp:attachment":[{"href":"https:\/\/egyptianwisdomcenter.org\/pt\/wp-json\/wp\/v2\/media?parent=173"}],"curies":[{"name":"wp","href":"https:\/\/api.w.org\/{rel}","templated":true}]}}