{"id":186,"date":"2018-10-30T00:00:00","date_gmt":"2018-10-30T04:00:00","guid":{"rendered":"http:\/\/egyptianwisdomcenter.org\/isis-the-divine-female\/"},"modified":"2023-01-02T11:47:02","modified_gmt":"2023-01-02T16:47:02","slug":"isis-the-divine-female-2","status":"publish","type":"page","link":"https:\/\/egyptianwisdomcenter.org\/pt\/isis-a-femea-divina-2\/","title":{"rendered":"\u00cdsis, a Divina Mulher"},"content":{"rendered":"<h2 style=\"text-align: center;\"><span style=\"color: #0000ff;\"><strong>\u00cdsis, a Divina Mulher<\/strong><\/span><\/h2>\n<h3><\/h3>\n<h3><span style=\"color: #ff0000;\"><strong>O nome dela<\/strong><\/span><\/h3>\n<p>O uso comum atual do nome \u00cdsis limita-se ao seu aspecto de devo\u00e7\u00e3o materna, fidelidade e ternura. Mas ela \u00e9 muito mais do que isso \u2013 ela representa o princ\u00edpio feminino divino que inclui o poder criativo que concebeu (tanto f\u00edsica como metafisicamente) e deu origem a todas as criaturas vivas.<\/p>\n<p>Os Antigos Eg\u00edpcios viam \u00cdsis como o s\u00edmbolo do princ\u00edpio c\u00f3smico feminino. Este princ\u00edpio abrange milhares de qualidades e atributos femininos, e os eg\u00edpcios tinham termos para descrever cada manifesta\u00e7\u00e3o deste princ\u00edpio feminino.<\/p>\n<p>Na cultura dos povos de l\u00edngua inglesa, <em>nome <\/em>\u00e9 apenas um r\u00f3tulo para distinguir algu\u00e9m ou algo de outro. Mas para os eg\u00edpcios (tanto a maioria silenciosa antiga como a atual), um \u201cnome\u201d comum representa o resumo ou sinopse das qualidades e atributos de uma entidade. eg\u00edpcio <em>nomes comuns <\/em>s\u00e3o os atributos e qualidades de qualquer entidade. Ser\u00e1 semelhante \u00e0s palavras da l\u00edngua inglesa para carpinteiro, agricultor, etc., que representam uma atividade espec\u00edfica.<\/p>\n<p>Na l\u00edngua inglesa, nos referimos a ela <em>nome <\/em>como \u00cdsis, mas os eg\u00edpcios tinham um termo representativo que reconhece a totalidade do seu princ\u00edpio feminino c\u00f3smico. Esta palavra\/termo eg\u00edpcio abrangente \u00e9 <strong>Auset<\/strong>. Ent\u00e3o, o que h\u00e1 neste \u201cnome\u201d eg\u00edpcio antigo? Vejamos os significados de Auset, para demonstrar como um nome representa qualidades e atributos.<\/p>\n<p>Auset consiste na palavra principal <strong>Aus <\/strong>e o sufixo <strong>et<\/strong>. Aus significa <em>a fonte<\/em>, <em>o poder<\/em>. Em matem\u00e1tica, dizemos 2 elevado a 2. Esta pot\u00eancia matem\u00e1tica \u00e9 chamada <strong><em>Aus<\/em><\/strong>. O sufixo &#039;et&#039; no final de Aus-et \u00e9 uma desin\u00eancia feminina.<\/p>\n<p>Al\u00e9m de <strong>Aus <\/strong>significado <em>a fonte<\/em> e <em>o poder<\/em>, tamb\u00e9m significa <em>a origem<\/em>, <em>a causa<\/em>.<\/p>\n<p>A este respeito, mostraremos que Auset \u00e9 a fonte, o poder e a causa do universo criado, incluindo tudo dentro deste universo.<\/p>\n<p>Outro significado interessante para Au-set \u00e9 <strong>A dama; <\/strong>e de fato ela \u00e9 a Senhora do C\u00e9u e da Terra. Ela representa o princ\u00edpio feminino no universo. Este princ\u00edpio se manifesta de diferentes formas e maneiras, e por isso \u00cdsis foi chamada, pelos Antigos Eg\u00edpcios, de <strong><em>Auset [\u00cdsis] dos 10.000 Nomes (significando atributos)<\/em><\/strong>.<\/p>\n<p>V\u00e1rias palavras s\u00e3o derivadas diretamente do nome eg\u00edpcio Auset, como <strong><em>Seta<\/em><\/strong>, que significa o n\u00famero 6. Isso \u00e9 muito significativo porque 6 \u00e9 o n\u00famero final de espa\u00e7o, volume e tempo. O cubo com suas seis superf\u00edcies \u00e9 o modelo da Terra. Como tal, ela representa o \u00fatero do universo e tamb\u00e9m a Terra, como discutiremos em detalhes mais tarde.<\/p>\n<p>Outro significado relacionado ao nome Auset \u00e9 a palavra inglesa &#039;<strong>assento<\/strong>&#039;. \u00cdsis \u00e9 retratada sempre usando um assento ou trono na cabe\u00e7a para simboliz\u00e1-la como a fonte de legitimidade, que se manifesta na ades\u00e3o do Antigo Egito (bem como da atual maioria silenciosa) \u00e0 sociedade matrilinear e matriarcal. Este t\u00f3pico ser\u00e1 discutido mais adiante neste livro.<\/p>\n<p><a href=\"http:\/\/egyptianwisdomcenter.org\/wp-content\/uploads\/2019\/02\/isis-ch1-72c-1.jpg\"><img decoding=\"async\" class=\"size-full wp-image-663 aligncenter\" src=\"http:\/\/egyptianwisdomcenter.org\/wp-content\/uploads\/2019\/02\/isis-ch1-72c-1.jpg\" alt=\"\" width=\"63\" height=\"90\" \/><\/a><\/p>\n<p>Como j\u00e1 observamos, o uso do nome comum de \u00cdsis na l\u00edngua inglesa dificulta a nossa compreens\u00e3o de informa\u00e7\u00f5es valiosas, conhecimento e sabedoria. No entanto, para tornar mais f\u00e1cil para os leitores de l\u00edngua inglesa, continuaremos a usar a palavra \u00cdsis e outros nomes eg\u00edpcios antigos familiares ao leitor de l\u00edngua inglesa.<\/p>\n<p>O papel de \u00cdsis como princ\u00edpio feminino divino no processo de Cria\u00e7\u00e3o foi reconhecido por todos. Ela existe em todos os lugares e \u00e9 conhecida por todos desde tempos imemoriais.<\/p>\n<p>Plutarco notou isso em seu <em>Mor\u00e1lia, Vol. V<\/em>:<\/p>\n<p style=\"padding-left: 30px;\"><strong><em>\u201c\u00cdsis \u00e9, de fato, o princ\u00edpio feminino da Natureza, e \u00e9 receptivo a todas as formas de gera\u00e7\u00e3o, e pela maioria das pessoas tem sido chamada por in\u00fameros nomes, pois, pela for\u00e7a da Raz\u00e3o, ela se volta para isto ou aquilo e \u00e9 receptivo a todos os tipos de formas e formas.<\/em><\/strong><\/p>\n<p>Para apreciar os pap\u00e9is de \u00cdsis <strong>como o princ\u00edpio feminino <\/strong>da natureza, devemos encontrar o seu papel c\u00f3smico prim\u00e1rio na sequ\u00eancia ordenada da Cria\u00e7\u00e3o do universo.<\/p>\n<p>&nbsp;<\/p>\n<p><span style=\"color: #ff0000;\"><strong>[Um trecho de <\/strong><\/span><strong>\u00cdsis: A Mulher Divina de Moustafa Gadalla<\/strong><span style=\"color: #ff0000;\"><strong>]<br \/>\n<a href=\"https:\/\/egyptianwisdomcenter.org\/pt\/produto\/isis-a-femea-divina\/\"><span style=\"color: #0000ff;\">https:\/\/egyptianwisdomcenter.org\/product\/isis-o-divino-feminino\/<\/span><\/a><br \/>\n<\/strong><\/span><\/p>\n<p><img decoding=\"async\" class=\"aligncenter\" src=\"https:\/\/egyptianwisdomcenter.org\/wp-content\/uploads\/2023\/01\/isis-o-divino-feminino-4.jpg\" \/><\/p>\n<div dir=\"auto\">\n<p style=\"text-align: center;\"><a href=\"https:\/\/egyptianwisdomcenter.org\/pt\/produto\/isis-a-femea-divina\/\"><span style=\"color: #ff0000;\"><strong><span style=\"color: #0000ff;\">https:\/\/egyptianwisdomcenter.org\/product\/isis-o-divino-feminino\/<\/span><\/strong><\/span><\/a><\/p>\n<\/div>","protected":false},"excerpt":{"rendered":"<p>Isis The Divine Female Her Name The present-day common use of the name Isis is limited to her aspect of maternal devotion, [&hellip;]<\/p>","protected":false},"author":3,"featured_media":0,"parent":0,"menu_order":0,"comment_status":"closed","ping_status":"closed","template":"","meta":{"footnotes":""},"class_list":["post-186","page","type-page","status-publish","hentry"],"aioseo_notices":[],"_links":{"self":[{"href":"https:\/\/egyptianwisdomcenter.org\/pt\/wp-json\/wp\/v2\/pages\/186","targetHints":{"allow":["GET"]}}],"collection":[{"href":"https:\/\/egyptianwisdomcenter.org\/pt\/wp-json\/wp\/v2\/pages"}],"about":[{"href":"https:\/\/egyptianwisdomcenter.org\/pt\/wp-json\/wp\/v2\/types\/page"}],"author":[{"embeddable":true,"href":"https:\/\/egyptianwisdomcenter.org\/pt\/wp-json\/wp\/v2\/users\/3"}],"replies":[{"embeddable":true,"href":"https:\/\/egyptianwisdomcenter.org\/pt\/wp-json\/wp\/v2\/comments?post=186"}],"version-history":[{"count":0,"href":"https:\/\/egyptianwisdomcenter.org\/pt\/wp-json\/wp\/v2\/pages\/186\/revisions"}],"wp:attachment":[{"href":"https:\/\/egyptianwisdomcenter.org\/pt\/wp-json\/wp\/v2\/media?parent=186"}],"curies":[{"name":"wp","href":"https:\/\/api.w.org\/{rel}","templated":true}]}}