{"id":187,"date":"2018-10-30T00:00:00","date_gmt":"2018-10-30T04:00:00","guid":{"rendered":"http:\/\/egyptianwisdomcenter.org\/lady-love-hathor-venus\/"},"modified":"2023-01-02T11:48:15","modified_gmt":"2023-01-02T16:48:15","slug":"lady-love-hathor-venus-2","status":"publish","type":"page","link":"https:\/\/egyptianwisdomcenter.org\/pt\/senhora-amor-hathor-venus-2\/","title":{"rendered":"Senhora Amor: Hathor \u2013 V\u00eanus"},"content":{"rendered":"<h2 style=\"text-align: center;\"><span style=\"color: #ff0000;\"><strong>Senhora Amor: Hathor \u2013 V\u00eanus<\/strong><\/span><\/h2>\n<p>&nbsp;<\/p>\n<p>\u00cdsis, em seu papel de Nutridora, \u00e9 reconhecida como Hathor.<\/p>\n<p>Hathor \u00e9 na verdade duas palavras, Het-hor, que \u00e9 comumente traduzida como \u201c<strong><em>casa de H\u00f3rus<\/em><\/strong>\u201c.<\/p>\n<p>A primeira parte-<strong>Ele<\/strong>, traduzido como \u201ccasa\u201d, tem um significado maior do que uma simples casa. Na verdade significa <em>o \u00fatero como uma matriz<\/em> dentro do qual algo se origina, toma forma e se desenvolve at\u00e9 a plena maturidade.<\/p>\n<p>O \u00fatero fornece nutri\u00e7\u00e3o e prote\u00e7\u00e3o. Como tal, Hethor fornece nutri\u00e7\u00e3o e prote\u00e7\u00e3o. H\u00f3rus representa o princ\u00edpio divino realizado, e H\u00f3rus \u00e9 reconhecido por v\u00e1rios nomes\/atributos \u00e0 medida que se desenvolve desde a inf\u00e2ncia at\u00e9 a maturidade dentro do \u00fatero c\u00f3smico.<\/p>\n<p>Hathor representa a matriz do princ\u00edpio espiritual metaf\u00edsico, fornecendo nutri\u00e7\u00e3o espiritual, cura, alegria, amor, m\u00fasica e alegria.<\/p>\n<p><a href=\"http:\/\/egyptianwisdomcenter.org\/wp-content\/uploads\/2019\/02\/isis-ch6-photo-36-96c.jpg\"><img decoding=\"async\" class=\"size-full wp-image-618 aligncenter\" src=\"http:\/\/egyptianwisdomcenter.org\/wp-content\/uploads\/2019\/02\/isis-ch6-photo-36-96c.jpg\" alt=\"\" width=\"164\" height=\"250\" \/><\/a><\/p>\n<p>Os textos eg\u00edpcios antigos descrevem \u00cdsis dos 10.000 Nomes em seu papel de Het-heru como:<\/p>\n<p style=\"padding-left: 30px;\"><strong><em>A Vaca Heru-sekha, que produz todas as coisas.<\/em><\/strong><br \/>\n<strong><em>Que alimentou o menino H\u00f3rus com seu leite.<\/em><\/strong><br \/>\n<strong><em>Senhora da alegria e da alegria.<\/em><\/strong><br \/>\n<strong><em>Senhora do amor<\/em><\/strong><\/p>\n<p>Como modelo para todos os tipos de nutri\u00e7\u00e3o c\u00f3smica, Hathor est\u00e1 associada a diversas fun\u00e7\u00f5es relacionadas. Mencionaremos brevemente algumas dessas aplica\u00e7\u00f5es:<\/p>\n<p style=\"padding-left: 30px;\">A. Senhora Amor \u2013 V\u00eanus<br \/>\nB. O Nutridor C\u00f3smico<br \/>\nC. As Sete Donzelas Celestiais \/7 Reinos Celestiais<br \/>\nD. O curador<br \/>\nE. Sua \u00c1rvore da Vida<br \/>\nF. O Santu\u00e1rio Supremo \u2013 Casa de H\u00f3rus\/Re-horakhti<br \/>\nG. Acompanhante de Viajantes - Astarte<\/p>\n<h3><strong>A. Senhora Amor \u2013 V\u00eanus<\/strong><\/h3>\n<p>O dicion\u00e1rio nos diz que a origem do nome (ou palavra) V\u00eanus \u00e9 WENOS. Wenos ou Wanas \u00e9 na verdade uma palavra eg\u00edpcia que significa &#039;companheirismo animado&#039;, &#039;genial&#039;, &#039;soci\u00e1vel&#039;, &#039;alegre&#039; e &#039;prazeroso&#039;.<\/p>\n<p>A forma substantiva de we-nos \u00e9 A-nesa [Aa-NES-sa], que significa &#039;donzela&#039;, com tudo o que isso implica.<\/p>\n<p>A V\u00eanus eg\u00edpcia, em seu nome abrangente de Hathor, representa a matriz do princ\u00edpio espiritual metaf\u00edsico, proporcionando nutri\u00e7\u00e3o espiritual, cura, alegria, amor, m\u00fasica e alegria.<\/p>\n<p>&nbsp;<\/p>\n<h3><span style=\"color: #ff0000;\">[Um trecho de <\/span>\u00cdsis: A Mulher Divina de Moustafa Gadalla<span style=\"color: #ff0000;\">]<br \/>\n<a href=\"https:\/\/egyptianwisdomcenter.org\/pt\/produto\/isis-a-femea-divina\/\"><span style=\"color: #0000ff;\">https:\/\/egyptianwisdomcenter.org\/product\/isis-o-divino-feminino\/<\/span><\/a><br \/>\n<\/span><\/h3>\n<p><img decoding=\"async\" class=\"aligncenter\" src=\"https:\/\/egyptianwisdomcenter.org\/wp-content\/uploads\/2023\/01\/isis-o-divino-feminino-4.jpg\" \/><\/p>\n<div dir=\"auto\">\n<h3 style=\"text-align: center;\"><a href=\"https:\/\/egyptianwisdomcenter.org\/pt\/produto\/isis-a-femea-divina\/\"><span style=\"color: #ff0000;\"><span style=\"color: #0000ff;\">https:\/\/egyptianwisdomcenter.org\/product\/isis-o-divino-feminino\/<\/span><\/span><\/a><\/h3>\n<\/div>","protected":false},"excerpt":{"rendered":"<p>Lady Love: Hathor\u2014Venus &nbsp; Isis, in her role as the Nourisher, is recognized as Hathor. Hathor is actually two words, Het-hor, which [&hellip;]<\/p>","protected":false},"author":3,"featured_media":0,"parent":0,"menu_order":0,"comment_status":"closed","ping_status":"closed","template":"","meta":{"footnotes":""},"class_list":["post-187","page","type-page","status-publish","hentry"],"aioseo_notices":[],"_links":{"self":[{"href":"https:\/\/egyptianwisdomcenter.org\/pt\/wp-json\/wp\/v2\/pages\/187","targetHints":{"allow":["GET"]}}],"collection":[{"href":"https:\/\/egyptianwisdomcenter.org\/pt\/wp-json\/wp\/v2\/pages"}],"about":[{"href":"https:\/\/egyptianwisdomcenter.org\/pt\/wp-json\/wp\/v2\/types\/page"}],"author":[{"embeddable":true,"href":"https:\/\/egyptianwisdomcenter.org\/pt\/wp-json\/wp\/v2\/users\/3"}],"replies":[{"embeddable":true,"href":"https:\/\/egyptianwisdomcenter.org\/pt\/wp-json\/wp\/v2\/comments?post=187"}],"version-history":[{"count":0,"href":"https:\/\/egyptianwisdomcenter.org\/pt\/wp-json\/wp\/v2\/pages\/187\/revisions"}],"wp:attachment":[{"href":"https:\/\/egyptianwisdomcenter.org\/pt\/wp-json\/wp\/v2\/media?parent=187"}],"curies":[{"name":"wp","href":"https:\/\/api.w.org\/{rel}","templated":true}]}}