{"id":189,"date":"2018-10-30T00:00:00","date_gmt":"2018-10-30T04:00:00","guid":{"rendered":"http:\/\/egyptianwisdomcenter.org\/our-holy-lady-of-the-sea-notre-dame-de-la-mer\/"},"modified":"2023-01-02T11:49:50","modified_gmt":"2023-01-02T16:49:50","slug":"our-holy-lady-of-the-sea-notre-dame-de-la-mer-2","status":"publish","type":"page","link":"https:\/\/egyptianwisdomcenter.org\/pt\/nossa-santa-senhora-do-mar-notre-dame-de-la-mer-2\/","title":{"rendered":"Nossa (Santa) Senhora do Mar - Notre Dame De La Mer"},"content":{"rendered":"<h2 style=\"text-align: center;\"><span style=\"color: #ff0000;\"><strong>Nossa (Santa) Senhora do Mar \u2013<\/strong><\/span><\/h2>\n<h2 style=\"text-align: center;\"><span style=\"color: #ff0000;\"><strong>\u00a0Notre Dame De La Mer<\/strong><\/span><\/h2>\n<p>&nbsp;<\/p>\n<p>Como modelo para todos os tipos de nutri\u00e7\u00e3o c\u00f3smica, Hathor est\u00e1 associada a diversas fun\u00e7\u00f5es relacionadas. Mencionaremos brevemente algumas dessas aplica\u00e7\u00f5es:<\/p>\n<p style=\"padding-left: 30px;\">A. Senhora Amor \u2013 V\u00eanus<br \/>\nB. O Nutridor C\u00f3smico<br \/>\nC. As Sete Donzelas Celestiais \/7 Reinos Celestiais<br \/>\nD. O curador<br \/>\nE. Sua \u00c1rvore da Vida<br \/>\nF. O Santu\u00e1rio Supremo \u2013 Casa de H\u00f3rus\/Re-horakhti<br \/>\nG.T.<span style=\"color: #000000;\">Acompanhante de desbravadores\u2014Astarte<\/span><\/p>\n<p>Uma das manifesta\u00e7\u00f5es de \u00cdsis \u00e9 Hathor\/Astarte \u2013 como outras divindades eg\u00edpcias, ela tamb\u00e9m \u00e9 comumente conhecida como Asera\/Serah\/Sarah, que significa uma <strong><em>nobre senhora<\/em><\/strong>.<\/p>\n<p>Para n\u00e3o deixar d\u00favidas sobre sua origem eg\u00edpcia, Aserah \u00e9 sempre retratada em sua forma eg\u00edpcia, com uma lua crescente e um disco no cocar.<\/p>\n<p>Hathor representa a matriz do princ\u00edpio espiritual metaf\u00edsico, fornecendo nutri\u00e7\u00e3o espiritual, cura, alegria, amor, m\u00fasica e alegria.<\/p>\n<p>Hathor, como s\u00edmbolo da nutri\u00e7\u00e3o espiritual, tamb\u00e9m desempenha um papel importante nos textos transformacionais (funer\u00e1rios), fornecendo a nutri\u00e7\u00e3o\/orienta\u00e7\u00e3o espiritual exigida pela alma do falecido enquanto viaja atrav\u00e9s do mar c\u00f3smico. Conseq\u00fcentemente, Hathor\/Aserah \u00e9 a padroeira eg\u00edpcia das viagens e da navega\u00e7\u00e3o; e, como resultado, ela aparece nesta fun\u00e7\u00e3o com mais frequ\u00eancia fora do Egito.<\/p>\n<p>Um texto de caix\u00e3o eg\u00edpcio [texto de caix\u00e3o no. 61] do Imp\u00e9rio M\u00e9dio (2040\u20131783 aC) a descreve como Hathor:<\/p>\n<p style=\"padding-left: 30px;\"><strong><em>a Senhora que dizem &#039;segurar os remos de dire\u00e7\u00e3o de.&#039; . . late&#039;.<\/em><\/strong><\/p>\n<p>A cabe\u00e7a de Hathor \u00e9, portanto, sempre representada logo acima da popa dos navios onde os lemes g\u00eameos (que os pilotos experientes usavam para guiar a embarca\u00e7\u00e3o) foram montados.<\/p>\n<p>Em seu papel de guardi\u00e3 dos viajantes, Hathor \u00e9 chamada de Astarte. Seus templos foram encontrados em cidades fronteiri\u00e7as, sendo ela padroeira dos viajantes. Seu templo em C\u00e1diz, Espanha, foi um dos principais monumentos desta cidade sagrada. O papel de Astarte no Antigo Egito est\u00e1 bem documentado. A partir de pequenos fragmentos da \u00e9poca de Rams\u00e9s II (1304\u20131237 aC), o papel de Astarte como padroeira das viagens ao exterior \u00e9 evidente. Num fragmento, o papel de Astarte como padroeira mar\u00edtima \u00e9 claramente afirmado:<\/p>\n<p style=\"padding-left: 30px;\"><strong><em> . . . Eis que Astarte habita na regi\u00e3o do mar. . .\u201d<\/em><\/strong><\/p>\n<p>Para n\u00e3o deixar d\u00favidas sobre sua origem eg\u00edpcia, Astarte \u00e9 sempre retratada em sua forma eg\u00edpcia com uma lua crescente e um disco no cocar.<\/p>\n<p>Em outro fragmento, Renenutet dirige-se a Astarte:<\/p>\n<p style=\"padding-left: 30px;\"><strong><em>Eis que se lhe trouxeres tributo, ele ter\u00e1 miseric\u00f3rdia de<\/em><\/strong><br \/>\n<strong><em>te. . .Portanto, d\u00ea-lhe seu tributo em prata, ouro, l\u00e1pis-laz\u00fali<\/em><\/strong><br \/>\n<strong><em>l\u00e1pis-laz\u00fali e. . . madeira.<\/em><\/strong><br \/>\n<strong><em>E ela disse \u00e0 En\u00e9ade dos deuses:<\/em><\/strong><br \/>\n<strong><em>. . . a homenagem do mar; que ele nos ou\u00e7a. . .<br \/>\n<\/em><\/strong><\/p>\n<p>Durante (e ap\u00f3s) os tempos turbulentos da Reconquista, muitas pessoas fugiram da Pen\u00ednsula Ib\u00e9rica para o Norte de \u00c1frica, Egipto e Fran\u00e7a. O festival mais proeminente no sul da Fran\u00e7a \u00e9 realizado pelos ciganos (eg\u00edpcios) \u00e0 beira-mar, junto ao Mar Mediterr\u00e2neo, no final da primavera. O destino da peregrina\u00e7\u00e3o \u00e9 a Igreja de <strong>Notre Dame de La Mer<\/strong>.<\/p>\n<p>O nome da igreja na l\u00edngua eg\u00edpcia antiga significa: Notre (nossa santa\/deusa), Dame (Da-me significa &#039;a m\u00e3e&#039;), de La Mer (significa corpo de \u00e1gua\/mar - o mesmo que em espanhol).<\/p>\n<p>Esta peregrina\u00e7\u00e3o cigana ao local desta igreja \u00e9 a mais antiga da Fran\u00e7a.<\/p>\n<p>A tradi\u00e7\u00e3o \u201chist\u00f3rica\u201d associada a esta festa cigana tinha uma s\u00f3lida liga\u00e7\u00e3o ao Egipto. Segundo a tradi\u00e7\u00e3o, uma donzela eg\u00edpcia de pele escura chamada Santa Sara chegou em um pequeno barco sem remos nem vela, junto com duas donzelas de pele branca cujos nomes s\u00e3o Mary Salome e Mary Jacobe. Diz-se que o barco deles pousou nesta parte da costa do Mediterr\u00e2neo, tendo navegado pelo Mar Mediterr\u00e2neo, por volta de 42 dC.<\/p>\n<p>O \u201cnome\u201d da personagem central deste festival tamb\u00e9m \u00e9 significativo. O nome dela - Sarah - \u00e9 uma palavra eg\u00edpcia antiga que \u00e9 a forma feminina de Sar, que equivale a uma pessoa de status elevado\/nobre. Sarah, portanto, significa o <strong><em>Nobre Senhora<\/em><\/strong>, na l\u00edngua eg\u00edpcia antiga. Nas antigas tradi\u00e7\u00f5es eg\u00edpcias, Santa Sara \u00e9 Hathor \u2013 Padroeira dos Viajantes pelas \u00c1guas. O nome dela, Sarah, \u00e9 consistente com ela ser <strong><em>Nossa Santa M\u00e3e do Mar<\/em><\/strong>, como dito acima.<\/p>\n<p>Relatos semelhantes de uma arca \u00e0 deriva nas costas da Pen\u00ednsula Ib\u00e9rica s\u00e3o encontrados em muitos lugares. Tais relatos encontram-se, entre outros locais, em Elche, Espanha e Santiago de Compostela.<\/p>\n<p>N\u00e3o \u00e9 por acaso que o tema de uma (mulher) santa e dos seus dois anjos da guarda (Maria Salom\u00e9 e Maria Jacobe) que encontramos no sul de Fran\u00e7a tamb\u00e9m se encontra em Elche e em numerosos locais onde estas pessoas de pele escura\/bronzeada - os descendentes de os fara\u00f3s eg\u00edpcios - podem ser encontrados.<\/p>\n<p>As \u201cDuas Marias\u201d s\u00e3o as Irm\u00e3s G\u00eameas \u00cdsis e N\u00e9ftis \u2013 os dois anjos-guia acompanhantes descritos anteriormente neste livro.<\/p>\n<p>&nbsp;<\/p>\n<p><span style=\"color: #ff0000;\"><strong>[Um trecho de \u00cdsis: <\/strong><\/span><strong>A Mulher Divina<\/strong><span style=\"color: #ff0000;\"><strong> por Moustafa Gadalla]<br \/>\n<a href=\"https:\/\/egyptianwisdomcenter.org\/pt\/produto\/isis-a-femea-divina\/\"><span style=\"color: #0000ff;\">https:\/\/egyptianwisdomcenter.org\/product\/isis-o-divino-feminino\/<\/span><\/a><\/strong><\/span><\/p>\n<p><img decoding=\"async\" class=\"aligncenter\" src=\"https:\/\/egyptianwisdomcenter.org\/wp-content\/uploads\/2023\/01\/isis-o-divino-feminino-4.jpg\" \/><\/p>\n<p style=\"text-align: center;\"><a href=\"https:\/\/egyptianwisdomcenter.org\/pt\/produto\/isis-a-femea-divina\/\"><span style=\"color: #ff0000;\"><strong><span style=\"color: #0000ff;\">https:\/\/egyptianwisdomcenter.org\/product\/isis-o-divino-feminino\/<\/span><\/strong><\/span><\/a><\/p>\n<p>&nbsp;<\/p>\n<p>&nbsp;<\/p>\n<p><span style=\"color: #ff0000;\"><strong>[Um trecho de cigano eg\u00edpcio: a ess\u00eancia da Hisp\u00e2nia, 2\u00aa edi\u00e7\u00e3o de Moustafa Gadalla]<\/strong><\/span><\/p>\n<p><a href=\"https:\/\/egyptianwisdomcenter.org\/pt\/produto\/egyptian-romany-the-essence-of-hispania-2nd-edition\/\"><span style=\"color: #ff0000;\"><strong><span style=\"color: #0000ff;\">https:\/\/egyptianwisdomcenter.org\/product\/egyptian-romany-the-essence-of-hispania-2nd-edition\/<\/span><\/strong><\/span><\/a><\/p>\n<p><img decoding=\"async\" class=\"aligncenter\" src=\"https:\/\/books2read-prod.s3.amazonaws.com\/CACHE\/images\/ubl_book_images\/book_display_image_qaPDJrL\/0f50e50083bd15df18e00383d25e0605\" \/><\/p>\n<div dir=\"auto\">\n<p style=\"text-align: center;\"><a href=\"https:\/\/egyptianwisdomcenter.org\/pt\/produto\/egyptian-romany-the-essence-of-hispania-2nd-edition\/\"><span style=\"color: #ff0000;\"><strong><span style=\"color: #0000ff;\">https:\/\/egyptianwisdomcenter.org\/product\/egyptian-romany-the-essence-of-hispania-2nd-edition\/<\/span><\/strong><\/span><\/a><\/p>\n<\/div>","protected":false},"excerpt":{"rendered":"<p>Our (Holy) Lady Of The Sea &#8211; \u00a0Notre Dame De La Mer &nbsp; As the model for cosmic nourishment of all kinds, [&hellip;]<\/p>","protected":false},"author":3,"featured_media":0,"parent":0,"menu_order":0,"comment_status":"closed","ping_status":"closed","template":"","meta":{"footnotes":""},"class_list":["post-189","page","type-page","status-publish","hentry"],"aioseo_notices":[],"_links":{"self":[{"href":"https:\/\/egyptianwisdomcenter.org\/pt\/wp-json\/wp\/v2\/pages\/189","targetHints":{"allow":["GET"]}}],"collection":[{"href":"https:\/\/egyptianwisdomcenter.org\/pt\/wp-json\/wp\/v2\/pages"}],"about":[{"href":"https:\/\/egyptianwisdomcenter.org\/pt\/wp-json\/wp\/v2\/types\/page"}],"author":[{"embeddable":true,"href":"https:\/\/egyptianwisdomcenter.org\/pt\/wp-json\/wp\/v2\/users\/3"}],"replies":[{"embeddable":true,"href":"https:\/\/egyptianwisdomcenter.org\/pt\/wp-json\/wp\/v2\/comments?post=189"}],"version-history":[{"count":0,"href":"https:\/\/egyptianwisdomcenter.org\/pt\/wp-json\/wp\/v2\/pages\/189\/revisions"}],"wp:attachment":[{"href":"https:\/\/egyptianwisdomcenter.org\/pt\/wp-json\/wp\/v2\/media?parent=189"}],"curies":[{"name":"wp","href":"https:\/\/api.w.org\/{rel}","templated":true}]}}