{"id":228,"date":"2018-10-30T00:00:00","date_gmt":"2018-10-30T04:00:00","guid":{"rendered":"http:\/\/egyptianwisdomcenter.org\/the-awakening-potentials-awaken-your-inner-osiris\/"},"modified":"2023-01-02T12:03:11","modified_gmt":"2023-01-02T17:03:11","slug":"the-awakening-potentials-awaken-your-inner-osiris","status":"publish","type":"page","link":"https:\/\/egyptianwisdomcenter.org\/pt\/os-potenciais-do-despertar-despertam-seu-osiris-interior\/","title":{"rendered":"Os Potenciais do Despertar \u2013 Desperte seu Os\u00edris Interior!"},"content":{"rendered":"<h2 style=\"text-align: center;\"><span style=\"color: #0000ff;\"><strong>Os Potenciais do Despertar\u00a0\u00a0<\/strong><\/span><\/h2>\n<h2 style=\"text-align: center;\"><span style=\"color: #ff0000;\">Desperte seu Os\u00edris Interior!<\/span><\/h2>\n<p>&nbsp;<\/p>\n<p>Na hist\u00f3ria modelo eg\u00edpcia [no cap\u00edtulo anterior], Os\u00edris n\u00e3o estava realmente morto a princ\u00edpio \u2014 ele estava em coma; um estado de total inconsci\u00eancia em que as pessoas pensam que est\u00e3o despertas e conscientes, mas n\u00e3o est\u00e3o. Para trazer a Esperan\u00e7a [H\u00f3rus] e faz\u00ea-lo manifestar-se, as pessoas t\u00eam que ressuscitar Os\u00edris para tir\u00e1-lo do coma. \u00c9 assim que as nossas almas, esp\u00edritos e ess\u00eancia de vida s\u00e3o capazes de passar deste mundo para os estados mais evolu\u00eddos da cria\u00e7\u00e3o em dire\u00e7\u00e3o \u00e0 uni\u00e3o divina.<\/p>\n<p>O egipt\u00f3logo brit\u00e2nico, Sir EA Wallis Budge, resumiu isso na p\u00e1gina vii de seu livro, <em>Os\u00edris e a Ressurrei\u00e7\u00e3o Eg\u00edpcia, vol. EU<\/em>, do seguinte modo:<\/p>\n<p style=\"padding-left: 30px;\"><strong><em>A figura central da antiga religi\u00e3o eg\u00edpcia era Os\u00edris, e os principais fundamentos de seu culto eram a cren\u00e7a em sua divindade, morte, ressurrei\u00e7\u00e3o e controle absoluto dos destinos dos corpos e almas dos homens. O ponto central da religi\u00e3o de cada Os\u00edris era sua esperan\u00e7a de ressurrei\u00e7\u00e3o em um corpo transformado e de imortalidade, que s\u00f3 poderia ser realizada por ele atrav\u00e9s da morte e ressurrei\u00e7\u00e3o de Os\u00edris.<\/em><\/strong><\/p>\n<p>Todas as pessoas mortas foram\/s\u00e3o equiparadas a Os\u00edris, porque Os\u00edris \u00e9 um princ\u00edpio c\u00f3smico e n\u00e3o uma pessoa hist\u00f3rica. A religi\u00e3o eg\u00edpcia era uma religi\u00e3o inclusiva onde Os\u00edris vive dentro de cada um de n\u00f3s, o que facilitou uma verdadeira compreens\u00e3o de quem somos e de quem pretendemos ser.<\/p>\n<p>O princ\u00edpio que faz a vida surgir da morte aparente foi\/\u00e9 chamado de Os\u00edris, que simboliza o poder da renova\u00e7\u00e3o. Os\u00edris representa o processo, o crescimento e os aspectos c\u00edclicos subjacentes do universo.<\/p>\n<p>Desde o per\u00edodo mais antigo da hist\u00f3ria do Antigo Egito, os eg\u00edpcios acreditavam que Os\u00edris era de origem divina, parcialmente divina e parcialmente humana, que havia ressuscitado dos mortos sem ter visto a corrup\u00e7\u00e3o. O que Os\u00edris realizou para si mesmo, ele poderia efetuar para o homem. Como modelo, os Antigos Eg\u00edpcios acreditavam que o que Os\u00edris fazia, eles poderiam fazer. Por ter vencido a morte, os justos tamb\u00e9m poderiam vencer a morte e alcan\u00e7ar a vida eterna. Eles ressuscitariam e alcan\u00e7ariam a vida eterna.<\/p>\n<p>Abaixo \u00e9 mostrada uma das numerosas ilustra\u00e7\u00f5es que mostram o Princ\u00edpio da Ressurrei\u00e7\u00e3o \u2013 Os\u00edris. \u00c0 esquerda, o neter barbudo (deus) apresenta \u201cvida\u201d (o ankh) para ele e expressa palavras de poder.<\/p>\n<p><a href=\"http:\/\/egyptianwisdomcenter.org\/wp-content\/uploads\/2019\/02\/admin-ajax-2.jpg\"><img decoding=\"async\" class=\"size-full wp-image-582 aligncenter\" src=\"http:\/\/egyptianwisdomcenter.org\/wp-content\/uploads\/2019\/02\/admin-ajax-2.jpg\" alt=\"\" width=\"179\" height=\"163\" \/><\/a><\/p>\n<p>O tema no <em>Livro Eg\u00edpcio das Cavernas<\/em> fala sobre a necessidade de morte e dissolu\u00e7\u00e3o (do carnal e do material) antes do nascimento do espiritual.<\/p>\n<p>Isto \u00e9 ecoado pelo Jesus b\u00edblico quando ele diz:<\/p>\n<p style=\"padding-left: 30px;\"><strong><em>Se o gr\u00e3o de trigo n\u00e3o cair na terra e morrer, ele fica s\u00f3; mas se morrer, d\u00e1 muito fruto<\/em><\/strong><strong> [Jo\u00e3o 12:24]<\/strong><\/p>\n<p>Paulo tamb\u00e9m se refere ao mesmo princ\u00edpio em I Cor\u00edntios 15:36:<\/p>\n<p style=\"padding-left: 30px;\"><strong><em>\u2026 aquilo que voc\u00ea semeia n\u00e3o \u00e9 vivificado, a menos que morra.<\/em><\/strong><\/p>\n<p><a href=\"http:\/\/egyptianwisdomcenter.org\/wp-content\/uploads\/2019\/02\/image101.jpg\"><img decoding=\"async\" class=\"size-full wp-image-111 aligncenter\" src=\"http:\/\/egyptianwisdomcenter.org\/wp-content\/uploads\/2019\/02\/image101.jpg\" alt=\"\" width=\"268\" height=\"114\" \/><\/a><\/p>\n<p>Outro exemplo \u00e9 o simbolismo b\u00edblico do vinho, que pode ser atribu\u00eddo ao Antigo Egito, onde as paredes das tumbas do Antigo Egito mostram vinicultores pressionando vinho novo [conforme a cena da tumba do Antigo Egito acima], e a produ\u00e7\u00e3o de vinho \u00e9 em toda parte uma met\u00e1fora constante de espiritualidade. processos e os temas de transforma\u00e7\u00e3o e poder interior.<\/p>\n<p>Em alguns lugares das escritas eg\u00edpcias, o pr\u00f3prio Os\u00edris era caracterizado como a videira.<\/p>\n<p>A alma, ou a por\u00e7\u00e3o de <em>Deus<\/em> interior, causa o fermento divino no corpo da vida. \u00c9 desenvolvido ali, como na videira, pelo sol do eu espiritual do homem. A pot\u00eancia fermentada do vinho era, no seu n\u00edvel espiritual mais profundo, um s\u00edmbolo da presen\u00e7a do Deus encarnado na pessoa espiritualmente consciente.<\/p>\n<p>A progress\u00e3o ao longo do Caminho espiritual \u00e9 adquirida atrav\u00e9s do esfor\u00e7o e \u00e9 uma quest\u00e3o de a\u00e7\u00e3o consciente e disciplinada. Cada consci\u00eancia nova\/elevada equivale a um novo despertar. Os n\u00edveis de consci\u00eancia s\u00e3o chamados de <em>morte \u2013 renascimento<\/em>. Tal pensamento permeou o Antigo (e o atual) Egito, onde <em>anivers\u00e1rio<\/em> e <em>Renascimento<\/em> s\u00e3o um tema constante. A palavra <em>morte<\/em> \u00e9 empregado em sentido figurado. O tema que o homem deve <em>\u201cmorra antes de morrer\u201d<\/em> ou que ele deve ser <em>&quot;renascido&quot;<\/em> em sua vida atual \u00e9 tomada simbolicamente ou comemorada por um ritual. Neste, o candidato deve passar por certas experi\u00eancias espec\u00edficas (tecnicamente denominadas \u201c<em>mortes<\/em>\u201d). Um bom exemplo \u00e9 o batismo, que era o objetivo principal na P\u00e1scoa, depois da Quaresma, representando a morte do antigo eu pela imers\u00e3o na \u00e1gua e a ascens\u00e3o do novo\/renovado eu ao sair da \u00e1gua.<\/p>\n<p>&nbsp;<\/p>\n<div dir=\"auto\">\n<p><strong><span style=\"color: #ff0000;\">[Um trecho de <\/span>Ra\u00edzes Eg\u00edpcias Antigas do Cristianismo, 2\u00aa Edi\u00e7\u00e3o<span style=\"color: #ff0000;\"> por Moustafa Gadalla]<br \/>\n<a href=\"https:\/\/egyptianwisdomcenter.org\/pt\/produto\/as-antigas-raizes-egipcias-do-cristianismo-2a-edicao\/\"><span style=\"color: #0000ff;\">https:\/\/egyptianwisdomcenter.org\/product\/o-antigo-egito-as-raizes-do-cristianismo\/<\/span><\/a><br \/>\n<\/span><\/strong><\/p>\n<p><img decoding=\"async\" class=\"aligncenter\" src=\"https:\/\/egyptianwisdomcenter.org\/wp-content\/uploads\/2023\/01\/o-antigo-egito-as-raizes-do-cristianismo-4.jpg\" \/><\/p>\n<p style=\"text-align: center;\"><a href=\"https:\/\/egyptianwisdomcenter.org\/pt\/produto\/as-antigas-raizes-egipcias-do-cristianismo-2a-edicao\/\"><strong><span style=\"color: #ff0000;\"><span style=\"color: #0000ff;\">https:\/\/egyptianwisdomcenter.org\/product\/o-antigo-egito-as-raizes-do-cristianismo\/<\/span><\/span><\/strong><\/a><\/p>\n<\/div>","protected":false},"excerpt":{"rendered":"<p>The Awakening Potentials\u00a0\u00a0 Awaken Your Inner Osiris! &nbsp; In the Egyptian model story [in the previous chapter], Osiris wasn\u2019t actually dead at [&hellip;]<\/p>","protected":false},"author":3,"featured_media":0,"parent":0,"menu_order":0,"comment_status":"closed","ping_status":"closed","template":"","meta":{"footnotes":""},"class_list":["post-228","page","type-page","status-publish","hentry"],"aioseo_notices":[],"_links":{"self":[{"href":"https:\/\/egyptianwisdomcenter.org\/pt\/wp-json\/wp\/v2\/pages\/228","targetHints":{"allow":["GET"]}}],"collection":[{"href":"https:\/\/egyptianwisdomcenter.org\/pt\/wp-json\/wp\/v2\/pages"}],"about":[{"href":"https:\/\/egyptianwisdomcenter.org\/pt\/wp-json\/wp\/v2\/types\/page"}],"author":[{"embeddable":true,"href":"https:\/\/egyptianwisdomcenter.org\/pt\/wp-json\/wp\/v2\/users\/3"}],"replies":[{"embeddable":true,"href":"https:\/\/egyptianwisdomcenter.org\/pt\/wp-json\/wp\/v2\/comments?post=228"}],"version-history":[{"count":0,"href":"https:\/\/egyptianwisdomcenter.org\/pt\/wp-json\/wp\/v2\/pages\/228\/revisions"}],"wp:attachment":[{"href":"https:\/\/egyptianwisdomcenter.org\/pt\/wp-json\/wp\/v2\/media?parent=228"}],"curies":[{"name":"wp","href":"https:\/\/api.w.org\/{rel}","templated":true}]}}