{"id":230,"date":"2018-10-30T00:00:00","date_gmt":"2018-10-30T04:00:00","guid":{"rendered":"http:\/\/egyptianwisdomcenter.org\/the-golden-goal-alchemy\/"},"modified":"2023-01-02T12:06:22","modified_gmt":"2023-01-02T17:06:22","slug":"the-golden-goal-alchemy","status":"publish","type":"page","link":"https:\/\/egyptianwisdomcenter.org\/pt\/a-alquimia-do-gol-de-ouro\/","title":{"rendered":"O Objetivo de Ouro \u2013 Alquimia"},"content":{"rendered":"<h2 style=\"text-align: center;\"><span style=\"color: #ff0000;\"><strong>O Objetivo de Ouro \u2013 Alquimia<\/strong><\/span><\/h2>\n<p>&nbsp;<\/p>\n<p>Alquimia significa o m\u00e9todo\/poder\/processo de transmuta\u00e7\u00e3o de uma coisa em algo melhor \u2013 simbolicamente, chumbo em ouro.<\/p>\n<p>O ouro na verdadeira alquimia \u00e9 uma met\u00e1fora para a realiza\u00e7\u00e3o espiritual final. O alquimista genu\u00edno n\u00e3o praticava uma forma equivocada de qu\u00edmica, como os cientistas modernos gostam de acreditar: ele estava empenhado numa busca espiritual para transformar a mat\u00e9ria grosseira (chumbo) num ve\u00edculo para o esp\u00edrito (ouro).<\/p>\n<p>Esta tradi\u00e7\u00e3o alquimista\/sufi \u2013 de transformar mat\u00e9ria em ouro \u2013 \u00e9 de origem eg\u00edpcia antiga, como se reflete na sua linguagem da seguinte forma:<\/p>\n<p>\u2013 A mat\u00e9ria ca\u00f3tica na l\u00edngua eg\u00edpcia \u00e9 chamada <em><strong>Bem,<\/strong><\/em> que tem v\u00e1rios significados relacionados: <em>a pedra primordial, o monte da cria\u00e7\u00e3o, o primeiro estado da mat\u00e9ria, oposi\u00e7\u00e3o\/nega\u00e7\u00e3o, n\u00e3o \u00e9, n\u00e3o existe, e multiplicidade.<\/em><\/p>\n<p>\u2013 A imagem espelhada de <em><strong>Bem<\/strong><\/em> \u00e9 <em><strong>Neb<\/strong><\/em> (Ben escrito ao contr\u00e1rio), que tamb\u00e9m tem v\u00e1rios significados relacionados: <em>ouro<\/em> (tradicionalmente, o produto final acabado e aperfei\u00e7oado \u2013 o objetivo do alquimista),<em> senhor, mestre, tudo, afirma\u00e7\u00e3o e puro.<\/em><\/p>\n<p>Thoth, o antigo neter (deus) eg\u00edpcio, \u00e9 reconhecido por todos os primeiros (e posteriores) escritores sufis como o antigo modelo de alquimia, misticismo e todos os assuntos relacionados. O conhecido escritor sufi Idries Shah admite o papel do Egito atrav\u00e9s de Thoth e Dhu&#039;I-Nun no Sufismo e na alquimia da seguinte forma:<\/p>\n<p style=\"padding-left: 30px;\"><strong><em>\u201d . . . a tradi\u00e7\u00e3o alqu\u00edmica veio do Egito diretamente dos escritos de Thoth<\/em><\/strong><br \/>\n<strong><em> . . . De acordo com a tradi\u00e7\u00e3o sufi, a tradi\u00e7\u00e3o foi transmitida atrav\u00e9s de Dhu&#039;i-Nun, o eg\u00edpcio, o rei ou senhor dos peixes, um dos mais famosos professores sufis cl\u00e1ssicos. [Os Sufis, 1964]<\/em><\/strong><\/p>\n<p>O nome de Thoth aparece entre os antigos mestres do que hoje \u00e9 chamado de <em>Caminho dos Sufis<\/em>. Em outras palavras: tanto os sufis quanto os alquimistas reconhecem Thoth como a base do seu conhecimento.<\/p>\n<p>Idries Shah tamb\u00e9m faz uma refer\u00eancia direta ao historiador \u00e1rabe espanhol Said de Toledo (falecido em 1069), que d\u00e1 esta tradi\u00e7\u00e3o do Antigo Eg\u00edpcio Thoth:<\/p>\n<p style=\"padding-left: 30px;\"><strong><em>\u201cOs s\u00e1bios afirmam que todas as ci\u00eancias antediluvianas se originam com o eg\u00edpcio Hermes [Thoth], no Alto Egito (ou seja, Khmunu (Herm\u00f3polis)). Os judeus o chamam de Enoque e os mu\u00e7ulmanos de Idris. Foi o primeiro a falar da mat\u00e9ria do mundo superior e dos movimentos planet\u00e1rios. . . Medicina e poesia eram suas fun\u00e7\u00f5es. . . [bem como] as ci\u00eancias, incluindo alquimia e magia<\/em><\/strong>. [Cf. Asin Palacios, Ibn Masarra, p. 13]Masarra significa eg\u00edpcio<\/p>\n<p>O misticismo eg\u00edpcio abrange basicamente dois tipos de experi\u00eancia espiritual:<\/p>\n<ol>\n<li>Uma busca pelo autodesenvolvimento espiritual na forma de autocontrole \u00e9tico e vis\u00e3o religiosa pessoal mundana. O aspirante que \u00e9 capaz de purificar-se est\u00e1 pronto agora para a segunda miss\u00e3o.<\/li>\n<li>A busca para encontrar Deus no mundo manifestado, bem como encontrar o mundo manifestado em Deus. Isto \u00e9 conseguido atrav\u00e9s da aquisi\u00e7\u00e3o de conhecimento, usando o intelecto e a intui\u00e7\u00e3o, a fim de transcender as limita\u00e7\u00f5es dos nossos sentidos humanos.<\/li>\n<\/ol>\n<p>[Informa\u00e7\u00f5es mais detalhadas sobre este assunto em <span style=\"color: #ff0000;\"><strong>M\u00edsticos Eg\u00edpcios: Buscadores do Caminho por Moustafa Gadalla<\/strong><\/span>]<\/p>\n<p>&nbsp;<\/p>\n<p>&nbsp;<\/p>\n<p><span style=\"color: #ff0000;\"><strong>[Um trecho de]<\/strong><\/span><\/p>\n<p><img decoding=\"async\" class=\"aligncenter\" src=\"https:\/\/egyptianwisdomcenter.org\/wp-content\/uploads\/2023\/01\/a-cosmologia-egipcia.jpg\" \/><\/p>\n<hr \/>\n<p>&nbsp;<\/p>\n<div dir=\"auto\">\n<div dir=\"auto\">\n<div dir=\"auto\">\n<p><span style=\"color: #ff0000;\"><strong>[<\/strong><\/span><strong>M\u00edsticos Eg\u00edpcios: Buscadores do Caminho, 2\u00aa Edi\u00e7\u00e3o<\/strong><span style=\"color: #ff0000;\"><strong> por Moustafa Gadalla]<br \/>\n<a href=\"https:\/\/egyptianwisdomcenter.org\/pt\/produto\/misticos-egipcios-buscadores-do-caminho-2a-edicao\/\"><span style=\"color: #0000ff;\">https:\/\/egyptianwisdomcenter.org\/product\/egyptian-mystics-seekers-of-the-way-2nd-edition\/<\/span><\/a><br \/>\n<\/strong><\/span><\/p>\n<p><img decoding=\"async\" class=\"aligncenter\" src=\"https:\/\/books2read-prod.s3.amazonaws.com\/CACHE\/images\/ubl_book_images\/book_display_image_zMMju8w\/f91add1cabf1165dc68c4ea720a7e73c\" \/><\/p>\n<div dir=\"auto\" style=\"text-align: center;\"><a href=\"https:\/\/egyptianwisdomcenter.org\/pt\/produto\/misticos-egipcios-buscadores-do-caminho-2a-edicao\/\"><span style=\"color: #ff0000;\"><strong><span style=\"color: #0000ff;\">https:\/\/egyptianwisdomcenter.org\/product\/egyptian-mystics-seekers-of-the-way-2nd-edition\/<\/span><\/strong><\/span><\/a><\/div>\n<\/div>\n<\/div>\n<\/div>","protected":false},"excerpt":{"rendered":"<p>The Golden Goal\u2014Alchemy &nbsp; Alchemy signifies the method\/power\/process of transmutation of one thing into something better\u2014symbolically, lead into gold. Gold in true [&hellip;]<\/p>","protected":false},"author":3,"featured_media":0,"parent":0,"menu_order":0,"comment_status":"closed","ping_status":"closed","template":"","meta":{"footnotes":""},"class_list":["post-230","page","type-page","status-publish","hentry"],"aioseo_notices":[],"_links":{"self":[{"href":"https:\/\/egyptianwisdomcenter.org\/pt\/wp-json\/wp\/v2\/pages\/230","targetHints":{"allow":["GET"]}}],"collection":[{"href":"https:\/\/egyptianwisdomcenter.org\/pt\/wp-json\/wp\/v2\/pages"}],"about":[{"href":"https:\/\/egyptianwisdomcenter.org\/pt\/wp-json\/wp\/v2\/types\/page"}],"author":[{"embeddable":true,"href":"https:\/\/egyptianwisdomcenter.org\/pt\/wp-json\/wp\/v2\/users\/3"}],"replies":[{"embeddable":true,"href":"https:\/\/egyptianwisdomcenter.org\/pt\/wp-json\/wp\/v2\/comments?post=230"}],"version-history":[{"count":0,"href":"https:\/\/egyptianwisdomcenter.org\/pt\/wp-json\/wp\/v2\/pages\/230\/revisions"}],"wp:attachment":[{"href":"https:\/\/egyptianwisdomcenter.org\/pt\/wp-json\/wp\/v2\/media?parent=230"}],"curies":[{"name":"wp","href":"https:\/\/api.w.org\/{rel}","templated":true}]}}