{"id":24361,"date":"2019-03-07T14:35:35","date_gmt":"2019-03-07T19:35:35","guid":{"rendered":"http:\/\/egyptianwisdomcenter.org\/as-tecnicas-de-cultivo-superiores-egipcias-antigas\/"},"modified":"2023-01-11T06:10:02","modified_gmt":"2023-01-11T11:10:02","slug":"as-tecnicas-de-cultivo-superiores-egipcias-antigas","status":"publish","type":"page","link":"https:\/\/egyptianwisdomcenter.org\/pt\/as-tecnicas-de-cultivo-superiores-egipcias-antigas\/","title":{"rendered":"As t\u00e9cnicas de cultivo superiores eg\u00edpcias antigas"},"content":{"rendered":"<h2 style=\"text-align: center;\"><span style=\"color: #ff0000;\"><strong>As t\u00e9cnicas de cultivo superiores eg\u00edpcias antigas<\/strong><\/span><\/h2>\n<p>&nbsp;<\/p>\n<p>O Egito \u00e9 (e era) uma das regi\u00f5es mais \u00e1ridas do mundo. O rio Nilo no Egito recebia (e continua a receber) 90% de sua \u00e1gua durante um per\u00edodo de inunda\u00e7\u00e3o de 100 dias todos os anos, conforme observado por Her\u00f3doto, em <em>Hist\u00f3ria <\/em>[2, 92], onde declara:<\/p>\n<p style=\"padding-left: 30px;\"><em><strong>&#8230;<\/strong><\/em><strong><em>o Nilo come\u00e7a a encher no solst\u00edcio de Ver\u00e3o, prosseguindo gradativamente a cheia durante cem dias, e por que raz\u00e3o, enchendo por esse espa\u00e7o de tempo, ele se retrai, baixando de maneira not\u00e1vel e permanecendo pouco volumoso durante todo o Inverno, at\u00e9 o novo solst\u00edcio de Ver\u00e3o.<\/em><\/strong><\/p>\n<p>As \u00e1guas de inunda\u00e7\u00e3o do Nilo v\u00eam como resultado da esta\u00e7\u00e3o chuvosa na Eti\u00f3pia, que corr\u00f3i o sedimento das terras altas et\u00edopes e o leva para o Egito ao longo do Nilo Azul e outros afluentes. Nenhuma quantidade apreci\u00e1vel de \u00e1gua chega ao Egito atrav\u00e9s do Nilo Branco, que come\u00e7a a partir da \u00c1frica Central.<\/p>\n<p>Os antigos eg\u00edpcios administravam seus recursos h\u00eddricos limitados de forma eficiente e tornaram-se os melhores agr\u00e1rios de clima seco no mundo. O Antigo Egito era reconhecido mundialmente por t\u00e9cnicas de irriga\u00e7\u00e3o e agricultura de clima seco. Diodoro mencionou o eficiente sistema de cultivo eg\u00edpcio,<\/p>\n<p style=\"padding-left: 30px;\"><em><strong>\u2026<\/strong><\/em><strong><em>sendo desde sua inf\u00e2ncia levados a atividades agr\u00edcolas, eles superavam os agricultores de outros pa\u00edses e conheciam as capacidades da terra, o modo de irriga\u00e7\u00e3o, a esta\u00e7\u00e3o exata para semeadura e colheita, e todos os segredos mais \u00fateis relacionados com a colheita, os quais foram recebidos de seus antepassados, e melhorados atrav\u00e9s de sua pr\u00f3pria experi\u00eancia.<\/em><\/strong><\/p>\n<p>V\u00e1rias entidades foram formadas ao longo do Vale do Nilo para gerenciar as inunda\u00e7\u00f5es efusivas, observando, registrando e regulando o fluxo de \u00e1gua por todo o Vale do Nilo. Como consequ\u00eancia, um sistema de irriga\u00e7\u00e3o comum altamente organizado foi desenvolvido e utilizado desde tempos imemoriais.<\/p>\n<p>Os limitados recursos h\u00eddricos dispon\u00edveis no Antigo Egito eram gerenciados de forma mais eficiente utilizando-se m\u00e9todos organizados de conserva\u00e7\u00e3o e desvio de \u00e1gua. Segundo Estrab\u00e3o, o sistema de irriga\u00e7\u00e3o comum eg\u00edpcio era t\u00e3o admiravelmente gerenciado,<\/p>\n<p style=\"padding-left: 30px;\"><em><strong>\u2026<\/strong><\/em><strong><em>que a arte tentava, \u00e0s vezes, prover o que a natureza negava e, por meio de canais e aterros, havia pouca diferen\u00e7a na quantidade de terra irrigada, fosse a \u00e9poca de cheia fraca ou abundante.<\/em><\/strong><\/p>\n<p>Os antigos eg\u00edpcios faziam observa\u00e7\u00f5es precisas sobre o aumento da eleva\u00e7\u00e3o do Nilo durante a esta\u00e7\u00e3o de inunda\u00e7\u00e3o. Nil\u00f4metros, dispositivos usados para medir a alta e baixa gradual do Nilo, foram constru\u00eddos em v\u00e1rias partes do Egito, e as flutua\u00e7\u00f5es da superf\u00edcie da \u00e1gua eram registradas e relatadas. As eleva\u00e7\u00f5es nos nil\u00f4metros em todo o Egito eram ligadas a um \u00fanico dado comum. A regulamenta\u00e7\u00e3o das quantidades e da dura\u00e7\u00e3o do fluxo era controlada por funcion\u00e1rios experientes, usando bloqueios de eclusa para controlar o fluxo de \u00e1gua at\u00e9 uma altura e dura\u00e7\u00e3o determinada. Diodoro, em <em>EU<\/em>. [19. 5 \u2013 6], afirma:<\/p>\n<p style=\"padding-left: 30px;\"><em><strong>\u2026<\/strong><\/em><strong><em>na hora da inunda\u00e7\u00e3o, piscinas estagnadas sobre a terra podem n\u00e3o se formar para o seu detrimento, mas a \u00e1gua da <\/em><\/strong><em><strong>inunda\u00e7\u00e3o<\/strong><\/em> <strong><em>\u00e9 deixada na regi\u00e3o campestre, em um fluxo <\/em><\/strong><em><strong>suave<\/strong><\/em><strong><em>, conforme seja necess\u00e1rio, atrav\u00e9s de port\u00f5es que eles [os eg\u00edpcios] constru\u00edram.<\/em><\/strong><\/p>\n<p>A \u00e1gua da inunda\u00e7\u00e3o era administrada de forma diferente em v\u00e1rios distritos. Isso dependia de muitos fatores, tais como as alturas\/eleva\u00e7\u00f5es relativas das terras adjacentes, e as planta\u00e7\u00f5es sendo cultivadas no momento, etc.<\/p>\n<p>Os antigos eg\u00edpcios entendiam os diferentes tipos de solo \u2013 para fornecer uma variedade de produtos agr\u00edcolas. Eles at\u00e9 aproveitavam a margem do deserto, onde o solo \u00e9 uma mistura de argila e areia, para o cultivo de videira e algumas outras plantas que s\u00e3o adequadas para esses solos.<\/p>\n<p>Al\u00e9m da mistura de terra nitrosa que era alimentada com limo de colinas da Eti\u00f3pia, os eg\u00edpcios usavam a nutri\u00e7\u00e3o adicional do solo, tais como fertilizantes naturais \u2013 estrume de diferentes animais e p\u00e1ssaros \u2013 para diferentes prop\u00f3sitos. Al\u00e9m disso, os antigos eg\u00edpcios tamb\u00e9m usavam fertilizantes \u201cqu\u00edmicos\u201d, espalhados pelas superf\u00edcies. Estes eram utilizados para certas culturas, particularmente aquelas cultivadas no final do ano.<\/p>\n<p>N\u00e3o s\u00f3 os antigos eg\u00edpcios forneciam \u00e1gua para as terras baixas, mas tamb\u00e9m eram capazes de irrigar as terras que estavam muito longe do rio para serem inundadas diretamente por ele. Para chegar at\u00e9 as areias do deserto, eles utilizavam um sistema de canais e dispositivos de eleva\u00e7\u00e3o de \u00e1gua. A \u00e1gua era elevada para canais superiores no Antigo Egito usando:<\/p>\n<p style=\"padding-left: 30px;\">1. A <em>picota \u2013 <\/em>o modo comum de obter \u00e1gua do Nilo ou de alimentar canais com uma pequena quantidade de \u00e1gua. Consiste basicamente em uma estaca e um balde.<\/p>\n<p style=\"padding-left: 30px;\">2. A m\u00e1quina de p\u00e9s (bomba) mencionada por F\u00edlon, que repercute em <em>Deuteron\u00f4mio<\/em> [XI. 40],<\/p>\n<p style=\"padding-left: 60px;\"><strong><em>Egito, de onde sa\u00edste, em que semeavas a tua semente, e a regavas com o teu p\u00e9, como a uma horta.<\/em><\/strong><\/p>\n<p style=\"padding-left: 30px;\">3. Os parafusos hidr\u00e1ulicos \u2013 as bombas de \u00e1gua eg\u00edpcias eram famosas em todo o mundo e foram utilizadas nas atividades de minera\u00e7\u00e3o na Ib\u00e9ria, conforme o seguinte testemunho de Estrab\u00e3o, em <em>Geografia<\/em>, [3.2.9]:<\/p>\n<p style=\"padding-left: 60px;\"><strong><em>Ent\u00e3o, Posid\u00f4nio implica que a energia e ind\u00fastria dos mineiros turdetanos [do sul da Espanha] s\u00e3o parecidos, j\u00e1 que cortavam os seus eixos obliquamente e profundamente, e, no que diz respeito <span style=\"text-decoration: underline;\">aos c\u00f3rregos que os encontram nos eixos, muitas vezes os extra\u00eda com parafuso eg\u00edpcio.<\/span><\/em><\/strong><\/p>\n<p style=\"padding-left: 30px;\">O \u201cparafuso eg\u00edpcio\u201d era projetado e fabricado com o mesmo princ\u00edpio de nossas bombas modernas, que consistem em um tubo espiral enrolado em torno de um eixo, ou um grande parafuso em um cilindro, girado \u00e0 m\u00e3o ou por meios mec\u00e2nicos. O do tipo movido a m\u00e3o \u00e9, agora, comumente conhecido no Egito como <em>tanbour<\/em>.<\/p>\n<p style=\"padding-left: 30px;\">4. A roda d\u2019\u00e1gua, com suas conchas para pegar \u00e1gua dos rios e fornec\u00ea-la para canais de irriga\u00e7\u00e3o. Elas s\u00e3o eficientes em fornecer \u00e1gua para n\u00edveis mais altos e, portanto, podem ser encontradas em lugares como o O\u00e1sis de Faium, ao sul do Cairo.<\/p>\n<p>Os projetos de obras hidr\u00e1ulicas e de recupera\u00e7\u00e3o de terras eg\u00edpcias antigas eram enormes \u2013 mesmo nos nossos padr\u00f5es atuais de projetos que utilizam equipamentos pesados. Aqui est\u00e3o alguns exemplos:<\/p>\n<p style=\"padding-left: 30px;\">1. Um grande projeto de desvio de canal foi realizado h\u00e1 mais de quatro mil anos. O projeto come\u00e7ou na atual Assiut, onde uma grande quantidade de \u00e1gua do Nilo costumava chegar na regi\u00e3o da atual Faium \u2013 localizada a cerca de 100 km [65 milhas] a sudoeste do Cairo. O O\u00e1sis de Faium fica abaixo do n\u00edvel do mar e cont\u00e9m o Lago Qarun. O lago foi usado originalmente como bacia hidrogr\u00e1fica para o desbordamento do Nilo e j\u00e1 chegou a preencher toda a regi\u00e3o. Essa \u00e1gua carregava e depositava consigo o limo f\u00e9rtil do Nilo no fundo do leito do lago. Esse antigo grande projeto foi respons\u00e1vel pelo desvio de milh\u00f5es de gal\u00f5es de \u00e1gua, a qual era consumida nos desertos em torno da regi\u00e3o de Faium. O fluxo de \u00e1gua para o lago foi reduzido. Como resultado, cerca de 80% da \u00e1rea original do lago foi recuperada e o solo rico foi cultivado. Uma s\u00e9rie de rodas d\u2019\u00e1gua eram usadas para puxar \u00e1gua para as margens ao longo dessa bifurca\u00e7\u00e3o do Nilo. Al\u00e9m disso, mais \u00e1gua ficou dispon\u00edvel ao longo do Vale do Nilo, a norte de Assiut \u2013 aumentando as terras ar\u00e1veis.<\/p>\n<p style=\"padding-left: 30px;\">2. H\u00e1 evid\u00eancias arqueol\u00f3gicas de grandes projetos p\u00fablicos em Semna (atual), durante o tempo do Rei Senwasret III [1878 \u2013 1844 AEC]. A \u00e1rea de Semna, acima da Terceira Catarata, era f\u00e9rtil e mantinha uma grande popula\u00e7\u00e3o. Durante o Reino M\u00e9dio, uma barragem artificial bloqueava o canal. Uma por\u00e7\u00e3o dessa barragem ainda \u00e9 vis\u00edvel, at\u00e9 hoje, no Semna Oriental. A constru\u00e7\u00e3o da barragem elevou o n\u00edvel do Nilo por centenas de quil\u00f4metros ao sul, permitindo que expedi\u00e7\u00f5es comerciais navegassem para o interior da \u00c1frica. H\u00e1 cerca de 25 inscri\u00e7\u00f5es nas rochas abaixo das fortalezas dos canais do Semna Oriental e do Semna Ocidental. Elas representam os n\u00edveis de inunda\u00e7\u00e3o do Nilo registrados durante o Reino M\u00e9dio e todas mostram um n\u00edvel cerca de 8 m [25 p\u00e9s] acima dos n\u00edveis m\u00e1ximos de \u00e1gua dos dias atuais.<\/p>\n<p>&nbsp;<\/p>\n<p><span style=\"color: #ff0000;\"><strong>[Um trecho<span style=\"color: #0000ff;\"> A Cultura do Antigo Egito Revelada,\u00a0Segunda Edi\u00e7\u00e3o<\/span><\/strong><\/span><span style=\"color: #ff0000;\"><strong>\u00a0por Moustafa Gadalla]<\/strong><\/span><\/p>\n<p><span style=\"color: #0000ff;\"><strong>https:\/\/egyptianwisdomcenter.org\/product\/a-cultura-do-antigo-egito-revelada\/<\/strong><\/span><\/p>\n<p><img decoding=\"async\" class=\"aligncenter\" src=\"https:\/\/egypt-tehuti.org\/wp-content\/uploads\/2017\/11\/4-e1514402417574-225x338.jpg\" \/><\/p>\n<p style=\"text-align: center;\"><span style=\"color: #0000ff;\"><strong>https:\/\/egyptianwisdomcenter.org\/product\/a-cultura-do-antigo-egito-revelada\/<\/strong><\/span><\/p>\n<p>&nbsp;<\/p>","protected":false},"excerpt":{"rendered":"<p>As t\u00e9cnicas de cultivo superiores eg\u00edpcias antigas &nbsp; O Egito \u00e9 (e era) uma das regi\u00f5es mais \u00e1ridas do mundo. O rio [&hellip;]<\/p>","protected":false},"author":3,"featured_media":0,"parent":0,"menu_order":0,"comment_status":"closed","ping_status":"closed","template":"","meta":{"footnotes":""},"class_list":["post-24361","page","type-page","status-publish","hentry"],"aioseo_notices":[],"_links":{"self":[{"href":"https:\/\/egyptianwisdomcenter.org\/pt\/wp-json\/wp\/v2\/pages\/24361","targetHints":{"allow":["GET"]}}],"collection":[{"href":"https:\/\/egyptianwisdomcenter.org\/pt\/wp-json\/wp\/v2\/pages"}],"about":[{"href":"https:\/\/egyptianwisdomcenter.org\/pt\/wp-json\/wp\/v2\/types\/page"}],"author":[{"embeddable":true,"href":"https:\/\/egyptianwisdomcenter.org\/pt\/wp-json\/wp\/v2\/users\/3"}],"replies":[{"embeddable":true,"href":"https:\/\/egyptianwisdomcenter.org\/pt\/wp-json\/wp\/v2\/comments?post=24361"}],"version-history":[{"count":0,"href":"https:\/\/egyptianwisdomcenter.org\/pt\/wp-json\/wp\/v2\/pages\/24361\/revisions"}],"wp:attachment":[{"href":"https:\/\/egyptianwisdomcenter.org\/pt\/wp-json\/wp\/v2\/media?parent=24361"}],"curies":[{"name":"wp","href":"https:\/\/api.w.org\/{rel}","templated":true}]}}