{"id":248,"date":"2018-11-02T00:00:00","date_gmt":"2018-11-02T04:00:00","guid":{"rendered":"http:\/\/egyptianwisdomcenter.org\/the-function-objective-of-the-temple\/"},"modified":"2023-02-14T19:22:31","modified_gmt":"2023-02-15T00:22:31","slug":"the-function-objective-of-the-temple-2","status":"publish","type":"page","link":"https:\/\/egyptianwisdomcenter.org\/pt\/o-objetivo-da-funcao-do-templo-2\/","title":{"rendered":"A Fun\u00e7\u00e3o\/Objetivo do Templo"},"content":{"rendered":"<h2 style=\"text-align: center;\"><span style=\"color: #ff0000;\"><strong>A Fun\u00e7\u00e3o\/Objetivo do Templo<\/strong><\/span><\/h2>\n<p>&nbsp;<\/p>\n<p>\u00c9 tend\u00eancia comum ignorar a fun\u00e7\u00e3o religiosa dos templos eg\u00edpcios antigos. Em vez disso, s\u00e3o vistos apenas como uma galeria de arte e\/ou uma intera\u00e7\u00e3o de formas contra uma apresenta\u00e7\u00e3o hist\u00f3rica vaga.<\/p>\n<p>Na realidade, o templo eg\u00edpcio era o elo \u2013 o meio proporcional \u2013 entre os macrocosmos (mundo) e os microcosmos (homem). Era um palco onde aconteciam reuni\u00f5es entre os neteru (deuses\/deusas) e o rei, como representante do povo. Devemos tentar v\u00ea-lo como a rela\u00e7\u00e3o entre forma e fun\u00e7\u00e3o.<\/p>\n<p>O templo eg\u00edpcio era uma m\u00e1quina para gerar e manter energia divina para o benef\u00edcio de todos. Foi o lugar onde a energia c\u00f3smica dos neteru (deuses\/deusas) veio habitar e irradiar suas energias para a terra e as pessoas.<\/p>\n<p>Conforme descrito em v\u00e1rios textos eg\u00edpcios antigos, o templo ou pilar \u00e9:<\/p>\n<p style=\"padding-left: 30px;\"><strong><em>\u2026como os pilares do c\u00e9u, [um templo] como os c\u00e9us, permanecendo sobre seus quatro pilares\u2026 brilhando como o horizonte do c\u00e9u\u2026 um local de resid\u00eancia para o senhor de neteru\u2026<\/em><\/strong><\/p>\n<p>O poder harmonioso dos planos do templo, as imagens gravadas nas paredes e as formas de culto levaram todos ao mesmo objetivo; um objetivo que era espiritual (pois envolvia colocar em movimento for\u00e7as sobre-humanas) e pr\u00e1tico (na medida em que o resultado final esperado era a manuten\u00e7\u00e3o da prosperidade do pa\u00eds).<\/p>\n<p>\u00c9 portanto que o templo eg\u00edpcio n\u00e3o era um local de culto p\u00fablico no nosso entendimento \u201cmoderno\u201d. Esses lugares verdadeiramente divinos eram acess\u00edveis apenas ao sacerd\u00f3cio, que podia entrar nos santu\u00e1rios internos onde eram realizados os ritos e cerim\u00f4nias sagradas. Em alguns casos, apenas o pr\u00f3prio rei ou seu substituto autorizado tinha permiss\u00e3o para entrar.<\/p>\n<p>O p\u00fablico em geral participava de muitos grandes festivais e celebra\u00e7\u00f5es realizados fora dos templos em homenagem a v\u00e1rias divindades. A participa\u00e7\u00e3o p\u00fablica era um dever de todos e um aspecto essencial no processo de \u201cadora\u00e7\u00e3o\u201d para manter a harmonia universal. [Para mais informa\u00e7\u00f5es, consulte <em>M\u00edsticos Eg\u00edpcios: Buscadores do Caminho<\/em>, de Moustafa Gadalla.]<\/p>\n<p>Em geral, o templo eg\u00edpcio era cercado por uma enorme parede de tijolos de barro. Essa parede isolava o templo de seu entorno, que representava simbolicamente as for\u00e7as do caos. Metaforicamente, a lama resultou da uni\u00e3o do c\u00e9u e da Terra. A parede de tijolos era, portanto, tipicamente colocada em cursos ondulados para simbolizar as \u00e1guas primitivas, representando o primeiro est\u00e1gio da cria\u00e7\u00e3o.<\/p>\n<p><a href=\"http:\/\/egyptianwisdomcenter.org\/wp-content\/uploads\/2019\/02\/aecr-ch7-1-300c-1.jpg\"><img decoding=\"async\" class=\"size-medium wp-image-950 aligncenter\" src=\"http:\/\/egyptianwisdomcenter.org\/wp-content\/uploads\/2019\/02\/aecr-ch7-1-300c-1-149x300.jpg\" alt=\"\" width=\"149\" height=\"300\" \/><\/a><\/p>\n<p>As paredes exteriores do templo assemelhavam-se a uma fortaleza, de modo a defend\u00ea-lo contra todas as formas do mal. O acesso ao templo era feito por dois pilares; al\u00e9m do qual havia um tribunal aberto. Este p\u00e1tio \u00e0s vezes tinha colunatas nas laterais e um altar no meio. Em seguida, ao longo do eixo do templo, surgiu o hipoestilo; um sal\u00e3o com pilares muitas vezes cercado por pequenas salas que eram usadas para armazenar equipamentos do templo e para outras fun\u00e7\u00f5es secund\u00e1rias. Finalmente havia o santu\u00e1rio, que era uma sala escura contendo o santu\u00e1rio onde foi colocada a figura do neter. As portas do santu\u00e1rio ficavam fechadas e seladas durante todo o ano e abertas apenas para os grandes festivais. O santu\u00e1rio era chamado de Grande Assento. Fora dos muros do templo ficavam as resid\u00eancias do pessoal sacerdotal e as oficinas, dep\u00f3sitos e outras estruturas auxiliares.<\/p>\n<p>&nbsp;<\/p>\n<p><span style=\"color: #ff0000;\"><strong>[Um trecho de <\/strong><\/span><strong>A Arquitetura Metaf\u00edsica Eg\u00edpcia Antiga por Moustafa Gadalla<\/strong><span style=\"color: #ff0000;\"><strong>]<br \/>\n<a href=\"https:\/\/egyptianwisdomcenter.org\/pt\/produto\/the-ancient-egyptian-metaphysical-architecture\/\"><span style=\"color: #0000ff;\">https:\/\/egyptianwisdomcenter.org\/product\/the-ancient-egyptian-metaphysical-architecture\/<\/span><\/a><br \/>\n<\/strong><\/span><\/p>\n<p><img decoding=\"async\" class=\"aligncenter\" src=\"https:\/\/books2read-prod.s3.amazonaws.com\/CACHE\/images\/ubl_book_images\/book_display_image_DzTMfrV\/372fcbccd1ea208063914bdc7d930cad\" \/><\/p>\n<p style=\"text-align: center;\"><a href=\"https:\/\/egyptianwisdomcenter.org\/pt\/produto\/the-ancient-egyptian-metaphysical-architecture\/\"><span style=\"color: #ff0000;\"><strong><span style=\"color: #0000ff;\">https:\/\/egyptianwisdomcenter.org\/product\/the-ancient-egyptian-metaphysical-architecture\/<\/span><\/strong><\/span><\/a><\/p>","protected":false},"excerpt":{"rendered":"<p>The Function\/Objective Of The Temple &nbsp; It is the common tendency to ignore the religious function of Ancient Egyptian temples. Instead, they [&hellip;]<\/p>","protected":false},"author":3,"featured_media":0,"parent":0,"menu_order":0,"comment_status":"closed","ping_status":"closed","template":"","meta":{"footnotes":""},"class_list":["post-248","page","type-page","status-publish","hentry"],"aioseo_notices":[],"_links":{"self":[{"href":"https:\/\/egyptianwisdomcenter.org\/pt\/wp-json\/wp\/v2\/pages\/248","targetHints":{"allow":["GET"]}}],"collection":[{"href":"https:\/\/egyptianwisdomcenter.org\/pt\/wp-json\/wp\/v2\/pages"}],"about":[{"href":"https:\/\/egyptianwisdomcenter.org\/pt\/wp-json\/wp\/v2\/types\/page"}],"author":[{"embeddable":true,"href":"https:\/\/egyptianwisdomcenter.org\/pt\/wp-json\/wp\/v2\/users\/3"}],"replies":[{"embeddable":true,"href":"https:\/\/egyptianwisdomcenter.org\/pt\/wp-json\/wp\/v2\/comments?post=248"}],"version-history":[{"count":0,"href":"https:\/\/egyptianwisdomcenter.org\/pt\/wp-json\/wp\/v2\/pages\/248\/revisions"}],"wp:attachment":[{"href":"https:\/\/egyptianwisdomcenter.org\/pt\/wp-json\/wp\/v2\/media?parent=248"}],"curies":[{"name":"wp","href":"https:\/\/api.w.org\/{rel}","templated":true}]}}