{"id":24935,"date":"2019-03-07T15:27:12","date_gmt":"2019-03-07T20:27:12","guid":{"rendered":"http:\/\/egyptianwisdomcenter.org\/a-vibrante-economia-egipcia-antiga\/"},"modified":"2019-03-07T15:27:12","modified_gmt":"2019-03-07T20:27:12","slug":"a-vibrante-economia-egipcia-antiga","status":"publish","type":"page","link":"https:\/\/egyptianwisdomcenter.org\/pt\/a-vibrante-economia-egipcia-antiga\/","title":{"rendered":"A vibrante economia eg\u00edpcia antiga"},"content":{"rendered":"<div class=\"entry\">\n<h2>A vibrante economia eg\u00edpcia antiga<\/h2>\n<ul>\n<li><a href=\"https:\/\/egyptianwisdomcenter.org\/pt\/pt-br\/a-vibrante-economia-egipcia-antiga\/\">As t\u00e9cnicas de cultivo superiores eg\u00edpcias antigas<\/a><\/li>\n<li><a href=\"https:\/\/egyptianwisdomcenter.org\/pt\/pt-br\/o-conhecimento-egipcio-da-metalurgia-e-metalworking\/\">O conhecimento eg\u00edpcio da metalurgia e metalworking<\/a><\/li>\n<li><a href=\"https:\/\/egyptianwisdomcenter.org\/pt\/pt-br\/navios-egipcios-e-o-alto-mar\/\">Navios eg\u00edpcios e o alto mar<\/a><\/li>\n<li><a href=\"https:\/\/egyptianwisdomcenter.org\/pt\/pt-br\/transacoes-comerciais\/\">Transa\u00e7\u00f5es comerciais<\/a><\/li>\n<\/ul>\n<\/div>\n<p>&nbsp;<\/p>\n<p>&nbsp;<\/p>","protected":false},"excerpt":{"rendered":"<p>A vibrante economia eg\u00edpcia antiga As t\u00e9cnicas de cultivo superiores eg\u00edpcias antigas O conhecimento eg\u00edpcio da metalurgia e metalworking Navios eg\u00edpcios e [&hellip;]<\/p>","protected":false},"author":3,"featured_media":0,"parent":0,"menu_order":0,"comment_status":"closed","ping_status":"closed","template":"","meta":{"footnotes":""},"class_list":["post-24935","page","type-page","status-publish","hentry"],"aioseo_notices":[],"_links":{"self":[{"href":"https:\/\/egyptianwisdomcenter.org\/pt\/wp-json\/wp\/v2\/pages\/24935","targetHints":{"allow":["GET"]}}],"collection":[{"href":"https:\/\/egyptianwisdomcenter.org\/pt\/wp-json\/wp\/v2\/pages"}],"about":[{"href":"https:\/\/egyptianwisdomcenter.org\/pt\/wp-json\/wp\/v2\/types\/page"}],"author":[{"embeddable":true,"href":"https:\/\/egyptianwisdomcenter.org\/pt\/wp-json\/wp\/v2\/users\/3"}],"replies":[{"embeddable":true,"href":"https:\/\/egyptianwisdomcenter.org\/pt\/wp-json\/wp\/v2\/comments?post=24935"}],"version-history":[{"count":0,"href":"https:\/\/egyptianwisdomcenter.org\/pt\/wp-json\/wp\/v2\/pages\/24935\/revisions"}],"wp:attachment":[{"href":"https:\/\/egyptianwisdomcenter.org\/pt\/wp-json\/wp\/v2\/media?parent=24935"}],"curies":[{"name":"wp","href":"https:\/\/api.w.org\/{rel}","templated":true}]}}