{"id":250,"date":"2018-11-02T00:00:00","date_gmt":"2018-11-02T04:00:00","guid":{"rendered":"http:\/\/egyptianwisdomcenter.org\/the-harmonic-design-parameters\/"},"modified":"2023-02-14T19:44:01","modified_gmt":"2023-02-15T00:44:01","slug":"the-harmonic-design-parameters-2","status":"publish","type":"page","link":"https:\/\/egyptianwisdomcenter.org\/pt\/os-parametros-de-projeto-harmonico-2\/","title":{"rendered":"Os par\u00e2metros de projeto harm\u00f4nico"},"content":{"rendered":"<h2 style=\"text-align: center;\"><span style=\"color: #0000ff;\"><strong>Os par\u00e2metros de projeto harm\u00f4nico<\/strong><\/span><\/h2>\n<p>&nbsp;<\/p>\n<p>O design harm\u00f4nico na arquitetura do Antigo Egito foi alcan\u00e7ado atrav\u00e9s da unifica\u00e7\u00e3o de dois sistemas:<\/p>\n<p style=\"padding-left: 30px;\"><span style=\"color: #ff0000;\">1. Aritm\u00e9tica (n\u00fameros significativos).<\/span><\/p>\n<p style=\"padding-left: 30px;\"><span style=\"color: #ff0000;\">2. Gr\u00e1fico (quadrado, ret\u00e2ngulos e alguns tri\u00e2ngulos).<\/span><\/p>\n<p>A uni\u00e3o dos dois sistemas reflete a rela\u00e7\u00e3o das partes com o todo, que \u00e9 a ess\u00eancia do desenho harm\u00f4nico.<\/p>\n<p>Esta uni\u00e3o de aritm\u00e9tica e design gr\u00e1fico segue os elementos descritos a seguir.<\/p>\n<p><span style=\"color: #ff0000;\"><strong>1. O sistema aritm\u00e9tico consistia em:<\/strong><\/span><\/p>\n<p><span style=\"text-decoration: underline;\"><strong>1-a. Os eixos ativos<\/strong><\/span><\/p>\n<p>Um eixo \u00e9 uma linha imagin\u00e1ria e ideal em torno da qual gira um corpo em movimento. Na geometria, um eixo \u00e9 igualmente imagin\u00e1rio \u2013 uma linha sem espessura.<\/p>\n<p>O templo eg\u00edpcio era considerado uma unidade org\u00e2nica e viva. Est\u00e1 em constante movimento; seus intrincados alinhamentos e suas m\u00faltiplas assimetrias fazem-no oscilar em torno de seus eixos. Este movimento ocorre dentro de um ritmo dado pelo \u201cm\u00f3dulo\u201d ou pelo coeficiente particular da coisa ou ideia a ser definida.<\/p>\n<p>O projeto arquitet\u00f4nico eg\u00edpcio antigo \u00e9 not\u00e1vel por sua forte simetria aparente em torno de um eixo longitudinal. Este \u00e9 o resultado do conhecimento do Antigo Egito sobre as leis c\u00f3smicas. O designer eg\u00edpcio refletiu essa leve assimetria c\u00f3smica ao garantir que os elementos de cada lado do eixo n\u00e3o fossem exatamente id\u00eanticos entre si. Embora a maioria deles seja equilibrada, os elementos n\u00e3o s\u00e3o sim\u00e9tricos. Dois exemplos s\u00e3o mostrados abaixo de eixos definidos em desenhos do Antigo Egito.<\/p>\n<p><img decoding=\"async\" class=\"aligncenter\" src=\"http:\/\/egyptianwisdomcenter.org\/wp-content\/uploads\/2019\/02\/axis-e1521047516378.png\" \/><\/p>\n<p>A linha do eixo pode ser encontrada em alguns desenhos arquitet\u00f4nicos recuperados ou esbo\u00e7os em papiros e tabuinhas de v\u00e1rios per\u00edodos. Eram, presumivelmente, nota\u00e7\u00f5es de oper\u00e1rios e, apesar do seu prop\u00f3sito pr\u00e1tico, ainda apresentam a linha do eixo desenhada da mesma forma convencional que nos desenhos modernos.<\/p>\n<p>Nos pr\u00f3prios edif\u00edcios, o eixo \u00e9 marcado por uma linha gravada nas pedras da parte superior de uma laje de funda\u00e7\u00e3o, como \u00e9 o caso do Templo de Luxor.<\/p>\n<p><span style=\"text-decoration: underline;\"><strong>1-b. Pontos Significativos (Ao Longo do Eixo)<\/strong><\/span><\/p>\n<p>Pontos significativos foram determinados ao longo do eixo de projeto. Estes pontos marcam a intersec\u00e7\u00e3o com eixos transversais, o alinhamento de uma porta central, a posi\u00e7\u00e3o de um altar, o centro do santu\u00e1rio, etc. Estes pontos significativos seguem uma progress\u00e3o aritm\u00e9tica precisa. Em muitos dos melhores planos, esses pontos significativos est\u00e3o a dist\u00e2ncias harm\u00f4nicas um do outro, e suas dist\u00e2ncias de uma extremidade \u00e0 outra expressam os n\u00fameros da S\u00e9rie Somat\u00f3ria (chamada de Fibonacci), 3, 5, 8, 13, 21. , 34, 55, 89, 144, 233, 377, 610, . . . A an\u00e1lise harm\u00f4nica mostra uma s\u00e9rie de pontos significativos leg\u00edveis em ambas as extremidades, ou seja, se invertido, um sistema de pontos significativos tamb\u00e9m corresponderia \u00e0 S\u00e9rie com o ponto de refer\u00eancia come\u00e7ando na extremidade oposta do plano.<\/p>\n<p>Grandes n\u00fameros da S\u00e9rie Soma foram cristalizados nos monumentos eg\u00edpcios desde o Imp\u00e9rio Antigo. O desenho do templo piramidal de Khafra (Qu\u00e9fren) atinge a cifra de 233 c\u00f4vados em seu comprimento total, medido a partir da pir\u00e2mide, com uma s\u00e9rie completa de DEZ pontos significativos.<\/p>\n<p>O Templo de Karnak segue os n\u00fameros da S\u00e9rie da Soma at\u00e9 610 c\u00f4vados, ou seja, DOZE pontos significativos. [Veja diagramas de ambos os templos no pr\u00f3ximo cap\u00edtulo].<\/p>\n<p><span style=\"color: #ff0000;\"><strong>2. O sistema gr\u00e1fico consistia em:<\/strong><\/span><\/p>\n<p><span style=\"text-decoration: underline;\"><strong>2-a. Os tri\u00e2ngulos telesc\u00f3picos<\/strong><\/span><\/p>\n<p>A planta t\u00edpica do templo eg\u00edpcio aumenta em largura e altura do santu\u00e1rio em dire\u00e7\u00e3o \u00e0 frente. Esta delimita\u00e7\u00e3o global baseou-se num \u201csistema telesc\u00f3pico\u201d de desenho desde o Imp\u00e9rio Antigo. O aumento na largura foi realizado pelo uso de tri\u00e2ngulos consecutivos 1:2, 1:4 e 1:8 a partir de um ou mais pontos significativos. [Veja o diagrama do Templo de Karnak (parcial) abaixo.]<\/p>\n<p><a href=\"https:\/\/pressbooks.com\/app\/uploads\/sites\/42617\/2015\/12\/telescopic-triangles.png\"><img fetchpriority=\"high\" decoding=\"async\" class=\"wp-image-318 size-full aligncenter\" src=\"http:\/\/egyptianwisdomcenter.org\/wp-content\/uploads\/2019\/02\/telescopic-triangles-e1521031649530.png\" alt=\"\" width=\"435\" height=\"555\" \/><\/a><\/p>\n<p>&nbsp;<\/p>\n<p>A mesma configura\u00e7\u00e3o telesc\u00f3pica aplicada \u00e0 planta vertical, onde o piso do templo descia e os telhados subiam para fora em dire\u00e7\u00e3o aos pilares do templo; conforme mostrado em v\u00e1rios templos em um cap\u00edtulo anterior deste livro.<\/p>\n<p><span style=\"text-decoration: underline;\"><strong>2-b. Os per\u00edmetros retangulares<\/strong><\/span><\/p>\n<p>Os contornos gerais horizontais e verticais s\u00e3o basicamente de forma retangular, tanto para o plano geral como para as suas partes constituintes. As configura\u00e7\u00f5es mais comuns usadas s\u00e3o:<\/p>\n<ul>\n<li>Um quadrado simples, como o utilizado no Templo da Pir\u00e2mide de Khafra (Qu\u00e9fren) em Giz\u00e9.<\/li>\n<\/ul>\n<ul>\n<li>Um quadrado duplo ou ret\u00e2ngulo 1:2, como o Complexo Zoser em Saqqara, o recinto interno em Karnak e o sal\u00e3o do festival de Twt Homosis III<\/li>\n<\/ul>\n<ul>\n<li>Ret\u00e2ngulos raiz \u2014 v\u00e1rios exemplos [mostrados abaixo].<\/li>\n<\/ul>\n<p><a href=\"http:\/\/egyptianwisdomcenter.org\/wp-content\/uploads\/2019\/02\/2rectangle.png\"><img decoding=\"async\" class=\"size-full wp-image-286 aligncenter\" src=\"http:\/\/egyptianwisdomcenter.org\/wp-content\/uploads\/2019\/02\/2rectangle.png\" alt=\"\" width=\"287\" height=\"264\" \/><\/a><\/p>\n<p>&nbsp;<\/p>\n<ul>\n<li>O Ret\u00e2ngulo Neb (Dourado), onde o \u201cvalor num\u00e9rico\u201d da raz\u00e3o entre os dois lados \u00e9 igual a 1,618 \u2013 numerosos exemplos, como no Templo da Pir\u00e2mide de Khafra em Giz\u00e9 [mostrado anteriormente].<\/li>\n<li><\/li>\n<\/ul>\n<h2><strong>\u00a0<span style=\"color: #0000ff;\">O plano vertical<\/span><\/strong><\/h2>\n<p>Os antigos eg\u00edpcios eram mestres do princ\u00edpio vertical e tamb\u00e9m da linha horizontal. As alturas verticais seguiram o mesmo aumento proporcional que as larguras horizontais \u00e0 medida que foram feitos acr\u00e9scimos na frente dos monumentos - um aspecto caracter\u00edstico dos templos eg\u00edpcios.<\/p>\n<p>A propor\u00e7\u00e3o harm\u00f4nica foi aplicada pelos Antigos Eg\u00edpcios em todas as tr\u00eas dimens\u00f5es, tais como:<\/p>\n<ul>\n<li>As pir\u00e2mides (bases quadradas e volume do tri\u00e2ngulo).<\/li>\n<\/ul>\n<ul>\n<li>O caso marcante da Sala do Rei na Pir\u00e2mide de Khufu (Qu\u00e9ops), que proporciona rela\u00e7\u00f5es exatas para a grande diagonal do espa\u00e7o em rela\u00e7\u00e3o \u00e0 dimens\u00e3o do lado. [Veja o diagrama no Cap\u00edtulo 11.]<\/li>\n<\/ul>\n<ul>\n<li>Pil\u00f5es. [Veja o diagrama no Cap\u00edtulo 11.]<\/li>\n<\/ul>\n<ul>\n<li>Portas\/portais\/port\u00f5es. [Veja o diagrama no Cap\u00edtulo 11.]<\/li>\n<\/ul>\n<ul>\n<li>As alturas verticais seguiram o mesmo aumento proporcional das larguras horizontais, \u00e0 medida que foram feitos acr\u00e9scimos na frente dos monumentos - aspecto caracter\u00edstico dos templos eg\u00edpcios.<\/li>\n<\/ul>\n<p><strong>V\u00e1rias aplica\u00e7\u00f5es do design harm\u00f4nico nas obras do Antigo Egito ao longo de sua hist\u00f3ria recuperada \u2013 e em todo o pa\u00eds \u2013 s\u00e3o encontradas no pr\u00f3ximo cap\u00edtulo deste livro.<\/strong><\/p>\n<p>&nbsp;<\/p>\n<div dir=\"auto\">\n<p><span style=\"color: #ff0000;\"><strong>[Um trecho de <\/strong><\/span><strong>A Arquitetura Metaf\u00edsica Eg\u00edpcia Antiga por Moustafa Gadalla<\/strong><span style=\"color: #ff0000;\"><strong>]<br \/>\n<a href=\"https:\/\/egyptianwisdomcenter.org\/pt\/produto\/the-ancient-egyptian-metaphysical-architecture\/\"><span style=\"color: #0000ff;\">https:\/\/egyptianwisdomcenter.org\/product\/the-ancient-egyptian-metaphysical-architecture\/<\/span><\/a><br \/>\n<\/strong><\/span><\/p>\n<p><img decoding=\"async\" class=\"aligncenter\" src=\"https:\/\/books2read-prod.s3.amazonaws.com\/CACHE\/images\/ubl_book_images\/book_display_image_DzTMfrV\/372fcbccd1ea208063914bdc7d930cad\" \/><\/p>\n<p style=\"text-align: center;\"><a href=\"https:\/\/egyptianwisdomcenter.org\/pt\/produto\/the-ancient-egyptian-metaphysical-architecture\/\"><span style=\"color: #ff0000;\"><strong><span style=\"color: #0000ff;\">https:\/\/egyptianwisdomcenter.org\/product\/the-ancient-egyptian-metaphysical-architecture\/<\/span><\/strong><\/span><\/a><\/p>\n<\/div>","protected":false},"excerpt":{"rendered":"<p>The Harmonic Design Parameters &nbsp; Harmonic design in Ancient Egyptian architecture was achieved through a unification of two systems: 1. Arithmetic (significant [&hellip;]<\/p>","protected":false},"author":3,"featured_media":0,"parent":0,"menu_order":0,"comment_status":"closed","ping_status":"closed","template":"","meta":{"footnotes":""},"class_list":["post-250","page","type-page","status-publish","hentry"],"aioseo_notices":[],"_links":{"self":[{"href":"https:\/\/egyptianwisdomcenter.org\/pt\/wp-json\/wp\/v2\/pages\/250","targetHints":{"allow":["GET"]}}],"collection":[{"href":"https:\/\/egyptianwisdomcenter.org\/pt\/wp-json\/wp\/v2\/pages"}],"about":[{"href":"https:\/\/egyptianwisdomcenter.org\/pt\/wp-json\/wp\/v2\/types\/page"}],"author":[{"embeddable":true,"href":"https:\/\/egyptianwisdomcenter.org\/pt\/wp-json\/wp\/v2\/users\/3"}],"replies":[{"embeddable":true,"href":"https:\/\/egyptianwisdomcenter.org\/pt\/wp-json\/wp\/v2\/comments?post=250"}],"version-history":[{"count":0,"href":"https:\/\/egyptianwisdomcenter.org\/pt\/wp-json\/wp\/v2\/pages\/250\/revisions"}],"wp:attachment":[{"href":"https:\/\/egyptianwisdomcenter.org\/pt\/wp-json\/wp\/v2\/media?parent=250"}],"curies":[{"name":"wp","href":"https:\/\/api.w.org\/{rel}","templated":true}]}}