{"id":254,"date":"2018-11-02T00:00:00","date_gmt":"2018-11-02T04:00:00","guid":{"rendered":"http:\/\/egyptianwisdomcenter.org\/the-cosmic-proportion-of-the-human-figure\/"},"modified":"2023-01-23T08:43:11","modified_gmt":"2023-01-23T13:43:11","slug":"the-cosmic-proportion-of-the-human-figure-2","status":"publish","type":"page","link":"https:\/\/egyptianwisdomcenter.org\/pt\/a-proporcao-cosmica-da-figura-humana-2\/","title":{"rendered":"A propor\u00e7\u00e3o c\u00f3smica da figura humana"},"content":{"rendered":"<h2 style=\"text-align: center;\"><span style=\"color: #ff0000;\"><strong>A propor\u00e7\u00e3o c\u00f3smica da figura humana<\/strong><\/span><\/h2>\n<p>&nbsp;<\/p>\n<p>Propor\u00e7\u00e3o \u00e9 a comensura\u00e7\u00e3o das v\u00e1rias partes constituintes com o todo. O corpo humano \u00e9 um excelente exemplo dessa propor\u00e7\u00e3o harm\u00f4nica, onde a estrutura humana foi formada com tal propriedade que os v\u00e1rios membros s\u00e3o proporcionais ao todo.<\/p>\n<p>O c\u00e2none eg\u00edpcio antigo para a propor\u00e7\u00e3o harm\u00f4nica das figuras humanas diferia apenas entre crian\u00e7as e adultos. As diferen\u00e7as refletiam as diferen\u00e7as f\u00edsicas reais nesses dois est\u00e1gios. Ao nascer, \u00e9 o umbigo que divide a altura da crian\u00e7a em duas metades. Na matura\u00e7\u00e3o (atingindo a puberdade), a jun\u00e7\u00e3o de ambas as pernas (\u00f3rg\u00e3os reprodutores) fica na metade da altura da figura adulta. A posi\u00e7\u00e3o do umbigo agora divide a altura em partes desiguais que formam as partes e o todo de acordo com a Propor\u00e7\u00e3o Neb (\u00c1urea).<\/p>\n<p>Os registros mais antigos descobertos da 5\u00aa Dinastia mostram que o ponto mais alto definido ao longo do eixo vertical \u00e9 a linha do cabelo da cabe\u00e7a da pessoa, quando apresentada no reino terrestre.<\/p>\n<p>As figura\u00e7\u00f5es eg\u00edpcias marcam cuidadosamente \u2014 com uma faixa para a cabe\u00e7a, uma coroa, um diadema ou uma junta \u2014 uma linha divis\u00f3ria para o topo do cr\u00e2nio do homem terreno, separando assim a coroa do cr\u00e2nio. A altura do corpo foi medida sem contar a coroa, conforme mostrado aqui nesta grade recuperada do Antigo Egito.<\/p>\n<p><a href=\"http:\/\/egyptianwisdomcenter.org\/wp-content\/uploads\/2019\/02\/proportion.png\"><img fetchpriority=\"high\" decoding=\"async\" class=\"size-full wp-image-312 aligncenter\" src=\"http:\/\/egyptianwisdomcenter.org\/wp-content\/uploads\/2019\/02\/proportion.png\" alt=\"\" width=\"445\" height=\"333\" \/><\/a><\/p>\n<p>A representa\u00e7\u00e3o dos neteru (deuses\/deusas) e\/ou seres humanos na vida ap\u00f3s a morte \u00e9 mostrada em uma grade de 18 quadrados, em toda a altura at\u00e9 o topo da cabe\u00e7a (ou seja, incluindo o topo da cabe\u00e7a).<\/p>\n<p>A diferen\u00e7a de altura entre os dois reinos reflete a profunda compreens\u00e3o do Antigo Egito sobre a fisiologia e o papel dos humanos na Terra.<\/p>\n<p>A remo\u00e7\u00e3o desta parte do c\u00e9rebro humano (o topo da cabe\u00e7a) deixa o homem vivo, mas sem discernimento e, portanto, sem julgamento pessoal. A pessoa est\u00e1 em estado vegetativo, vivendo e agindo apenas como executor de um impulso que recebe, sem escolha real. \u00c9 como uma pessoa em coma.<\/p>\n<p>O umbigo est\u00e1 localizado a cerca de 11,1 quadrados da grade da parte inferior do calcanhar no sistema de grade de 18 quadrados (ou a mesma propor\u00e7\u00e3o equivalente de 0,618 para sistemas de grade ou sem grade). Tal divis\u00e3o segue as leis da harmonia entre as duas partes em si e as partes com o todo, conforme as duas rela\u00e7\u00f5es a seguir:<\/p>\n<p style=\"padding-left: 30px;\">1. A propor\u00e7\u00e3o entre as Duas Partes (superior e inferior) da altura divina (18 quadrados da grade) \u00e9 harm\u00f4nica.<\/p>\n<p style=\"padding-left: 60px;\">Superior: Inferior \u00e9 0,618<br \/>\nInferior: o superior \u00e9 1,618<\/p>\n<p><a href=\"http:\/\/egyptianwisdomcenter.org\/wp-content\/uploads\/2019\/02\/human-figuration.png\"><img decoding=\"async\" class=\"wp-image-313 aligncenter\" src=\"http:\/\/egyptianwisdomcenter.org\/wp-content\/uploads\/2019\/02\/human-figuration.png\" alt=\"\" width=\"377\" height=\"493\" \/><\/a><\/p>\n<p style=\"padding-left: 30px;\">2. Entre as Duas Partes e a Unidade total (altura divina) - tomando a altura total (at\u00e9 a linha do cabelo da cabe\u00e7a do homem terreno) como 1 - o corpo dos p\u00e9s ao umbigo, no c\u00e2none eg\u00edpcio, \u00e9 igual ao rec\u00edproco da Propor\u00e7\u00e3o Neb (\u00c1urea) (1\/N), ou seja, 0,618. A por\u00e7\u00e3o do umbigo at\u00e9 a linha do cabelo da cabe\u00e7a \u00e9 igual \u00e0 pot\u00eancia 2 do rec\u00edproco da Propor\u00e7\u00e3o Neb (\u00c1urea) (1\/N2), ou 0,382.<\/p>\n<p style=\"text-align: left; padding-left: 60px;\">1\/N + 1\/N<sup>2<\/sup> = 1<br \/>\n0.618 + 0.382 = 1<br \/>\nonde N = a propor\u00e7\u00e3o Neb (\u00e1urea) (1,618)<\/p>\n<p style=\"padding-left: 30px;\">Devido \u00e0 rela\u00e7\u00e3o \u00edntima entre a S\u00e9rie de Soma e a propor\u00e7\u00e3o Neb (\u00c1urea), descobrimos que as diferentes partes da figura tamb\u00e9m seguem a S\u00e9rie de Soma [conforme representado na grade original acima de KV22 de Amenhotep III].<\/p>\n<p><strong>Mais sobre matem\u00e1tica no Egito Antigo na se\u00e7\u00e3o de ap\u00eandices deste livro.<\/strong><\/p>\n<p>&nbsp;<\/p>\n<p><span style=\"color: #ff0000;\"><strong>[Um trecho de <\/strong><\/span><strong>A Arquitetura Metaf\u00edsica Eg\u00edpcia Antiga por Moustafa Gadalla<\/strong><span style=\"color: #ff0000;\"><strong>]<br \/>\n<a href=\"https:\/\/egyptianwisdomcenter.org\/pt\/produto\/the-ancient-egyptian-metaphysical-architecture\/\"><span style=\"color: #0000ff;\">https:\/\/egyptianwisdomcenter.org\/product\/the-ancient-egyptian-metaphysical-architecture\/<\/span><\/a><br \/>\n<\/strong><\/span><\/p>\n<p><img decoding=\"async\" class=\"aligncenter\" src=\"https:\/\/books2read-prod.s3.amazonaws.com\/CACHE\/images\/ubl_book_images\/book_display_image_DzTMfrV\/372fcbccd1ea208063914bdc7d930cad\" \/><\/p>\n<p style=\"text-align: center;\"><a href=\"https:\/\/egyptianwisdomcenter.org\/pt\/produto\/the-ancient-egyptian-metaphysical-architecture\/\"><span style=\"color: #ff0000;\"><strong><span style=\"color: #0000ff;\">https:\/\/egyptianwisdomcenter.org\/product\/the-ancient-egyptian-metaphysical-architecture\/<\/span><\/strong><\/span><\/a><\/p>\n<div dir=\"auto\"><\/div>","protected":false},"excerpt":{"rendered":"<p>The Cosmic Proportion Of The Human Figure &nbsp; Proportion is the commensuration of the various constituent parts with the whole. The human [&hellip;]<\/p>","protected":false},"author":3,"featured_media":0,"parent":0,"menu_order":0,"comment_status":"closed","ping_status":"closed","template":"","meta":{"footnotes":""},"class_list":["post-254","page","type-page","status-publish","hentry"],"aioseo_notices":[],"_links":{"self":[{"href":"https:\/\/egyptianwisdomcenter.org\/pt\/wp-json\/wp\/v2\/pages\/254","targetHints":{"allow":["GET"]}}],"collection":[{"href":"https:\/\/egyptianwisdomcenter.org\/pt\/wp-json\/wp\/v2\/pages"}],"about":[{"href":"https:\/\/egyptianwisdomcenter.org\/pt\/wp-json\/wp\/v2\/types\/page"}],"author":[{"embeddable":true,"href":"https:\/\/egyptianwisdomcenter.org\/pt\/wp-json\/wp\/v2\/users\/3"}],"replies":[{"embeddable":true,"href":"https:\/\/egyptianwisdomcenter.org\/pt\/wp-json\/wp\/v2\/comments?post=254"}],"version-history":[{"count":0,"href":"https:\/\/egyptianwisdomcenter.org\/pt\/wp-json\/wp\/v2\/pages\/254\/revisions"}],"wp:attachment":[{"href":"https:\/\/egyptianwisdomcenter.org\/pt\/wp-json\/wp\/v2\/media?parent=254"}],"curies":[{"name":"wp","href":"https:\/\/api.w.org\/{rel}","templated":true}]}}