{"id":257,"date":"2018-11-02T00:00:00","date_gmt":"2018-11-02T04:00:00","guid":{"rendered":"http:\/\/egyptianwisdomcenter.org\/the-metaphysical-funnel-conduit-design\/"},"modified":"2023-02-14T19:45:55","modified_gmt":"2023-02-15T00:45:55","slug":"the-metaphysical-funnel-conduit-design-2","status":"publish","type":"page","link":"https:\/\/egyptianwisdomcenter.org\/pt\/o-design-do-canal-do-funil-metafisico-2\/","title":{"rendered":"O projeto do condu\u00edte do funil metaf\u00edsico"},"content":{"rendered":"<h2 style=\"text-align: center;\"><span style=\"color: #ff0000;\"><strong>O projeto do condu\u00edte do funil metaf\u00edsico<\/strong><\/span><\/h2>\n<p>&nbsp;<\/p>\n<p>O desenho do templo geralmente come\u00e7ava a partir do santu\u00e1rio, que \u00e9 o ponto focal. A planta t\u00edpica do templo eg\u00edpcio aumenta em largura e altura do santu\u00e1rio em dire\u00e7\u00e3o \u00e0 frente. Esta delimita\u00e7\u00e3o global baseou-se num \u201csistema telesc\u00f3pico\u201d de design.<\/p>\n<p><a href=\"http:\/\/egyptianwisdomcenter.org\/wp-content\/uploads\/2019\/02\/ema-ch5-telescopic2.jpg\"><img fetchpriority=\"high\" decoding=\"async\" class=\"wp-image-1635 aligncenter\" src=\"http:\/\/egyptianwisdomcenter.org\/wp-content\/uploads\/2019\/02\/ema-ch5-telescopic2.jpg\" alt=\"\" width=\"288\" height=\"350\" \/><\/a><\/p>\n<p>A mesma configura\u00e7\u00e3o telesc\u00f3pica aplicada \u00e0 planta vertical, onde o piso do templo descia e as coberturas subiam, para fora, em dire\u00e7\u00e3o aos pilares do templo.<\/p>\n<p>Esta bela vista a\u00e9rea do templo em Medinet Habu, em Luxor, mostra claramente a gradua\u00e7\u00e3o em altura entre a parte posterior e a frontal do templo. A vista a\u00e9rea tamb\u00e9m nos permite ver como o templo foi dividido em v\u00e1rias \u00e1reas, cada uma com sua entrada. Olhando para o templo a partir do seu ponto de entrada, podemos ver os alinhamentos perfeitos de todas as aberturas em todo o templo e o efeito de tal desenho telesc\u00f3pico.<\/p>\n<p><a href=\"http:\/\/egyptianwisdomcenter.org\/wp-content\/uploads\/2019\/02\/ema-ch5-photo3-72c-1.jpg\"><img decoding=\"async\" class=\"wp-image-2677 aligncenter\" src=\"http:\/\/egyptianwisdomcenter.org\/wp-content\/uploads\/2019\/02\/ema-ch5-photo3-72c-1.jpg\" alt=\"\" width=\"264\" height=\"126\" \/><\/a><\/p>\n<p><a href=\"http:\/\/egyptianwisdomcenter.org\/wp-content\/uploads\/2019\/02\/ema-ch5-photo4-72c-1.jpg\"><img decoding=\"async\" class=\"wp-image-2678 aligncenter\" src=\"http:\/\/egyptianwisdomcenter.org\/wp-content\/uploads\/2019\/02\/ema-ch5-photo4-72c-1.jpg\" alt=\"\" width=\"220\" height=\"149\" \/><\/a><\/p>\n<p><a href=\"http:\/\/egyptianwisdomcenter.org\/wp-content\/uploads\/2019\/02\/ema-ch5-photo5-72c-1.jpg\"><img loading=\"lazy\" decoding=\"async\" class=\"wp-image-2679 aligncenter\" src=\"http:\/\/egyptianwisdomcenter.org\/wp-content\/uploads\/2019\/02\/ema-ch5-photo5-72c-1.jpg\" alt=\"\" width=\"220\" height=\"146\" \/><\/a><\/p>\n<p>Aqui, olhamos do santu\u00e1rio em dire\u00e7\u00e3o \u00e0 entrada do templo, o que nos mostra o desenho telesc\u00f3pico na outra dire\u00e7\u00e3o.<\/p>\n<p><a href=\"http:\/\/egyptianwisdomcenter.org\/wp-content\/uploads\/2019\/02\/ema-ch5-photo6-72c-1.jpg\"><img loading=\"lazy\" decoding=\"async\" class=\"wp-image-2680 aligncenter\" src=\"http:\/\/egyptianwisdomcenter.org\/wp-content\/uploads\/2019\/02\/ema-ch5-photo6-72c-1.jpg\" alt=\"\" width=\"223\" height=\"148\" \/><\/a><\/p>\n<p>&nbsp;<\/p>\n<p>Aqui est\u00e1 outro exemplo de design telesc\u00f3pico no Templo Deir Medinet em Luxor.<\/p>\n<p><a href=\"http:\/\/egyptianwisdomcenter.org\/wp-content\/uploads\/2019\/02\/ema-ch5-photo7-72c-1.jpg\"><img loading=\"lazy\" decoding=\"async\" class=\"wp-image-2681 aligncenter\" src=\"http:\/\/egyptianwisdomcenter.org\/wp-content\/uploads\/2019\/02\/ema-ch5-photo7-72c-1.jpg\" alt=\"\" width=\"166\" height=\"251\" \/><\/a><\/p>\n<p>&nbsp;<\/p>\n<p>No Templo de Abydos \u2013 o mesmo desenho telesc\u00f3pico.<\/p>\n<p><a href=\"http:\/\/egyptianwisdomcenter.org\/wp-content\/uploads\/2019\/02\/ema-ch5-photo8-72c-1.jpg\"><img loading=\"lazy\" decoding=\"async\" class=\"wp-image-2682 aligncenter\" src=\"http:\/\/egyptianwisdomcenter.org\/wp-content\/uploads\/2019\/02\/ema-ch5-photo8-72c-1.jpg\" alt=\"\" width=\"188\" height=\"184\" \/><\/a><\/p>\n<p>&nbsp;<\/p>\n<p>No Templo de Kom Ombo.<\/p>\n<p><a href=\"http:\/\/egyptianwisdomcenter.org\/wp-content\/uploads\/2019\/02\/ema-ch5-photo9-72c-1.jpg\"><img loading=\"lazy\" decoding=\"async\" class=\"wp-image-2683 aligncenter\" src=\"http:\/\/egyptianwisdomcenter.org\/wp-content\/uploads\/2019\/02\/ema-ch5-photo9-72c-1.jpg\" alt=\"\" width=\"180\" height=\"243\" \/><\/a><\/p>\n<p>&nbsp;<\/p>\n<p>No Templo de Philae em Aswan:.<\/p>\n<p><a href=\"http:\/\/egyptianwisdomcenter.org\/wp-content\/uploads\/2019\/02\/ema-ch5-photo10-72c-1.jpg\"><img loading=\"lazy\" decoding=\"async\" class=\"wp-image-2684 aligncenter\" src=\"http:\/\/egyptianwisdomcenter.org\/wp-content\/uploads\/2019\/02\/ema-ch5-photo10-72c-1.jpg\" alt=\"\" width=\"177\" height=\"270\" \/><\/a><\/p>\n<p>&nbsp;<\/p>\n<p>O design telesc\u00f3pico permite o fluxo de energia dos seres humanos em dire\u00e7\u00e3o \u00e0 sede da energia Divina no santu\u00e1rio.<\/p>\n<p>Se a energia divina aceitar a oferenda de um humano, ela irradiar\u00e1 sua energia divina para fora, desde a sede da energia divina at\u00e9 o portal de entrada do templo.<\/p>\n<p>A representa\u00e7\u00e3o no templo eg\u00edpcio mostra-nos como o homem se aproxima do divino apresentando oferendas \u2013 o fruto do trabalho.<\/p>\n<p>Oferecer prociss\u00f5es entrando e seguindo em dire\u00e7\u00e3o ao ponto focal do templo ou t\u00famulo \u00e9 um tema constante.<\/p>\n<p>No final da Grande Corte, o Fara\u00f3 ou seus designados fornecer\u00e3o sistematicamente oferendas ritual\u00edsticas \u00e0s for\u00e7as divinas \u00e0 medida que avan\u00e7am em dire\u00e7\u00e3o ao Santo dos Santos.<\/p>\n<p>As energias divinas responder\u00e3o \u00e0 a\u00e7\u00e3o adequada do homem, irradiando suas energias divinas para o benef\u00edcio de todos os dignos.<\/p>\n<p>&nbsp;<\/p>\n<div dir=\"auto\">\n<p><span style=\"color: #ff0000;\"><strong>[Um trecho de <\/strong><\/span><strong>A Arquitetura Metaf\u00edsica Eg\u00edpcia Antiga por Moustafa Gadalla<\/strong><span style=\"color: #ff0000;\"><strong>]<br \/>\n<a href=\"https:\/\/egyptianwisdomcenter.org\/pt\/produto\/the-ancient-egyptian-metaphysical-architecture\/\"><span style=\"color: #0000ff;\">https:\/\/egyptianwisdomcenter.org\/product\/the-ancient-egyptian-metaphysical-architecture\/<\/span><\/a><br \/>\n<\/strong><\/span><\/p>\n<p><img decoding=\"async\" class=\"aligncenter\" src=\"https:\/\/books2read-prod.s3.amazonaws.com\/CACHE\/images\/ubl_book_images\/book_display_image_DzTMfrV\/372fcbccd1ea208063914bdc7d930cad\" \/><\/p>\n<p style=\"text-align: center;\"><a href=\"https:\/\/egyptianwisdomcenter.org\/pt\/produto\/the-ancient-egyptian-metaphysical-architecture\/\"><span style=\"color: #ff0000;\"><strong><span style=\"color: #0000ff;\">https:\/\/egyptianwisdomcenter.org\/product\/the-ancient-egyptian-metaphysical-architecture\/<\/span><\/strong><\/span><\/a><\/p>\n<\/div>","protected":false},"excerpt":{"rendered":"<p>The Metaphysical Funnel Conduit Design &nbsp; The design of the temple usually started from the sanctuary, which is the focal point. The [&hellip;]<\/p>","protected":false},"author":3,"featured_media":0,"parent":0,"menu_order":0,"comment_status":"closed","ping_status":"closed","template":"","meta":{"footnotes":""},"class_list":["post-257","page","type-page","status-publish","hentry"],"aioseo_notices":[],"_links":{"self":[{"href":"https:\/\/egyptianwisdomcenter.org\/pt\/wp-json\/wp\/v2\/pages\/257","targetHints":{"allow":["GET"]}}],"collection":[{"href":"https:\/\/egyptianwisdomcenter.org\/pt\/wp-json\/wp\/v2\/pages"}],"about":[{"href":"https:\/\/egyptianwisdomcenter.org\/pt\/wp-json\/wp\/v2\/types\/page"}],"author":[{"embeddable":true,"href":"https:\/\/egyptianwisdomcenter.org\/pt\/wp-json\/wp\/v2\/users\/3"}],"replies":[{"embeddable":true,"href":"https:\/\/egyptianwisdomcenter.org\/pt\/wp-json\/wp\/v2\/comments?post=257"}],"version-history":[{"count":0,"href":"https:\/\/egyptianwisdomcenter.org\/pt\/wp-json\/wp\/v2\/pages\/257\/revisions"}],"wp:attachment":[{"href":"https:\/\/egyptianwisdomcenter.org\/pt\/wp-json\/wp\/v2\/media?parent=257"}],"curies":[{"name":"wp","href":"https:\/\/api.w.org\/{rel}","templated":true}]}}