{"id":267,"date":"2018-11-02T00:00:00","date_gmt":"2018-11-02T04:00:00","guid":{"rendered":"http:\/\/egyptianwisdomcenter.org\/energy-flow-and-connectivity-in-egyptian-works\/"},"modified":"2023-01-03T01:28:25","modified_gmt":"2023-01-03T06:28:25","slug":"energy-flow-and-connectivity-in-egyptian-works-2","status":"publish","type":"page","link":"https:\/\/egyptianwisdomcenter.org\/pt\/fluxo-de-energia-e-conectividade-em-obras-egipcias-2\/","title":{"rendered":"Fluxo de energia e conectividade em obras eg\u00edpcias"},"content":{"rendered":"<h2 style=\"text-align: center;\"><span style=\"color: #ff0000;\"><strong>Fluxo de energia e conectividade <\/strong><\/span><\/h2>\n<h2 style=\"text-align: center;\"><span style=\"color: #ff0000;\"><strong>Em obras eg\u00edpcias<\/strong><\/span><\/h2>\n<p>&nbsp;<\/p>\n<p>&nbsp;<\/p>\n<p>No <em>Ladainha de R\u00e9<\/em>, a for\u00e7a criativa c\u00f3smica \u2013 sendo Re \u2013 \u00e9 descrita como:<\/p>\n<p style=\"padding-left: 30px;\"><strong><em>\u201cAquele que se uniu - aquele que sai de seus pr\u00f3prios membros\u201d.<\/em><\/strong><\/p>\n<p>Esta \u00e9 a defini\u00e7\u00e3o perfeita da unidade das multiplicidades como arqu\u00e9tipo do universo criado.<\/p>\n<p>Para garantir a fun\u00e7\u00e3o de um templo, uma est\u00e1tua, etc. <strong>como um organismo vivo<\/strong>, seus componentes devem estar conectados para que a energia c\u00f3smica possa fluir sem impedimentos.<\/p>\n<p>\u00c9 incorreto pensar apenas que uma liga\u00e7\u00e3o entre dois componentes\/pe\u00e7as serve apenas para garantir a estabilidade estrutural da(s) pe\u00e7a(s) e de todo o edif\u00edcio.<\/p>\n<p>Podemos obter pistas do corpo humano (a casa da alma) ao revisar o templo eg\u00edpcio (a casa da alma\/energia\/neter c\u00f3smica).<\/p>\n<p>O corpo humano est\u00e1 conectado com m\u00fasculos, etc., mas as veias e os nervos n\u00e3o s\u00e3o interrompidos nas articula\u00e7\u00f5es \u00f3sseas do esqueleto. O antigo templo eg\u00edpcio vivo foi projetado da mesma forma.<\/p>\n<p>A unidade dos componentes do templo deve ser semelhante \u00e0 dos componentes do corpo humano. As paredes de um templo consistem em blocos e cantos, e tais componentes (blocos) devem ser conectados entre si de uma forma que permita o fluxo da energia divina, assim como as partes de um ser humano.<\/p>\n<p>Baixo-relevos de todos os tamanhos, assim como os s\u00edmbolos hierogl\u00edficos, abrangem dois blocos adjacentes com total perfei\u00e7\u00e3o. A inten\u00e7\u00e3o \u00e9 muito clara: fazer uma ponte sobre a junta entre blocos adjacentes pr\u00f3ximos uns dos outros ou uns sobre os outros.<\/p>\n<p><a href=\"http:\/\/egyptianwisdomcenter.org\/wp-content\/uploads\/2019\/02\/ema-ch5-photo11-72c-1.jpg\"><img decoding=\"async\" class=\"wp-image-2685 aligncenter\" src=\"http:\/\/egyptianwisdomcenter.org\/wp-content\/uploads\/2019\/02\/ema-ch5-photo11-72c-1.jpg\" alt=\"\" width=\"216\" height=\"182\" \/><\/a><\/p>\n<p>Os pr\u00f3prios blocos foram unidos em algum tipo de sistema nervoso\/energ\u00e9tico. A continua\u00e7\u00e3o do fluxo de energia exigia padr\u00f5es especiais de interliga\u00e7\u00e3o.<\/p>\n<p>A pr\u00e1tica de unir blocos prevaleceu em todos os templos eg\u00edpcios ao longo da hist\u00f3ria conhecida do Antigo Egito. Aqui est\u00e3o alguns exemplos de aplicativos de ades\u00e3o:<\/p>\n<p>1. Cortando em cada bloco de pedra, um entalhe superficial do tipo cauda de andorinha, com 1 polegada (2 cm) de profundidade, que ligava a pedra ao<br \/>\na pedra adjacente. Esses entalhes ligam um bloco a outro \u2013 uma esp\u00e9cie de sistema nervoso ou arterial que percorre todo o templo.<\/p>\n<p><a href=\"http:\/\/egyptianwisdomcenter.org\/wp-content\/uploads\/2019\/02\/eh-133top-1.jpg\"><img decoding=\"async\" class=\"size-full wp-image-1389 aligncenter\" src=\"http:\/\/egyptianwisdomcenter.org\/wp-content\/uploads\/2019\/02\/eh-133top-1.jpg\" alt=\"\" width=\"264\" height=\"82\" \/><\/a><\/p>\n<p>Nenhum material de liga\u00e7\u00e3o foi encontrado nesses entalhes rasos em cauda de andorinha. N\u00e3o h\u00e1 arquitetura ou estrutura<br \/>\nqualquer import\u00e2ncia para tais entalhes, com ou sem espigas de madeira.<\/p>\n<p><a href=\"http:\/\/egyptianwisdomcenter.org\/wp-content\/uploads\/2019\/02\/eh-133middle-1.jpg\"><img decoding=\"async\" class=\"size-full wp-image-1390 aligncenter\" src=\"http:\/\/egyptianwisdomcenter.org\/wp-content\/uploads\/2019\/02\/eh-133middle-1.jpg\" alt=\"\" width=\"252\" height=\"150\" \/><\/a><\/p>\n<p>2. Existem marcas de martelo feitas pelo homem, frequentes, intencionais, bem definidas, retangulares e n\u00edtidas no topo dos blocos.<br \/>\nNovamente, estes n\u00e3o t\u00eam qualquer valor estrutural. [Veja a ilustra\u00e7\u00e3o acima]<\/p>\n<p>3. Colunas feitas de blocos circulares \u00fanicos t\u00eam suas se\u00e7\u00f5es conectadas com um c\u00edrculo bem definido de martelo limpo<br \/>\nmarcas. Novamente, estes n\u00e3o t\u00eam qualquer valor estrutural. [Veja a ilustra\u00e7\u00e3o abaixo]<\/p>\n<p><a href=\"http:\/\/egyptianwisdomcenter.org\/wp-content\/uploads\/2019\/02\/eh-133bottom-1.jpg\"><img loading=\"lazy\" decoding=\"async\" class=\"size-full wp-image-1392 aligncenter\" src=\"http:\/\/egyptianwisdomcenter.org\/wp-content\/uploads\/2019\/02\/eh-133bottom-1.jpg\" alt=\"\" width=\"279\" height=\"155\" \/><\/a><\/p>\n<p>4. Descobriu-se que colunas constru\u00eddas com blocos semicirculares (expressando dualidade) t\u00eam um entalhe superficial do tipo cauda de andorinha de 1 \u2033 (2 cm) de profundidade entre os dois blocos semicirculares. Novamente, esses entalhes s\u00e3o arquitetonicamente e estruturalmente<br \/>\nsem sentido. [Veja a ilustra\u00e7\u00e3o acima]<\/p>\n<p>5. Os blocos de pavimenta\u00e7\u00e3o dentro e ao redor dos edif\u00edcios eg\u00edpcios antigos s\u00e3o colocados em estilo mosaico, a fim de evitar pontas pontiagudas.<br \/>\ncantos e linhas de rachaduras cont\u00ednuas, como os enormes blocos de pavimenta\u00e7\u00e3o ao redor das pir\u00e2mides de Giz\u00e9. Pode-se ver claramente esses blocos de \u00e2ngulo quadrado, muito dur\u00e1veis, perfeitamente ajustados, com v\u00e1rios metros de comprimento.<\/p>\n<p><a href=\"http:\/\/egyptianwisdomcenter.org\/wp-content\/uploads\/2019\/02\/eh-134-1.jpg\"><img loading=\"lazy\" decoding=\"async\" class=\"wp-image-1394 aligncenter\" src=\"http:\/\/egyptianwisdomcenter.org\/wp-content\/uploads\/2019\/02\/eh-134-1.jpg\" alt=\"\" width=\"156\" height=\"116\" \/><\/a><\/p>\n<p>Os antigos eg\u00edpcios, ao longo da hist\u00f3ria, evitaram as simples e abruptas juntas entrela\u00e7adas. A cria\u00e7\u00e3o de cantos cont\u00ednuos e ininterruptos permitiu que as energias flu\u00edssem sem impedimentos. Aqui est\u00e3o alguns exemplos de inscri\u00e7\u00f5es de ades\u00e3o, encontradas em v\u00e1rios locais do Egito:<\/p>\n<p><strong>1.<\/strong>\u00a0No Templo do Vale da Pir\u00e2mide de Khafra, em Giz\u00e9, perto da Esfinge.<\/p>\n<p>Muitas das pedras s\u00e3o colocadas em \u00e2ngulos diferentes. Esta pr\u00e1tica, comum nas constru\u00e7\u00f5es eg\u00edpcias, n\u00e3o apresenta vantagem estrutural sobre o percurso regular. Os c\u00e1lculos e trabalho adicionais envolvidos neste tipo de uni\u00e3o s\u00e3o consider\u00e1veis, e esta no\u00e7\u00e3o ocidental de \u201cpr\u00e1ticas de design\u201d ou \u201cconsidera\u00e7\u00e3o econ\u00f3mica\u201d nunca deveria ser considerada no Antigo Egipto.<\/p>\n<p><a href=\"http:\/\/egyptianwisdomcenter.org\/wp-content\/uploads\/2019\/02\/ema-ch5-photo12-72c-1.jpg\"><img loading=\"lazy\" decoding=\"async\" class=\"wp-image-2686 aligncenter\" src=\"http:\/\/egyptianwisdomcenter.org\/wp-content\/uploads\/2019\/02\/ema-ch5-photo12-72c-1.jpg\" alt=\"\" width=\"183\" height=\"276\" \/><\/a><\/p>\n<p>Os cantos da pedra n\u00e3o s\u00e3o encaixes regulares e entrela\u00e7ados, mas sim quoins inversos alternados. As juntas contornam os cantos. Para formar esses cantos, toda a face da pedra foi esculpida, em alguns casos dramaticamente, por mais de 30 cm (30 cm) \u2013 em outros casos, mal criando um retorno de apenas 2 cm (2 cm) ou mais.<\/p>\n<p>Este m\u00e9todo \u00fanico de criar cantos foi comumente usado ao longo da hist\u00f3ria eg\u00edpcia. O objetivo do recurso exclusivo acima \u00e9 evitar rachaduras cont\u00ednuas, de modo a manter a unidade do templo. Como resultado, os componentes do templo devem estar conectados para que a energia c\u00f3smica possa fluir sem impedimentos.<\/p>\n<p><a href=\"http:\/\/egyptianwisdomcenter.org\/wp-content\/uploads\/2019\/02\/ema-ch5-photo13-72c-1.jpg\"><img loading=\"lazy\" decoding=\"async\" class=\"wp-image-2687 aligncenter\" src=\"http:\/\/egyptianwisdomcenter.org\/wp-content\/uploads\/2019\/02\/ema-ch5-photo13-72c-1.jpg\" alt=\"\" width=\"214\" height=\"160\" \/><\/a><\/p>\n<p>&nbsp;<\/p>\n<p><strong>2.<\/strong> Tamb\u00e9m encontrado em Saqqara desde a era do Imp\u00e9rio Antigo.<\/p>\n<p>Depois de passar pela entrada pela parede do recinto, encontramos as mesmas t\u00e9cnicas de padr\u00e3o de junta:<\/p>\n<p><a href=\"http:\/\/egyptianwisdomcenter.org\/wp-content\/uploads\/2019\/02\/ema-ch5-photo14-72c-1.jpg\"><img loading=\"lazy\" decoding=\"async\" class=\"wp-image-2688 aligncenter\" src=\"http:\/\/egyptianwisdomcenter.org\/wp-content\/uploads\/2019\/02\/ema-ch5-photo14-72c-1.jpg\" alt=\"\" width=\"235\" height=\"161\" \/><\/a><\/p>\n<p><a href=\"http:\/\/egyptianwisdomcenter.org\/wp-content\/uploads\/2019\/02\/ema-ch5-photo15-72c-1.jpg\"><img loading=\"lazy\" decoding=\"async\" class=\"wp-image-2689 aligncenter\" src=\"http:\/\/egyptianwisdomcenter.org\/wp-content\/uploads\/2019\/02\/ema-ch5-photo15-72c-1.jpg\" alt=\"\" width=\"169\" height=\"254\" \/><\/a><\/p>\n<p>&nbsp;<\/p>\n<p><strong>3.<\/strong> Mais ao sul, no Egito, no Complexo de Templos de Karnak, encontramos a mesma t\u00e9cnica na uni\u00e3o dos blocos e representa\u00e7\u00f5es sobre eles.<\/p>\n<p><a href=\"http:\/\/egyptianwisdomcenter.org\/wp-content\/uploads\/2019\/02\/ema-ch5-photo16-72c-1.jpg\"><img loading=\"lazy\" decoding=\"async\" class=\"wp-image-2690 aligncenter\" src=\"http:\/\/egyptianwisdomcenter.org\/wp-content\/uploads\/2019\/02\/ema-ch5-photo16-72c-1.jpg\" alt=\"\" width=\"150\" height=\"276\" \/><\/a><\/p>\n<p>&nbsp;<\/p>\n<p><strong>4.<\/strong> \u00c0 medida que avan\u00e7amos para sul ao longo do Rio Nilo, chegamos ao Templo de Kom Ombo. Aqui, novamente, encontramos s\u00edmbolos hierogl\u00edficos abrangendo dois blocos adjacentes com total perfei\u00e7\u00e3o.<\/p>\n<p><a href=\"http:\/\/egyptianwisdomcenter.org\/wp-content\/uploads\/2019\/02\/ema-ch5-photo17-72c-1.jpg\"><img loading=\"lazy\" decoding=\"async\" class=\"wp-image-2691 aligncenter\" src=\"http:\/\/egyptianwisdomcenter.org\/wp-content\/uploads\/2019\/02\/ema-ch5-photo17-72c-1.jpg\" alt=\"\" width=\"235\" height=\"156\" \/><\/a><\/p>\n<p><a href=\"http:\/\/egyptianwisdomcenter.org\/wp-content\/uploads\/2019\/02\/ema-ch5-photo18-72c-1.jpg\"><img loading=\"lazy\" decoding=\"async\" class=\"wp-image-2692 aligncenter\" src=\"http:\/\/egyptianwisdomcenter.org\/wp-content\/uploads\/2019\/02\/ema-ch5-photo18-72c-1.jpg\" alt=\"\" width=\"232\" height=\"164\" \/><\/a><\/p>\n<p>No final desta parede particular, encontramos as liga\u00e7\u00f5es org\u00e2nicas internas entre os blocos das paredes do templo. Aqui encontramos marcas de martelo intencionais, bem definidas e feitas pelo homem nas laterais dos blocos. Esse trabalho n\u00e3o tem absolutamente nenhum valor estrutural (e digo isso com toda a autoridade, pois sou engenheiro civil com mais de 40 anos de experi\u00eancia).<\/p>\n<p>Existem marcas de martelo feitas pelo homem, frequentes, intencionais, bem definidas, retangulares e n\u00edtidas no topo dos blocos. Novamente, estes n\u00e3o t\u00eam qualquer valor estrutural. Este martelar intencional e cuidadoso \u00e9 consistente com <strong>um prop\u00f3sito org\u00e2nico e n\u00e3o estrutural.<\/strong><\/p>\n<p><a href=\"http:\/\/egyptianwisdomcenter.org\/wp-content\/uploads\/2019\/02\/ema-ch5-photo19-72c-1.jpg\"><img loading=\"lazy\" decoding=\"async\" class=\"wp-image-2693 aligncenter\" src=\"http:\/\/egyptianwisdomcenter.org\/wp-content\/uploads\/2019\/02\/ema-ch5-photo19-72c-1.jpg\" alt=\"\" width=\"231\" height=\"164\" \/><\/a><\/p>\n<p>Na parte inferior desta parede espec\u00edfica do templo, encontramos outros detalhes de design org\u00e2nico. Cortando cada bloco de pedra h\u00e1 um entalhe superficial do tipo cauda de andorinha de 1 polegada (2 cm) de profundidade que ligava a pedra \u00e0 pedra adjacente. Esses encaixes ligam um bloco a outro \u2013 uma esp\u00e9cie de sistema nervoso ou arterial que percorre todo o templo.<\/p>\n<p><a href=\"http:\/\/egyptianwisdomcenter.org\/wp-content\/uploads\/2019\/02\/ema-ch5-photo20-72c-1.jpg\"><img loading=\"lazy\" decoding=\"async\" class=\"wp-image-2694 aligncenter\" src=\"http:\/\/egyptianwisdomcenter.org\/wp-content\/uploads\/2019\/02\/ema-ch5-photo20-72c-1.jpg\" alt=\"\" width=\"227\" height=\"209\" \/><\/a><\/p>\n<p>Mais entalhes org\u00e2nicos do tipo cauda de andorinha s\u00e3o encontrados por toda parte. Nenhum material de liga\u00e7\u00e3o foi encontrado nesses entalhes rasos em cauda de andorinha. N\u00e3o h\u00e1 qualquer import\u00e2ncia arquitet\u00f4nica ou estrutural para tais entalhes, com ou sem espigas de madeira. Tamb\u00e9m encontramos marcas de martelo feitas pelo homem, frequentes, intencionais, bem definidas, retangulares e n\u00edtidas no topo dos blocos. Novamente, estes n\u00e3o t\u00eam qualquer valor estrutural.<\/p>\n<p><a href=\"http:\/\/egyptianwisdomcenter.org\/wp-content\/uploads\/2019\/02\/ema-ch5-photo21-72c-1.jpg\"><img loading=\"lazy\" decoding=\"async\" class=\"wp-image-2695 aligncenter\" src=\"http:\/\/egyptianwisdomcenter.org\/wp-content\/uploads\/2019\/02\/ema-ch5-photo21-72c-1.jpg\" alt=\"\" width=\"224\" height=\"149\" \/><\/a><\/p>\n<p>&nbsp;<\/p>\n<p><strong>5.<\/strong> No Templo de Luxor, encontramos isso <strong>t\u00e9cnica de junta org\u00e2nica <\/strong>nas grandes est\u00e1tuas de granito sentadas. Uma fissura inclinada no granito foi \u201creparada\u201d com dois entalhes tipo cauda de andorinha. O procedimento simb\u00f3lico (ou melhor, o org\u00e2nico) \u00e9 inescap\u00e1vel.<\/p>\n<p><a href=\"http:\/\/egyptianwisdomcenter.org\/wp-content\/uploads\/2019\/02\/ema-ch5-photo22-72c-1.jpg\"><img loading=\"lazy\" decoding=\"async\" class=\"wp-image-2696 aligncenter\" src=\"http:\/\/egyptianwisdomcenter.org\/wp-content\/uploads\/2019\/02\/ema-ch5-photo22-72c-1.jpg\" alt=\"\" width=\"184\" height=\"276\" \/><\/a><\/p>\n<p><a href=\"http:\/\/egyptianwisdomcenter.org\/wp-content\/uploads\/2019\/02\/ema-ch5-photo23-72c-1.jpg\"><img loading=\"lazy\" decoding=\"async\" class=\"wp-image-2697 aligncenter\" src=\"http:\/\/egyptianwisdomcenter.org\/wp-content\/uploads\/2019\/02\/ema-ch5-photo23-72c-1.jpg\" alt=\"\" width=\"181\" height=\"235\" \/><\/a><\/p>\n<p>&nbsp;<\/p>\n<p><strong>6.<\/strong> Encontramos tipos semelhantes de juntas de est\u00e1tuas nas esfinges com cabe\u00e7a de homem que se estendem por 3 km entre os templos de Luxor e Karnak.<\/p>\n<p><a href=\"http:\/\/egyptianwisdomcenter.org\/wp-content\/uploads\/2019\/02\/ema-ch5-photo24-72c-1.jpg\"><img loading=\"lazy\" decoding=\"async\" class=\"wp-image-2698 aligncenter\" src=\"http:\/\/egyptianwisdomcenter.org\/wp-content\/uploads\/2019\/02\/ema-ch5-photo24-72c-1.jpg\" alt=\"\" width=\"242\" height=\"161\" \/><\/a><\/p>\n<p><a href=\"http:\/\/egyptianwisdomcenter.org\/wp-content\/uploads\/2019\/02\/ema-ch5-photo25-72c-1.jpg\"><img loading=\"lazy\" decoding=\"async\" class=\"wp-image-2699 aligncenter\" src=\"http:\/\/egyptianwisdomcenter.org\/wp-content\/uploads\/2019\/02\/ema-ch5-photo25-72c-1.jpg\" alt=\"\" width=\"237\" height=\"158\" \/><\/a><\/p>\n<p>&nbsp;<\/p>\n<p><strong>7.<\/strong> Nesta impressionante estrada pavimentada entre os dois templos de Luxor e Karnak, encontramos outra aplica\u00e7\u00e3o dos padr\u00f5es de juntas org\u00e2nicas nos blocos de pavimenta\u00e7\u00e3o que s\u00e3o colocados em estilo mosaico para evitar cantos pontiagudos e linhas de fissuras cont\u00ednuas, como os enormes blocos de pavimenta\u00e7\u00e3o em torno das pir\u00e2mides de Giz\u00e9. Pode-se ver claramente esses blocos de \u00e2ngulo quadrado, muito dur\u00e1veis, perfeitamente ajustados e com v\u00e1rios metros de comprimento.<\/p>\n<p><a href=\"http:\/\/egyptianwisdomcenter.org\/wp-content\/uploads\/2019\/02\/ema-ch5-photo26-72c-1.jpg\"><img loading=\"lazy\" decoding=\"async\" class=\"wp-image-2700 aligncenter\" src=\"http:\/\/egyptianwisdomcenter.org\/wp-content\/uploads\/2019\/02\/ema-ch5-photo26-72c-1.jpg\" alt=\"\" width=\"260\" height=\"173\" \/><\/a><\/p>\n<p><a href=\"http:\/\/egyptianwisdomcenter.org\/wp-content\/uploads\/2019\/02\/ema-ch5-photo27-72c-1.jpg\"><img loading=\"lazy\" decoding=\"async\" class=\"wp-image-2701 aligncenter\" src=\"http:\/\/egyptianwisdomcenter.org\/wp-content\/uploads\/2019\/02\/ema-ch5-photo27-72c-1.jpg\" alt=\"\" width=\"255\" height=\"170\" \/><\/a><\/p>\n<p>&nbsp;<\/p>\n<p><strong>8.<\/strong> Mais ao norte, no planalto de Giz\u00e9, encontramos o mesmo padr\u00e3o org\u00e2nico na passagem que vai da Pir\u00e2mide de Khafra at\u00e9 o Templo do Vale, pr\u00f3ximo \u00e0 Esfinge.<\/p>\n<p><a href=\"http:\/\/egyptianwisdomcenter.org\/wp-content\/uploads\/2019\/02\/ema-ch5-photo28-72c-1.jpg\"><img loading=\"lazy\" decoding=\"async\" class=\"wp-image-2702 aligncenter\" src=\"http:\/\/egyptianwisdomcenter.org\/wp-content\/uploads\/2019\/02\/ema-ch5-photo28-72c-1.jpg\" alt=\"\" width=\"254\" height=\"169\" \/><\/a><\/p>\n<p><a href=\"http:\/\/egyptianwisdomcenter.org\/wp-content\/uploads\/2019\/02\/ema-ch5-photo29-72c-1.jpg\"><img loading=\"lazy\" decoding=\"async\" class=\"wp-image-2703 aligncenter\" src=\"http:\/\/egyptianwisdomcenter.org\/wp-content\/uploads\/2019\/02\/ema-ch5-photo29-72c-1.jpg\" alt=\"\" width=\"263\" height=\"175\" \/><\/a><\/p>\n<p>&nbsp;<\/p>\n<p><strong>9.<\/strong> Os mesmos padr\u00f5es em enormes blocos de pavimenta\u00e7\u00e3o perfeitamente ajustados s\u00e3o encontrados ao redor da base da Pir\u00e2mide de Khafra.<\/p>\n<p><a href=\"http:\/\/egyptianwisdomcenter.org\/wp-content\/uploads\/2019\/02\/ema-ch5-photo30-72c-1.jpg\"><img loading=\"lazy\" decoding=\"async\" class=\"wp-image-2704 aligncenter\" src=\"http:\/\/egyptianwisdomcenter.org\/wp-content\/uploads\/2019\/02\/ema-ch5-photo30-72c-1.jpg\" alt=\"\" width=\"266\" height=\"177\" \/><\/a><\/p>\n<p>&nbsp;<\/p>\n<p><strong>10.<\/strong> Os mesmos padr\u00f5es est\u00e3o por todo o Planalto de Giz\u00e9.<\/p>\n<p>Os antigos eg\u00edpcios, ao longo da hist\u00f3ria, evitaram articula\u00e7\u00f5es simples, abruptas e interligadas. A cria\u00e7\u00e3o de cantos cont\u00ednuos e ininterruptos permitiu que as energias flu\u00edssem sem impedimentos.<\/p>\n<p>&nbsp;<\/p>\n<p><span style=\"color: #ff0000;\"><strong>[Um trecho de <\/strong><\/span><strong>A Arquitetura Metaf\u00edsica Eg\u00edpcia Antiga por Moustafa Gadalla<\/strong><span style=\"color: #ff0000;\"><strong>]<\/strong><\/span><\/p>\n<p><a href=\"https:\/\/egyptianwisdomcenter.org\/pt\/produto\/the-ancient-egyptian-metaphysical-architecture\/\"><span style=\"color: #0000ff;\"><strong>https:\/\/egyptianwisdomcenter.org\/product\/the-ancient-egyptian-metaphysical-architecture\/<\/strong><\/span><\/a><\/p>\n<p><img decoding=\"async\" class=\"aligncenter\" src=\"https:\/\/books2read-prod.s3.amazonaws.com\/CACHE\/images\/ubl_book_images\/book_display_image_DzTMfrV\/372fcbccd1ea208063914bdc7d930cad\" \/><\/p>\n<div dir=\"auto\">\n<p style=\"text-align: center;\"><a href=\"https:\/\/egyptianwisdomcenter.org\/pt\/produto\/the-ancient-egyptian-metaphysical-architecture\/\"><span style=\"color: #0000ff;\"><strong>https:\/\/egyptianwisdomcenter.org\/product\/the-ancient-egyptian-metaphysical-architecture\/<\/strong><\/span><\/a><\/p>\n<\/div>","protected":false},"excerpt":{"rendered":"<p>Energy Flow And Connectivity In Egyptian Works &nbsp; &nbsp; In the Litany of Re, the cosmic creative force\u2014being Re\u2014is described as: &#8220;The [&hellip;]<\/p>","protected":false},"author":3,"featured_media":0,"parent":0,"menu_order":0,"comment_status":"closed","ping_status":"closed","template":"","meta":{"footnotes":""},"class_list":["post-267","page","type-page","status-publish","hentry"],"aioseo_notices":[],"_links":{"self":[{"href":"https:\/\/egyptianwisdomcenter.org\/pt\/wp-json\/wp\/v2\/pages\/267","targetHints":{"allow":["GET"]}}],"collection":[{"href":"https:\/\/egyptianwisdomcenter.org\/pt\/wp-json\/wp\/v2\/pages"}],"about":[{"href":"https:\/\/egyptianwisdomcenter.org\/pt\/wp-json\/wp\/v2\/types\/page"}],"author":[{"embeddable":true,"href":"https:\/\/egyptianwisdomcenter.org\/pt\/wp-json\/wp\/v2\/users\/3"}],"replies":[{"embeddable":true,"href":"https:\/\/egyptianwisdomcenter.org\/pt\/wp-json\/wp\/v2\/comments?post=267"}],"version-history":[{"count":0,"href":"https:\/\/egyptianwisdomcenter.org\/pt\/wp-json\/wp\/v2\/pages\/267\/revisions"}],"wp:attachment":[{"href":"https:\/\/egyptianwisdomcenter.org\/pt\/wp-json\/wp\/v2\/media?parent=267"}],"curies":[{"name":"wp","href":"https:\/\/api.w.org\/{rel}","templated":true}]}}