{"id":27727,"date":"2019-03-25T13:42:54","date_gmt":"2019-03-25T17:42:54","guid":{"rendered":"https:\/\/egyptianwisdomcenter.org\/una-panoramica-del-patrimonio-musicale-egiziano\/"},"modified":"2023-01-10T13:12:38","modified_gmt":"2023-01-10T18:12:38","slug":"una-panoramica-del-patrimonio-musicale-egiziano","status":"publish","type":"page","link":"https:\/\/egyptianwisdomcenter.org\/pt\/una-panoramica-del-patrimonio-musicale-egiziano\/","title":{"rendered":"Una Panoramica Del Patrimonio Musicale Egiziano"},"content":{"rendered":"<h2 style=\"text-align: center;\"><span style=\"color: #ff0000;\">Una Panoramica Del Patrimonio Musicale Egiziano<\/span><\/h2>\n<p>&nbsp;<\/p>\n<p>Paese. I rilievi sulle pareti dei templi e delle tombe dell\u2019Antico Egitto raffigurano numerosi tipi e forme di strumenti musicali, la tecnica con cui questi strumenti dovevano essere suonati e accordati, la musica d\u2019insieme, e molto, molto altro.<\/p>\n<p>Queste scene musicali mostrano visibilmente le mani del suonatore d\u2019arpa che pizzicano alcune corde<\/p>\n<p><a href=\"https:\/\/pressbooks.com\/app\/uploads\/sites\/42624\/2015\/12\/emus-ch1-photo1-96c.jpg\"><img loading=\"lazy\" decoding=\"async\" class=\"size-full wp-image-695 aligncenter\" src=\"https:\/\/pressbooks.com\/app\/uploads\/sites\/42624\/2015\/12\/emus-ch1-photo1-96c.jpg\" alt=\"\" width=\"192\" height=\"216\" \/><\/a><\/p>\n<p>e i suonatori degli strumenti a fiato che eseguono assieme alcuni accordi.<\/p>\n<p><a href=\"https:\/\/pressbooks.com\/app\/uploads\/sites\/42624\/2015\/12\/emus-ch1-photo2-96c.jpg\"><img loading=\"lazy\" decoding=\"async\" class=\"size-full wp-image-696 aligncenter\" src=\"https:\/\/pressbooks.com\/app\/uploads\/sites\/42624\/2015\/12\/emus-ch1-photo2-96c.jpg\" alt=\"\" width=\"192\" height=\"152\" \/><\/a><\/p>\n<p>Le distanze dei tasti del liuto mostrano chiaramente che potevano misurare e calcolare gli intervalli e le scale corrispondenti.<\/p>\n<p><a href=\"https:\/\/pressbooks.com\/app\/uploads\/sites\/42624\/2015\/12\/emus-ch1-photo3-96c.jpg\"><img loading=\"lazy\" decoding=\"async\" class=\"size-full wp-image-697 aligncenter\" src=\"https:\/\/pressbooks.com\/app\/uploads\/sites\/42624\/2015\/12\/emus-ch1-photo3-96c.jpg\" alt=\"\" width=\"240\" height=\"157\" \/><\/a><\/p>\n<p>Le posizioni delle mani degli arpisti sulle corde indicano chiaramente i rapporti, come la quarta, la quinta e l\u2019ottava \u2013 rivelando una conoscenza indiscutibile delle leggi che regolano l\u2019armonia della musica.<\/p>\n<p>Anche la riproduzione degli strumenti musicali \u00e8 raffigurata come se fosse controllata dai movimenti delle mani dei direttori d\u2019orchestra, il che ci aiuta addirittura a identificare alcuni toni, gli intervalli e le funzioni del suono, come si vede sulla sinistra nell\u2019immagine sottostante.<\/p>\n<p><a href=\"https:\/\/pressbooks.com\/app\/uploads\/sites\/42624\/2015\/12\/emus-ch1-photo4-96c.jpg\"><img loading=\"lazy\" decoding=\"async\" class=\"size-full wp-image-698 aligncenter\" src=\"https:\/\/pressbooks.com\/app\/uploads\/sites\/42624\/2015\/12\/emus-ch1-photo4-96c.jpg\" alt=\"\" width=\"240\" height=\"167\" \/><\/a><\/p>\n<p>Gli intervalli di quarta, quinta e ottava erano i pi\u00f9 comuni nelle rappresentazioni dell\u2019Antico Egitto. Curt Sachs [nel suo libro<em> Storia degli strumenti musicali<\/em>] not\u00f2 che su 17 arpisti rappresentati nelle opere d\u2019arte egizie (con sufficiente realismo e chiarezza per considerarli dati affidabili), sette stanno toccando la quarta corda, cinque la quinta, e cinque l\u2019ottava.<\/p>\n<p>Le arpe pi\u00f9 frequentemente rappresentate possiedono sette corde e, secondo lo studio degli strumenti egiziani di Curt Sachs, gli antichi Egizi accordavano le loro arpe nella stessa scala di intervalli diatonici.<\/p>\n<p>Una delle due arpe raffigurate nella tomba di Ramses III [illustrata di seguito] ha 13 corde. Se la pi\u00f9 lunga rappresentava il proslamban\u00f2menos (o Re), le altre 12 <span style=\"text-decoration: underline;\"><strong>fornivano anche pi\u00f9 di<\/strong> <strong>tutti i toni, semitoni e quarti di tono dei generi diatonico, cromatico ed enarmonico, all\u2019interno dell\u2019estensione di un\u2019ottava.<\/strong><\/span><\/p>\n<p><a href=\"https:\/\/aemi.pressbooks.com\/wp-content\/uploads\/sites\/42624\/2015\/12\/harp-1.png\"><img loading=\"lazy\" decoding=\"async\" class=\"size-full wp-image-284 aligncenter\" src=\"https:\/\/aemi.pressbooks.com\/wp-content\/uploads\/sites\/42624\/2015\/12\/harp-1.png\" alt=\"harp\" width=\"165\" height=\"168\" \/><\/a><\/p>\n<p>Oltre alle numerose rappresentazioni di scene musicali raffigurate nei templi e nelle tombe di tutte le epoche nel corso della storia dinastica dell\u2019Egitto, possiamo anche accedere a centinaia di strumenti musicali di vario tipo che sono stati recuperati dalle tombe. Questi strumenti egiziani oggi si trovano sparsi nei musei e nelle collezioni private di tutto il mondo.<\/p>\n<p>La maggior parte di questi strumenti furono accuratamente avvolti uno per uno nella stoffa prima di essere collocati nelle tombe.<\/p>\n<p>Tutti questi reperti, insieme con i primi scritti storici sul patrimonio musicale egizio, cos\u00ec come le tradizioni dei moderni abitanti del Nilo, avvalorano la descrizione pi\u00f9 autentica della storia musicale dell\u2019Antico Egitto.<\/p>\n<p><a href=\"https:\/\/pressbooks.com\/app\/uploads\/sites\/42624\/2015\/12\/emus-ch1-photo6-96c.jpg\"><img loading=\"lazy\" decoding=\"async\" class=\"size-full wp-image-699 aligncenter\" src=\"https:\/\/pressbooks.com\/app\/uploads\/sites\/42624\/2015\/12\/emus-ch1-photo6-96c.jpg\" alt=\"\" width=\"240\" height=\"167\" \/><\/a><\/p>\n<p>&nbsp;<\/p>\n<p>Purtroppo, la gran parte di queste prove CHIARAMENTE EGIZIANE \u00e8 stata distorta pi\u00f9 e pi\u00f9 volte nel corso della storia dal mondo accademico occidentale. In tema di Antico Egitto, praticamente tutti gli accademici occidentali provano disprezzo e invidia per questa grande civilt\u00e0. Il tipico accademico occidentale allo stesso tempo: 1) descriver\u00e0 gli Egizi come persone molto conservatrici, che non cambiavano e non si evolvevano, che non avevano immaginazione ecc.; e 2) descriver\u00e0 i progressi compiuti dal Paese come se fossero stati presi in prestito\/rubati\/copiati da popoli non Egizi. \u00c8 insensato per chiunque avvalersi contemporaneamente di questi argomenti contraddittori.<\/p>\n<p>Il fatto \u00e8 che gli Egizi (antichi e Baladi) sono notevolmente tradizionalisti, fino all\u2019eccesso, come attestato da TUTTI i primi storici, come Erodoto, che nel II Libro [79] delle <em>Storie<\/em>, afferma:<\/p>\n<p style=\"padding-left: 30px;\"><strong><em>\u201cGli Egiziani si tengono agli usi aviti, e non importano alcuna novit\u00e0\u201d<\/em>.<\/strong><\/p>\n<p>E sempre Erodoto nel II Libro delle <em>Storie<\/em> (91):<\/p>\n<p style=\"padding-left: 30px;\"><strong><em>\u201cGli Egiziani rifuggono dall\u2019adottare usi ellenici e, per dire tutto in breve, gli usi di qualsiasi popolo\u201d.<\/em><\/strong><\/p>\n<p>&nbsp;<\/p>\n<p><span style=\"color: #ff0000;\"><strong>[Un estratto dall&#8217;<\/strong> <strong>Strumenti musicali egizi <\/strong><\/span><span style=\"color: #ff0000;\"><strong>di Moustafa gadalla<\/strong><\/span>]<\/p>\n<p><span style=\"color: #0000ff;\"><strong>https:\/\/egyptianwisdomcenter.org\/product\/strumenti-musicali-egizi\/<\/strong><\/span><\/p>\n<p><img decoding=\"async\" class=\"aligncenter\" src=\"https:\/\/egypt-tehuti.org\/wp-content\/uploads\/2018\/06\/Strumenti-musicali-egizi-225x338.jpg\" \/><\/p>\n<div dir=\"auto\" style=\"text-align: center;\"><span style=\"color: #0000ff;\"><strong>https:\/\/egyptianwisdomcenter.org\/product\/strumenti-musicali-egizi\/<\/strong><\/span><\/div>\n","protected":false},"excerpt":{"rendered":"<p>Una Panoramica Del Patrimonio Musicale Egiziano &nbsp; Paese. I rilievi sulle pareti dei templi e delle tombe dell\u2019Antico Egitto raffigurano numerosi tipi [&hellip;]<\/p>\n","protected":false},"author":3,"featured_media":0,"parent":0,"menu_order":0,"comment_status":"closed","ping_status":"closed","template":"","meta":{"_monsterinsights_skip_tracking":false,"_monsterinsights_sitenote_active":false,"_monsterinsights_sitenote_note":"","_monsterinsights_sitenote_category":0,"footnotes":""},"class_list":["post-27727","page","type-page","status-publish","hentry"],"aioseo_notices":[],"_links":{"self":[{"href":"https:\/\/egyptianwisdomcenter.org\/pt\/wp-json\/wp\/v2\/pages\/27727","targetHints":{"allow":["GET"]}}],"collection":[{"href":"https:\/\/egyptianwisdomcenter.org\/pt\/wp-json\/wp\/v2\/pages"}],"about":[{"href":"https:\/\/egyptianwisdomcenter.org\/pt\/wp-json\/wp\/v2\/types\/page"}],"author":[{"embeddable":true,"href":"https:\/\/egyptianwisdomcenter.org\/pt\/wp-json\/wp\/v2\/users\/3"}],"replies":[{"embeddable":true,"href":"https:\/\/egyptianwisdomcenter.org\/pt\/wp-json\/wp\/v2\/comments?post=27727"}],"version-history":[{"count":0,"href":"https:\/\/egyptianwisdomcenter.org\/pt\/wp-json\/wp\/v2\/pages\/27727\/revisions"}],"wp:attachment":[{"href":"https:\/\/egyptianwisdomcenter.org\/pt\/wp-json\/wp\/v2\/media?parent=27727"}],"curies":[{"name":"wp","href":"https:\/\/api.w.org\/{rel}","templated":true}]}}