{"id":2881,"date":"2019-03-02T13:04:17","date_gmt":"2019-03-02T18:04:17","guid":{"rendered":"http:\/\/egyptianwisdomcenter.org\/geometria-sagrada-y-ciencias-naturales\/"},"modified":"2023-01-12T11:30:06","modified_gmt":"2023-01-12T16:30:06","slug":"geometria-sagrada-y-ciencias-naturales","status":"publish","type":"page","link":"https:\/\/egyptianwisdomcenter.org\/pt\/geometria-sagrada-y-ciencias-naturales\/","title":{"rendered":"Geometr\u00eda Sagrada y Ciencias Naturales"},"content":{"rendered":"<h2 style=\"text-align: center;\"><span style=\"color: #ff0000;\"><strong>Geometr\u00eda Sagrada y Ciencias Naturales<\/strong><\/span><\/h2>\n<p>&nbsp;<\/p>\n<p>La geometr\u00eda de los antiguos egipcios era mucho m\u00e1s que un estudio de puntos, l\u00edneas, superficies y s\u00f3lidos, y sus propiedades y mediciones. La armon\u00eda inherente en la geometr\u00eda fue reconocida en el Antiguo Egipto como la expresi\u00f3n m\u00e1s convincente de un plan divino que sustenta el mundo, un plan metaf\u00edsico que determina el f\u00edsico.<\/p>\n<p>Para los antiguos egipcios, la geometr\u00eda aportaba los medios para que la humanidad pudiera entender los misterios del orden divino. La geometr\u00eda est\u00e1 en todas partes de la naturaleza: su orden sustenta la estructura de todas las cosas, desde las mol\u00e9culas a las galaxias. La naturaleza de las formas geom\u00e9tricas permite su funcionamiento. El dise\u00f1o que utiliza los principios de la geometr\u00eda sagrada debe lograr el mismo objetivo, es decir la forma de cumplir\/representar una funci\u00f3n.<\/p>\n<p>La geometr\u00eda sagrada no solo aborda las proporciones de las figuras geom\u00e9tricas, sino tambi\u00e9n las relaciones arm\u00f3nicas entre las partes y el todo, como las partes del ser humano con las dem\u00e1s partes, la estructura de las plantas y los animales, las formas de los objetos de cristal y naturales, todas ellas son manifestaciones del continuo universal.<\/p>\n<p>La clave de la proporci\u00f3n arm\u00f3nica divina (geometr\u00eda sagrada) es la relaci\u00f3n entre la progresi\u00f3n del crecimiento y la proporci\u00f3n. La proporci\u00f3n arm\u00f3nica y la progresi\u00f3n son la esencia del universo creado. Esta es coherente con la naturaleza que nos rodea. La naturaleza que nos rodea sigue esta relaci\u00f3n armoniosa. La progresi\u00f3n natural sigue una serie que se populariz\u00f3 en Occidente como la \u201csucesi\u00f3n de Fibonacci\u201d.<\/p>\n<p>Debido a que esta serie exist\u00eda antes de Fibonacci (nacido en 1179 EC), no deber\u00eda llevar su nombre. Tanto Fibonacci como sus analistas occidentales ni siquiera reclamaron que era de su \u201ccreaci\u00f3n\u201d. Llamemos a las cosas lo que son, una <em>sucesi\u00f3n recurrente<\/em>. Esta es un serie progresiva que comienza con los dos primeros n\u00fameros del sistema del Antiguo Egipto, es decir el 2 y el 3. Despu\u00e9s se a\u00f1ade a su total el n\u00famero anterior, y as\u00ed sucesivamente, cualquier cifra es la suma de las dos precedentes. Por lo tanto, la serie ser\u00eda la siguiente: 2, 3, 5, 8, 13, 21, 34, 55, 89, 144, 233, 377, 610,&#8230;<\/p>\n<p>Esta serie se refleja en toda la naturaleza. El n\u00famero de semillas de un girasol, los p\u00e9talos de cualquier flor, la disposici\u00f3n de las pi\u00f1as de pino, el crecimiento de una concha de nautilus, etc., todo sigue el mismo patr\u00f3n de esta serie.<\/p>\n<p>La abrumadora evidencia indica que los antiguos egipcios conoc\u00edan la sucesi\u00f3n recurrente. Los planos de los templos y las tumbas del Antiguo Egipto, en su larga historia, muestran que los principales elementos de los templos se colocaban a lo largo de sus ejes longitudinales siguiendo los n\u00fameros consecutivos de la sucesi\u00f3n recurrente, es decir, 2, 3, 5, 8, 13, 21, 34, 55, 89, 144, 233, 377, 610,&#8230;<\/p>\n<p>Una vez que se muestran las dimensiones de los monumentos del Antiguo Egipto en las unidades del codo (0,528 m) del Antiguo Egipto, es evidente que la sucesi\u00f3n recurrente fue creada por los antiguos egipcios. La sucesi\u00f3n recurrente se ajusta perfectamente, y puede considerarse una expresi\u00f3n, de las matem\u00e1ticas egipcias, que algunos las han definido como un <em>procedimiento acumulativo<\/em> en esencia.<\/p>\n<p>Existen evidencias acerca del conocimiento de la sucesi\u00f3n recurrente, desde el Templo de la Pir\u00e1mide (err\u00f3neamente llamado funerario) de Kefr\u00e9n (Chephren), en Giza, construido en el a\u00f1o 2500 AEC, es decir aproximadamente 3.700 a\u00f1os antes de Fibonacci.<\/p>\n<p>Los puntos esenciales del templo [como se muestra a continuaci\u00f3n] cumplen con la sucesi\u00f3n recurrente, que obtienen la cifra de 233 codos en su longitud total, medido a partir de la pir\u00e1mide, con DIEZ n\u00fameros consecutivos de la serie.<\/p>\n<p><img decoding=\"async\" class=\"aligncenter\" src=\"https:\/\/pressbooks.com\/app\/uploads\/sites\/56540\/2017\/08\/aecr-ch12-1-250c-sp--164x300.jpg\" \/><\/p>\n<p>En lo referente a la actual aplicaci\u00f3n limitada del t\u00e9rmino geometr\u00eda, todos los aspectos de nuestra geometr\u00eda actual se perfeccionaron en el Antiguo Egipto, hace mucho tiempo. Su conocimiento avanzado es muy evidente en unos pocos papiros recuperados, que com\u00fanmente se conocen como los papiros \u201cmatem\u00e1ticos\u201d del Antiguo Egipto. M\u00e1s adelante en este cap\u00edtulo encontrar\u00e1 m\u00e1s informaci\u00f3n sobre estos papiros.<\/p>\n<p>&nbsp;<\/p>\n<p><span style=\"color: #ff0000;\"><strong>[Un extracto de La Cultura Revelada Del Antiguo Egipto, Segunda edicion <\/strong><\/span><span style=\"color: #ff0000;\"><strong>por Moustafa Gadalla]<\/strong><\/span><\/p>\n<div dir=\"auto\">\n<p><span style=\"color: #0000ff;\"><strong>https:\/\/egyptianwisdomcenter.org\/product\/la-cultura-revelada-del-antiguo-egipto\/<\/strong><\/span><\/p>\n<p><img decoding=\"async\" class=\"aligncenter\" src=\"https:\/\/egypt-tehuti.org\/wp-content\/uploads\/2017\/11\/spanish-2-e1514402470988-225x338.jpg\" \/><\/p>\n<p style=\"text-align: center;\"><span style=\"color: #0000ff;\"><strong>https:\/\/egyptianwisdomcenter.org\/product\/la-cultura-revelada-del-antiguo-egipto\/<\/strong><\/span><\/p>\n<\/div>","protected":false},"excerpt":{"rendered":"<p>Geometr\u00eda Sagrada y Ciencias Naturales &nbsp; La geometr\u00eda de los antiguos egipcios era mucho m\u00e1s que un estudio de puntos, l\u00edneas, superficies [&hellip;]<\/p>","protected":false},"author":3,"featured_media":0,"parent":0,"menu_order":0,"comment_status":"closed","ping_status":"closed","template":"","meta":{"footnotes":""},"class_list":["post-2881","page","type-page","status-publish","hentry"],"aioseo_notices":[],"_links":{"self":[{"href":"https:\/\/egyptianwisdomcenter.org\/pt\/wp-json\/wp\/v2\/pages\/2881","targetHints":{"allow":["GET"]}}],"collection":[{"href":"https:\/\/egyptianwisdomcenter.org\/pt\/wp-json\/wp\/v2\/pages"}],"about":[{"href":"https:\/\/egyptianwisdomcenter.org\/pt\/wp-json\/wp\/v2\/types\/page"}],"author":[{"embeddable":true,"href":"https:\/\/egyptianwisdomcenter.org\/pt\/wp-json\/wp\/v2\/users\/3"}],"replies":[{"embeddable":true,"href":"https:\/\/egyptianwisdomcenter.org\/pt\/wp-json\/wp\/v2\/comments?post=2881"}],"version-history":[{"count":0,"href":"https:\/\/egyptianwisdomcenter.org\/pt\/wp-json\/wp\/v2\/pages\/2881\/revisions"}],"wp:attachment":[{"href":"https:\/\/egyptianwisdomcenter.org\/pt\/wp-json\/wp\/v2\/media?parent=2881"}],"curies":[{"name":"wp","href":"https:\/\/api.w.org\/{rel}","templated":true}]}}