{"id":299,"date":"2018-11-02T00:00:00","date_gmt":"2018-11-02T04:00:00","guid":{"rendered":"http:\/\/egyptianwisdomcenter.org\/stylistic-ornamentation-and-decoration\/"},"modified":"2023-01-03T01:33:31","modified_gmt":"2023-01-03T06:33:31","slug":"stylistic-ornamentation-and-decoration-2","status":"publish","type":"page","link":"https:\/\/egyptianwisdomcenter.org\/pt\/ornamentacao-estilistica-e-decoracao-2\/","title":{"rendered":"Ornamenta\u00e7\u00e3o Estil\u00edstica E Decora\u00e7\u00e3o"},"content":{"rendered":"<h2 style=\"text-align: center;\"><span style=\"color: #ff0000;\"><strong>Detalhes arquitet\u00f4nicos estil\u00edsticos eg\u00edpcios<\/strong><\/span><\/h2>\n<p>&nbsp;<\/p>\n<p>Diversas caracter\u00edsticas arquitet\u00f4nicas estil\u00edsticas tamb\u00e9m foram utilizadas no Antigo Egito, tais como:<\/p>\n<p><span style=\"text-decoration: underline; color: #ff0000;\"><strong>Arquitrave <\/strong><\/span>\u2013 A arquitrave foi derivada no Egito da viga de pedra, estendendo-se de pilar a pilar em tumbas e templos.<\/p>\n<p><a href=\"http:\/\/egyptianwisdomcenter.org\/wp-content\/uploads\/2019\/02\/ema-ch6-photo6372c-1.jpg\"><img fetchpriority=\"high\" decoding=\"async\" class=\"wp-image-2803 aligncenter\" src=\"http:\/\/egyptianwisdomcenter.org\/wp-content\/uploads\/2019\/02\/ema-ch6-photo6372c-1.jpg\" alt=\"\" width=\"290\" height=\"193\" \/><\/a><\/p>\n<p>&nbsp;<\/p>\n<p>Desde a I dinastia, o menor mastaba-t\u00famulo privado apresenta uma t\u00edpica arquitrave acima da porta de entrada.<\/p>\n<p>A arquitrave de pedra foi usada para aumentar o tamanho e adicionar um p\u00f3rtico aos seus templos.<\/p>\n<p><a href=\"http:\/\/egyptianwisdomcenter.org\/wp-content\/uploads\/2019\/02\/ema-ch6-photo32-72c-1.jpg\"><img decoding=\"async\" class=\"wp-image-2776 aligncenter\" src=\"http:\/\/egyptianwisdomcenter.org\/wp-content\/uploads\/2019\/02\/ema-ch6-photo32-72c-1.jpg\" alt=\"\" width=\"262\" height=\"177\" \/><\/a><\/p>\n<p><a href=\"http:\/\/egyptianwisdomcenter.org\/wp-content\/uploads\/2019\/02\/ema-ch6-photo33-72c-1.jpg\"><img decoding=\"async\" class=\"wp-image-2777 aligncenter\" src=\"http:\/\/egyptianwisdomcenter.org\/wp-content\/uploads\/2019\/02\/ema-ch6-photo33-72c-1.jpg\" alt=\"\" width=\"261\" height=\"174\" \/><\/a><\/p>\n<p>&nbsp;<\/p>\n<p>Dentilos quadrados sobre uma arquitrave tamb\u00e9m foram utilizados desde os prim\u00f3rdios da hist\u00f3ria do Egito e podem ser vistos na fachada de uma tumba em Beni Hassan e no teto de uma das tumbas de pedra nas Pir\u00e2mides, imitando as vigas das palmeiras.<\/p>\n<p>Aqui \u00e9 mostrado em belos detalhes no Complexo de Templos de Karnak em Luxor:<\/p>\n<p><a href=\"http:\/\/egyptianwisdomcenter.org\/wp-content\/uploads\/2019\/02\/ema-ch6-photo6672c-1.jpg\"><img loading=\"lazy\" decoding=\"async\" class=\"wp-image-2804 aligncenter\" src=\"http:\/\/egyptianwisdomcenter.org\/wp-content\/uploads\/2019\/02\/ema-ch6-photo6672c-1.jpg\" alt=\"\" width=\"187\" height=\"255\" \/><\/a><\/p>\n<p>&nbsp;<\/p>\n<p><strong><span style=\"text-decoration: underline;\">Cornija<\/span> <\/strong>\u2013 Foi utilizado constantemente como um detalhe significativo no desenho das chamadas portas falsas que podem ser encontradas em todas as tumbas e templos do Antigo Egito. Observe outros recursos tamb\u00e9m.<\/p>\n<p>Abaixo est\u00e1 um exemplo totalmente pintado de uma tumba de Saqqara de cerca de 45 s\u00e9culos atr\u00e1s.<\/p>\n<p><a href=\"http:\/\/egyptianwisdomcenter.org\/wp-content\/uploads\/2019\/02\/ema-ch6-photo4-72c-1.jpg\"><img loading=\"lazy\" decoding=\"async\" class=\"wp-image-2750 aligncenter\" src=\"http:\/\/egyptianwisdomcenter.org\/wp-content\/uploads\/2019\/02\/ema-ch6-photo4-72c-1.jpg\" alt=\"\" width=\"188\" height=\"290\" \/><\/a><\/p>\n<p>&nbsp;<\/p>\n<p>Para os seus dispositivos, os eg\u00edpcios frequentemente selecionavam objetos como o l\u00f3tus e outras flores, e estes, assim como v\u00e1rios animais ou suas cabe\u00e7as, eram adaptados para formar uma cornija, principalmente em suas casas e t\u00famulos, ou para decorar artigos de mobili\u00e1rio sofisticados. e vestido.<\/p>\n<p><span style=\"text-decoration: underline;\"><strong>Toro <\/strong><\/span>\u2013 O toro tem sido usado no Egito desde a sua hist\u00f3ria mais remota recuperada, h\u00e1 mais de 5.000 anos, e \u00e9 mostrado aqui como um detalhe significativo da chamada Porta Falsa em cada tumba e templo eg\u00edpcio.<\/p>\n<p><a href=\"http:\/\/egyptianwisdomcenter.org\/wp-content\/uploads\/2019\/02\/ema-ch6-photo1-72c-1.jpg\"><img loading=\"lazy\" decoding=\"async\" class=\"wp-image-2747 aligncenter\" src=\"http:\/\/egyptianwisdomcenter.org\/wp-content\/uploads\/2019\/02\/ema-ch6-photo1-72c-1.jpg\" alt=\"\" width=\"216\" height=\"241\" \/><\/a><\/p>\n<p>&nbsp;<\/p>\n<h3><span style=\"color: #ff0000;\"><strong>Ornamenta\u00e7\u00e3o Estil\u00edstica E Decora\u00e7\u00e3o<\/strong><\/span><\/h3>\n<p>Muitas pessoas sentem falta dos talentos art\u00edsticos dos antigos eg\u00edpcios, concentrando-se apenas nas representa\u00e7\u00f5es figurativas dos edif\u00edcios eg\u00edpcios.<\/p>\n<p>Algumas varia\u00e7\u00f5es art\u00edsticas s\u00e3o notadas por alguns, mas mesmo assim somos informados de que os eg\u00edpcios tinham <em>sem imagina\u00e7\u00e3o <\/em>e, portanto, s\u00f3 poderiam imitar a natureza, como essas colunas de palmeiras que se parecem com as palmeiras abundantes no Egito.<\/p>\n<p><a href=\"http:\/\/egyptianwisdomcenter.org\/wp-content\/uploads\/2019\/02\/ema-ch6bw-48-96c-1.jpg\"><img loading=\"lazy\" decoding=\"async\" class=\"size-full wp-image-2419 aligncenter\" src=\"http:\/\/egyptianwisdomcenter.org\/wp-content\/uploads\/2019\/02\/ema-ch6bw-48-96c-1.jpg\" alt=\"\" width=\"211\" height=\"193\" \/><\/a><\/p>\n<p>Os padr\u00f5es de design no Egito geralmente podem ser categorizados como florais, geom\u00e9tricos, figurativos ou uma combina\u00e7\u00e3o de dois ou dos tr\u00eas.<\/p>\n<p>O <span style=\"text-decoration: underline;\"><strong>padr\u00f5es figurativos <\/strong><\/span>dominam naturalmente templos e tumbas; mas os padr\u00f5es florais e geom\u00e9tricos s\u00e3o abundantes.<\/p>\n<p>A mentalidade ocidental est\u00e1 obcecada em dar nomes a cada varia\u00e7\u00e3o destes padr\u00f5es e em atribuir um adjectivo grego\/romano a cada um, apesar da sua pr\u00e9-exist\u00eancia no Egipto.<\/p>\n<p>O <span style=\"text-decoration: underline;\"><strong>floral <\/strong><\/span>O tipo \u00e9 representado em uma variedade de maturidades da planta, desde o bot\u00e3o fechado at\u00e9 a flor aberta.<\/p>\n<p>As colunas do templo no Egito eram mais do que estruturas de suporte. As colunas fazem parte do templo animado, org\u00e2nico e vivo.<\/p>\n<p>Eles aparecem com bot\u00f5es fechados:<\/p>\n<p><a href=\"http:\/\/egyptianwisdomcenter.org\/wp-content\/uploads\/2019\/02\/ema-ch6-photo6672c-1.jpg\"><img loading=\"lazy\" decoding=\"async\" class=\"wp-image-2804 aligncenter\" src=\"http:\/\/egyptianwisdomcenter.org\/wp-content\/uploads\/2019\/02\/ema-ch6-photo6672c-1.jpg\" alt=\"\" width=\"180\" height=\"245\" \/><\/a><\/p>\n<p><a href=\"http:\/\/egyptianwisdomcenter.org\/wp-content\/uploads\/2019\/02\/ema-ch6-photo6772c-1.jpg\"><img loading=\"lazy\" decoding=\"async\" class=\"wp-image-2805 aligncenter\" src=\"http:\/\/egyptianwisdomcenter.org\/wp-content\/uploads\/2019\/02\/ema-ch6-photo6772c-1.jpg\" alt=\"\" width=\"158\" height=\"314\" \/><\/a><\/p>\n<p>&nbsp;<\/p>\n<p>e flor aberta:<\/p>\n<p><a href=\"http:\/\/egyptianwisdomcenter.org\/wp-content\/uploads\/2019\/02\/ema-ch6-photo6872c-1.jpg\"><img loading=\"lazy\" decoding=\"async\" class=\"wp-image-2806 aligncenter\" src=\"http:\/\/egyptianwisdomcenter.org\/wp-content\/uploads\/2019\/02\/ema-ch6-photo6872c-1.jpg\" alt=\"\" width=\"179\" height=\"203\" \/><\/a><\/p>\n<p>&nbsp;<\/p>\n<p><span style=\"text-decoration: underline;\"><strong>Padr\u00f5es de design geom\u00e9trico<\/strong><\/span> est\u00e3o por toda parte, desde os tetos estrelados.<\/p>\n<p><a href=\"http:\/\/egyptianwisdomcenter.org\/wp-content\/uploads\/2019\/02\/ema-ch6-photo6972c-1.jpg\"><img loading=\"lazy\" decoding=\"async\" class=\"wp-image-2807 aligncenter\" src=\"http:\/\/egyptianwisdomcenter.org\/wp-content\/uploads\/2019\/02\/ema-ch6-photo6972c-1.jpg\" alt=\"\" width=\"272\" height=\"161\" \/><\/a><\/p>\n<p>&nbsp;<\/p>\n<p>Para todos os tipos de padr\u00f5es em tumbas e templos em todo o Egito \u2014 muito antes de chegarem \u00e0 Europa.<\/p>\n<p><a href=\"http:\/\/egyptianwisdomcenter.org\/wp-content\/uploads\/2019\/02\/ema-ch6-photo7072c-1.jpg\"><img loading=\"lazy\" decoding=\"async\" class=\"wp-image-2808 aligncenter\" src=\"http:\/\/egyptianwisdomcenter.org\/wp-content\/uploads\/2019\/02\/ema-ch6-photo7072c-1.jpg\" alt=\"\" width=\"246\" height=\"125\" \/><\/a><\/p>\n<p><a href=\"http:\/\/egyptianwisdomcenter.org\/wp-content\/uploads\/2019\/02\/ema-ch6-photo7172c-1.jpg\"><img loading=\"lazy\" decoding=\"async\" class=\"wp-image-2809 aligncenter\" src=\"http:\/\/egyptianwisdomcenter.org\/wp-content\/uploads\/2019\/02\/ema-ch6-photo7172c-1.jpg\" alt=\"\" width=\"262\" height=\"170\" \/><\/a><\/p>\n<p><a href=\"http:\/\/egyptianwisdomcenter.org\/wp-content\/uploads\/2019\/02\/ema-ch6-photo7272c-1.jpg\"><img loading=\"lazy\" decoding=\"async\" class=\"wp-image-2810 aligncenter\" src=\"http:\/\/egyptianwisdomcenter.org\/wp-content\/uploads\/2019\/02\/ema-ch6-photo7272c-1.jpg\" alt=\"\" width=\"252\" height=\"224\" \/><\/a><\/p>\n<p><a href=\"http:\/\/egyptianwisdomcenter.org\/wp-content\/uploads\/2019\/02\/ema-ch6-photo7372c-1.jpg\"><img loading=\"lazy\" decoding=\"async\" class=\"wp-image-2812 aligncenter\" src=\"http:\/\/egyptianwisdomcenter.org\/wp-content\/uploads\/2019\/02\/ema-ch6-photo7372c-1.jpg\" alt=\"\" width=\"242\" height=\"161\" \/><\/a><\/p>\n<p><a href=\"http:\/\/egyptianwisdomcenter.org\/wp-content\/uploads\/2019\/02\/ema-ch6-photo7472c-1.jpg\"><img loading=\"lazy\" decoding=\"async\" class=\"wp-image-2813 aligncenter\" src=\"http:\/\/egyptianwisdomcenter.org\/wp-content\/uploads\/2019\/02\/ema-ch6-photo7472c-1.jpg\" alt=\"\" width=\"253\" height=\"129\" \/><\/a><\/p>\n<p><a href=\"http:\/\/egyptianwisdomcenter.org\/wp-content\/uploads\/2019\/02\/ema-ch6-photo7572c-1.jpg\"><img loading=\"lazy\" decoding=\"async\" class=\"wp-image-2814 aligncenter\" src=\"http:\/\/egyptianwisdomcenter.org\/wp-content\/uploads\/2019\/02\/ema-ch6-photo7572c-1.jpg\" alt=\"\" width=\"242\" height=\"230\" \/><\/a><\/p>\n<p><a href=\"http:\/\/egyptianwisdomcenter.org\/wp-content\/uploads\/2019\/02\/ema-ch6-photo7672c-1.jpg\"><img loading=\"lazy\" decoding=\"async\" class=\"wp-image-2815 aligncenter\" src=\"http:\/\/egyptianwisdomcenter.org\/wp-content\/uploads\/2019\/02\/ema-ch6-photo7672c-1.jpg\" alt=\"\" width=\"247\" height=\"164\" \/><\/a><\/p>\n<p>&nbsp;<\/p>\n<p>&nbsp;<\/p>\n<p><span style=\"text-decoration: underline;\"><strong>Decora\u00e7\u00f5es figurativas<\/strong><\/span> s\u00e3o encontrados em tantos lugares.<\/p>\n<p>O abutre:<\/p>\n<p><a href=\"http:\/\/egyptianwisdomcenter.org\/wp-content\/uploads\/2019\/02\/ema-ch6-photo72c-1.jpg\"><img loading=\"lazy\" decoding=\"async\" class=\"wp-image-2811 aligncenter\" src=\"http:\/\/egyptianwisdomcenter.org\/wp-content\/uploads\/2019\/02\/ema-ch6-photo72c-1.jpg\" alt=\"\" width=\"292\" height=\"158\" \/><\/a><\/p>\n<p>&nbsp;<\/p>\n<p>Hetor usando um sistro na cabe\u00e7a:<\/p>\n<p><a href=\"http:\/\/egyptianwisdomcenter.org\/wp-content\/uploads\/2019\/02\/ema-ch6-photo78-72c-1.jpg\"><img loading=\"lazy\" decoding=\"async\" class=\"wp-image-2817 aligncenter\" src=\"http:\/\/egyptianwisdomcenter.org\/wp-content\/uploads\/2019\/02\/ema-ch6-photo78-72c-1.jpg\" alt=\"\" width=\"187\" height=\"251\" \/><\/a><\/p>\n<p>&nbsp;<\/p>\n<p>A cobra:<\/p>\n<p><a href=\"http:\/\/egyptianwisdomcenter.org\/wp-content\/uploads\/2019\/02\/ema-ch6-photo7972c-1.jpg\"><img loading=\"lazy\" decoding=\"async\" class=\"wp-image-2818 aligncenter\" src=\"http:\/\/egyptianwisdomcenter.org\/wp-content\/uploads\/2019\/02\/ema-ch6-photo7972c-1.jpg\" alt=\"\" width=\"260\" height=\"141\" \/><\/a><\/p>\n<p>&nbsp;<\/p>\n<p><span style=\"text-decoration: underline;\"><strong>Uma combina\u00e7\u00e3o de 2 ou todas as tr\u00eas formas<\/strong><\/span> de decora\u00e7\u00f5es - florais, geom\u00e9tricas e figurativas.<\/p>\n<p><a href=\"http:\/\/egyptianwisdomcenter.org\/wp-content\/uploads\/2019\/02\/ema-ch6-photo8072c-1.jpg\"><img loading=\"lazy\" decoding=\"async\" class=\"wp-image-2819 aligncenter\" src=\"http:\/\/egyptianwisdomcenter.org\/wp-content\/uploads\/2019\/02\/ema-ch6-photo8072c-1.jpg\" alt=\"\" width=\"272\" height=\"180\" \/><\/a><\/p>\n<p>&nbsp;<\/p>\n<p>Os eg\u00edpcios nem sempre se limitaram \u00e0 mera imita\u00e7\u00e3o de objetos naturais para ornamenta\u00e7\u00e3o.<\/p>\n<p>Seus tetos e cornijas oferecem numerosos dispositivos elegantes e elegantes; entre os quais est\u00e3o o guilhoch\u00e9 (erroneamente chamado de fronteira da Toscana), a divisa e o padr\u00e3o de rolagem.<\/p>\n<p>Esses itens podem ser vistos em uma tumba que remonta \u00e0 6\u00aa Dinastia; eles eram, portanto, conhecidos no Egito h\u00e1 muito tempo antes de serem posteriormente adotados pelos gregos e romanos.<\/p>\n<p><a href=\"http:\/\/egyptianwisdomcenter.org\/wp-content\/uploads\/2019\/02\/ema-ch6-photo76a-72c-1.jpg\"><img loading=\"lazy\" decoding=\"async\" class=\"wp-image-2816 aligncenter\" src=\"http:\/\/egyptianwisdomcenter.org\/wp-content\/uploads\/2019\/02\/ema-ch6-photo76a-72c-1.jpg\" alt=\"\" width=\"205\" height=\"210\" \/><\/a><\/p>\n<p>&nbsp;<\/p>\n<p><span style=\"text-decoration: underline;\"><strong>Guilhoch\u00e9<\/strong><\/span>\u00a0\u2013 A forma mais complicada do guilhoch\u00e9 cobria todo um teto eg\u00edpcio mais de mil anos antes de ser representada naqueles objetos comparativamente tardios, encontrados em N\u00ednive.<\/p>\n<p><a href=\"http:\/\/egyptianwisdomcenter.org\/wp-content\/uploads\/2019\/02\/ema-ch6-photo7472c-1.jpg\"><img loading=\"lazy\" decoding=\"async\" class=\"wp-image-2813 aligncenter\" src=\"http:\/\/egyptianwisdomcenter.org\/wp-content\/uploads\/2019\/02\/ema-ch6-photo7472c-1.jpg\" alt=\"\" width=\"249\" height=\"127\" \/><\/a><\/p>\n<p><a href=\"http:\/\/egyptianwisdomcenter.org\/wp-content\/uploads\/2019\/02\/ema-ch6-photo8072c-1.jpg\"><img loading=\"lazy\" decoding=\"async\" class=\"wp-image-2819 aligncenter\" src=\"http:\/\/egyptianwisdomcenter.org\/wp-content\/uploads\/2019\/02\/ema-ch6-photo8072c-1.jpg\" alt=\"\" width=\"248\" height=\"164\" \/><\/a><\/p>\n<p>&nbsp;<\/p>\n<p><span style=\"text-decoration: underline;\"><strong>Uma divisa<\/strong><\/span> \u00e9 um tipo de ornamento tamb\u00e9m comumente encontrado no Antigo Egito.<\/p>\n<p><a href=\"http:\/\/egyptianwisdomcenter.org\/wp-content\/uploads\/2019\/02\/ema-ch6-photo7272c-1.jpg\"><img loading=\"lazy\" decoding=\"async\" class=\"wp-image-2810 aligncenter\" src=\"http:\/\/egyptianwisdomcenter.org\/wp-content\/uploads\/2019\/02\/ema-ch6-photo7272c-1.jpg\" alt=\"\" width=\"261\" height=\"232\" \/><\/a><\/p>\n<p><a href=\"http:\/\/egyptianwisdomcenter.org\/wp-content\/uploads\/2019\/02\/ema-ch6-photo7172c-1.jpg\"><img loading=\"lazy\" decoding=\"async\" class=\"wp-image-2809 aligncenter\" src=\"http:\/\/egyptianwisdomcenter.org\/wp-content\/uploads\/2019\/02\/ema-ch6-photo7172c-1.jpg\" alt=\"\" width=\"267\" height=\"173\" \/><\/a><\/p>\n<p><a href=\"http:\/\/egyptianwisdomcenter.org\/wp-content\/uploads\/2019\/02\/ema-ch6-photo8172c-1.jpg\"><img loading=\"lazy\" decoding=\"async\" class=\"wp-image-2820 aligncenter\" src=\"http:\/\/egyptianwisdomcenter.org\/wp-content\/uploads\/2019\/02\/ema-ch6-photo8172c-1.jpg\" alt=\"\" width=\"246\" height=\"364\" \/><\/a><\/p>\n<p>&nbsp;<\/p>\n<p><span style=\"text-decoration: underline;\"><strong>O pergaminho<\/strong><\/span> tamb\u00e9m \u00e9 encontrado no Antigo Egito.<\/p>\n<p><a href=\"http:\/\/egyptianwisdomcenter.org\/wp-content\/uploads\/2019\/02\/ema-ch6-photo6872c-1.jpg\"><img loading=\"lazy\" decoding=\"async\" class=\"wp-image-2806 aligncenter\" src=\"http:\/\/egyptianwisdomcenter.org\/wp-content\/uploads\/2019\/02\/ema-ch6-photo6872c-1.jpg\" alt=\"\" width=\"188\" height=\"213\" \/><\/a><\/p>\n<p>&nbsp;<\/p>\n<p><span style=\"text-decoration: underline;\"><strong>Cores<\/strong><\/span><\/p>\n<p>A cor era uma parte essencial da arquitetura eg\u00edpcia.<\/p>\n<p>Ningu\u00e9m que compreenda a harmonia das cores deixar\u00e1 de admitir que os Antigos Eg\u00edpcios compreendiam perfeitamente a sua distribui\u00e7\u00e3o e combina\u00e7\u00f5es adequadas.<\/p>\n<p><a href=\"http:\/\/egyptianwisdomcenter.org\/wp-content\/uploads\/2019\/02\/ema-ch6-photo60-72c-1.jpg\"><img loading=\"lazy\" decoding=\"async\" class=\"wp-image-2802 aligncenter\" src=\"http:\/\/egyptianwisdomcenter.org\/wp-content\/uploads\/2019\/02\/ema-ch6-photo60-72c-1.jpg\" alt=\"\" width=\"257\" height=\"211\" \/><\/a><\/p>\n<p><a href=\"http:\/\/egyptianwisdomcenter.org\/wp-content\/uploads\/2019\/02\/ema-ch6-photo8272c-1.jpg\"><img loading=\"lazy\" decoding=\"async\" class=\"wp-image-2821 aligncenter\" src=\"http:\/\/egyptianwisdomcenter.org\/wp-content\/uploads\/2019\/02\/ema-ch6-photo8272c-1.jpg\" alt=\"\" width=\"215\" height=\"266\" \/><\/a><\/p>\n<p>Mas a escolha das cores \u2013 tal como tudo o resto \u2013 reflecte a profunda compreens\u00e3o metaf\u00edsica dos Eg\u00edpcios sobre o significado e a energia de cada cor, e v\u00e1rias cores s\u00e3o derivadas de uma combina\u00e7\u00e3o de cores b\u00e1sicas.<\/p>\n<p><a href=\"http:\/\/egyptianwisdomcenter.org\/wp-content\/uploads\/2019\/02\/ema-ch6-photo8372c-1.jpg\"><img loading=\"lazy\" decoding=\"async\" class=\"wp-image-2822 aligncenter\" src=\"http:\/\/egyptianwisdomcenter.org\/wp-content\/uploads\/2019\/02\/ema-ch6-photo8372c-1.jpg\" alt=\"\" width=\"205\" height=\"254\" \/><\/a><\/p>\n<p>&nbsp;<\/p>\n<p>Os tetos dos templos eg\u00edpcios eram pintados de azul e cravejados de estrelas para representar o firmamento (como nas primeiras igrejas europeias); e na parte sobre a passagem central (por onde passavam o rei e as prociss\u00f5es religiosas) havia abutres e outros emblemas; o globo alado sempre tendo seu lugar nas portas. Todo o edif\u00edcio, bem como as suas esfinges e outros acess\u00f3rios, foi ricamente pintado.<\/p>\n<p>&nbsp;<\/p>\n<p><span style=\"color: #ff0000;\"><strong>[Um trecho de <\/strong><\/span><strong>A Arquitetura Metaf\u00edsica Eg\u00edpcia Antiga<\/strong><span style=\"color: #ff0000;\"><strong> por Moustafa Gadalla]<br \/>\n<a href=\"https:\/\/egyptianwisdomcenter.org\/pt\/produto\/the-ancient-egyptian-metaphysical-architecture\/\"><span style=\"color: #0000ff;\">https:\/\/egyptianwisdomcenter.org\/product\/the-ancient-egyptian-metaphysical-architecture\/<\/span><\/a><br \/>\n<\/strong><\/span><\/p>\n<p><img decoding=\"async\" class=\"aligncenter\" src=\"https:\/\/books2read-prod.s3.amazonaws.com\/CACHE\/images\/ubl_book_images\/book_display_image_DzTMfrV\/372fcbccd1ea208063914bdc7d930cad\" \/><\/p>\n<p style=\"text-align: center;\"><a href=\"https:\/\/egyptianwisdomcenter.org\/pt\/produto\/the-ancient-egyptian-metaphysical-architecture\/\"><span style=\"color: #ff0000;\"><strong><span style=\"color: #0000ff;\">https:\/\/egyptianwisdomcenter.org\/product\/the-ancient-egyptian-metaphysical-architecture\/<\/span><\/strong><\/span><\/a><\/p>\n<div dir=\"auto\"><\/div>","protected":false},"excerpt":{"rendered":"<p>Stylistic Egyptian Architectural Details &nbsp; Several stylistic architectural features were also used in Ancient Egypt, such as: Architrave \u2013 The architrave was [&hellip;]<\/p>","protected":false},"author":3,"featured_media":0,"parent":0,"menu_order":0,"comment_status":"closed","ping_status":"closed","template":"","meta":{"footnotes":""},"class_list":["post-299","page","type-page","status-publish","hentry"],"aioseo_notices":[],"_links":{"self":[{"href":"https:\/\/egyptianwisdomcenter.org\/pt\/wp-json\/wp\/v2\/pages\/299","targetHints":{"allow":["GET"]}}],"collection":[{"href":"https:\/\/egyptianwisdomcenter.org\/pt\/wp-json\/wp\/v2\/pages"}],"about":[{"href":"https:\/\/egyptianwisdomcenter.org\/pt\/wp-json\/wp\/v2\/types\/page"}],"author":[{"embeddable":true,"href":"https:\/\/egyptianwisdomcenter.org\/pt\/wp-json\/wp\/v2\/users\/3"}],"replies":[{"embeddable":true,"href":"https:\/\/egyptianwisdomcenter.org\/pt\/wp-json\/wp\/v2\/comments?post=299"}],"version-history":[{"count":0,"href":"https:\/\/egyptianwisdomcenter.org\/pt\/wp-json\/wp\/v2\/pages\/299\/revisions"}],"wp:attachment":[{"href":"https:\/\/egyptianwisdomcenter.org\/pt\/wp-json\/wp\/v2\/media?parent=299"}],"curies":[{"name":"wp","href":"https:\/\/api.w.org\/{rel}","templated":true}]}}