{"id":32289,"date":"2019-03-26T10:41:58","date_gmt":"2019-03-26T14:41:58","guid":{"rendered":"http:\/\/egyptianwisdomcenter.org\/zikr-dhikr-a-pratica-ecestatica-2\/"},"modified":"2022-12-27T05:43:16","modified_gmt":"2022-12-27T10:43:16","slug":"zikr-dhikr-a-pratica-ecestatica-2","status":"publish","type":"page","link":"https:\/\/egyptianwisdomcenter.org\/pt\/zikr-dhikr-a-pratica-ecestatica-2\/","title":{"rendered":"Zikr\/Dhikr \u2014 a pr\u00e1tica Ecest\u00e1tica"},"content":{"rendered":"<h2 style=\"text-align: center;\"><span style=\"color: #0000ff;\"><strong>Zikr\/Dhikr \u2014 A Pr\u00e1tica Ecest\u00e1tica<\/strong><\/span><\/h2>\n<p>&nbsp;<\/p>\n<h3><span style=\"color: #ff0000;\"><strong>Pr\u00f3logo<\/strong><\/span><\/h3>\n<p>N\u00e3o estamos cientes da exist\u00eancia da maioria dos nossos arredores, que n\u00e3o vemos e ouvimos porque suas freq\u00fc\u00eancias s\u00e3o mais r\u00e1pidas\/mais lentas do que as frequ\u00eancias sonoras e de luz que nossos sentidos podem detectar. Mesmo que nossas faculdades humanas sejam perceptivas, elas s\u00e3o, no entanto, limitadas, como um r\u00e1dio que s\u00f3 pode receber certas ondas eletromagn\u00e9ticas e n\u00e3o outras partes desta banda. Nossos sentidos est\u00e3o mais familiarizados com a mat\u00e9ria, a forma mais densa de energia. Formas mais claras e mais r\u00e1pidas de exist\u00eancia est\u00e3o al\u00e9m de nossas capacidades sensoriais. O mundo percebido \u00e9, portanto, uma distor\u00e7\u00e3o.<\/p>\n<p>O objetivo de viajar o caminho visa dispersar os v\u00e9us que escondem o eu do real e, assim, tornam-se transformados ou absorvidos em unidade indiferenciada. A pr\u00e1tica Zikr fornece os meios para um Seeker m\u00edstico purificado para fechar a lacuna entre o Reino f\u00edsico\/natureza e natureza metaf\u00edsica. Zikr \u00e9 um m\u00e9todo particular de abordagem para a realidade, fazendo uso de faculdades espirituais intuitivas e emocionais que s\u00e3o geralmente dormentes e latentes, a menos que chamado em jogo atrav\u00e9s do treinamento, orienta\u00e7\u00e3o.<\/p>\n<p>Zikr \u00e9 o ritual central dos m\u00edsticos eg\u00edpcios. Esta pr\u00e1tica conduz \u00e0 liberta\u00e7\u00e3o de si mesmo do corpo e da limita\u00e7\u00e3o dos sentidos humanos. Como resultado, a consci\u00eancia do participante \u00e9 levantada, pela qual o Seeker m\u00edstico alcan\u00e7a o conhecimento de Deus por meio de revela\u00e7\u00f5es onde existem Estados de \u00eaxtase vision\u00e1rio.<\/p>\n<p>As tradi\u00e7\u00f5es sufi adiantadas reconhecem que Zikr foi introduzido no Sufismo islamizado pelo eg\u00edpcio Dhu &#8216; l-nun Al-Misri, que disse: &#8220;Zikr \u00e9 a aus\u00eancia de si mesmo (recoletando Deus sozinho).&#8221; A aus\u00eancia de si mesmo \u00e9 o recolhimento ideal de Deus. Todo o misticismo eg\u00edpcio repousa sobre a cren\u00e7a de que quando o self individual \u00e9 perdido, o Self universal \u00e9 encontrado. Os m\u00edsticos purificados se esfor\u00e7am por perda de si e absor\u00e7\u00e3o para o divino, a fim de obter ilumina\u00e7\u00e3o pessoal e transcend\u00eancia \u2014 um vision\u00e1rio ext\u00e1tico.<\/p>\n<p>H\u00e1 tr\u00eas termos para esta pr\u00e1tica. Todos os tr\u00eas termos descrevem v\u00e1rios aspectos da mesma pr\u00e1tica. A seguir est\u00e3o os significados de cada termo:<\/p>\n<p><strong>Zikr<\/strong>\u2014 significa testificar ou recordar. Impl\u00edcito no termo lembran\u00e7a \u00e9 a no\u00e7\u00e3o de que estamos voltando ao que j\u00e1 sab\u00edamos (atrav\u00e9s de nossas vidas passadas) \u2014 o que j\u00e1 aprendemos. A lembran\u00e7a \u00e9 alcan\u00e7ada pelo cora\u00e7\u00e3o e pela l\u00edngua de cada um [Ver tamb\u00e9m o ap\u00eandice A].<\/p>\n<p><strong>Hadra<\/strong>\u2014 significa presen\u00e7a; ou seja, estar na presen\u00e7a de esp\u00edritos em reinos mais elevados, ou chamar de esp\u00edritos superiores. A resposta e a participa\u00e7\u00e3o destes esp\u00edritos superiores no Zikr s\u00e3o muito importantes, como ser\u00e1 detalhado mais tarde. O objetivo do Zikr\/Hadra \u00e9 alcan\u00e7ar o transe ext\u00e1tico quando a alma \u00e9 atra\u00edda para e \u00e9 absorvida por um tempo no &#8220;All-Soul&#8221;, como um \u00edm\u00e3.<\/p>\n<p><strong>Samaa<\/strong>\u2014 que, na l\u00edngua eg\u00edpcia antiga, significa unir-se atrav\u00e9s do som\/m\u00fasica. Como afirmado anteriormente, as tradi\u00e7\u00f5es sufi reconhecem que a m\u00fasica apropriada \u00e9 o meio de transmiss\u00e3o e intermedia\u00e7\u00e3o entre humano e divino. Samaa \u00e9 o m\u00e9todo eficaz\/maneira de cumprir o desejo de unir\/desaparecer em Deus. Em outras palavras, as composi\u00e7\u00f5es musicais certas e o som de palavras\/nomes induzem um estado de \u00eaxtase. O eg\u00edpcio Dhu &#8216; l-nun El-Masri disse, de Samaa: &#8220;aqueles que ouvem com suas almas podem ouvir a m\u00fasica celestial\/chamada.&#8221;<\/p>\n<p>Note-se que o conceito de <strong><em>Samaa <\/em><\/strong>tamb\u00e9m \u00e9 muito importante em mouleds [Ver cap\u00edtulo 10 para mais detalhes].<\/p>\n<h3><span style=\"color: #ff0000;\"><strong>Qual \u00c8 Zikr?<\/strong><\/span><\/h3>\n<p>Zikr \u00e9 uma pr\u00e1tica realizada por um grupo de requerentes m\u00edsticos, por c\u00e2nticos, gestos r\u00edtmicos, dan\u00e7a e respira\u00e7\u00e3o profunda. Ao realizar sua dan\u00e7a ritual\u00edstica, o grupo repete palavras e frases, acompanhado por um coro bem treinado realizando m\u00fasica instrumental e vocal. Em Zikr, o acompanhamento cantando de ros\u00e1rios musicais bem compostos ajuda a alcan\u00e7ar o transe. A m\u00fasica define o ritmo (batida), que \u00e9 alterado pelo condutor\/guia para alcan\u00e7ar as condi\u00e7\u00f5es de transe necess\u00e1rias para alcan\u00e7ar vis\u00f5es ext\u00e1ticas.<\/p>\n<p>Os movimentos corporais de participantes Zikr est\u00e3o ligados a um pensamento e um som, ou uma s\u00e9rie de sons. Os movimentos desenvolvem o corpo, o pensamento centra a mente, e o som funde os dois e orienta-os para uma consci\u00eancia do contato divino.<\/p>\n<p>A dan\u00e7a sagrada representacional do Zikr \u00e9 an\u00e1loga aos movimentos do cosmos e \u00e0 unidade do universo. Os indiv\u00edduos que executam o Zikr-como conduzido por seu guia-s\u00e3o como os planetas de um sistema solar. Em outras palavras: o guia\/l\u00edder \u00e9 o sol e os candidatos a participantes s\u00e3o os planetas-cada um em sua pr\u00f3pria \u00f3rbita-ainda, eles s\u00e3o mantidos em un\u00edssono por seu guia\/l\u00edder.<\/p>\n<p>Como os planetas dan\u00e7antes, os buscadores m\u00edsticos (sufis) que participam do Zikr se tornam sujeitos\/agentes rituais e objetos rituais. Tornam-se assim na repeti\u00e7\u00e3o dos mais econ\u00f4micos e condensados de s\u00edmbolos \u2014 a palavra. Como explicado nos itens 3 e 4 do ap\u00eandice A, n\u00e3o \u00e9 apenas a palavra de divindade, mas os logotipos; a palavra que, num sentido misterioso, \u00e9 a divindade. [Mais detalhes seguem, mais tarde.]<\/p>\n<p>&nbsp;<\/p>\n<p><span style=\"color: #ff0000;\"><strong>[Um trecho <span style=\"color: #0000ff;\">Egyptian Mystics: Seekers of the Way, 2nd ed.<\/span><\/strong><\/span><span style=\"color: #ff0000;\"><strong><span style=\"color: #0000ff;\">\u00a0<\/span>por Moustafa Gadalla]<\/strong><\/span><\/p>\n<p><img decoding=\"async\" class=\"aligncenter\" src=\"https:\/\/br.egyptianwisdomcenter.org\/wp-content\/uploads\/\/2019\/02\/cover-em2-225x338-225x338.jpg\" alt=\"M\u00edsticos eg\u00edpcios: buscadores do caminho, 2\u00ba Ed.\" \/><\/p>\n<p>&nbsp;<\/p>\n<p><span style=\"color: #ff0000;\"><strong>Reserve outlets de compra:<\/strong><\/span><\/p>\n<p>A-brochuras <strong>impressos<\/strong> est\u00e3o dispon\u00edveis na Amaz\u00f4nia.<\/p>\n<p>&#8212;&#8212;&#8212;&#8212;&#8212;<br \/>\nB-o formato <strong>PDF<\/strong> est\u00e1 dispon\u00edvel em&#8230;<br \/>\ni-nosso site<br \/>\nii-Google Books e Google Play<br \/>\n&#8212;&#8211;<br \/>\nC-o formato <strong>mobi<\/strong> est\u00e1 dispon\u00edvel em&#8230;<br \/>\ni-nosso site<br \/>\nii-Amaz\u00f4nia<br \/>\n&#8212;&#8211;<br \/>\nD-o formato <strong>ePub<\/strong> est\u00e1 dispon\u00edvel em&#8230;<br \/>\ni-nosso site<br \/>\nii-Google Books e Google Play<br \/>\niii-iBooks, Kobo, B &amp; N (Nook) e Smashwords.com<\/p>","protected":false},"excerpt":{"rendered":"<p>Zikr\/Dhikr \u2014 A Pr\u00e1tica Ecest\u00e1tica &nbsp; Pr\u00f3logo N\u00e3o estamos cientes da exist\u00eancia da maioria dos nossos arredores, que n\u00e3o vemos e ouvimos [&hellip;]<\/p>","protected":false},"author":3,"featured_media":0,"parent":0,"menu_order":0,"comment_status":"closed","ping_status":"closed","template":"","meta":{"footnotes":""},"class_list":["post-32289","page","type-page","status-publish","hentry"],"aioseo_notices":[],"_links":{"self":[{"href":"https:\/\/egyptianwisdomcenter.org\/pt\/wp-json\/wp\/v2\/pages\/32289","targetHints":{"allow":["GET"]}}],"collection":[{"href":"https:\/\/egyptianwisdomcenter.org\/pt\/wp-json\/wp\/v2\/pages"}],"about":[{"href":"https:\/\/egyptianwisdomcenter.org\/pt\/wp-json\/wp\/v2\/types\/page"}],"author":[{"embeddable":true,"href":"https:\/\/egyptianwisdomcenter.org\/pt\/wp-json\/wp\/v2\/users\/3"}],"replies":[{"embeddable":true,"href":"https:\/\/egyptianwisdomcenter.org\/pt\/wp-json\/wp\/v2\/comments?post=32289"}],"version-history":[{"count":0,"href":"https:\/\/egyptianwisdomcenter.org\/pt\/wp-json\/wp\/v2\/pages\/32289\/revisions"}],"wp:attachment":[{"href":"https:\/\/egyptianwisdomcenter.org\/pt\/wp-json\/wp\/v2\/media?parent=32289"}],"curies":[{"name":"wp","href":"https:\/\/api.w.org\/{rel}","templated":true}]}}