{"id":324,"date":"2018-11-02T00:00:00","date_gmt":"2018-11-02T04:00:00","guid":{"rendered":"http:\/\/egyptianwisdomcenter.org\/pyramid-power\/"},"modified":"2023-01-03T01:35:37","modified_gmt":"2023-01-03T06:35:37","slug":"pyramid-power-2","status":"publish","type":"page","link":"https:\/\/egyptianwisdomcenter.org\/pt\/poder-da-piramide-2\/","title":{"rendered":"Poder da Pir\u00e2mide"},"content":{"rendered":"<h2 style=\"text-align: center;\"><span style=\"color: #ff0000;\"><strong>Poder da Pir\u00e2mide<\/strong><\/span><\/h2>\n<p>&nbsp;<\/p>\n<p>Muitos pesquisadores descobriram que havia alguma propriedade na forma piramidal que a tornava respons\u00e1vel por poderes extraordin\u00e1rios. Eles experimentaram v\u00e1rios itens, colocando cada item na posi\u00e7\u00e3o equivalente \u00e0 \u201cSala do Rei\u201d dentro de um modelo em escala de uma pir\u00e2mide orientada corretamente. Eles descobriram que materiais altamente perec\u00edveis foram preservados, l\u00e2minas de barbear de a\u00e7o carbono antiquadas e cegas recuperaram suas pontas afiadas ap\u00f3s uma pernoite, etc. Muitos conclu\u00edram que a pr\u00f3pria forma piramidal era respons\u00e1vel e de alguma forma mudou as caracter\u00edsticas f\u00edsicas, qu\u00edmicas e biol\u00f3gicas. processos que podem ocorrer dentro dessa forma. Essa experimenta\u00e7\u00e3o levou ao fen\u00f4meno conhecido como \u201cPyramid Power\u201d.<\/p>\n<p>Sente-se o poder dessas pir\u00e2mides eg\u00edpcias dentro ou fora delas porque suas configura\u00e7\u00f5es s\u00e3o harmonicamente proporcionadas.<\/p>\n<p>As pir\u00e2mides foram harmonicamente proporcionadas para agir\/funcionar da mesma maneira que <em>estufas<\/em> \u2013 ou seja, para atrair e reter certas energias. No caso da pir\u00e2mide eg\u00edpcia, ela deveria ser chamada de <em>casa Azul <\/em>efeito.<\/p>\n<p>No caso do efeito estufa, \u00e9 a reten\u00e7\u00e3o do calor da luz solar na superf\u00edcie terrestre, causada pelo di\u00f3xido de carbono atmosf\u00e9rico, que admite a radia\u00e7\u00e3o de ondas curtas, mas absorve a radia\u00e7\u00e3o de ondas longas emitida pela Terra.<\/p>\n<p>No caso do <em>casa Azul <\/em>efeito, o edif\u00edcio ret\u00e9m a energia orgone. Orgone vem do espa\u00e7o sideral. \u00c9 o que faz as estrelas brilharem e o c\u00e9u azul.<\/p>\n<p>O Orgone pode ser acumulado construindo uma caixa com madeira por fora e chapa de ferro por dentro. O material org\u00e2nico deixa passar o orgone e o interior met\u00e1lico o reflete.<\/p>\n<p>Esta condi\u00e7\u00e3o\/fen\u00f4meno poderia, portanto, ser chamada de <em>casa Azul <\/em>efeito. Concentra\u00e7\u00f5es anormalmente altas de energia psi-org acumulam-se dentro de tal caixa.<\/p>\n<p>Psi-org combina abrevia\u00e7\u00f5es para energia ps\u00edquica e orgone. S\u00e3o nomes diferentes para a mesma for\u00e7a. O campo psi, que produz a aura humana e \u00e9 respons\u00e1vel por todos os poderes ps\u00edquicos, n\u00e3o \u00e9 outro sen\u00e3o o que Wilhelm Reich, o controverso disc\u00edpulo austr\u00edaco de Freud, chamou de \u201cenergia org\u00f4nica\u201d.<\/p>\n<p>Os eg\u00edpcios sabiam tudo sobre a energia psi-org, porque a usavam. Os Antigos Eg\u00edpcios foram os primeiros a descobrir que a forma de uma pir\u00e2mide bem proporcionada pode concentrar a energia psi-org.<\/p>\n<p>O efeito bluehouse aumenta drasticamente quando a superf\u00edcie da pir\u00e2mide \u00e9 laminada.<\/p>\n<p>Os primeiros historiadores e viajantes nos contaram como as pedras do revestimento das pir\u00e2mides costumavam brilhar. As pedras de revestimento foram extra\u00eddas durante e ap\u00f3s o s\u00e9culo XIII, para construir mesquitas e pal\u00e1cios ou para queimar cal.<\/p>\n<p>O teste deste tipo de energia foi feito pelo Dr. Harald Puton, um f\u00edsico belga muito competente, que descobriu que toda forma de energia psi aumenta ao sentar-se sob uma pir\u00e2mide de propor\u00e7\u00f5es harmoniosas. Tal pessoa \u00e9 mais telep\u00e1tica, mais clarividente e mais precognitiva. \u00c9 mais f\u00e1cil iniciar experi\u00eancias extracorp\u00f3reas nessas condi\u00e7\u00f5es. Al\u00e9m disso, a aura do corpo \u00e9 mais intensa dentro de uma pir\u00e2mide.<\/p>\n<p style=\"text-align: center;\">\u0394 \u0394 \u0394<\/p>\n<p><span style=\"text-decoration: underline;\"><strong>Os canais de energia dos interiores das pir\u00e2mides<\/strong><\/span><\/p>\n<p>Como afirmado anteriormente, as genu\u00ednas pir\u00e2mides de pedra s\u00f3lida do Egito t\u00eam passagens estreitas e algumas salas vazias que s\u00e3o totalmente desprovidas de quaisquer inscri\u00e7\u00f5es e caracter\u00edsticas funer\u00e1rias.<\/p>\n<p>O interior dessas pir\u00e2mides s\u00f3lidas de formato verdadeiro \u00e9 basicamente uma rede de canaliza\u00e7\u00e3o de energia. Tal rede energ\u00e9tica consiste em salas vazias, corredores estreitos, corredores grandes, encostas \u00edngremes, paredes vazias, superf\u00edcies lisas, etc.<\/p>\n<p>&nbsp;<\/p>\n<p><span style=\"color: #ff0000;\"><strong>[Um trecho de <\/strong><\/span><strong>As pir\u00e2mides eg\u00edpcias revisitadas<\/strong><span style=\"color: #ff0000;\"><strong> por Moustafa Gadalla]<br \/>\n<a href=\"https:\/\/egyptianwisdomcenter.org\/pt\/produto\/the-egyptian-pyramids-revisited\/\"><span style=\"color: #0000ff;\">https:\/\/egyptianwisdomcenter.org\/product\/revisitando-as-piramides-egipcia\/<\/span><\/a><br \/>\n<\/strong><\/span><\/p>\n<p><img decoding=\"async\" class=\"aligncenter\" src=\"https:\/\/egyptianwisdomcenter.org\/wp-content\/uploads\/2023\/01\/revisitando-as-piramides-egipcia-1.jpg\" \/><\/p>\n<p style=\"text-align: center;\"><a href=\"https:\/\/egyptianwisdomcenter.org\/pt\/produto\/the-egyptian-pyramids-revisited\/\"><span style=\"color: #ff0000;\"><strong><span style=\"color: #0000ff;\">https:\/\/egyptianwisdomcenter.org\/product\/revisitando-as-piramides-egipcia\/<\/span><\/strong><\/span><\/a><\/p>\n<div dir=\"auto\"><\/div>","protected":false},"excerpt":{"rendered":"<p>Pyramid Power &nbsp; Many researchers found that there was some property in the pyramidal shape that made it responsible for extraordinary powers. [&hellip;]<\/p>","protected":false},"author":3,"featured_media":0,"parent":0,"menu_order":0,"comment_status":"closed","ping_status":"closed","template":"","meta":{"footnotes":""},"class_list":["post-324","page","type-page","status-publish","hentry"],"aioseo_notices":[],"_links":{"self":[{"href":"https:\/\/egyptianwisdomcenter.org\/pt\/wp-json\/wp\/v2\/pages\/324","targetHints":{"allow":["GET"]}}],"collection":[{"href":"https:\/\/egyptianwisdomcenter.org\/pt\/wp-json\/wp\/v2\/pages"}],"about":[{"href":"https:\/\/egyptianwisdomcenter.org\/pt\/wp-json\/wp\/v2\/types\/page"}],"author":[{"embeddable":true,"href":"https:\/\/egyptianwisdomcenter.org\/pt\/wp-json\/wp\/v2\/users\/3"}],"replies":[{"embeddable":true,"href":"https:\/\/egyptianwisdomcenter.org\/pt\/wp-json\/wp\/v2\/comments?post=324"}],"version-history":[{"count":0,"href":"https:\/\/egyptianwisdomcenter.org\/pt\/wp-json\/wp\/v2\/pages\/324\/revisions"}],"wp:attachment":[{"href":"https:\/\/egyptianwisdomcenter.org\/pt\/wp-json\/wp\/v2\/media?parent=324"}],"curies":[{"name":"wp","href":"https:\/\/api.w.org\/{rel}","templated":true}]}}