{"id":326,"date":"2018-11-02T00:00:00","date_gmt":"2018-11-02T04:00:00","guid":{"rendered":"http:\/\/egyptianwisdomcenter.org\/the-flawed-common-construction-theory-of-the-pyramids\/"},"modified":"2023-01-03T01:36:24","modified_gmt":"2023-01-03T06:36:24","slug":"the-flawed-common-construction-theory-of-the-pyramids-2","status":"publish","type":"page","link":"https:\/\/egyptianwisdomcenter.org\/pt\/a-falha-teoria-da-construcao-comum-das-piramides-2\/","title":{"rendered":"A falha \u201cteoria da constru\u00e7\u00e3o comum\u201d das pir\u00e2mides"},"content":{"rendered":"<h2 style=\"text-align: center;\"><span style=\"color: #0000ff;\">A falha \u201cteoria da constru\u00e7\u00e3o comum\u201d das pir\u00e2mides<\/span><\/h2>\n<p>&nbsp;<\/p>\n<h3><span style=\"color: #ff0000;\"><strong>1. A &#039;Teoria&#039; Comum<\/strong><\/span><\/h3>\n<p>Muitos egipt\u00f3logos acad\u00eamicos afirmam que n\u00e3o existem registros eg\u00edpcios antigos de qualquer per\u00edodo que descrevam como as pir\u00e2mides foram constru\u00eddas. O erro deles \u00e9 que eles pr\u00e9-determinaram o m\u00e9todo de constru\u00e7\u00e3o e est\u00e3o apenas buscando os registros para afirmar sua teoria pr\u00e9-concebida. Portanto, eles inventaram uma teoria. Sua teoria &#039;inventada&#039; \u00e9 que:<\/p>\n<p style=\"padding-left: 30px;\">a. Os blocos da pir\u00e2mide consistem em dois tipos:<\/p>\n<p style=\"padding-left: 60px;\">eu. Os blocos centrais foram constru\u00eddos principalmente com blocos de calc\u00e1rio local extra\u00eddos e cimentados por uma camada de argamassa da espessura de papel.<\/p>\n<p style=\"padding-left: 60px;\">ii. Pedras de revestimento externo feitas de calc\u00e1rio de gr\u00e3o fino, que foram extra\u00eddas de Tura, na margem leste do Nilo, e transportadas atrav\u00e9s do Nilo at\u00e9 o local.<\/p>\n<p><a href=\"http:\/\/egyptianwisdomcenter.org\/wp-content\/uploads\/2019\/02\/epr-ph-49bot-72c.jpg\"><img decoding=\"async\" class=\"size-full wp-image-1527 aligncenter\" src=\"http:\/\/egyptianwisdomcenter.org\/wp-content\/uploads\/2019\/02\/epr-ph-49bot-72c.jpg\" alt=\"\" width=\"216\" height=\"112\" \/><\/a><\/p>\n<p>&nbsp;<\/p>\n<p style=\"padding-left: 30px;\">b. Para cortar e moldar os blocos de pedra, os eg\u00edpcios usaram o seguinte,<\/p>\n<p style=\"padding-left: 60px;\">eu. cinz\u00e9is de cobre e possivelmente ferramentas de ferro<\/p>\n<p style=\"padding-left: 60px;\">ii. batedores de pederneira, quartzo e diorito<\/p>\n<p style=\"padding-left: 60px;\">iii. grandes barras de corvo de madeira<\/p>\n<p style=\"padding-left: 30px;\">c. Para transportar os blocos de pedra, utilizavam tren\u00f3s e rolos de madeira. Em seguida, as pedras \u201cextra\u00eddas\u201d eram i\u00e7adas por rampas tempor\u00e1rias, que aumentavam em altura e comprimento \u00e0 medida que eram elevadas aos n\u00edveis sucessivos da pir\u00e2mide.<\/p>\n<h3><strong>a. A \u201cfonte\u201d n\u00e3o identificada de blocos extra\u00eddos<\/strong><\/h3>\n<p>Consideremos os seguintes fatos indiscut\u00edveis sobre a Pir\u00e2mide de Giz\u00e9 de Khufu (Qu\u00e9ops). [Fatos semelhantes aos mencionados aqui tamb\u00e9m s\u00e3o aplic\u00e1veis a todas as pir\u00e2mides de alvenaria.]<\/p>\n<p class=\"hanging-indent\" style=\"padding-left: 30px;\">1. A Grande Pir\u00e2mide cont\u00e9m aproximadamente 2,6 milh\u00f5es de blocos de constru\u00e7\u00e3o, pesando de duas a setenta toneladas cada.<\/p>\n<p class=\"hanging-indent\" style=\"padding-left: 30px;\">2. Quase nenhum dos blocos da pir\u00e2mide corresponde ao alicerce de Giz\u00e9, quer qu\u00edmica quer mineralogicamente.<\/p>\n<p class=\"hanging-indent\" style=\"padding-left: 30px;\">3. A base rochosa do Palteau de Giz\u00e9 \u00e9 feita de estratos, enquanto os blocos da pir\u00e2mide n\u00e3o cont\u00eam estratos.<\/p>\n<p class=\"hanging-indent\" style=\"padding-left: 30px;\">4. Estratos e defeitos impossibilitam o corte da pedra em dimens\u00f5es perfeitamente uniformes.<\/p>\n<p class=\"hanging-indent\" style=\"padding-left: 30px;\">5. Ge\u00f3logos e geoqu\u00edmicos n\u00e3o conseguem concordar sobre a origem dos blocos piramidais. Isto por si s\u00f3 destr\u00f3i a teoria comum de que a alvenaria central da pir\u00e2mide foi extra\u00edda da rocha local.<\/p>\n<p class=\"hanging-indent\" style=\"padding-left: 30px;\">6. A pedra natural consiste em conchas f\u00f3sseis que ficam horizontalmente ou planas na rocha como resultado da forma\u00e7\u00e3o de camadas sedimentares de rocha ao longo de milh\u00f5es de anos. Os blocos das pir\u00e2mides de alvenaria do Egito mostram conchas confusas, o que indica pedra fundida feita pelo homem. Em qualquer concreto, os agregados ficam misturados e, como resultado, o concreto moldado fica desprovido de camadas sedimentares. Estas pir\u00e2mides consistiam essencialmente em calc\u00e1rio f\u00f3ssil, um material heterog\u00e9neo muito dif\u00edcil de cortar com precis\u00e3o.<\/p>\n<p class=\"hanging-indent\" style=\"padding-left: 30px;\">7. Os cientistas franceses descobriram que a densidade aparente dos blocos da pir\u00e2mide \u00e9 20% mais leve do que o calc\u00e1rio rochoso local. Os blocos fundidos s\u00e3o sempre 20-25% mais leves que a rocha natural, porque est\u00e3o cheios de bolhas de ar.<\/p>\n<h3><strong>b. Impossibilidades de corte e modelagem<\/strong><\/h3>\n<p class=\"hanging-indent\" style=\"padding-left: 30px;\">1. Ferramentas de pedra ou cobre (que s\u00e3o um metal macio), usadas pelos eg\u00edpcios naquela \u00e9poca, n\u00e3o podiam cortar grandes blocos de granito ou milh\u00f5es de blocos de calc\u00e1rio com a precis\u00e3o de papel, e nunca dentro dos tempos previstos para a constru\u00e7\u00e3o dessas pir\u00e2mides.<\/p>\n<p class=\"hanging-indent\" style=\"padding-left: 30px;\">2. O calc\u00e1rio racha frequentemente durante o corte. Falhas e estratos na rocha garantem que para cada bloco cortado de acordo com o padr\u00e3o, pelo menos um ir\u00e1 rachar ou ser dimensionado incorretamente durante a extra\u00e7\u00e3o.<\/p>\n<p style=\"padding-left: 60px;\"><strong>&gt;&gt; Dados os muitos milh\u00f5es de blocos de todas essas pir\u00e2mides, deveria haver milh\u00f5es de blocos rachados nas proximidades ou em algum lugar do Egito; mas eles n\u00e3o est\u00e3o em lugar nenhum.<\/strong><\/p>\n<p style=\"padding-left: 60px;\">Resumindo: nenhum lixo de blocos rachados significa que n\u00e3o h\u00e1 extra\u00e7\u00e3o. Os historiadores antigos que documentaram as suas visitas ao Egito n\u00e3o mencionaram montes de blocos quebrados.<\/p>\n<p style=\"padding-left: 30px;\">3. Para extrair pedras, alguns sugeriram que os eg\u00edpcios podem ter aquecido a superf\u00edcie da pedra a uma temperatura muito alta com fogo e depois borrifado \u00e1gua para que ela se partisse. Esta sugest\u00e3o \u00e9 inv\u00e1lida porque:<\/p>\n<p style=\"padding-left: 60px;\"><strong> Primeiramente<\/strong>, este m\u00e9todo resulta no fornecimento de superf\u00edcies irregulares e n\u00e3o na fabrica\u00e7\u00e3o de blocos de formato regular. Este m\u00e9todo s\u00f3 pode ser usado para reduzir grandes peda\u00e7os de arenito, granito ou basalto em agregados pequenos, irregulares e fragmentados.<\/p>\n<p style=\"padding-left: 60px;\"><strong>Em segundo lugar<\/strong>, o aquecimento com fogo transfere calc\u00e1rio em cal a 704<sup>\u00f3<\/sup> (1,300<sup>\u00f3<\/sup> F). Em outras palavras, n\u00e3o temos mais peda\u00e7os s\u00f3lidos de rocha. Como tal, \u00e9 imposs\u00edvel produzir blocos piramidais aquecendo calc\u00e1rio.<\/p>\n<p class=\"hanging-indent\" style=\"padding-left: 30px;\">4. Existem cerca de dez comprimentos de bloco padr\u00e3o em toda a pir\u00e2mide. Da mesma forma, um n\u00famero limitado de tamanhos padr\u00e3o tamb\u00e9m se aplica a outras pir\u00e2mides. \u00c9 imposs\u00edvel esculpir dimens\u00f5es t\u00e3o uniformes. No entanto, ter moldes padronizados para forma\u00e7\u00e3o de concreto \u00e9 uma conclus\u00e3o mais l\u00f3gica.<\/p>\n<p><a href=\"http:\/\/egyptianwisdomcenter.org\/wp-content\/uploads\/2019\/02\/epr-ch7-photo1-96c.jpg\"><img fetchpriority=\"high\" decoding=\"async\" class=\"wp-image-1411 aligncenter\" src=\"http:\/\/egyptianwisdomcenter.org\/wp-content\/uploads\/2019\/02\/epr-ch7-photo1-96c.jpg\" alt=\"\" width=\"293\" height=\"219\" \/><\/a><\/p>\n<p class=\"hanging-indent\" style=\"padding-left: 30px;\">5. Outro fato afirmativo \u00e9 a dura\u00e7\u00e3o de alguns blocos. Observou-se que os blocos mais longos nas pir\u00e2mides t\u00eam sempre o mesmo comprimento. Esta \u00e9 uma evid\u00eancia extremamente forte a favor do uso de moldes de fundi\u00e7\u00e3o.<\/p>\n<p><a href=\"http:\/\/egyptianwisdomcenter.org\/wp-content\/uploads\/2019\/02\/epr-ch7-photo2-96c.jpg\"><img decoding=\"async\" class=\"size-full wp-image-1412 aligncenter\" src=\"http:\/\/egyptianwisdomcenter.org\/wp-content\/uploads\/2019\/02\/epr-ch7-photo2-96c.jpg\" alt=\"\" width=\"288\" height=\"192\" \/><\/a><\/p>\n<h3><strong>c. A log\u00edstica da teoria das rampas fabricadas<\/strong><\/h3>\n<p class=\"hanging-indent\">\u0394 Esta \u00e9 uma inven\u00e7\u00e3o total, mas foi repetida tantas vezes que se tornou uma <em>facto<\/em>, na mente da maioria das pessoas.<\/p>\n<p class=\"hanging-indent\">\u0394 Her\u00f3doto nunca mencionou tais rampas. Seu relato hist\u00f3rico descreveu a t\u00edpica passagem de pedra entre a base da pir\u00e2mide e o Templo do Vale. Esta passagem era uma caracter\u00edstica permanente que tinha, como descreveu Her\u00f3doto, 3.300\u2032 (1.006 m) de comprimento, 60\u2032 (18 m) de largura e 48\u2032 (15 m) de altura, e n\u00e3o era usada para transportar blocos.<\/p>\n<p class=\"hanging-indent\">\u0394 Muitos acad\u00eamicos querem acreditar que a \u00fanica maneira de construir a pir\u00e2mide \u00e9 aumentando a altura e o comprimento de uma rampa tempor\u00e1ria \u00e0 medida que ela \u00e9 elevada aos n\u00edveis sucessivos da pir\u00e2mide.<\/p>\n<p class=\"hanging-indent\">\u0394 As pessoas que est\u00e3o presas na teoria das rampas fazem refer\u00eancia ao que parece ser uma rampa de lama, encontrada no Complexo de Sekhemket em Saqqara. Mesmo que fosse uma rampa, tinha apenas 7 m de altura. As pir\u00e2mides constru\u00eddas s\u00e3o muito mais altas do que isso.<\/p>\n<p class=\"hanging-indent\">\u0394 O engenheiro civil dinamarqu\u00eas P. Garde-Hanson calculou que para construir uma rampa at\u00e9 o topo da Pir\u00e2mide de Khufu seriam necess\u00e1rios 17,5 milh\u00f5es de jardas c\u00fabicas (13,4 milh\u00f5es de metros c\u00fabicos) de material (7 vezes a quantidade necess\u00e1ria para a pr\u00f3pria pir\u00e2mide ). Uma for\u00e7a de trabalho de 240.000 pessoas teria sido necess\u00e1ria para construir tal rampa, durante o reinado de 23 anos de Khufu.<\/p>\n<p class=\"hanging-indent\">\u0394 Para desmontar a rampa na conclus\u00e3o da pir\u00e2mide de Khufu seria necess\u00e1ria uma for\u00e7a de trabalho de 300.000 pessoas e mais oito anos. Uma quantidade t\u00e3o grande de lixo n\u00e3o \u00e9 vis\u00edvel em nenhum lugar nas proximidades e nunca foi mencionada por historiadores anteriores.<\/p>\n<p class=\"hanging-indent\">\u0394 Depois de atingir n\u00fameros t\u00e3o inacredit\u00e1veis, Garde-Hanson teorizou uma combina\u00e7\u00e3o de rampa e dispositivo de eleva\u00e7\u00e3o. Ele teorizou uma rampa que chegaria at\u00e9 a metade da pir\u00e2mide. Nesse n\u00edvel, cerca de 90% do material necess\u00e1rio para a pir\u00e2mide teria sido usado. O segundo elemento de sua teoria modificada, ou seja, algum tipo de dispositivo de eleva\u00e7\u00e3o misterioso, era e ainda \u00e9 uma quest\u00e3o n\u00e3o resolvida.<\/p>\n<p class=\"hanging-indent\" style=\"padding-left: 30px;\">Hipoteticamente, concordemos com as teorias de Garde-Hanson e tentemos visualizar os n\u00fameros surpreendentes: 4.000 pedreiros durante todo o ano produzindo 330 blocos por dia. Durante a \u00e9poca de inunda\u00e7\u00f5es, 4.000 blocos por dia s\u00e3o transportados para o Nilo, atravessados por ferry, transportados pela rampa at\u00e9 ao planalto de Giz\u00e9 e colocados no centro.<span style=\"text-decoration: underline;\">a uma taxa de 6,67 blocos por minuto<\/span>! Imagine 6,67 blocos a cada 60 segundos!<\/p>\n<p class=\"hanging-indent\" style=\"padding-left: 30px;\">Esta taxa \u00e9 imposs\u00edvel de alcan\u00e7ar. Esta \u00e9 outra raz\u00e3o para desconsiderar a validade das teorias da extra\u00e7\u00e3o e da rampa.<\/p>\n<p class=\"hanging-indent\">\u0394\u00a0 <span style=\"text-decoration: underline;\">Construir e remover tais rampas teria sido uma tarefa muito maior do que construir qualquer uma das pr\u00f3prias pir\u00e2mides.<\/span>. Portanto, \u00e0 medida que os acad\u00e9micos inventam \u201cmeios primitivos\u201d para os Antigos Eg\u00edpcios, eles complicam as suas pr\u00f3prias teorias infundadas.<\/p>\n<p style=\"text-align: center;\">\u0394 \u0394 \u0394<\/p>\n<h3><span style=\"color: #ff0000;\"><strong>2. As tr\u00eas pir\u00e2mides esquecidas de Snefru<\/strong><\/span><\/h3>\n<p>Snefru, durante seu reinado de 24 anos, foi capaz de construir as duas pir\u00e2mides principais em Dahshur, bem como uma terceira pir\u00e2mide em Meidum. Isto significa que ele, durante o seu reinado de 24 anos, foi respons\u00e1vel pela produ\u00e7\u00e3o de cerca de nove milh\u00f5es de toneladas de pedra \u2013 v\u00e1rias vezes a quantidade da Grande Pir\u00e2mide de Giz\u00e9. At\u00e9 mesmo tentar calcular a log\u00edstica desse trabalho usando termos modernos \u00e9 esmagador.<\/p>\n<p style=\"text-align: center;\">\u0394 \u0394 \u0394<\/p>\n<h3><span style=\"color: #ff0000;\"><strong>3. Perguntas de soma que refutam a \u201cteoria comum\u201d criada pelo Ocidente<\/strong><\/span><\/h3>\n<p>Por n\u00e3o terem a mente aberta, esses acad\u00eamicos dificultaram a obten\u00e7\u00e3o de respostas para muitas perguntas.<\/p>\n<p>Com base nos elementos da \u201cteoria comum\u201d do corte, transporte e i\u00e7amento de pedras, como podemos responder logicamente \u00e0s seguintes quest\u00f5es:<\/p>\n<p class=\"hanging-indent\" style=\"padding-left: 30px;\">1. Onde conseguiram a enorme quantidade de materiais necess\u00e1rios para construir esta e outras pir\u00e2mides? N\u00e3o h\u00e1 nenhuma evid\u00eancia f\u00edsica de tal fonte, seja qual for?<\/p>\n<p class=\"hanging-indent\" style=\"padding-left: 30px;\">2. Como eles conseguiram tornar os lados inclinados das pir\u00e2mides absolutamente planos?<\/p>\n<p class=\"hanging-indent\" style=\"padding-left: 30px;\">3. Como fizeram com que os quatro lados inclinados se encontrassem num ponto perfeito no cume?<\/p>\n<p class=\"hanging-indent\" style=\"padding-left: 30px;\">4. Como eles tornaram os n\u00edveis t\u00e3o nivelados?<\/p>\n<p class=\"hanging-indent\" style=\"padding-left: 30px;\">5. Como cortaram as pedras para que se encaixassem com tanta precis\u00e3o?<\/p>\n<p class=\"hanging-indent\" style=\"padding-left: 30px;\">6. Que ferramentas usaram?<\/p>\n<p class=\"hanging-indent\" style=\"padding-left: 30px;\">7. Como poderia o n\u00famero necess\u00e1rio de trabalhadores (estimado em 240-300.000 pessoas) manobrar no estaleiro de constru\u00e7\u00e3o confinado?<\/p>\n<p class=\"hanging-indent\" style=\"padding-left: 30px;\">8. Como cortaram os blocos de maneira t\u00e3o uniforme?<\/p>\n<p class=\"hanging-indent\" style=\"padding-left: 30px;\">9. Como colocaram alguns dos blocos mais pesados da pir\u00e2mide, em alturas t\u00e3o grandes?<\/p>\n<p class=\"hanging-indent\" style=\"padding-left: 30px;\">10. Como foram feitos 115.000 blocos de revestimento para caber na largura de um fio de cabelo ou mais perto, como foi o caso da pir\u00e2mide de Khufu?<\/p>\n<p class=\"hanging-indent\" style=\"padding-left: 30px;\">11. Como foi feito todo o trabalho em cerca de 20 anos?<\/p>\n<p>Todas estas quest\u00f5es invalidam a \u201cteoria comum\u201d. O bom senso, juntamente com as evid\u00eancias f\u00edsicas, levam \u00e0 conclus\u00e3o de que os blocos foram feitos pelo homem, como ser\u00e1 explicado mais adiante.<\/p>\n<p>&nbsp;<\/p>\n<p><span style=\"color: #ff0000;\"><strong>[Um trecho de <\/strong><\/span><strong>As pir\u00e2mides eg\u00edpcias revisitadas por Moustafa Gadalla<\/strong><span style=\"color: #ff0000;\"><strong>]<br \/>\n<a href=\"https:\/\/egyptianwisdomcenter.org\/pt\/produto\/the-egyptian-pyramids-revisited\/\"><span style=\"color: #0000ff;\">https:\/\/egyptianwisdomcenter.org\/product\/revisitando-as-piramides-egipcia\/<\/span><\/a><br \/>\n<\/strong><\/span><img decoding=\"async\" class=\"aligncenter\" src=\"https:\/\/egyptianwisdomcenter.org\/wp-content\/uploads\/2023\/01\/revisitando-as-piramides-egipcia-1.jpg\" \/><\/p>\n<div dir=\"auto\" style=\"text-align: center;\"><a href=\"https:\/\/egyptianwisdomcenter.org\/pt\/produto\/the-egyptian-pyramids-revisited\/\"><span style=\"color: #ff0000;\"><strong><span style=\"color: #0000ff;\">https:\/\/egyptianwisdomcenter.org\/product\/revisitando-as-piramides-egipcia\/<\/span><\/strong><\/span><\/a><\/div>","protected":false},"excerpt":{"rendered":"<p>The Flawed &#8220;Common Construction Theory&#8221; Of The Pyramids &nbsp; 1. The Common &#8216;Theory&#8217; Many academic Egyptologists claim that there are no Ancient [&hellip;]<\/p>","protected":false},"author":3,"featured_media":0,"parent":0,"menu_order":0,"comment_status":"closed","ping_status":"closed","template":"","meta":{"footnotes":""},"class_list":["post-326","page","type-page","status-publish","hentry"],"aioseo_notices":[],"_links":{"self":[{"href":"https:\/\/egyptianwisdomcenter.org\/pt\/wp-json\/wp\/v2\/pages\/326","targetHints":{"allow":["GET"]}}],"collection":[{"href":"https:\/\/egyptianwisdomcenter.org\/pt\/wp-json\/wp\/v2\/pages"}],"about":[{"href":"https:\/\/egyptianwisdomcenter.org\/pt\/wp-json\/wp\/v2\/types\/page"}],"author":[{"embeddable":true,"href":"https:\/\/egyptianwisdomcenter.org\/pt\/wp-json\/wp\/v2\/users\/3"}],"replies":[{"embeddable":true,"href":"https:\/\/egyptianwisdomcenter.org\/pt\/wp-json\/wp\/v2\/comments?post=326"}],"version-history":[{"count":0,"href":"https:\/\/egyptianwisdomcenter.org\/pt\/wp-json\/wp\/v2\/pages\/326\/revisions"}],"wp:attachment":[{"href":"https:\/\/egyptianwisdomcenter.org\/pt\/wp-json\/wp\/v2\/media?parent=326"}],"curies":[{"name":"wp","href":"https:\/\/api.w.org\/{rel}","templated":true}]}}