{"id":361,"date":"2018-11-02T00:00:00","date_gmt":"2018-11-02T04:00:00","guid":{"rendered":"http:\/\/egyptianwisdomcenter.org\/sacred-geometry\/"},"modified":"2023-10-20T16:27:18","modified_gmt":"2023-10-20T20:27:18","slug":"sacred-geometry-2","status":"publish","type":"page","link":"https:\/\/egyptianwisdomcenter.org\/pt\/sacred-geometry-2\/","title":{"rendered":"Geometria sagrada"},"content":{"rendered":"<h2 style=\"text-align: center;\"><span style=\"color: #ff0000;\">Geometria sagrada<\/span><\/h2>\n<p>&nbsp;<\/p>\n<h3><span style=\"color: #0000ff;\"><strong>1. Geometria Sagrada da Arquitetura Divina <\/strong><\/span><\/h3>\n<p>A geometria para os antigos eg\u00edpcios era muito mais do que um estudo de pontos, linhas, superf\u00edcies e s\u00f3lidos e suas propriedades e medidas. A harmonia inerente \u00e0 geometria foi reconhecida no Antigo Egito como a express\u00e3o mais convincente de um plano divino subjacente ao mundo \u2013 um plano metaf\u00edsico que determina o f\u00edsico.<\/p>\n<p>Para os Antigos Eg\u00edpcios, a geometria era o meio pelo qual a humanidade poderia compreender os mist\u00e9rios da ordem divina. A geometria existe em toda parte na natureza: sua ordem est\u00e1 subjacente \u00e0 estrutura de todas as coisas, desde mol\u00e9culas at\u00e9 gal\u00e1xias. A natureza da forma geom\u00e9trica permite o seu funcionamento. Um projeto que utilize os princ\u00edpios da geometria sagrada deve atingir o mesmo objetivo: usar a forma para servir\/representar uma fun\u00e7\u00e3o.<\/p>\n<p>Her\u00f3doto, o pai da hist\u00f3ria e grego nativo, declarou, em 500 AEC:<\/p>\n<p style=\"padding-left: 30px;\"><strong><em>Agora, deixe-me falar mais do Egito porque ele tem muitas coisas admir\u00e1veis e o que se v\u00ea l\u00e1 \u00e9 superior a qualquer outro pa\u00eds.<\/em><\/strong><\/p>\n<p>As obras do Antigo Eg\u00edpcio, grandes ou pequenas, s\u00e3o admiradas por todos porque s\u00e3o proporcionalmente harmoniosas e, como tal, apelam aos nossos sentimentos interiores e exteriores. Este conceito de design harm\u00f4nico \u00e9 popularmente conhecido como geometria sagrada, onde todas as figuras podem ser desenhadas ou criadas usando uma linha reta (nem mesmo necessariamente uma r\u00e9gua) e um compasso \u2013 ou seja, sem medi\u00e7\u00e3o (dependendo apenas da propor\u00e7\u00e3o).<\/p>\n<p>&nbsp;<\/p>\n<h3><span style=\"color: #0000ff;\"><strong>2. O Cord\u00e3o Sagrado Eg\u00edpcio [Ferramenta]<\/strong><\/span><\/h3>\n<p>Como a geometria sagrada \u00e9 baseada na propor\u00e7\u00e3o harm\u00f4nica, a unidade de dist\u00e2ncia (comprimento) pode teoricamente ser qualquer unidade. A \u00fanica ferramenta necess\u00e1ria \u00e9 um cord\u00e3o composto por 12 dist\u00e2ncias igualmente espa\u00e7adas. A dist\u00e2ncia da unidade pode ser pequena ou grande, de modo a se adequar ao design necess\u00e1rio da obra de arte em uma tela, est\u00e1tuas ou layout de edif\u00edcios.<\/p>\n<p><img decoding=\"async\" class=\"size-full wp-image-68364 aligncenter\" src=\"https:\/\/egyptianwisdomcenter.org\/wp-content\/uploads\/2023\/10\/ema-7.2-200c-1-150x77-1.jpg\" alt=\"\" width=\"150\" height=\"77\" \/><\/p>\n<p>Os templos e outros edif\u00edcios no Antigo Egito foram constru\u00eddos em uma cerim\u00f4nia religiosa. Este layout foi realizado por pessoas muito conhecedoras, conhecidas pelos gregos como <em>harpedonaptae.<\/em><\/p>\n<p>Os harpedonaptae s\u00e3o as pessoas que aderiram estritamente aos princ\u00edpios da geometria sagrada (usando apenas uma linha reta e um compasso). Sua corda era (e ainda \u00e9, em partes do atual Egito) uma corda muito especial que consiste em uma corda de 13 n\u00f3s com 12 dist\u00e2ncias igualmente espa\u00e7adas de um c\u00f4vado eg\u00edpcio (1,72\u2032 ou 0,5236 m).<\/p>\n<p>Qualquer cord\u00e3o de 13 n\u00f3s com espa\u00e7amento igual \u00e9 a ferramenta b\u00e1sica usada para estabelecer v\u00e1rias formas geom\u00e9tricas.<\/p>\n<p>&nbsp;<\/p>\n<h3><span style=\"color: #0000ff;\"><strong>3. Layout geral de formas geom\u00e9tricas<\/strong><\/span><\/h3>\n<p>Os tri\u00e2ngulos s\u00e3o os blocos de constru\u00e7\u00e3o de qualquer projeto.<\/p>\n<p>A forma\u00e7\u00e3o mais simples \u00e9 o tri\u00e2ngulo equil\u00e1tero, que pode ser tra\u00e7ado com a corda eg\u00edpcia amarrada em doze intervalos iguais e enrolada em tr\u00eas estacas de modo a formar tr\u00eas lados, cada um medindo quatro unidades.<\/p>\n<p>&nbsp;<\/p>\n<p><img decoding=\"async\" class=\"size-full wp-image-68377 aligncenter\" src=\"https:\/\/egyptianwisdomcenter.org\/wp-content\/uploads\/2023\/10\/ema-7.3-1-200c-1-150x150-1.jpg\" alt=\"\" width=\"150\" height=\"150\" srcset=\"https:\/\/egyptianwisdomcenter.org\/wp-content\/uploads\/2023\/10\/ema-7.3-1-200c-1-150x150-1.jpg 150w, https:\/\/egyptianwisdomcenter.org\/wp-content\/uploads\/2023\/10\/ema-7.3-1-200c-1-150x150-1-45x45.jpg 45w, https:\/\/egyptianwisdomcenter.org\/wp-content\/uploads\/2023\/10\/ema-7.3-1-200c-1-150x150-1-100x100.jpg 100w\" sizes=\"(max-width: 150px) 100vw, 150px\" \/><\/p>\n<p>&nbsp;<\/p>\n<p>A linha que une qualquer canto ao meio do lado oposto \u00e9 sua perpendicular.<\/p>\n<p>No entanto, a origem do tra\u00e7ado do edif\u00edcio hist\u00f3rico foi a constru\u00e7\u00e3o do tri\u00e2ngulo 3:4:5 com a corda eg\u00edpcia, enrolada em tr\u00eas estacas de modo a formar tr\u00eas lados medindo tr\u00eas, quatro e cinco unidades, o que proporciona um \u00e2ngulo de 90\u00b0. \u00e2ngulo entre seus 3 e 4 lados.<\/p>\n<p><img decoding=\"async\" class=\"size-full wp-image-68390 aligncenter\" src=\"https:\/\/egyptianwisdomcenter.org\/wp-content\/uploads\/2023\/10\/ema-7.3-2-300-150x140-1.jpg\" alt=\"\" width=\"150\" height=\"140\" \/><\/p>\n<p>&nbsp;<\/p>\n<p>Foi uma tarefa relativamente simples tra\u00e7ar ret\u00e2ngulos e outras figuras geom\u00e9tricas mais complexas ap\u00f3s estabelecer o tri\u00e2ngulo ret\u00e2ngulo 3:4:5.<\/p>\n<p>Um EBCF quadrado, por exemplo, pode ser estabelecido conforme mostrado aqui:<\/p>\n<p><img loading=\"lazy\" decoding=\"async\" class=\"size-full wp-image-68403 aligncenter\" src=\"https:\/\/egyptianwisdomcenter.org\/wp-content\/uploads\/2023\/10\/ema-7.3-3-72c-1-1-150x121-1.jpg\" alt=\"\" width=\"150\" height=\"121\" \/><\/p>\n<p>&nbsp;<\/p>\n<p>(A) Construa dois tri\u00e2ngulos 3:4:5 com uma diagonal AC comum.<\/p>\n<p style=\"padding-left: 30px;\">(B) Conecte FE onde FC = EB = 3 unidades.<\/p>\n<p>A corda eg\u00edpcia pode ser usada como b\u00fassola para desenhar curvas circulares, conforme mostrado no diagrama abaixo.<\/p>\n<p><img loading=\"lazy\" decoding=\"async\" class=\"size-medium wp-image-68416 aligncenter\" src=\"https:\/\/egyptianwisdomcenter.org\/wp-content\/uploads\/2023\/10\/Capture-300x82.png\" alt=\"\" width=\"300\" height=\"82\" srcset=\"https:\/\/egyptianwisdomcenter.org\/wp-content\/uploads\/2023\/10\/Capture-300x82.png 300w, https:\/\/egyptianwisdomcenter.org\/wp-content\/uploads\/2023\/10\/Capture-230x63.png 230w, https:\/\/egyptianwisdomcenter.org\/wp-content\/uploads\/2023\/10\/Capture-350x95.png 350w, https:\/\/egyptianwisdomcenter.org\/wp-content\/uploads\/2023\/10\/Capture.png 404w\" sizes=\"(max-width: 300px) 100vw, 300px\" \/><\/p>\n<p>&nbsp;<\/p>\n<p>Outras formas, como o tri\u00e2ngulo ou ret\u00e2ngulo Neb (dourado) 8:5, conforme mostrado abaixo, tamb\u00e9m podem ser estabelecidas com o cord\u00e3o eg\u00edpcio.<\/p>\n<p>&nbsp;<\/p>\n<p>&nbsp;<\/p>\n<p>[Para ver a forma\u00e7\u00e3o de uma grande variedade de formas geom\u00e9tricas, leia <em>Geometria Sagrada e Numerologia <\/em>deste mesmo autor.]<\/p>\n<p>O s\u00edmbolo hierogl\u00edfico do neter (deus) Re, a for\u00e7a criativa c\u00f3smica, \u00e9 o c\u00edrculo. Quando o cord\u00e3o \u00e9 enrolado formando um c\u00edrculo completo, o arqu\u00e9tipo da cria\u00e7\u00e3o, descobrimos que o raio deste c\u00edrculo sagrado \u00e9 igual a 1,91 c\u00f4vados. Ao converter esta medida de 1,91 c\u00f4vados do raio para o sistema m\u00e9trico, obtemos exatamente 1 metro (1,91 x 0,5236). 1 metro = 1\/100.000 \u2013 parte do quarto do meridiano da Terra. Em outras palavras, esta corda eg\u00edpcia espec\u00edfica de 13 n\u00f3s e a unidade de medida eg\u00edpcia conhecida como c\u00f4vado baseiam-se na medi\u00e7\u00e3o da circunfer\u00eancia da Terra.<\/p>\n<p>&nbsp;<\/p>\n<p><img loading=\"lazy\" decoding=\"async\" class=\"size-medium wp-image-68429 aligncenter\" src=\"https:\/\/egyptianwisdomcenter.org\/wp-content\/uploads\/2023\/10\/Capture1-300x128.png\" alt=\"\" width=\"300\" height=\"128\" srcset=\"https:\/\/egyptianwisdomcenter.org\/wp-content\/uploads\/2023\/10\/Capture1-300x128.png 300w, https:\/\/egyptianwisdomcenter.org\/wp-content\/uploads\/2023\/10\/Capture1-230x98.png 230w, https:\/\/egyptianwisdomcenter.org\/wp-content\/uploads\/2023\/10\/Capture1.png 345w\" sizes=\"(max-width: 300px) 100vw, 300px\" \/><\/p>\n<p>Ao longo deste livro, voc\u00ea descobrir\u00e1 que esse cord\u00e3o \u00e9 a \u00fanica ferramenta necess\u00e1ria para estabelecer todas as formas geom\u00e9tricas sagradas, desde uma linha reta at\u00e9 uma curva e outras formas.<\/p>\n<p>&nbsp;<\/p>\n<p><span style=\"color: #ff0000;\"><strong>[Um trecho de <\/strong><\/span><strong>A Arquitetura Metaf\u00edsica Eg\u00edpcia Antiga<\/strong><span style=\"color: #ff0000;\"><strong> por Moustafa Gadalla]<br \/>\n<a href=\"https:\/\/egyptianwisdomcenter.org\/pt\/produto\/the-ancient-egyptian-metaphysical-architecture\/\"><span style=\"color: #0000ff;\">https:\/\/egyptianwisdomcenter.org\/product\/the-ancient-egyptian-metaphysical-architecture\/<\/span><\/a><br \/>\n<\/strong><\/span><\/p>\n<p><img decoding=\"async\" class=\"aligncenter\" src=\"https:\/\/books2read-prod.s3.amazonaws.com\/CACHE\/images\/ubl_book_images\/book_display_image_DzTMfrV\/372fcbccd1ea208063914bdc7d930cad\" \/><\/p>\n<p style=\"text-align: center;\"><span style=\"color: #ff0000;\"><strong><a href=\"https:\/\/egyptianwisdomcenter.org\/pt\/produto\/the-ancient-egyptian-metaphysical-architecture\/\"><span style=\"color: #0000ff;\">https:\/\/egyptianwisdomcenter.org\/product\/the-ancient-egyptian-metaphysical-architecture\/<\/span><\/a><br \/>\n<\/strong><\/span><\/p>\n<p>&nbsp;<\/p>\n<div dir=\"auto\"><\/div>","protected":false},"excerpt":{"rendered":"<p>Sacred Geometry &nbsp; 1. Sacred Geometry Of Divine Architecture Geometry to the Ancient Egyptians was much more than a study of points, [&hellip;]<\/p>","protected":false},"author":3,"featured_media":0,"parent":0,"menu_order":0,"comment_status":"closed","ping_status":"closed","template":"","meta":{"footnotes":""},"class_list":["post-361","page","type-page","status-publish","hentry"],"aioseo_notices":[],"_links":{"self":[{"href":"https:\/\/egyptianwisdomcenter.org\/pt\/wp-json\/wp\/v2\/pages\/361","targetHints":{"allow":["GET"]}}],"collection":[{"href":"https:\/\/egyptianwisdomcenter.org\/pt\/wp-json\/wp\/v2\/pages"}],"about":[{"href":"https:\/\/egyptianwisdomcenter.org\/pt\/wp-json\/wp\/v2\/types\/page"}],"author":[{"embeddable":true,"href":"https:\/\/egyptianwisdomcenter.org\/pt\/wp-json\/wp\/v2\/users\/3"}],"replies":[{"embeddable":true,"href":"https:\/\/egyptianwisdomcenter.org\/pt\/wp-json\/wp\/v2\/comments?post=361"}],"version-history":[{"count":2,"href":"https:\/\/egyptianwisdomcenter.org\/pt\/wp-json\/wp\/v2\/pages\/361\/revisions"}],"predecessor-version":[{"id":68442,"href":"https:\/\/egyptianwisdomcenter.org\/pt\/wp-json\/wp\/v2\/pages\/361\/revisions\/68442"}],"wp:attachment":[{"href":"https:\/\/egyptianwisdomcenter.org\/pt\/wp-json\/wp\/v2\/media?parent=361"}],"curies":[{"name":"wp","href":"https:\/\/api.w.org\/{rel}","templated":true}]}}