{"id":362,"date":"2018-11-04T00:00:00","date_gmt":"2018-11-04T04:00:00","guid":{"rendered":"http:\/\/egyptianwisdomcenter.org\/the-imagery-and-alphabetical-writing-modes\/"},"modified":"2023-01-03T00:31:57","modified_gmt":"2023-01-03T05:31:57","slug":"the-imagery-and-alphabetical-writing-modes-2","status":"publish","type":"page","link":"https:\/\/egyptianwisdomcenter.org\/pt\/os-modos-de-imagens-e-escrita-alfabetica-2\/","title":{"rendered":"Os modos de imagens e escrita alfab\u00e9tica"},"content":{"rendered":"<h2 style=\"text-align: center;\"><span style=\"color: #ff0000;\">Os modos de imagens e escrita alfab\u00e9tica<\/span><\/h2>\n<p>&nbsp;<\/p>\n<p>Todos os primeiros escritores gregos e romanos afirmaram que havia basicamente duas formas de escritos eg\u00edpcios antigos: hier\u00f3glifos (imagens pict\u00f3ricas) e a forma alfab\u00e9tica. A academia ocidental divide arbitrariamente o tipo alfab\u00e9tico do Antigo Egito em duas formas \u2013 hier\u00e1tica e dem\u00f3tica. [Leia sobre a avalia\u00e7\u00e3o de tais afirma\u00e7\u00f5es infundadas em\u00a0<em>Os Antigos Modos de Escrita Universal Eg\u00edpcios<\/em>\u00a0por Moustafa Gadalla.]<\/p>\n<p>Deve ser enfatizado que nem um \u00fanico escritor cl\u00e1ssico \u2013 incluindo Clemente de Alexandria (em <em>Estromata Livro V, <\/em>Cap\u00edtulo IV<em>)<\/em> - j\u00e1 indicou que a forma de escrita alfab\u00e9tica eg\u00edpcia era uma forma \u201ccursiva\u201d ou \u201cdegenerada\u201d dos hier\u00f3glifos pict\u00f3ricos do Antigo Egito. No entanto, descaradamente, alguns \u201cestudiosos\u201d invocaram a escrita de Clemente de Alexandria para insistir que dos hier\u00f3glifos eg\u00edpcios surgiu uma escrita mais cursiva conhecida por n\u00f3s como <em>hier\u00e1tico<\/em>, e fora <em>hier\u00e1tico <\/em>surgiu novamente um script muito r\u00e1pido, \u00e0s vezes chamado <em>echorial <\/em>ou <em>dem\u00f3tico<\/em>.<\/p>\n<p>Muitos estudiosos honestos, no entanto, confirmaram a verdade hist\u00f3rica de que os escritos pict\u00f3ricos s\u00e3o uma s\u00e9rie de imagens que transmitem significados conceituais e n\u00e3o valores sonoros individuais, como o egipt\u00f3logo brit\u00e2nico WM Flinders Petrie, que escreveu em seu livro, <em>A Forma\u00e7\u00e3o dos Alfabetos <\/em>[p\u00e1g. 6]:<\/p>\n<p style=\"padding-left: 30px;\"><strong><em>\u201cA quest\u00e3o de saber se os sinais [alfab\u00e9ticos] derivaram dos hier\u00f3glifos mais pict\u00f3ricos, ou se eram um sistema independente, tem sido t\u00e3o pouco observada pelos escritores sobre o assunto, que o assunto foi decidido mais de uma vez sem qualquer considera\u00e7\u00e3o do v\u00e1rios detalhes envolvidos.\u201d<\/em><\/strong><\/p>\n<p>Na 12\u00aa Dinastia (2000-1780 aC), cerca de 700 sinais eram usados mais ou menos constantemente. H\u00e1 um n\u00famero praticamente ilimitado desses s\u00edmbolos naturais. Como decifrar os hier\u00f3glifos metaf\u00edsicos do Antigo Egito est\u00e1 al\u00e9m das capacidades da academia ocidental, eles o apelidaram de um <em>primitivo <\/em>forma de escrita!<\/p>\n<p>Os egipt\u00f3logos acad\u00eamicos escolheram arrogantemente 24 sinais entre centenas de hier\u00f3glifos e os chamaram de \u201calfabeto\u201d. Depois deram diversas \u201cfun\u00e7\u00f5es\u201d \u00e0s outras centenas de sinais, chamando-os de \u201csil\u00e1bicos\u201d, \u201cdeterminativos\u201d, etc. Eles criaram as regras \u00e0 medida que avan\u00e7avam, e o resultado final foi o caos. Pode-se facilmente ver a luta da academia para compreender os textos hierogl\u00edficos (metaf\u00edsicos) do Antigo Egito.<\/p>\n<p>Um sinal pict\u00f3rico N\u00c3O tem valor sonoro SINGULAR. Apenas uma letra alfab\u00e9tica individual tem um som singular correspondente \u2013 o que acontecia na linguagem alfab\u00e9tica TOTALMENTE n\u00e3o relacionada dos Antigos Eg\u00edpcios, conhecida como escrita \u201chier\u00e1tica\u201d e \u201cdem\u00f3tica\u201d \u2013 uma forma muito distinta e independente que nada tem a ver com a escrita eg\u00edpcia. forma hierogl\u00edfica de comunica\u00e7\u00f5es c\u00f3smicas. Leia mais sobre a linguagem alfab\u00e9tica dos antigos eg\u00edpcios em <em>Os Antigos Modos de Escrita Universal Eg\u00edpcios <\/em>por Moustafa Gadalla.<\/p>\n<p>A linguagem metaf\u00edsica do hier\u00f3glifo eg\u00edpcio \u00e9 consistente com o fato de que existem, de fato, coisas que n\u00e3o podem ser expressas em palavras. Eles se manifestam. Eles s\u00e3o o que h\u00e1 de m\u00edstico. Confrontada com estas \u201ccoisas\u201d m\u00edsticas, a realidade que autoriza a fala e as palavras est\u00e1 condenada a lidar apenas com as apar\u00eancias. A realidade \u2013 seja forma l\u00f3gica ou formas de vida \u2013 permanece obstinadamente fora da fala. Restringe o que dizemos, mas se recusa a ser falado. A menos que admitamos a exist\u00eancia de uma realidade transcendente fora da fala, tornar-nos-emos solipsistas sem bases para falar. Portanto, falar depende do sil\u00eancio. S\u00f3 podemos falar juntos relegando os motivos da nossa fala a um sil\u00eancio respeitoso.<\/p>\n<p>&nbsp;<\/p>\n<p><span style=\"color: #ff0000;\"><strong>[Um trecho de <\/strong><\/span><strong>O Hier\u00f3glifo Eg\u00edpcio: Linguagem Metaf\u00edsica por Moustafa Gadalla<\/strong><span style=\"color: #ff0000;\"><strong>]<br \/>\n<a href=\"https:\/\/egyptianwisdomcenter.org\/pt\/produto\/a-linguagem-metafisica-do-hieroglifo-egipcio\/\"><span style=\"color: #0000ff;\">https:\/\/egyptianwisdomcenter.org\/product\/the-egyptian-hieroglyph-metaphysical-language\/<\/span><\/a><br \/>\n<\/strong><\/span><\/p>\n<p><img decoding=\"async\" class=\"aligncenter\" src=\"https:\/\/books2read-prod.s3.amazonaws.com\/CACHE\/images\/ubl_book_images\/book_display_image_HdDDHlu\/8bf5efaff503f1ace8ddab1942515082\" \/><\/p>\n<div dir=\"auto\" style=\"text-align: center;\"><a href=\"https:\/\/egyptianwisdomcenter.org\/pt\/produto\/a-linguagem-metafisica-do-hieroglifo-egipcio\/\"><span style=\"color: #ff0000;\"><strong><span style=\"color: #0000ff;\">https:\/\/egyptianwisdomcenter.org\/product\/the-egyptian-hieroglyph-metaphysical-language\/<\/span><\/strong><\/span><\/a><\/div>","protected":false},"excerpt":{"rendered":"<p>The Imagery And Alphabetical Writing Modes &nbsp; All early Greek and Roman writers affirmed that there were basically two forms of Ancient [&hellip;]<\/p>","protected":false},"author":3,"featured_media":0,"parent":0,"menu_order":0,"comment_status":"closed","ping_status":"closed","template":"","meta":{"footnotes":""},"class_list":["post-362","page","type-page","status-publish","hentry"],"aioseo_notices":[],"_links":{"self":[{"href":"https:\/\/egyptianwisdomcenter.org\/pt\/wp-json\/wp\/v2\/pages\/362","targetHints":{"allow":["GET"]}}],"collection":[{"href":"https:\/\/egyptianwisdomcenter.org\/pt\/wp-json\/wp\/v2\/pages"}],"about":[{"href":"https:\/\/egyptianwisdomcenter.org\/pt\/wp-json\/wp\/v2\/types\/page"}],"author":[{"embeddable":true,"href":"https:\/\/egyptianwisdomcenter.org\/pt\/wp-json\/wp\/v2\/users\/3"}],"replies":[{"embeddable":true,"href":"https:\/\/egyptianwisdomcenter.org\/pt\/wp-json\/wp\/v2\/comments?post=362"}],"version-history":[{"count":0,"href":"https:\/\/egyptianwisdomcenter.org\/pt\/wp-json\/wp\/v2\/pages\/362\/revisions"}],"wp:attachment":[{"href":"https:\/\/egyptianwisdomcenter.org\/pt\/wp-json\/wp\/v2\/media?parent=362"}],"curies":[{"name":"wp","href":"https:\/\/api.w.org\/{rel}","templated":true}]}}