{"id":365,"date":"2018-11-04T00:00:00","date_gmt":"2018-11-04T04:00:00","guid":{"rendered":"http:\/\/egyptianwisdomcenter.org\/the-egyptian-pictorial-metaphysical-images-script\/"},"modified":"2023-01-03T00:35:12","modified_gmt":"2023-01-03T05:35:12","slug":"the-egyptian-pictorial-metaphysical-images-script-2","status":"publish","type":"page","link":"https:\/\/egyptianwisdomcenter.org\/pt\/o-roteiro-de-imagens-metafisicas-pictoricas-egipcias-2\/","title":{"rendered":"As Imagens\/Escrita Metaf\u00edsica Pict\u00f3rica Eg\u00edpcia"},"content":{"rendered":"<h2 style=\"text-align: center;\"><span style=\"color: #ff0000;\"><strong>As Imagens\/Escrita Metaf\u00edsica Pict\u00f3rica Eg\u00edpcia<\/strong><\/span><\/h2>\n<p>&nbsp;<\/p>\n<p>O sistema pict\u00f3rico dos Antigos Eg\u00edpcios \u00e9 comumente chamado de &#039;hier\u00f3glifos&#039;, que compreende um grande n\u00famero de s\u00edmbolos pict\u00f3ricos. A palavra hier\u00f3glifo significa &#039;escrita sagrada&#039; (<em>hieros <\/em>= santo, <em>glife\u00edna <\/em>= impressionar). A escrita hierogl\u00edfica foi usada nos templos eg\u00edpcios at\u00e9 cerca de 400 d.C.<\/p>\n<p>Cada imagem pict\u00f3rica vale mais que mil palavras e representa essa fun\u00e7\u00e3o ou princ\u00edpio em todos os n\u00edveis simultaneamente, desde a manifesta\u00e7\u00e3o f\u00edsica mais simples e \u00f3bvia dessa fun\u00e7\u00e3o at\u00e9 a mais abstrata e metaf\u00edsica. Esta linguagem simb\u00f3lica representa uma riqueza de ideias f\u00edsicas, fisiol\u00f3gicas, psicol\u00f3gicas e espirituais nos s\u00edmbolos apresentados.<\/p>\n<p>O conceito metaf\u00f3rico e simb\u00f3lico dos hier\u00f3glifos eg\u00edpcios foi reconhecido por unanimidade por todos os primeiros escritores sobre o assunto, como Plutarco, Diodoro, Clemente, etc.<\/p>\n<ul>\n<li>No seu tratado sobre \u00cdsis e Os\u00edris, que \u00e9 uma das fontes mais instrutivas para a nossa compreens\u00e3o das ideias religiosas eg\u00edpcias, Plutarco menciona os hier\u00f3glifos e o seu significado metaf\u00f3rico e aleg\u00f3rico, em v\u00e1rios lugares. No dele <em>Mor\u00e1lia, Vol. V<\/em>, Plutarco afirma:<\/li>\n<\/ul>\n<p style=\"padding-left: 30px;\"><strong><em>&quot;O <span style=\"text-decoration: underline;\">querido<\/span> \u00e9 o s\u00edmbolo da vinda ao mundo e do <span style=\"text-decoration: underline;\">homem idoso<\/span> o s\u00edmbolo de se afastar dele, e por um <span style=\"text-decoration: underline;\">Falc\u00e3o<\/span> eles indicam Deus, pelo <span style=\"text-decoration: underline;\">peixe<\/span> \u00f3dio, e pelo <span style=\"text-decoration: underline;\">hipop\u00f3tamo<\/span> falta de vergonha.\u201d<\/em><\/strong><\/p>\n<p>Plutarco, como TODOS os escritores cl\u00e1ssicos de sua \u00e9poca, enfatizou a inten\u00e7\u00e3o metaf\u00edsica como o \u00fanico princ\u00edpio da escrita hierogl\u00edfica, que \u00e9 uma express\u00e3o pict\u00f3rica de ideias divinas e conhecimento sagrado.<\/p>\n<p>Plutarco listou um grande n\u00famero de gregos ilustres que visitaram o Egito em \u00e9pocas diferentes. Entre eles, ele mencionou Pit\u00e1goras, cuja admira\u00e7\u00e3o e depend\u00eancia \u201cdos ensinamentos simb\u00f3licos e ocultos dos eg\u00edpcios\u201d s\u00e3o enfatizadas e ilustradas por uma compara\u00e7\u00e3o do m\u00e9todo aleg\u00f3rico usado nos chamados preceitos pitag\u00f3ricos e \u201c<strong><em>os escritos que s\u00e3o chamados de hier\u00f3glifos<\/em><\/strong>&#039;.<\/p>\n<ul>\n<li>Chairemon viveu em Alexandria antes de ir para Roma, onde foi tutor de Nero a partir de 49 d.C. Chairemon descreveu 19 sinais hierogl\u00edficos em seus livros, seguido por uma explica\u00e7\u00e3o do significado aleg\u00f3rico de cada um.<\/li>\n<li>Diodoro da Sic\u00edlia, em seu\u00a0<em>Livro eu<\/em>, afirmou:<\/li>\n<\/ul>\n<p style=\"padding-left: 30px;\"><strong><em>\u201cA escrita deles \u2013 a dos eg\u00edpcios \u2013 n\u00e3o expressa o conceito pretendido por meio de s\u00edlabas unidas umas \u00e0s outras, mas por meio do significado dos objetos que foram copiados e por seu significado figurativo que foi impresso na mem\u00f3ria por pr\u00e1tica. Por exemplo, eles desenham um falc\u00e3o, um crocodilo... e assim por diante. Agora <span style=\"text-decoration: underline;\">o falc\u00e3o significa para eles tudo o que acontece rapidamente, j\u00e1 que este animal \u00e9 praticamente a mais r\u00e1pida das criaturas aladas<\/span>. E o conceito retratado \u00e9 ent\u00e3o transferido, pela transfer\u00eancia metaf\u00f3rica apropriada, para todas as coisas r\u00e1pidas e para tudo o que <span style=\"text-decoration: underline;\">rapidez<\/span> \u00e9 apropriado, como se tivessem sido nomeados. E a <span style=\"text-decoration: underline;\">crocodilo \u00e9 um s\u00edmbolo de tudo o que \u00e9 mau<\/span>.&#8221;<\/em><\/strong><\/p>\n<ul>\n<li>Clemente de Alexandria, por volta de 200 d.C., fez um relato dos hier\u00f3glifos. As qualidades metaf\u00f3ricas e aleg\u00f3ricas dos hier\u00f3glifos s\u00e3o ao mesmo tempo mencionadas explicitamente, e seus exemplos s\u00e3o expostos da mesma forma simb\u00f3lica que os de escritores anteriores.<\/li>\n<li>A melhor descri\u00e7\u00e3o veio de Plotino, que escreveu em\u00a0<em>As En\u00e9adas <\/em>[Vol. V-VI]:<\/li>\n<\/ul>\n<p style=\"padding-left: 30px;\"><strong><em>&#8220;<span style=\"text-decoration: underline;\">Os s\u00e1bios do Egito, seja pelo conhecimento cient\u00edfico ou inato<\/span>, e quando desejavam significar algo com sabedoria, n\u00e3o usavam as formas das letras que seguem a ordem das palavras e das proposi\u00e7\u00f5es e imitam os sons e os enunciados dos enunciados filos\u00f3ficos, mas desenhavam imagens e inscreviam em seus templos uma imagem particular de cada particular. coisa, manifestaram a n\u00e3o discursividade do mundo intelig\u00edvel, ou seja, que toda imagem \u00e9 uma esp\u00e9cie de conhecimento e sabedoria e \u00e9 objeto de enunciados, todos juntos em um s\u00f3, e n\u00e3o de discurso ou delibera\u00e7\u00e3o. Mas [s\u00f3] depois [outros] descobriram, a partir dela em sua unidade concentrada, uma representa\u00e7\u00e3o em outra coisa, j\u00e1 desdobrada e falando-a discursivamente e dando as raz\u00f5es pelas quais as coisas s\u00e3o assim, de modo que, porque o que passou a existir \u00e9 t\u00e3o bem disposto, se algu\u00e9m souber admir\u00e1-lo, expressar\u00e1 sua admira\u00e7\u00e3o por como essa sabedoria, que n\u00e3o possui ela mesma as raz\u00f5es pelas quais a subst\u00e2ncia \u00e9 como \u00e9, as d\u00e1 \u00e0s coisas que s\u00e3o feitas de acordo com ela.<\/em><\/strong><\/p>\n<p>Os hier\u00f3glifos eg\u00edpcios podem parecer um fardo desnecess\u00e1rio que os sacerdotes eg\u00edpcios \u201cinventaram\u201d para manter os segredos longe de outras pessoas. A verdade \u00e9 que tais percep\u00e7\u00f5es est\u00e3o longe da verdade, em todos os aspectos. Explica\u00e7\u00f5es ser\u00e3o reveladas para mostrar que o conceito de imagens pict\u00f3ricas nos hier\u00f3glifos eg\u00edpcios \u00e9 o denominador comum entre todos os seres humanos em todos os lugares e as for\u00e7as divinas do universo.<\/p>\n<p>&nbsp;<\/p>\n<div dir=\"auto\">\n<p><span style=\"color: #ff0000;\"><strong>[Um trecho de <\/strong><\/span><strong>O Hier\u00f3glifo Eg\u00edpcio: Linguagem Metaf\u00edsica por Moustafa Gadalla<\/strong><span style=\"color: #ff0000;\"><strong>]<br \/>\n<a href=\"https:\/\/egyptianwisdomcenter.org\/pt\/produto\/a-linguagem-metafisica-do-hieroglifo-egipcio\/\"><span style=\"color: #0000ff;\">https:\/\/egyptianwisdomcenter.org\/product\/the-egyptian-hieroglyph-metaphysical-language\/<\/span><\/a><br \/>\n<\/strong><\/span><\/p>\n<p><img decoding=\"async\" class=\"aligncenter\" src=\"https:\/\/books2read-prod.s3.amazonaws.com\/CACHE\/images\/ubl_book_images\/book_display_image_HdDDHlu\/8bf5efaff503f1ace8ddab1942515082\" \/><\/p>\n<div dir=\"auto\" style=\"text-align: center;\"><a href=\"https:\/\/egyptianwisdomcenter.org\/pt\/produto\/a-linguagem-metafisica-do-hieroglifo-egipcio\/\"><span style=\"color: #ff0000;\"><strong><span style=\"color: #0000ff;\">https:\/\/egyptianwisdomcenter.org\/product\/the-egyptian-hieroglyph-metaphysical-language\/<\/span><\/strong><\/span><\/a><\/div>\n<\/div>","protected":false},"excerpt":{"rendered":"<p>The Egyptian Pictorial Metaphysical Images\/Script &nbsp; The Ancient Egyptians\u2019 pictorial system is commonly called &#8216;hieroglyphs&#8217;, which comprises a large number of pictorial [&hellip;]<\/p>","protected":false},"author":3,"featured_media":0,"parent":0,"menu_order":0,"comment_status":"closed","ping_status":"closed","template":"","meta":{"footnotes":""},"class_list":["post-365","page","type-page","status-publish","hentry"],"aioseo_notices":[],"_links":{"self":[{"href":"https:\/\/egyptianwisdomcenter.org\/pt\/wp-json\/wp\/v2\/pages\/365","targetHints":{"allow":["GET"]}}],"collection":[{"href":"https:\/\/egyptianwisdomcenter.org\/pt\/wp-json\/wp\/v2\/pages"}],"about":[{"href":"https:\/\/egyptianwisdomcenter.org\/pt\/wp-json\/wp\/v2\/types\/page"}],"author":[{"embeddable":true,"href":"https:\/\/egyptianwisdomcenter.org\/pt\/wp-json\/wp\/v2\/users\/3"}],"replies":[{"embeddable":true,"href":"https:\/\/egyptianwisdomcenter.org\/pt\/wp-json\/wp\/v2\/comments?post=365"}],"version-history":[{"count":0,"href":"https:\/\/egyptianwisdomcenter.org\/pt\/wp-json\/wp\/v2\/pages\/365\/revisions"}],"wp:attachment":[{"href":"https:\/\/egyptianwisdomcenter.org\/pt\/wp-json\/wp\/v2\/media?parent=365"}],"curies":[{"name":"wp","href":"https:\/\/api.w.org\/{rel}","templated":true}]}}